{"id":24523,"date":"2024-02-01T11:58:26","date_gmt":"2024-02-01T10:58:26","guid":{"rendered":"https:\/\/niezawodneczesci.pl\/?page_id=24523"},"modified":"2024-02-01T12:09:41","modified_gmt":"2024-02-01T11:09:41","slug":"sekureco","status":"publish","type":"page","link":"https:\/\/dev.niezawodneczesci.pl\/en\/sekureco\/","title":{"rendered":"Sekureco\u00ae"},"content":{"rendered":"\t\t<div data-elementor-type=\"wp-page\" data-elementor-id=\"24523\" class=\"elementor elementor-24523\" data-elementor-post-type=\"page\">\n\t\t\t\t<div class=\"elementor-element elementor-element-e237de7 e-flex e-con-boxed e-con e-parent\" data-id=\"e237de7\" data-element_type=\"container\" data-settings=\"{&quot;container_type&quot;:&quot;flex&quot;,&quot;content_width&quot;:&quot;boxed&quot;}\" data-core-v316-plus=\"true\">\n\t\t\t\t\t<div class=\"e-con-inner\">\n\t\t\t\t<div class=\"elementor-element elementor-element-8135be9 elementor-widget elementor-widget-image\" data-id=\"8135be9\" data-element_type=\"widget\" data-widget_type=\"image.default\">\n\t\t\t\t<div class=\"elementor-widget-container\">\n\t\t\t<style>\/*! elementor - v3.19.0 - 28-02-2024 *\/\n.elementor-widget-image{text-align:center}.elementor-widget-image a{display:inline-block}.elementor-widget-image a img[src$=\".svg\"]{width:48px}.elementor-widget-image img{vertical-align:middle;display:inline-block}<\/style>\t\t\t\t\t\t\t\t\t\t<img fetchpriority=\"high\" decoding=\"async\" width=\"2048\" height=\"294\" src=\"https:\/\/dev.niezawodneczesci.pl\/wp-content\/uploads\/Sekureco_baner-2048x294-2.webp\" class=\"attachment-full size-full wp-image-24526\" alt=\"\" srcset=\"https:\/\/dev.niezawodneczesci.pl\/wp-content\/uploads\/Sekureco_baner-2048x294-2.webp 2048w, https:\/\/dev.niezawodneczesci.pl\/wp-content\/uploads\/Sekureco_baner-2048x294-2-300x43.webp 300w, https:\/\/dev.niezawodneczesci.pl\/wp-content\/uploads\/Sekureco_baner-2048x294-2-1024x147.webp 1024w, https:\/\/dev.niezawodneczesci.pl\/wp-content\/uploads\/Sekureco_baner-2048x294-2-768x110.webp 768w, https:\/\/dev.niezawodneczesci.pl\/wp-content\/uploads\/Sekureco_baner-2048x294-2-1536x221.webp 1536w, https:\/\/dev.niezawodneczesci.pl\/wp-content\/uploads\/Sekureco_baner-2048x294-2-18x3.webp 18w, https:\/\/dev.niezawodneczesci.pl\/wp-content\/uploads\/Sekureco_baner-2048x294-2-600x86.webp 600w, https:\/\/dev.niezawodneczesci.pl\/wp-content\/uploads\/Sekureco_baner-2048x294-2-64x9.webp 64w\" sizes=\"(max-width: 2048px) 100vw, 2048px\" \/>\t\t\t\t\t\t\t\t\t\t\t\t\t<\/div>\n\t\t\t\t<\/div>\n\t\t\t\t\t<\/div>\n\t\t\t\t<\/div>\n\t\t<div class=\"elementor-element elementor-element-bba9c2b e-flex e-con-boxed e-con e-parent\" data-id=\"bba9c2b\" data-element_type=\"container\" data-settings=\"{&quot;container_type&quot;:&quot;flex&quot;,&quot;content_width&quot;:&quot;boxed&quot;}\" data-core-v316-plus=\"true\">\n\t\t\t\t\t<div class=\"e-con-inner\">\n\t\t\t\t<div class=\"elementor-element elementor-element-81d3ebe elementor-widget elementor-widget-heading\" data-id=\"81d3ebe\" data-element_type=\"widget\" data-widget_type=\"heading.default\">\n\t\t\t\t<div class=\"elementor-widget-container\">\n\t\t\t<style>\/*! elementor - v3.19.0 - 28-02-2024 *\/\n.elementor-heading-title{padding:0;margin:0;line-height:1}.elementor-widget-heading .elementor-heading-title[class*=elementor-size-]>a{color:inherit;font-size:inherit;line-height:inherit}.elementor-widget-heading .elementor-heading-title.elementor-size-small{font-size:15px}.elementor-widget-heading .elementor-heading-title.elementor-size-medium{font-size:19px}.elementor-widget-heading .elementor-heading-title.elementor-size-large{font-size:29px}.elementor-widget-heading .elementor-heading-title.elementor-size-xl{font-size:39px}.elementor-widget-heading .elementor-heading-title.elementor-size-xxl{font-size:59px}<\/style><h2 class=\"elementor-heading-title elementor-size-default\"><h2 data-elementor-setting-key=\"title\" data-pen-placeholder=\"Pisz tutaj...\" style=\"font-family: var( --e-global-typography-primary-font-family ), Sans-serif; font-weight: var( --e-global-typography-primary-font-weight ); text-align: center;\">SYSTEMY ZAWIESZENIA SEKURECO\u00ae<\/h2><\/h2>\t\t<\/div>\n\t\t\t\t<\/div>\n\t\t\t\t\t<\/div>\n\t\t\t\t<\/div>\n\t\t<div class=\"elementor-element elementor-element-8617ff9 e-flex e-con-boxed e-con e-parent\" data-id=\"8617ff9\" data-element_type=\"container\" data-settings=\"{&quot;container_type&quot;:&quot;flex&quot;,&quot;content_width&quot;:&quot;boxed&quot;}\" data-core-v316-plus=\"true\">\n\t\t\t\t\t<div class=\"e-con-inner\">\n\t\t<div class=\"elementor-element elementor-element-3da3e67 e-con-full e-flex e-con e-child\" data-id=\"3da3e67\" data-element_type=\"container\" data-settings=\"{&quot;content_width&quot;:&quot;full&quot;,&quot;container_type&quot;:&quot;flex&quot;}\">\n\t\t\t\t<div class=\"elementor-element elementor-element-77dc39d elementor-widget elementor-widget-image\" data-id=\"77dc39d\" data-element_type=\"widget\" data-widget_type=\"image.default\">\n\t\t\t\t<div class=\"elementor-widget-container\">\n\t\t\t\t\t\t\t\t\t\t\t\t\t<img decoding=\"async\" width=\"300\" height=\"256\" src=\"https:\/\/dev.niezawodneczesci.pl\/wp-content\/uploads\/Sekureco_glowna-300x256-1.webp\" class=\"attachment-large size-large wp-image-24527\" alt=\"\" srcset=\"https:\/\/dev.niezawodneczesci.pl\/wp-content\/uploads\/Sekureco_glowna-300x256-1.webp 300w, https:\/\/dev.niezawodneczesci.pl\/wp-content\/uploads\/Sekureco_glowna-300x256-1-14x12.webp 14w, https:\/\/dev.niezawodneczesci.pl\/wp-content\/uploads\/Sekureco_glowna-300x256-1-64x55.webp 64w\" sizes=\"(max-width: 300px) 100vw, 300px\" \/>\t\t\t\t\t\t\t\t\t\t\t\t\t<\/div>\n\t\t\t\t<\/div>\n\t\t\t\t<\/div>\n\t\t<div class=\"elementor-element elementor-element-ca7124e e-con-full e-flex e-con e-child\" data-id=\"ca7124e\" data-element_type=\"container\" data-settings=\"{&quot;content_width&quot;:&quot;full&quot;,&quot;container_type&quot;:&quot;flex&quot;}\">\n\t\t\t\t<div class=\"elementor-element elementor-element-1d45543 elementor-widget elementor-widget-text-editor\" data-id=\"1d45543\" data-element_type=\"widget\" data-widget_type=\"text-editor.default\">\n\t\t\t\t<div class=\"elementor-widget-container\">\n\t\t\t<style>\/*! elementor - v3.19.0 - 28-02-2024 *\/\n.elementor-widget-text-editor.elementor-drop-cap-view-stacked .elementor-drop-cap{background-color:#69727d;color:#fff}.elementor-widget-text-editor.elementor-drop-cap-view-framed .elementor-drop-cap{color:#69727d;border:3px solid;background-color:transparent}.elementor-widget-text-editor:not(.elementor-drop-cap-view-default) .elementor-drop-cap{margin-top:8px}.elementor-widget-text-editor:not(.elementor-drop-cap-view-default) .elementor-drop-cap-letter{width:1em;height:1em}.elementor-widget-text-editor .elementor-drop-cap{float:left;text-align:center;line-height:1;font-size:50px}.elementor-widget-text-editor .elementor-drop-cap-letter{display:inline-block}<\/style>\t\t\t\t<p>Marka SEKURECO\u00ae to nie niemiecko brzmi\u0105ce przedsi\u0119biorstwo wielobran\u017cowe z setkami referencji r\u00f3\u017cnych grup produktowych, a firma powsta\u0142a z pasji, zami\u0142owania i wieloletniego do\u015bwiadczenia motoryzacyjnego w dystrybucji uk\u0142ad\u00f3w hamulcowych Sunrich\u00ae. Debiut marki SEKURECO\u00ae na rynku polskim spowodowany by\u0142 stale rosn\u0105cym popytem na cz\u0119\u015bci gwarantowanej jako\u015bci, w cenie adekwatnej do klasy i wieku samochodu. SEKURECO\u00ae znaczy bezpiecze\u0144stwo. Naszym nadrz\u0119dnym celem jest realizacja absolutnie podstawowego kryterium, czyli mo\u017cliwo\u015bci bezpiecznego przemieszczania si\u0119. Dla Was i Waszych rodzin. Bez wzgl\u0119du na cen\u0119, ale w taki spos\u00f3b, by by\u0142a kompatybilna z klas\u0105 i wiekiem pojazdu. Cz\u0119\u015bci zawieszenia SEKURECO\u00ae dedykowane s\u0105 osobom, kt\u00f3re ceni\u0105 sobie designerski minimalizm, estetyk\u0119 wykonania, \u0142atwo\u015b\u0107 monta\u017cu oraz gwarantowany komfort u\u017cytkowania.<\/p>\t\t\t\t\t\t<\/div>\n\t\t\t\t<\/div>\n\t\t\t\t<\/div>\n\t\t\t\t\t<\/div>\n\t\t\t\t<\/div>\n\t\t<div class=\"elementor-element elementor-element-4822592 e-flex e-con-boxed e-con e-parent\" data-id=\"4822592\" data-element_type=\"container\" data-settings=\"{&quot;container_type&quot;:&quot;flex&quot;,&quot;content_width&quot;:&quot;boxed&quot;}\" data-core-v316-plus=\"true\">\n\t\t\t\t\t<div class=\"e-con-inner\">\n\t\t\t\t<div class=\"elementor-element elementor-element-6192397 elementor-widget elementor-widget-heading\" data-id=\"6192397\" data-element_type=\"widget\" data-widget_type=\"heading.default\">\n\t\t\t\t<div class=\"elementor-widget-container\">\n\t\t\t<h2 class=\"elementor-heading-title elementor-size-default\">W OFERCIE SEKURECO:<\/h2>\t\t<\/div>\n\t\t\t\t<\/div>\n\t\t\t\t\t<\/div>\n\t\t\t\t<\/div>\n\t\t<div class=\"elementor-element elementor-element-264c161 e-flex e-con-boxed e-con e-parent\" data-id=\"264c161\" data-element_type=\"container\" data-settings=\"{&quot;container_type&quot;:&quot;flex&quot;,&quot;content_width&quot;:&quot;boxed&quot;}\" data-core-v316-plus=\"true\">\n\t\t\t\t\t<div class=\"e-con-inner\">\n\t\t<div class=\"elementor-element elementor-element-c102850 e-con-full e-flex e-con e-child\" data-id=\"c102850\" data-element_type=\"container\" data-settings=\"{&quot;content_width&quot;:&quot;full&quot;,&quot;background_background&quot;:&quot;classic&quot;,&quot;container_type&quot;:&quot;flex&quot;}\">\n\t\t\t\t<div class=\"elementor-element elementor-element-f195741 elementor-widget elementor-widget-heading\" data-id=\"f195741\" data-element_type=\"widget\" data-widget_type=\"heading.default\">\n\t\t\t\t<div class=\"elementor-widget-container\">\n\t\t\t<h3 class=\"elementor-heading-title elementor-size-default\"><a href=\"https:\/\/niezawodneczesci.pl\/kategoria\/system-zawieszenia\/zestaw-wahaczy\/\">wahacze zawieszenia<\/a><\/h3>\t\t<\/div>\n\t\t\t\t<\/div>\n\t\t\t\t<\/div>\n\t\t<div class=\"elementor-element elementor-element-d810ba7 e-con-full e-flex e-con e-child\" data-id=\"d810ba7\" data-element_type=\"container\" data-settings=\"{&quot;content_width&quot;:&quot;full&quot;,&quot;background_background&quot;:&quot;classic&quot;,&quot;container_type&quot;:&quot;flex&quot;}\">\n\t\t\t\t<div class=\"elementor-element elementor-element-4e667d1 elementor-widget elementor-widget-heading\" data-id=\"4e667d1\" data-element_type=\"widget\" data-widget_type=\"heading.default\">\n\t\t\t\t<div class=\"elementor-widget-container\">\n\t\t\t<h3 class=\"elementor-heading-title elementor-size-default\"><a href=\"https:\/\/niezawodneczesci.pl\/kategoria\/system-zawieszenia\/amortyzatory\/\">amortyzatory<\/a><\/h3>\t\t<\/div>\n\t\t\t\t<\/div>\n\t\t\t\t<\/div>\n\t\t<div class=\"elementor-element elementor-element-cdebb4e e-con-full e-flex e-con e-child\" data-id=\"cdebb4e\" data-element_type=\"container\" data-settings=\"{&quot;content_width&quot;:&quot;full&quot;,&quot;background_background&quot;:&quot;classic&quot;,&quot;container_type&quot;:&quot;flex&quot;}\">\n\t\t\t\t<div class=\"elementor-element elementor-element-c0ad257 elementor-widget elementor-widget-heading\" data-id=\"c0ad257\" data-element_type=\"widget\" data-widget_type=\"heading.default\">\n\t\t\t\t<div class=\"elementor-widget-container\">\n\t\t\t<h3 class=\"elementor-heading-title elementor-size-default\"><a href=\"https:\/\/niezawodneczesci.pl\/kategoria\/elektromobilnosc\/\">stacje \u0142adowania<\/a><\/h3>\t\t<\/div>\n\t\t\t\t<\/div>\n\t\t\t\t<\/div>\n\t\t\t\t\t<\/div>\n\t\t\t\t<\/div>\n\t\t<div class=\"elementor-element elementor-element-744d31c e-flex e-con-boxed e-con e-parent\" data-id=\"744d31c\" data-element_type=\"container\" data-settings=\"{&quot;container_type&quot;:&quot;flex&quot;,&quot;content_width&quot;:&quot;boxed&quot;}\" data-core-v316-plus=\"true\">\n\t\t\t\t\t<div class=\"e-con-inner\">\n\t\t<div class=\"elementor-element elementor-element-0020339 e-con-full e-flex e-con e-child\" data-id=\"0020339\" data-element_type=\"container\" data-settings=\"{&quot;content_width&quot;:&quot;full&quot;,&quot;container_type&quot;:&quot;flex&quot;}\">\n\t\t\t\t<div class=\"elementor-element elementor-element-c0db7bc elementor-widget elementor-widget-image\" data-id=\"c0db7bc\" data-element_type=\"widget\" data-widget_type=\"image.default\">\n\t\t\t\t<div class=\"elementor-widget-container\">\n\t\t\t\t\t\t\t\t\t\t\t\t\t<img decoding=\"async\" width=\"300\" height=\"300\" src=\"https:\/\/dev.niezawodneczesci.pl\/wp-content\/uploads\/sekureco_zawieszenie.webp\" class=\"attachment-large size-large wp-image-24531\" alt=\"\" srcset=\"https:\/\/dev.niezawodneczesci.pl\/wp-content\/uploads\/sekureco_zawieszenie.webp 300w, https:\/\/dev.niezawodneczesci.pl\/wp-content\/uploads\/sekureco_zawieszenie-150x150.webp 150w, https:\/\/dev.niezawodneczesci.pl\/wp-content\/uploads\/sekureco_zawieszenie-12x12.webp 12w, https:\/\/dev.niezawodneczesci.pl\/wp-content\/uploads\/sekureco_zawieszenie-100x100.webp 100w, https:\/\/dev.niezawodneczesci.pl\/wp-content\/uploads\/sekureco_zawieszenie-64x64.webp 64w\" sizes=\"(max-width: 300px) 100vw, 300px\" \/>\t\t\t\t\t\t\t\t\t\t\t\t\t<\/div>\n\t\t\t\t<\/div>\n\t\t\t\t<\/div>\n\t\t<div class=\"elementor-element elementor-element-57138ca e-con-full e-flex e-con e-child\" data-id=\"57138ca\" data-element_type=\"container\" data-settings=\"{&quot;content_width&quot;:&quot;full&quot;,&quot;container_type&quot;:&quot;flex&quot;}\">\n\t\t\t\t<div class=\"elementor-element elementor-element-85064c8 elementor-widget elementor-widget-image\" data-id=\"85064c8\" data-element_type=\"widget\" data-widget_type=\"image.default\">\n\t\t\t\t<div class=\"elementor-widget-container\">\n\t\t\t\t\t\t\t\t\t\t\t\t\t<img loading=\"lazy\" decoding=\"async\" width=\"300\" height=\"300\" src=\"https:\/\/dev.niezawodneczesci.pl\/wp-content\/uploads\/sekureco_amortyzator.webp\" class=\"attachment-large size-large wp-image-24532\" alt=\"\" srcset=\"https:\/\/dev.niezawodneczesci.pl\/wp-content\/uploads\/sekureco_amortyzator.webp 300w, https:\/\/dev.niezawodneczesci.pl\/wp-content\/uploads\/sekureco_amortyzator-150x150.webp 150w, https:\/\/dev.niezawodneczesci.pl\/wp-content\/uploads\/sekureco_amortyzator-12x12.webp 12w, https:\/\/dev.niezawodneczesci.pl\/wp-content\/uploads\/sekureco_amortyzator-100x100.webp 100w, https:\/\/dev.niezawodneczesci.pl\/wp-content\/uploads\/sekureco_amortyzator-64x64.webp 64w\" sizes=\"(max-width: 300px) 100vw, 300px\" \/>\t\t\t\t\t\t\t\t\t\t\t\t\t<\/div>\n\t\t\t\t<\/div>\n\t\t\t\t<\/div>\n\t\t<div class=\"elementor-element elementor-element-5efa045 e-con-full e-flex e-con e-child\" data-id=\"5efa045\" data-element_type=\"container\" data-settings=\"{&quot;content_width&quot;:&quot;full&quot;,&quot;container_type&quot;:&quot;flex&quot;}\">\n\t\t\t\t<div class=\"elementor-element elementor-element-655673c elementor-widget elementor-widget-image\" data-id=\"655673c\" data-element_type=\"widget\" data-widget_type=\"image.default\">\n\t\t\t\t<div class=\"elementor-widget-container\">\n\t\t\t\t\t\t\t\t\t\t\t\t\t<img loading=\"lazy\" decoding=\"async\" width=\"300\" height=\"300\" src=\"https:\/\/dev.niezawodneczesci.pl\/wp-content\/uploads\/sekureco_stacje-ladowania.webp\" class=\"attachment-large size-large wp-image-24533\" alt=\"\" srcset=\"https:\/\/dev.niezawodneczesci.pl\/wp-content\/uploads\/sekureco_stacje-ladowania.webp 300w, https:\/\/dev.niezawodneczesci.pl\/wp-content\/uploads\/sekureco_stacje-ladowania-150x150.webp 150w, https:\/\/dev.niezawodneczesci.pl\/wp-content\/uploads\/sekureco_stacje-ladowania-12x12.webp 12w, https:\/\/dev.niezawodneczesci.pl\/wp-content\/uploads\/sekureco_stacje-ladowania-100x100.webp 100w, https:\/\/dev.niezawodneczesci.pl\/wp-content\/uploads\/sekureco_stacje-ladowania-64x64.webp 64w\" sizes=\"(max-width: 300px) 100vw, 300px\" \/>\t\t\t\t\t\t\t\t\t\t\t\t\t<\/div>\n\t\t\t\t<\/div>\n\t\t\t\t<\/div>\n\t\t\t\t\t<\/div>\n\t\t\t\t<\/div>\n\t\t<div class=\"elementor-element elementor-element-3279f7d e-flex e-con-boxed e-con e-parent\" data-id=\"3279f7d\" data-element_type=\"container\" data-settings=\"{&quot;container_type&quot;:&quot;flex&quot;,&quot;content_width&quot;:&quot;boxed&quot;}\" data-core-v316-plus=\"true\">\n\t\t\t\t\t<div class=\"e-con-inner\">\n\t\t<div class=\"elementor-element elementor-element-fed1fc4 e-con-full e-flex e-con e-child\" data-id=\"fed1fc4\" data-element_type=\"container\" data-settings=\"{&quot;content_width&quot;:&quot;full&quot;,&quot;container_type&quot;:&quot;flex&quot;}\">\n\t\t\t\t<div class=\"elementor-element elementor-element-616e300 elementor-widget elementor-widget-text-editor\" data-id=\"616e300\" data-element_type=\"widget\" data-widget_type=\"text-editor.default\">\n\t\t\t\t<div class=\"elementor-widget-container\">\n\t\t\t\t\t\t\t<p><span style=\"text-align: center;\">Linia wahaczy SEKURECO\u00ae dedykowana jest osobom, kt\u00f3re ceni\u0105 sobie designerski minimalizm, estetyk\u0119 wykonania, \u0142atwo\u015b\u0107 monta\u017cu oraz gwarantowany komfort u\u017cytkowania.<\/span><\/p>\t\t\t\t\t\t<\/div>\n\t\t\t\t<\/div>\n\t\t\t\t<\/div>\n\t\t<div class=\"elementor-element elementor-element-1b0a64a e-con-full e-flex e-con e-child\" data-id=\"1b0a64a\" data-element_type=\"container\" data-settings=\"{&quot;content_width&quot;:&quot;full&quot;,&quot;container_type&quot;:&quot;flex&quot;}\">\n\t\t\t\t<div class=\"elementor-element elementor-element-3a05d30 elementor-widget elementor-widget-text-editor\" data-id=\"3a05d30\" data-element_type=\"widget\" data-widget_type=\"text-editor.default\">\n\t\t\t\t<div class=\"elementor-widget-container\">\n\t\t\t\t\t\t\t<p><span style=\"text-align: center;\">Wykonane \u2013 tradycyjnie \u2013 z dba\u0142o\u015bci\u0105 o najmniejszy detal. Estetyczne linie spoin, precyzja wyko\u0144czenia element\u00f3w i uniwersalne, czarne pokrycie.<\/span><\/p>\t\t\t\t\t\t<\/div>\n\t\t\t\t<\/div>\n\t\t\t\t<\/div>\n\t\t<div class=\"elementor-element elementor-element-7cf31f6 e-con-full e-flex e-con e-child\" data-id=\"7cf31f6\" data-element_type=\"container\" data-settings=\"{&quot;content_width&quot;:&quot;full&quot;,&quot;container_type&quot;:&quot;flex&quot;}\">\n\t\t\t\t<div class=\"elementor-element elementor-element-4d2f53c elementor-widget elementor-widget-text-editor\" data-id=\"4d2f53c\" data-element_type=\"widget\" data-widget_type=\"text-editor.default\">\n\t\t\t\t<div class=\"elementor-widget-container\">\n\t\t\t\t\t\t\t<p><span style=\"text-align: center;\">Stacje \u0142adowania Sekureco\u00ae to autorski projekt naszego zespo\u0142u. Produkujemy je w Polsce i bierzemy za nie odpowiedzialno\u015b\u0107, udzielaj\u0105c gwarancji i wsparcia technicznego.<\/span><\/p>\t\t\t\t\t\t<\/div>\n\t\t\t\t<\/div>\n\t\t\t\t<\/div>\n\t\t\t\t\t<\/div>\n\t\t\t\t<\/div>\n\t\t<div class=\"elementor-element elementor-element-19769d7 e-flex e-con-boxed e-con e-parent\" data-id=\"19769d7\" data-element_type=\"container\" data-settings=\"{&quot;container_type&quot;:&quot;flex&quot;,&quot;content_width&quot;:&quot;boxed&quot;}\" data-core-v316-plus=\"true\">\n\t\t\t\t\t<div class=\"e-con-inner\">\n\t\t<div class=\"elementor-element elementor-element-358aa2c e-con-full e-flex e-con e-child\" data-id=\"358aa2c\" data-element_type=\"container\" data-settings=\"{&quot;content_width&quot;:&quot;full&quot;,&quot;container_type&quot;:&quot;flex&quot;}\">\n\t\t\t\t<div class=\"elementor-element elementor-element-58de3a8 elementor-widget elementor-widget-image\" data-id=\"58de3a8\" data-element_type=\"widget\" data-widget_type=\"image.default\">\n\t\t\t\t<div class=\"elementor-widget-container\">\n\t\t\t\t\t\t\t\t\t\t\t\t\t<img loading=\"lazy\" decoding=\"async\" width=\"567\" height=\"380\" src=\"https:\/\/dev.niezawodneczesci.pl\/wp-content\/uploads\/patrol.png\" class=\"attachment-large size-large wp-image-24537\" alt=\"\" srcset=\"https:\/\/dev.niezawodneczesci.pl\/wp-content\/uploads\/patrol.png 567w, https:\/\/dev.niezawodneczesci.pl\/wp-content\/uploads\/patrol-300x201.png 300w, https:\/\/dev.niezawodneczesci.pl\/wp-content\/uploads\/patrol-18x12.png 18w, https:\/\/dev.niezawodneczesci.pl\/wp-content\/uploads\/patrol-64x43.png 64w\" sizes=\"(max-width: 567px) 100vw, 567px\" \/>\t\t\t\t\t\t\t\t\t\t\t\t\t<\/div>\n\t\t\t\t<\/div>\n\t\t\t\t<\/div>\n\t\t<div class=\"elementor-element elementor-element-5eb966e e-con-full e-flex e-con e-child\" data-id=\"5eb966e\" data-element_type=\"container\" data-settings=\"{&quot;content_width&quot;:&quot;full&quot;,&quot;container_type&quot;:&quot;flex&quot;}\">\n\t\t\t\t<div class=\"elementor-element elementor-element-93e5bd6 elementor-widget elementor-widget-text-editor\" data-id=\"93e5bd6\" data-element_type=\"widget\" data-widget_type=\"text-editor.default\">\n\t\t\t\t<div class=\"elementor-widget-container\">\n\t\t\t\t\t\t\t<p><span style=\"font-weight: bolder;\">Jako zesp\u00f3\u0142 i jako ka\u017cdy z osobna, poniewa\u017c mieszkamy w Karpatach. Narcystyczna cz\u0119\u015b\u0107 naszych dusz odczuwa dum\u0119 z mo\u017cliwo\u015bci wyposa\u017cenia naszych zabawek we w\u0142asne cz\u0119\u015bci eksploatacyjne.&nbsp;<\/span><span style=\"color: var( --e-global-color-text ); font-family: var( --e-global-typography-text-font-family ), Sans-serif; font-size: 1rem; font-weight: var( --e-global-typography-text-font-weight ); text-align: var(--text-align);\">Klocki i tarcze Sunrich\u00ae oraz amortyzatory Sekureco\u00ae przechodzi\u0142y chrzest ogniowy w\u015br\u00f3d karpackich b\u0142ot, maroka\u0144skich piach\u00f3w, islandzkich ska\u0142, rumu\u0144skich las\u00f3w i bagiennych, nadrzecznych r\u00f3wnin \u015brodkowej Afryki. Wsp\u00f3\u0142pracujemy z uznanymi biurami podr\u00f3\u017cy w kraju. Konsultujemy z mechanikami ka\u017cdy detal, kt\u00f3ry mo\u017ce mie\u0107 wp\u0142yw na popraw\u0119 parametr\u00f3w naszych produkt\u00f3w. Realnie wp\u0142ywamy na proces produkcji.<\/span><br><\/p>\t\t\t\t\t\t<\/div>\n\t\t\t\t<\/div>\n\t\t\t\t<div class=\"elementor-element elementor-element-90a8254 elementor-widget__width-initial elementor-widget elementor-widget-heading\" data-id=\"90a8254\" data-element_type=\"widget\" data-widget_type=\"heading.default\">\n\t\t\t\t<div class=\"elementor-widget-container\">\n\t\t\t<h2 class=\"elementor-heading-title elementor-size-default\"><h2 data-elementor-setting-key=\"title\" data-pen-placeholder=\"Pisz tutaj...\" style=\"font-family: var( --e-global-typography-primary-font-family ), Sans-serif; font-weight: var( --e-global-typography-primary-font-weight );\">KOCHAMY OFFROAD<\/h2><\/h2>\t\t<\/div>\n\t\t\t\t<\/div>\n\t\t\t\t<\/div>\n\t\t\t\t\t<\/div>\n\t\t\t\t<\/div>\n\t\t<div class=\"elementor-element elementor-element-8ac6c45 e-flex e-con-boxed e-con e-parent\" data-id=\"8ac6c45\" data-element_type=\"container\" data-settings=\"{&quot;container_type&quot;:&quot;flex&quot;,&quot;content_width&quot;:&quot;boxed&quot;}\" data-core-v316-plus=\"true\">\n\t\t\t\t\t<div class=\"e-con-inner\">\n\t\t\t\t\t<\/div>\n\t\t\t\t<\/div>\n\t\t\t\t<\/div>\n\t\t","protected":false},"excerpt":{"rendered":"<p>SYSTEMY ZAWIESZENIA SEKURECO\u00ae Marka SEKURECO\u00ae to nie niemiecko brzmi\u0105ce przedsi\u0119biorstwo wielobran\u017cowe z setkami referencji r\u00f3\u017cnych grup produktowych, a firma powsta\u0142a z pasji, zami\u0142owania i wieloletniego do\u015bwiadczenia motoryzacyjnego w dystrybucji uk\u0142ad\u00f3w hamulcowych Sunrich\u00ae. Debiut marki SEKURECO\u00ae na rynku polskim spowodowany by\u0142 stale rosn\u0105cym popytem na cz\u0119\u015bci gwarantowanej jako\u015bci, w cenie adekwatnej do klasy i wieku samochodu. [&hellip;]<\/p>\n","protected":false},"author":2,"featured_media":0,"parent":0,"menu_order":0,"comment_status":"closed","ping_status":"closed","template":"","meta":{"_monsterinsights_skip_tracking":false,"_monsterinsights_sitenote_active":false,"_monsterinsights_sitenote_note":"","_monsterinsights_sitenote_category":0,"footnotes":""},"class_list":["post-24523","page","type-page","status-publish","hentry"],"_links":{"self":[{"href":"https:\/\/dev.niezawodneczesci.pl\/en\/wp-json\/wp\/v2\/pages\/24523","targetHints":{"allow":["GET"]}}],"collection":[{"href":"https:\/\/dev.niezawodneczesci.pl\/en\/wp-json\/wp\/v2\/pages"}],"about":[{"href":"https:\/\/dev.niezawodneczesci.pl\/en\/wp-json\/wp\/v2\/types\/page"}],"author":[{"embeddable":true,"href":"https:\/\/dev.niezawodneczesci.pl\/en\/wp-json\/wp\/v2\/users\/2"}],"replies":[{"embeddable":true,"href":"https:\/\/dev.niezawodneczesci.pl\/en\/wp-json\/wp\/v2\/comments?post=24523"}],"version-history":[{"count":10,"href":"https:\/\/dev.niezawodneczesci.pl\/en\/wp-json\/wp\/v2\/pages\/24523\/revisions"}],"predecessor-version":[{"id":24540,"href":"https:\/\/dev.niezawodneczesci.pl\/en\/wp-json\/wp\/v2\/pages\/24523\/revisions\/24540"}],"wp:attachment":[{"href":"https:\/\/dev.niezawodneczesci.pl\/en\/wp-json\/wp\/v2\/media?parent=24523"}],"curies":[{"name":"wp","href":"https:\/\/api.w.org\/{rel}","templated":true}]}}