{"id":24543,"date":"2024-02-01T12:25:56","date_gmt":"2024-02-01T11:25:56","guid":{"rendered":"https:\/\/niezawodneczesci.pl\/?page_id=24543"},"modified":"2024-02-01T12:31:25","modified_gmt":"2024-02-01T11:31:25","slug":"sekureco-2","status":"publish","type":"page","link":"https:\/\/dev.niezawodneczesci.pl\/en\/sekureco-2\/","title":{"rendered":"Sunrich\u00ae"},"content":{"rendered":"\t\t<div data-elementor-type=\"wp-page\" data-elementor-id=\"24543\" class=\"elementor elementor-24543\" data-elementor-post-type=\"page\">\n\t\t\t\t<div class=\"elementor-element elementor-element-e237de7 e-flex e-con-boxed e-con e-parent\" data-id=\"e237de7\" data-element_type=\"container\" data-settings=\"{&quot;container_type&quot;:&quot;flex&quot;,&quot;content_width&quot;:&quot;boxed&quot;}\" data-core-v316-plus=\"true\">\n\t\t\t\t\t<div class=\"e-con-inner\">\n\t\t\t\t<div class=\"elementor-element elementor-element-8135be9 elementor-widget elementor-widget-image\" data-id=\"8135be9\" data-element_type=\"widget\" data-widget_type=\"image.default\">\n\t\t\t\t<div class=\"elementor-widget-container\">\n\t\t\t<style>\/*! elementor - v3.19.0 - 28-02-2024 *\/\n.elementor-widget-image{text-align:center}.elementor-widget-image a{display:inline-block}.elementor-widget-image a img[src$=\".svg\"]{width:48px}.elementor-widget-image img{vertical-align:middle;display:inline-block}<\/style>\t\t\t\t\t\t\t\t\t\t<img fetchpriority=\"high\" decoding=\"async\" width=\"2235\" height=\"321\" src=\"https:\/\/dev.niezawodneczesci.pl\/wp-content\/uploads\/Sunrich_baner.webp\" class=\"attachment-full size-full wp-image-24544\" alt=\"\" srcset=\"https:\/\/dev.niezawodneczesci.pl\/wp-content\/uploads\/Sunrich_baner.webp 2235w, https:\/\/dev.niezawodneczesci.pl\/wp-content\/uploads\/Sunrich_baner-300x43.webp 300w, https:\/\/dev.niezawodneczesci.pl\/wp-content\/uploads\/Sunrich_baner-1024x147.webp 1024w, https:\/\/dev.niezawodneczesci.pl\/wp-content\/uploads\/Sunrich_baner-768x110.webp 768w, https:\/\/dev.niezawodneczesci.pl\/wp-content\/uploads\/Sunrich_baner-1536x221.webp 1536w, https:\/\/dev.niezawodneczesci.pl\/wp-content\/uploads\/Sunrich_baner-2048x294.webp 2048w, https:\/\/dev.niezawodneczesci.pl\/wp-content\/uploads\/Sunrich_baner-18x3.webp 18w, https:\/\/dev.niezawodneczesci.pl\/wp-content\/uploads\/Sunrich_baner-600x86.webp 600w, https:\/\/dev.niezawodneczesci.pl\/wp-content\/uploads\/Sunrich_baner-64x9.webp 64w\" sizes=\"(max-width: 2235px) 100vw, 2235px\" \/>\t\t\t\t\t\t\t\t\t\t\t\t\t<\/div>\n\t\t\t\t<\/div>\n\t\t\t\t\t<\/div>\n\t\t\t\t<\/div>\n\t\t<div class=\"elementor-element elementor-element-bba9c2b e-flex e-con-boxed e-con e-parent\" data-id=\"bba9c2b\" data-element_type=\"container\" data-settings=\"{&quot;container_type&quot;:&quot;flex&quot;,&quot;content_width&quot;:&quot;boxed&quot;}\" data-core-v316-plus=\"true\">\n\t\t\t\t\t<div class=\"e-con-inner\">\n\t\t\t\t<div class=\"elementor-element elementor-element-81d3ebe elementor-widget elementor-widget-heading\" data-id=\"81d3ebe\" data-element_type=\"widget\" data-widget_type=\"heading.default\">\n\t\t\t\t<div class=\"elementor-widget-container\">\n\t\t\t<style>\/*! elementor - v3.19.0 - 28-02-2024 *\/\n.elementor-heading-title{padding:0;margin:0;line-height:1}.elementor-widget-heading .elementor-heading-title[class*=elementor-size-]>a{color:inherit;font-size:inherit;line-height:inherit}.elementor-widget-heading .elementor-heading-title.elementor-size-small{font-size:15px}.elementor-widget-heading .elementor-heading-title.elementor-size-medium{font-size:19px}.elementor-widget-heading .elementor-heading-title.elementor-size-large{font-size:29px}.elementor-widget-heading .elementor-heading-title.elementor-size-xl{font-size:39px}.elementor-widget-heading .elementor-heading-title.elementor-size-xxl{font-size:59px}<\/style><h2 class=\"elementor-heading-title elementor-size-default\">SYSTEMY HAMULCOWE SUNRICH\u00ae<\/h2>\t\t<\/div>\n\t\t\t\t<\/div>\n\t\t\t\t\t<\/div>\n\t\t\t\t<\/div>\n\t\t<div class=\"elementor-element elementor-element-8617ff9 e-flex e-con-boxed e-con e-parent\" data-id=\"8617ff9\" data-element_type=\"container\" data-settings=\"{&quot;container_type&quot;:&quot;flex&quot;,&quot;content_width&quot;:&quot;boxed&quot;}\" data-core-v316-plus=\"true\">\n\t\t\t\t\t<div class=\"e-con-inner\">\n\t\t<div class=\"elementor-element elementor-element-3da3e67 e-con-full e-flex e-con e-child\" data-id=\"3da3e67\" data-element_type=\"container\" data-settings=\"{&quot;content_width&quot;:&quot;full&quot;,&quot;container_type&quot;:&quot;flex&quot;}\">\n\t\t\t\t<div class=\"elementor-element elementor-element-77dc39d elementor-widget elementor-widget-image\" data-id=\"77dc39d\" data-element_type=\"widget\" data-widget_type=\"image.default\">\n\t\t\t\t<div class=\"elementor-widget-container\">\n\t\t\t\t\t\t\t\t\t\t\t\t\t<img decoding=\"async\" width=\"292\" height=\"300\" src=\"https:\/\/dev.niezawodneczesci.pl\/wp-content\/uploads\/DSC_9400a-292x300.png\" class=\"attachment-medium size-medium wp-image-24545\" alt=\"\" srcset=\"https:\/\/dev.niezawodneczesci.pl\/wp-content\/uploads\/DSC_9400a-292x300.png 292w, https:\/\/dev.niezawodneczesci.pl\/wp-content\/uploads\/DSC_9400a-12x12.png 12w, https:\/\/dev.niezawodneczesci.pl\/wp-content\/uploads\/DSC_9400a-64x66.png 64w, https:\/\/dev.niezawodneczesci.pl\/wp-content\/uploads\/DSC_9400a.png 567w\" sizes=\"(max-width: 292px) 100vw, 292px\" \/>\t\t\t\t\t\t\t\t\t\t\t\t\t<\/div>\n\t\t\t\t<\/div>\n\t\t\t\t<\/div>\n\t\t<div class=\"elementor-element elementor-element-ca7124e e-con-full e-flex e-con e-child\" data-id=\"ca7124e\" data-element_type=\"container\" data-settings=\"{&quot;content_width&quot;:&quot;full&quot;,&quot;container_type&quot;:&quot;flex&quot;}\">\n\t\t\t\t<div class=\"elementor-element elementor-element-1d45543 elementor-widget elementor-widget-text-editor\" data-id=\"1d45543\" data-element_type=\"widget\" data-widget_type=\"text-editor.default\">\n\t\t\t\t<div class=\"elementor-widget-container\">\n\t\t\t<style>\/*! elementor - v3.19.0 - 28-02-2024 *\/\n.elementor-widget-text-editor.elementor-drop-cap-view-stacked .elementor-drop-cap{background-color:#69727d;color:#fff}.elementor-widget-text-editor.elementor-drop-cap-view-framed .elementor-drop-cap{color:#69727d;border:3px solid;background-color:transparent}.elementor-widget-text-editor:not(.elementor-drop-cap-view-default) .elementor-drop-cap{margin-top:8px}.elementor-widget-text-editor:not(.elementor-drop-cap-view-default) .elementor-drop-cap-letter{width:1em;height:1em}.elementor-widget-text-editor .elementor-drop-cap{float:left;text-align:center;line-height:1;font-size:50px}.elementor-widget-text-editor .elementor-drop-cap-letter{display:inline-block}<\/style>\t\t\t\t<p>Istniej\u0105 w\u00a0bran\u017cy motoryzacyjnej technologie, kt\u00f3re ewoluuj\u0105 \u2013 metaforycznie \u2013 w\u00a0mgnieniu oka. Rynek b\u0142yskawicznie dostosowuje si\u0119 do\u00a0popytu, regulacji ekologicznych, norm ekonomicznych i\u00a0produkcyjnych. W\u00a0\u015bwiecie automotive funkcjonuj\u0105 tak\u017ce technologie o\u00a0niezachwianym status quo. S\u0105\u00a0na\u00a0tyle dobre, \u017ce\u00a0ich ewentualna zmiana obejmie tylko\u00a0kosmetyczne poprawki materia\u0142owe, za\u015b g\u0142\u00f3wny projekt in\u017cynieryjny oparty pozostanie na\u00a0tradycji. Tak\u0105 technologi\u0105 jest tarczowy system hamulcowy, kt\u00f3ry\u00a0\u2013 wypieraj\u0105c hamulce b\u0119bnowe \u2013 trwale zadomowi\u0142 si\u0119 na\u00a0pozycji lidera. Wczoraj, dzi\u015b, jutro \u2013 nie\u00a0wida\u0107 horyzontu, za\u00a0kt\u00f3rym\u00a0czeka co\u015b lepszego w\u00a0temacie hamowania.\u2028\u2028Sunrich\u00ae jest cz\u0142onkiem tej\u00a0technologii od\u00a0dwudziestu lat. Tradycyjnym w\u00a0zamy\u015ble, post\u0119powym w\u00a0dzia\u0142aniu i\u00a0projekcie materia\u0142owym, kt\u00f3ry\u00a0s\u0142u\u017cy\u0107 ma\u00a0pojazdom i\u00a0u\u017cytkownikom. Tak, by\u00a0zapewni\u0107 d\u0142u\u017csz\u0105 eksploatacj\u0119 i\u00a0komfortowe u\u017cytkowanie przy zachowaniu absolutnej podstawy, kt\u00f3rej\u00a0ten system s\u0142u\u017cy \u2013 bezpiecze\u0144stwu. Poznaj systemy Sunrich\u00ae \u2013 technologi\u0119 na\u00a0bezpieczne jutro z\u00a0nut\u0105 innowacyjno\u015bci, kt\u00f3ra\u00a0zamkni\u0119ta jest w\u00a0minimalistycznej linii.<\/p>\t\t\t\t\t\t<\/div>\n\t\t\t\t<\/div>\n\t\t\t\t<\/div>\n\t\t\t\t\t<\/div>\n\t\t\t\t<\/div>\n\t\t<div class=\"elementor-element elementor-element-4822592 e-flex e-con-boxed e-con e-parent\" data-id=\"4822592\" data-element_type=\"container\" data-settings=\"{&quot;container_type&quot;:&quot;flex&quot;,&quot;content_width&quot;:&quot;boxed&quot;}\" data-core-v316-plus=\"true\">\n\t\t\t\t\t<div class=\"e-con-inner\">\n\t\t\t\t<div class=\"elementor-element elementor-element-6192397 elementor-widget elementor-widget-heading\" data-id=\"6192397\" data-element_type=\"widget\" data-widget_type=\"heading.default\">\n\t\t\t\t<div class=\"elementor-widget-container\">\n\t\t\t<h2 class=\"elementor-heading-title elementor-size-default\">W OFERCIE SUNRICH:<\/h2>\t\t<\/div>\n\t\t\t\t<\/div>\n\t\t\t\t\t<\/div>\n\t\t\t\t<\/div>\n\t\t<div class=\"elementor-element elementor-element-264c161 e-flex e-con-boxed e-con e-parent\" data-id=\"264c161\" data-element_type=\"container\" data-settings=\"{&quot;container_type&quot;:&quot;flex&quot;,&quot;content_width&quot;:&quot;boxed&quot;}\" data-core-v316-plus=\"true\">\n\t\t\t\t\t<div class=\"e-con-inner\">\n\t\t<div class=\"elementor-element elementor-element-c102850 e-con-full e-flex e-con e-child\" data-id=\"c102850\" data-element_type=\"container\" data-settings=\"{&quot;content_width&quot;:&quot;full&quot;,&quot;background_background&quot;:&quot;classic&quot;,&quot;container_type&quot;:&quot;flex&quot;}\">\n\t\t\t\t<div class=\"elementor-element elementor-element-f195741 elementor-widget elementor-widget-heading\" data-id=\"f195741\" data-element_type=\"widget\" data-widget_type=\"heading.default\">\n\t\t\t\t<div class=\"elementor-widget-container\">\n\t\t\t<h3 class=\"elementor-heading-title elementor-size-default\"><a href=\"https:\/\/niezawodneczesci.pl\/kategoria\/system-hamulcowy\/klocki-hamulcowe\/\">klocki hamulcowe<\/a><\/h3>\t\t<\/div>\n\t\t\t\t<\/div>\n\t\t\t\t<\/div>\n\t\t<div class=\"elementor-element elementor-element-d810ba7 e-con-full e-flex e-con e-child\" data-id=\"d810ba7\" data-element_type=\"container\" data-settings=\"{&quot;content_width&quot;:&quot;full&quot;,&quot;background_background&quot;:&quot;classic&quot;,&quot;container_type&quot;:&quot;flex&quot;}\">\n\t\t\t\t<div class=\"elementor-element elementor-element-4e667d1 elementor-widget elementor-widget-heading\" data-id=\"4e667d1\" data-element_type=\"widget\" data-widget_type=\"heading.default\">\n\t\t\t\t<div class=\"elementor-widget-container\">\n\t\t\t<h3 class=\"elementor-heading-title elementor-size-default\"><a href=\"https:\/\/niezawodneczesci.pl\/kategoria\/system-hamulcowy\/tarcze-hamulcowe\/\">tarcze hamulcowe<\/a><\/h3>\t\t<\/div>\n\t\t\t\t<\/div>\n\t\t\t\t<\/div>\n\t\t<div class=\"elementor-element elementor-element-cdebb4e e-con-full e-flex e-con e-child\" data-id=\"cdebb4e\" data-element_type=\"container\" data-settings=\"{&quot;content_width&quot;:&quot;full&quot;,&quot;background_background&quot;:&quot;classic&quot;,&quot;container_type&quot;:&quot;flex&quot;}\">\n\t\t\t\t<div class=\"elementor-element elementor-element-c0ad257 elementor-widget elementor-widget-heading\" data-id=\"c0ad257\" data-element_type=\"widget\" data-widget_type=\"heading.default\">\n\t\t\t\t<div class=\"elementor-widget-container\">\n\t\t\t<h3 class=\"elementor-heading-title elementor-size-default\"><a href=\"https:\/\/niezawodneczesci.pl\/kategoria\/system-hamulcowy\/zaciski-hamulcowe\/\">zaciski hamulcowe<\/a><\/h3>\t\t<\/div>\n\t\t\t\t<\/div>\n\t\t\t\t<\/div>\n\t\t\t\t\t<\/div>\n\t\t\t\t<\/div>\n\t\t<div class=\"elementor-element elementor-element-744d31c e-flex e-con-boxed e-con e-parent\" data-id=\"744d31c\" data-element_type=\"container\" data-settings=\"{&quot;container_type&quot;:&quot;flex&quot;,&quot;content_width&quot;:&quot;boxed&quot;}\" data-core-v316-plus=\"true\">\n\t\t\t\t\t<div class=\"e-con-inner\">\n\t\t<div class=\"elementor-element elementor-element-0020339 e-con-full e-flex e-con e-child\" data-id=\"0020339\" data-element_type=\"container\" data-settings=\"{&quot;content_width&quot;:&quot;full&quot;,&quot;container_type&quot;:&quot;flex&quot;}\">\n\t\t\t\t<div class=\"elementor-element elementor-element-c0db7bc elementor-widget elementor-widget-image\" data-id=\"c0db7bc\" data-element_type=\"widget\" data-widget_type=\"image.default\">\n\t\t\t\t<div class=\"elementor-widget-container\">\n\t\t\t\t\t\t\t\t\t\t\t\t\t<img decoding=\"async\" width=\"800\" height=\"800\" src=\"https:\/\/dev.niezawodneczesci.pl\/wp-content\/uploads\/SR0111_01_3236_2.webp\" class=\"attachment-large size-large wp-image-24546\" alt=\"\" srcset=\"https:\/\/dev.niezawodneczesci.pl\/wp-content\/uploads\/SR0111_01_3236_2.webp 850w, https:\/\/dev.niezawodneczesci.pl\/wp-content\/uploads\/SR0111_01_3236_2-300x300.webp 300w, https:\/\/dev.niezawodneczesci.pl\/wp-content\/uploads\/SR0111_01_3236_2-150x150.webp 150w, https:\/\/dev.niezawodneczesci.pl\/wp-content\/uploads\/SR0111_01_3236_2-768x768.webp 768w, https:\/\/dev.niezawodneczesci.pl\/wp-content\/uploads\/SR0111_01_3236_2-12x12.webp 12w, https:\/\/dev.niezawodneczesci.pl\/wp-content\/uploads\/SR0111_01_3236_2-600x600.webp 600w, https:\/\/dev.niezawodneczesci.pl\/wp-content\/uploads\/SR0111_01_3236_2-100x100.webp 100w, https:\/\/dev.niezawodneczesci.pl\/wp-content\/uploads\/SR0111_01_3236_2-64x64.webp 64w\" sizes=\"(max-width: 800px) 100vw, 800px\" \/>\t\t\t\t\t\t\t\t\t\t\t\t\t<\/div>\n\t\t\t\t<\/div>\n\t\t\t\t<\/div>\n\t\t<div class=\"elementor-element elementor-element-57138ca e-con-full e-flex e-con e-child\" data-id=\"57138ca\" data-element_type=\"container\" data-settings=\"{&quot;content_width&quot;:&quot;full&quot;,&quot;container_type&quot;:&quot;flex&quot;}\">\n\t\t\t\t<div class=\"elementor-element elementor-element-85064c8 elementor-widget elementor-widget-image\" data-id=\"85064c8\" data-element_type=\"widget\" data-widget_type=\"image.default\">\n\t\t\t\t<div class=\"elementor-widget-container\">\n\t\t\t\t\t\t\t\t\t\t\t\t\t<img loading=\"lazy\" decoding=\"async\" width=\"800\" height=\"800\" src=\"https:\/\/dev.niezawodneczesci.pl\/wp-content\/uploads\/SR_01_2805_SL_LH_1.jpg\" class=\"attachment-large size-large wp-image-24547\" alt=\"\" srcset=\"https:\/\/dev.niezawodneczesci.pl\/wp-content\/uploads\/SR_01_2805_SL_LH_1.jpg 850w, https:\/\/dev.niezawodneczesci.pl\/wp-content\/uploads\/SR_01_2805_SL_LH_1-300x300.jpg 300w, https:\/\/dev.niezawodneczesci.pl\/wp-content\/uploads\/SR_01_2805_SL_LH_1-150x150.jpg 150w, https:\/\/dev.niezawodneczesci.pl\/wp-content\/uploads\/SR_01_2805_SL_LH_1-768x768.jpg 768w, https:\/\/dev.niezawodneczesci.pl\/wp-content\/uploads\/SR_01_2805_SL_LH_1-12x12.jpg 12w, https:\/\/dev.niezawodneczesci.pl\/wp-content\/uploads\/SR_01_2805_SL_LH_1-600x600.jpg 600w, https:\/\/dev.niezawodneczesci.pl\/wp-content\/uploads\/SR_01_2805_SL_LH_1-100x100.jpg 100w, https:\/\/dev.niezawodneczesci.pl\/wp-content\/uploads\/SR_01_2805_SL_LH_1-64x64.jpg 64w\" sizes=\"(max-width: 800px) 100vw, 800px\" \/>\t\t\t\t\t\t\t\t\t\t\t\t\t<\/div>\n\t\t\t\t<\/div>\n\t\t\t\t<\/div>\n\t\t<div class=\"elementor-element elementor-element-5efa045 e-con-full e-flex e-con e-child\" data-id=\"5efa045\" data-element_type=\"container\" data-settings=\"{&quot;content_width&quot;:&quot;full&quot;,&quot;container_type&quot;:&quot;flex&quot;}\">\n\t\t\t\t<div class=\"elementor-element elementor-element-655673c elementor-widget elementor-widget-image\" data-id=\"655673c\" data-element_type=\"widget\" data-widget_type=\"image.default\">\n\t\t\t\t<div class=\"elementor-widget-container\">\n\t\t\t\t\t\t\t\t\t\t\t\t\t<img loading=\"lazy\" decoding=\"async\" width=\"800\" height=\"800\" src=\"https:\/\/dev.niezawodneczesci.pl\/wp-content\/uploads\/SR.02.186a-1.jpg\" class=\"attachment-large size-large wp-image-24548\" alt=\"\" srcset=\"https:\/\/dev.niezawodneczesci.pl\/wp-content\/uploads\/SR.02.186a-1.jpg 850w, https:\/\/dev.niezawodneczesci.pl\/wp-content\/uploads\/SR.02.186a-1-300x300.jpg 300w, https:\/\/dev.niezawodneczesci.pl\/wp-content\/uploads\/SR.02.186a-1-150x150.jpg 150w, https:\/\/dev.niezawodneczesci.pl\/wp-content\/uploads\/SR.02.186a-1-768x768.jpg 768w, https:\/\/dev.niezawodneczesci.pl\/wp-content\/uploads\/SR.02.186a-1-12x12.jpg 12w, https:\/\/dev.niezawodneczesci.pl\/wp-content\/uploads\/SR.02.186a-1-600x600.jpg 600w, https:\/\/dev.niezawodneczesci.pl\/wp-content\/uploads\/SR.02.186a-1-100x100.jpg 100w, https:\/\/dev.niezawodneczesci.pl\/wp-content\/uploads\/SR.02.186a-1-64x64.jpg 64w\" sizes=\"(max-width: 800px) 100vw, 800px\" \/>\t\t\t\t\t\t\t\t\t\t\t\t\t<\/div>\n\t\t\t\t<\/div>\n\t\t\t\t<\/div>\n\t\t\t\t\t<\/div>\n\t\t\t\t<\/div>\n\t\t<div class=\"elementor-element elementor-element-3279f7d e-flex e-con-boxed e-con e-parent\" data-id=\"3279f7d\" data-element_type=\"container\" data-settings=\"{&quot;container_type&quot;:&quot;flex&quot;,&quot;content_width&quot;:&quot;boxed&quot;}\" data-core-v316-plus=\"true\">\n\t\t\t\t\t<div class=\"e-con-inner\">\n\t\t<div class=\"elementor-element elementor-element-fed1fc4 e-con-full e-flex e-con e-child\" data-id=\"fed1fc4\" data-element_type=\"container\" data-settings=\"{&quot;content_width&quot;:&quot;full&quot;,&quot;container_type&quot;:&quot;flex&quot;}\">\n\t\t\t\t<div class=\"elementor-element elementor-element-616e300 elementor-widget elementor-widget-text-editor\" data-id=\"616e300\" data-element_type=\"widget\" data-widget_type=\"text-editor.default\">\n\t\t\t\t<div class=\"elementor-widget-container\">\n\t\t\t\t\t\t\t<p>Klocki hamulcowe Sunrich\u00ae w pe\u0142nej kompletacji monta\u017cowej posiadaj\u0105 ekologiczn\u0105 mieszank\u0119 ciern\u0105 kt\u00f3ra jest gwarancj\u0105 bezpiecznego hamowania i niskiego zu\u017cycia pow\u0142oki tarcz hamulcowych.<\/p>\t\t\t\t\t\t<\/div>\n\t\t\t\t<\/div>\n\t\t\t\t<\/div>\n\t\t<div class=\"elementor-element elementor-element-1b0a64a e-con-full e-flex e-con e-child\" data-id=\"1b0a64a\" data-element_type=\"container\" data-settings=\"{&quot;content_width&quot;:&quot;full&quot;,&quot;container_type&quot;:&quot;flex&quot;}\">\n\t\t\t\t<div class=\"elementor-element elementor-element-3a05d30 elementor-widget elementor-widget-text-editor\" data-id=\"3a05d30\" data-element_type=\"widget\" data-widget_type=\"text-editor.default\">\n\t\t\t\t<div class=\"elementor-widget-container\">\n\t\t\t\t\t\t\t<p>Tarcze hamulcowe Sunrich\u00ae wykonane w technologii GEOMET360 to gwarancja bezpiecze\u0144stwa, komfortu u\u017cytkowania i estetycznego wygl\u0105du. Tak\u017ce po przepracowaniu.<\/p>\t\t\t\t\t\t<\/div>\n\t\t\t\t<\/div>\n\t\t\t\t<\/div>\n\t\t<div class=\"elementor-element elementor-element-7cf31f6 e-con-full e-flex e-con e-child\" data-id=\"7cf31f6\" data-element_type=\"container\" data-settings=\"{&quot;content_width&quot;:&quot;full&quot;,&quot;container_type&quot;:&quot;flex&quot;}\">\n\t\t\t\t<div class=\"elementor-element elementor-element-4d2f53c elementor-widget elementor-widget-text-editor\" data-id=\"4d2f53c\" data-element_type=\"widget\" data-widget_type=\"text-editor.default\">\n\t\t\t\t<div class=\"elementor-widget-container\">\n\t\t\t\t\t\t\t<p>Zaciski hamulcowe Sunrich\u00ae to precyzja, cena i efektywno\u015b\u0107 dzia\u0142ania. Jako bonus dodajemy efektowno\u015b\u0107 \u2013 oto czarny koniec regenracji.<br><\/p>\t\t\t\t\t\t<\/div>\n\t\t\t\t<\/div>\n\t\t\t\t<\/div>\n\t\t\t\t\t<\/div>\n\t\t\t\t<\/div>\n\t\t<div class=\"elementor-element elementor-element-19769d7 e-flex e-con-boxed e-con e-parent\" data-id=\"19769d7\" data-element_type=\"container\" data-settings=\"{&quot;container_type&quot;:&quot;flex&quot;,&quot;content_width&quot;:&quot;boxed&quot;}\" data-core-v316-plus=\"true\">\n\t\t\t\t\t<div class=\"e-con-inner\">\n\t\t<div class=\"elementor-element elementor-element-358aa2c e-con-full e-flex e-con e-child\" data-id=\"358aa2c\" data-element_type=\"container\" data-settings=\"{&quot;content_width&quot;:&quot;full&quot;,&quot;container_type&quot;:&quot;flex&quot;}\">\n\t\t\t\t<div class=\"elementor-element elementor-element-58de3a8 elementor-widget elementor-widget-image\" data-id=\"58de3a8\" data-element_type=\"widget\" data-widget_type=\"image.default\">\n\t\t\t\t<div class=\"elementor-widget-container\">\n\t\t\t\t\t\t\t\t\t\t\t\t\t<img loading=\"lazy\" decoding=\"async\" width=\"567\" height=\"380\" src=\"https:\/\/dev.niezawodneczesci.pl\/wp-content\/uploads\/patrol.png\" class=\"attachment-large size-large wp-image-24537\" alt=\"\" srcset=\"https:\/\/dev.niezawodneczesci.pl\/wp-content\/uploads\/patrol.png 567w, https:\/\/dev.niezawodneczesci.pl\/wp-content\/uploads\/patrol-300x201.png 300w, https:\/\/dev.niezawodneczesci.pl\/wp-content\/uploads\/patrol-18x12.png 18w, https:\/\/dev.niezawodneczesci.pl\/wp-content\/uploads\/patrol-64x43.png 64w\" sizes=\"(max-width: 567px) 100vw, 567px\" \/>\t\t\t\t\t\t\t\t\t\t\t\t\t<\/div>\n\t\t\t\t<\/div>\n\t\t\t\t<\/div>\n\t\t<div class=\"elementor-element elementor-element-5eb966e e-con-full e-flex e-con e-child\" data-id=\"5eb966e\" data-element_type=\"container\" data-settings=\"{&quot;content_width&quot;:&quot;full&quot;,&quot;container_type&quot;:&quot;flex&quot;}\">\n\t\t\t\t<div class=\"elementor-element elementor-element-93e5bd6 elementor-widget elementor-widget-text-editor\" data-id=\"93e5bd6\" data-element_type=\"widget\" data-widget_type=\"text-editor.default\">\n\t\t\t\t<div class=\"elementor-widget-container\">\n\t\t\t\t\t\t\t<p><span style=\"font-weight: bolder;\">Jako zesp\u00f3\u0142 i jako ka\u017cdy z osobna, poniewa\u017c mieszkamy w Karpatach. Narcystyczna cz\u0119\u015b\u0107 naszych dusz odczuwa dum\u0119 z mo\u017cliwo\u015bci wyposa\u017cenia naszych zabawek we w\u0142asne cz\u0119\u015bci eksploatacyjne.&nbsp;<\/span><span style=\"color: var( --e-global-color-text ); font-family: var( --e-global-typography-text-font-family ), Sans-serif; font-size: 1rem; font-weight: var( --e-global-typography-text-font-weight ); text-align: var(--text-align);\">Klocki i tarcze Sunrich\u00ae oraz amortyzatory Sekureco\u00ae przechodzi\u0142y chrzest ogniowy w\u015br\u00f3d karpackich b\u0142ot, maroka\u0144skich piach\u00f3w, islandzkich ska\u0142, rumu\u0144skich las\u00f3w i bagiennych, nadrzecznych r\u00f3wnin \u015brodkowej Afryki. Wsp\u00f3\u0142pracujemy z uznanymi biurami podr\u00f3\u017cy w kraju. Konsultujemy z mechanikami ka\u017cdy detal, kt\u00f3ry mo\u017ce mie\u0107 wp\u0142yw na popraw\u0119 parametr\u00f3w naszych produkt\u00f3w. Realnie wp\u0142ywamy na proces produkcji.<\/span><br><\/p>\t\t\t\t\t\t<\/div>\n\t\t\t\t<\/div>\n\t\t\t\t<div class=\"elementor-element elementor-element-90a8254 elementor-widget__width-initial elementor-widget elementor-widget-heading\" data-id=\"90a8254\" data-element_type=\"widget\" data-widget_type=\"heading.default\">\n\t\t\t\t<div class=\"elementor-widget-container\">\n\t\t\t<h2 class=\"elementor-heading-title elementor-size-default\"><h2 data-elementor-setting-key=\"title\" data-pen-placeholder=\"Pisz tutaj...\" style=\"font-family: var( --e-global-typography-primary-font-family ), Sans-serif; font-weight: var( --e-global-typography-primary-font-weight );\">KOCHAMY OFFROAD<\/h2><\/h2>\t\t<\/div>\n\t\t\t\t<\/div>\n\t\t\t\t<\/div>\n\t\t\t\t\t<\/div>\n\t\t\t\t<\/div>\n\t\t<div class=\"elementor-element elementor-element-8ac6c45 e-flex e-con-boxed e-con e-parent\" data-id=\"8ac6c45\" data-element_type=\"container\" data-settings=\"{&quot;container_type&quot;:&quot;flex&quot;,&quot;content_width&quot;:&quot;boxed&quot;}\" data-core-v316-plus=\"true\">\n\t\t\t\t\t<div class=\"e-con-inner\">\n\t\t\t\t\t<\/div>\n\t\t\t\t<\/div>\n\t\t\t\t<\/div>\n\t\t","protected":false},"excerpt":{"rendered":"<p>SYSTEMY HAMULCOWE SUNRICH\u00ae Istniej\u0105 w\u00a0bran\u017cy motoryzacyjnej technologie, kt\u00f3re ewoluuj\u0105 \u2013 metaforycznie \u2013 w\u00a0mgnieniu oka. Rynek b\u0142yskawicznie dostosowuje si\u0119 do\u00a0popytu, regulacji ekologicznych, norm ekonomicznych i\u00a0produkcyjnych. W\u00a0\u015bwiecie automotive funkcjonuj\u0105 tak\u017ce technologie o\u00a0niezachwianym status quo. S\u0105\u00a0na\u00a0tyle dobre, \u017ce\u00a0ich ewentualna zmiana obejmie tylko\u00a0kosmetyczne poprawki materia\u0142owe, za\u015b g\u0142\u00f3wny projekt in\u017cynieryjny oparty pozostanie na\u00a0tradycji. Tak\u0105 technologi\u0105 jest tarczowy system hamulcowy, kt\u00f3ry\u00a0\u2013 [&hellip;]<\/p>\n","protected":false},"author":2,"featured_media":0,"parent":0,"menu_order":0,"comment_status":"closed","ping_status":"closed","template":"","meta":{"_monsterinsights_skip_tracking":false,"_monsterinsights_sitenote_active":false,"_monsterinsights_sitenote_note":"","_monsterinsights_sitenote_category":0,"footnotes":""},"class_list":["post-24543","page","type-page","status-publish","hentry"],"_links":{"self":[{"href":"https:\/\/dev.niezawodneczesci.pl\/en\/wp-json\/wp\/v2\/pages\/24543","targetHints":{"allow":["GET"]}}],"collection":[{"href":"https:\/\/dev.niezawodneczesci.pl\/en\/wp-json\/wp\/v2\/pages"}],"about":[{"href":"https:\/\/dev.niezawodneczesci.pl\/en\/wp-json\/wp\/v2\/types\/page"}],"author":[{"embeddable":true,"href":"https:\/\/dev.niezawodneczesci.pl\/en\/wp-json\/wp\/v2\/users\/2"}],"replies":[{"embeddable":true,"href":"https:\/\/dev.niezawodneczesci.pl\/en\/wp-json\/wp\/v2\/comments?post=24543"}],"version-history":[{"count":4,"href":"https:\/\/dev.niezawodneczesci.pl\/en\/wp-json\/wp\/v2\/pages\/24543\/revisions"}],"predecessor-version":[{"id":24552,"href":"https:\/\/dev.niezawodneczesci.pl\/en\/wp-json\/wp\/v2\/pages\/24543\/revisions\/24552"}],"wp:attachment":[{"href":"https:\/\/dev.niezawodneczesci.pl\/en\/wp-json\/wp\/v2\/media?parent=24543"}],"curies":[{"name":"wp","href":"https:\/\/api.w.org\/{rel}","templated":true}]}}