{"id":13581,"date":"2022-10-26T10:43:23","date_gmt":"2022-10-26T08:43:23","guid":{"rendered":"https:\/\/host801274.xce.pl\/?page_id=13581"},"modified":"2023-07-18T14:56:23","modified_gmt":"2023-07-18T12:56:23","slug":"zwroty-i-reklamacje","status":"publish","type":"page","link":"https:\/\/dev.niezawodneczesci.pl\/it\/zwroty-i-reklamacje\/","title":{"rendered":"Resi e reclami"},"content":{"rendered":"\t\t<div data-elementor-type=\"wp-page\" data-elementor-id=\"13581\" class=\"elementor elementor-13581\" data-elementor-post-type=\"page\">\n\t\t\t\t\t\t<section class=\"elementor-section elementor-top-section elementor-element elementor-element-c753fb2 elementor-section-boxed elementor-section-height-default elementor-section-height-default\" data-id=\"c753fb2\" data-element_type=\"section\">\n\t\t\t\t\t\t<div class=\"elementor-container elementor-column-gap-default\">\n\t\t\t\t\t<div class=\"elementor-column elementor-col-100 elementor-top-column elementor-element elementor-element-ffcf66c\" data-id=\"ffcf66c\" data-element_type=\"column\">\n\t\t\t<div class=\"elementor-widget-wrap elementor-element-populated\">\n\t\t\t\t\t\t<div class=\"elementor-element elementor-element-15fc1ac elementor-widget elementor-widget-heading\" data-id=\"15fc1ac\" data-element_type=\"widget\" data-widget_type=\"heading.default\">\n\t\t\t\t<div class=\"elementor-widget-container\">\n\t\t\t<style>\/*! elementor - v3.19.0 - 28-02-2024 *\/\n.elementor-heading-title{padding:0;margin:0;line-height:1}.elementor-widget-heading .elementor-heading-title[class*=elementor-size-]>a{color:inherit;font-size:inherit;line-height:inherit}.elementor-widget-heading .elementor-heading-title.elementor-size-small{font-size:15px}.elementor-widget-heading .elementor-heading-title.elementor-size-medium{font-size:19px}.elementor-widget-heading .elementor-heading-title.elementor-size-large{font-size:29px}.elementor-widget-heading .elementor-heading-title.elementor-size-xl{font-size:39px}.elementor-widget-heading .elementor-heading-title.elementor-size-xxl{font-size:59px}<\/style><h1 class=\"elementor-heading-title elementor-size-default\">Zwroty i Reklamacje<\/h1>\t\t<\/div>\n\t\t\t\t<\/div>\n\t\t\t\t<div class=\"elementor-element elementor-element-aa70b4a elementor-widget elementor-widget-heading\" data-id=\"aa70b4a\" data-element_type=\"widget\" data-widget_type=\"heading.default\">\n\t\t\t\t<div class=\"elementor-widget-container\">\n\t\t\t<h2 class=\"elementor-heading-title elementor-size-default\">\u00a71 Prawo odst\u0105pienia od umowy<\/h2>\t\t<\/div>\n\t\t\t\t<\/div>\n\t\t\t\t<div class=\"elementor-element elementor-element-644f3eb elementor-widget elementor-widget-text-editor\" data-id=\"644f3eb\" data-element_type=\"widget\" data-widget_type=\"text-editor.default\">\n\t\t\t\t<div class=\"elementor-widget-container\">\n\t\t\t<style>\/*! elementor - v3.19.0 - 28-02-2024 *\/\n.elementor-widget-text-editor.elementor-drop-cap-view-stacked .elementor-drop-cap{background-color:#69727d;color:#fff}.elementor-widget-text-editor.elementor-drop-cap-view-framed .elementor-drop-cap{color:#69727d;border:3px solid;background-color:transparent}.elementor-widget-text-editor:not(.elementor-drop-cap-view-default) .elementor-drop-cap{margin-top:8px}.elementor-widget-text-editor:not(.elementor-drop-cap-view-default) .elementor-drop-cap-letter{width:1em;height:1em}.elementor-widget-text-editor .elementor-drop-cap{float:left;text-align:center;line-height:1;font-size:50px}.elementor-widget-text-editor .elementor-drop-cap-letter{display:inline-block}<\/style>\t\t\t\t<ol><li><p align=\"left\"><span style=\"color: #000000;\">Konsument mo\u017ce w terminie 14 dni odst\u0105pi\u0107 od Umowy Sprzeda\u017cy bez podania jakiejkolwiek przyczyny.<\/span><\/p><\/li><li><p align=\"left\"><span style=\"color: #000000;\">Bieg terminu okre\u015blonego w ust. 1 rozpoczyna si\u0119 od dnia dostarczenia Produktu Konsumentowi lub wskazanej przez niego osobie innej ni\u017c przewo\u017anik.<\/span><\/p><\/li><li><p align=\"left\"><span style=\"color: #000000;\">Konsument mo\u017ce odst\u0105pi\u0107 od Umowy, sk\u0142adaj\u0105c Sprzedawcy o\u015bwiadczenie o odst\u0105pieniu od Umowy. Do zachowania terminu odst\u0105pienia od Umowy wystarczy wys\u0142anie przez Konsumenta o\u015bwiadczenia przed up\u0142ywem tego terminu.<\/span><\/p><\/li><li><p align=\"left\"><span style=\"color: #000000;\">O\u015bwiadczenie mo\u017ce by\u0107 wys\u0142ane za pomoc\u0105 tradycyjnej poczty, faxem b\u0105d\u017a drog\u0105 elektroniczn\u0105 poprzez przes\u0142anie o\u015bwiadczenia na adres e-mail Sprzedawcy lub przez z\u0142o\u017cenie o\u015bwiadczenia na stronie internetowej Sprzedawcy &#8211; dane kontaktowe Sprzedawcy zosta\u0142y okre\u015blone w \u00a7 3. O\u015bwiadczenie mo\u017cna z\u0142o\u017cy\u0107 r\u00f3wnie\u017c na formularzu, kt\u00f3rego wz\u00f3r stanowi za\u0142\u0105cznik nr 1 do niniejszego Regulaminu oraz za\u0142\u0105cznik do ustawy z dnia 30 maja 2014 roku o prawach konsumenta, jednak nie jest to obowi\u0105zkowe.<\/span><\/p><\/li><li><p align=\"left\"><span style=\"color: #000000;\">W przypadku przes\u0142ania o\u015bwiadczenia przez Konsumenta drog\u0105 elektroniczn\u0105, Sprzedawca niezw\u0142ocznie prze\u015ble Konsumentowi na podany przez Konsumenta adres e-mail potwierdzenie otrzymania o\u015bwiadczenia o odst\u0105pieniu od Umowy.<br \/><\/span><\/p><p><strong>\u00a0<\/strong><\/p><p><strong>Skutki odst\u0105pienia od Umowy:<\/strong><\/p><\/li><\/ol><ol type=\"a\"><li><p align=\"left\"><span style=\"color: #000000;\">W przypadku odst\u0105pienia od Umowy zawartej na odleg\u0142o\u015b\u0107 Umow\u0119 uwa\u017ca si\u0119 za niezawart\u0105.<\/span><\/p><\/li><li><p align=\"left\"><span style=\"color: #000000;\">W przypadku odst\u0105pienia od Umowy Sprzedawca zwraca Konsumentowi niezw\u0142ocznie, nie p\u00f3\u017aniej ni\u017c w terminie 14 dni od dnia otrzymania o\u015bwiadczenia Konsumenta o odst\u0105pieniu od Umowy, wszystkie dokonane przez niego p\u0142atno\u015bci, w tym koszty dostarczenia rzeczy, z wyj\u0105tkiem dodatkowych koszt\u00f3w wynikaj\u0105cych z wybranego przez Konsumenta sposobu dostarczenia innego ni\u017c najta\u0144szy zwyk\u0142y spos\u00f3b dostarczenia oferowany przez Sprzedawc\u0119.<\/span><\/p><\/li><li><p align=\"left\"><span style=\"color: #000000;\">Zwrotu p\u0142atno\u015bci Sprzedawca dokona przy u\u017cyciu takich samych metod p\u0142atno\u015bci, jakie zosta\u0142y przez Konsumenta u\u017cyte w pierwotnej transakcji, chyba \u017ce Konsument wyra\u017anie zgodzi\u0142 si\u0119 na inne rozwi\u0105zanie, kt\u00f3re nie b\u0119dzie si\u0119 wi\u0105za\u0142o dla niego z \u017cadnymi kosztami.<\/span><\/p><\/li><li><p align=\"left\"><span style=\"color: #000000;\">Sprzedawca mo\u017ce wstrzyma\u0107 si\u0119 ze zwrotem p\u0142atno\u015bci do czasu otrzymania Produktu z powrotem lub do czasu dostarczenia mu dowodu jego odes\u0142ania, w zale\u017cno\u015bci od tego, kt\u00f3re zdarzenie nast\u0105pi wcze\u015bniej.<\/span><\/p><\/li><li><p align=\"left\"><span style=\"color: #000000;\">Konsument powinien odes\u0142a\u0107 Produkt na adres Sprzedawcy podany w niniejszym Regulaminie niezw\u0142ocznie, nie p\u00f3\u017aniej ni\u017c 14 dni od dnia, w kt\u00f3rym poinformowa\u0142 Sprzedawc\u0119 o odst\u0105pieniu od Umowy. Termin zostanie zachowany, je\u015bli Konsument ode\u015ble Produkt przed up\u0142ywem terminu 14 dni.<\/span><\/p><\/li><li><p align=\"left\"><span style=\"color: #000000;\">Konsument ponosi bezpo\u015brednie koszty zwrotu Produktu, tak\u017ce koszty zwrotu Produktu, je\u015bli ze wzgl\u0119du na sw\u00f3j charakter Produkt ten nie m\u00f3g\u0142 zosta\u0107 w zwyk\u0142ym trybie odes\u0142any poczt\u0105.<\/span><\/p><\/li><li><p align=\"left\"><span style=\"color: #000000;\">Konsument odpowiada tylko za zmniejszenie warto\u015bci Produktu wynikaj\u0105ce z korzystania z niego w spos\u00f3b inny ni\u017c by\u0142o to konieczne do stwierdzenia charakteru, cech i funkcjonowania Produktu.<\/span><\/p><\/li><li><p align=\"left\"><span style=\"color: #000000;\">W przypadku gdy ze wzgl\u0119du na charakter Produktu nie mo\u017ce on zosta\u0107 odes\u0142any w zwyk\u0142ym trybie poczt\u0105, informacja o tym, a tak\u017ce o kosztach zwrotu Produktu, b\u0119dzie si\u0119 znajdowa\u0107 w opisie Produktu w Sklepie.<br \/><\/span><\/p><p><b><br \/><br \/>Prawo do odst\u0105pienia od umowy zawartej na odleg\u0142o\u015b\u0107 nie przys\u0142uguje Konsumentowi w odniesieniu do Umowy:<\/b><\/p><\/li><\/ol><ol type=\"a\"><li><p align=\"left\"><span style=\"color: #000000;\">w kt\u00f3rej przedmiotem \u015bwiadczenia jest rzecz nieprefabrykowana, wyprodukowana wed\u0142ug specyfikacji Konsumenta lub s\u0142u\u017c\u0105ca zaspokojeniu jego zindywidualizowanych potrzeb,<\/span><\/p><\/li><li><p align=\"left\"><span style=\"color: #000000;\">w kt\u00f3rej przedmiotem \u015bwiadczenia jest rzecz dostarczana w zapiecz\u0119towanym opakowaniu, kt\u00f3rej po otwarciu opakowania nie mo\u017cna zwr\u00f3ci\u0107 ze wzgl\u0119du na ochron\u0119 zdrowia lub ze wzgl\u0119d\u00f3w higienicznych, je\u017celi opakowanie zosta\u0142o otwarte po dostarczeniu,<\/span><\/p><\/li><li><p align=\"left\"><span style=\"color: #000000;\">w kt\u00f3rej przedmiotem \u015bwiadczenia jest rzecz ulegaj\u0105ca szybkiemu zepsuciu lub maj\u0105ca kr\u00f3tki termin przydatno\u015bci do u\u017cycia,<\/span><\/p><\/li><li><p align=\"left\"><span style=\"color: #000000;\">o \u015bwiadczenie us\u0142ug, je\u017celi Sprzedawca wykona\u0142 w pe\u0142ni us\u0142ug\u0119 za wyra\u017an\u0105 zgod\u0105 Konsumenta, kt\u00f3ry zosta\u0142 poinformowany przez rozpocz\u0119ciem \u015bwiadczenia, \u017ce po spe\u0142nieniu \u015bwiadczenia przez Sprzedawc\u0119 utraci prawo odst\u0105pienia od Umowy,<\/span><\/p><\/li><li><p align=\"left\"><span style=\"color: #000000;\">w kt\u00f3rym cena lub wynagrodzenie zale\u017cy od waha\u0144 na rynku finansowym, nad kt\u00f3rym Sprzedawca nie sprawuje kontroli, i kt\u00f3re mog\u0105 wyst\u0105pi\u0107 przed up\u0142ywem terminu do odst\u0105pienia od Umowy,<\/span><\/p><\/li><li><p align=\"left\"><span style=\"color: #000000;\">w kt\u00f3rej przedmiotem \u015bwiadczenia s\u0105 rzeczy, kt\u00f3re po dostarczeniu, ze wzgl\u0119du na sw\u00f3j charakter, zostaj\u0105 nieroz\u0142\u0105cznie po\u0142\u0105czone z innymi rzeczami,<\/span><\/p><\/li><li><p align=\"left\"><span style=\"color: #000000;\">w kt\u00f3rej przedmiotem \u015bwiadczenia s\u0105 napoje alkoholowe, kt\u00f3rych cena zosta\u0142a uzgodniona przy zawarciu umowy sprzeda\u017cy, a kt\u00f3rych dostarczenie mo\u017ce nast\u0105pi\u0107 dopiero po up\u0142ywie 30 dni i kt\u00f3rych warto\u015b\u0107 zale\u017cy od waha\u0144 na rynku, nad kt\u00f3rymi Sprzedawca nie ma kontroli,<\/span><\/p><\/li><li><p align=\"left\"><span style=\"color: #000000;\">w kt\u00f3rej przedmiotem \u015bwiadczenia s\u0105 nagrania d\u017awi\u0119kowe lub wizualne albo programy komputerowe dostarczane w zapiecz\u0119towanym opakowaniu, je\u017celi opakowanie zosta\u0142o otwarte po dostarczeniu,<\/span><\/p><\/li><li><p align=\"left\"><span style=\"color: #000000;\">o dostarczanie dziennik\u00f3w, periodyk\u00f3w lub czasopism, z wyj\u0105tkiem umowy o prenumerat\u0119,<\/span><\/p><\/li><li><p align=\"left\"><span style=\"color: #000000;\">o dostarczenie tre\u015bci cyfrowych, kt\u00f3re nie s\u0105 zapisane na no\u015bniku materialnym, je\u017celi spe\u0142nianie \u015bwiadczenia rozpocz\u0119\u0142o si\u0119 za wyra\u017an\u0105 zgod\u0105 Konsumenta przed up\u0142ywem terminu do odst\u0105pienia od umowy i po poinformowaniu go przez Sprzedawc\u0119 o utracie prawa odst\u0105pienia od Umowy,<\/span><\/p><\/li><\/ol><p align=\"left\">\u00a0<\/p>\t\t\t\t\t\t<\/div>\n\t\t\t\t<\/div>\n\t\t\t\t<div class=\"elementor-element elementor-element-1be660e elementor-widget elementor-widget-heading\" data-id=\"1be660e\" data-element_type=\"widget\" data-widget_type=\"heading.default\">\n\t\t\t\t<div class=\"elementor-widget-container\">\n\t\t\t<h2 class=\"elementor-heading-title elementor-size-default\">\u00a72 Reklamacja i Gwarancja<\/h2>\t\t<\/div>\n\t\t\t\t<\/div>\n\t\t\t\t<div class=\"elementor-element elementor-element-6d7877b elementor-widget elementor-widget-text-editor\" data-id=\"6d7877b\" data-element_type=\"widget\" data-widget_type=\"text-editor.default\">\n\t\t\t\t<div class=\"elementor-widget-container\">\n\t\t\t\t\t\t\t<ol><li><p align=\"left\">Umow\u0105 Sprzeda\u017cy obj\u0119te s\u0105 nowe Produkty.<\/p><\/li><li><p align=\"left\">Sprzedawca jest obowi\u0105zany dostarczy\u0107 Klientowi rzecz woln\u0105 od wad.<b><\/b><\/p><\/li><li><p align=\"left\">W przypadku wyst\u0105pienia wady zakupionego u Sprzedawcy towaru Klient ma prawo do reklamacji w oparciu o przepisy dotycz\u0105ce r\u0119kojmi w kodeksie cywilnym.<\/p><\/li><li><p align=\"left\">Reklamacj\u0119 nale\u017cy zg\u0142osi\u0107 pisemnie lub drog\u0105 elektroniczn\u0105 na podane w niniejszym Regulaminie adresy Sprzedawcy.<\/p><\/li><li><p align=\"left\">Reklamacj\u0119 nale\u017cy zg\u0142osi\u0107 pisemnie lub drog\u0105 elektroniczn\u0105 na podane w niniejszym Regulaminie adresy Sprzedawcy lub przy wykorzystaniu elektronicznego formularza reklamacyjnego, udost\u0119pnionego przez Sprzedawc\u0119 na jednej z podstron Sklepu.<\/p><\/li><li><p align=\"left\">Zaleca si\u0119, aby w reklamacji zawrze\u0107 m.in. zwi\u0119z\u0142y opis wady, okoliczno\u015bci (w tym dat\u0119) jej wyst\u0105pienia, dane Klienta sk\u0142adaj\u0105cego reklamacj\u0119, oraz \u017c\u0105danie Klienta w zwi\u0105zku z wad\u0105 towaru.<\/p><\/li><li><p align=\"left\">Towary odsy\u0142ane w ramach procedury reklamacyjnej nale\u017cy wysy\u0142a\u0107 na adres podany w \u00a7 3 niniejszego Regulaminu.<\/p><\/li><li><p align=\"left\">\u00a0W przypadku, gdy na Produkt zosta\u0142a udzielona gwarancja, informacja o niej, a tak\u017ce jej tre\u015b\u0107, b\u0119d\u0105 zawarte przy opisie Produktu w Sklepie. Sprzedawca do\u0142\u0105czy te\u017c kart\u0119 gwarancyjn\u0105 do sprzedanego Produktu.<\/p><\/li><\/ol>\t\t\t\t\t\t<\/div>\n\t\t\t\t<\/div>\n\t\t\t\t<div class=\"elementor-element elementor-element-12cba9b elementor-widget elementor-widget-heading\" data-id=\"12cba9b\" data-element_type=\"widget\" data-widget_type=\"heading.default\">\n\t\t\t\t<div class=\"elementor-widget-container\">\n\t\t\t<h2 class=\"elementor-heading-title elementor-size-default\">\u00a73 Pozas\u0105dowe sposoby rozpatrywania reklamacji i dochodzenia roszcze\u0144<\/h2>\t\t<\/div>\n\t\t\t\t<\/div>\n\t\t\t\t<div class=\"elementor-element elementor-element-b25c1c6 elementor-widget elementor-widget-text-editor\" data-id=\"b25c1c6\" data-element_type=\"widget\" data-widget_type=\"text-editor.default\">\n\t\t\t\t<div class=\"elementor-widget-container\">\n\t\t\t\t\t\t\t<ol><li><p align=\"left\">Szczeg\u00f3\u0142owe informacje dotycz\u0105ce mo\u017cliwo\u015bci skorzystania przez Konsumenta z pozas\u0105dowych sposob\u00f3w rozpatrywania reklamacji i dochodzenia roszcze\u0144 oraz zasady dost\u0119pu do tych procedur dost\u0119pne s\u0105 w siedzibach oraz na stronach internetowych powiatowych (miejskich) rzecznik\u00f3w konsument\u00f3w, organizacji spo\u0142ecznych, do kt\u00f3rych zada\u0144 statutowych nale\u017cy ochrona konsument\u00f3w, Wojew\u00f3dzkich Inspektorat\u00f3w Inspekcji Handlowej oraz pod nast\u0119puj\u0105cymi adresami internetowymi Urz\u0119du Ochrony Konkurencji i Konsument\u00f3w: http:\/\/www.uokik.gov.pl\/spory_konsumenckie.php; http:\/\/www.uokik.gov.pl\/sprawy_indywidualne.php oraz http:\/\/www.uokik.gov.pl\/wazne_adresy.php.<\/p><\/li><li><p align=\"left\">Konsument posiada nast\u0119puj\u0105ce przyk\u0142adowe mo\u017cliwo\u015bci skorzystania z pozas\u0105dowych sposob\u00f3w rozpatrywania reklamacji i dochodzenia roszcze\u0144:<\/p><\/li><\/ol><ol type=\"a\"><li><p align=\"left\">Konsument uprawniony jest do zwr\u00f3cenia si\u0119 do sta\u0142ego polubownego s\u0105du konsumenckiego, o kt\u00f3rym mowa w art. 37 ustawy z dnia 15 grudnia 2000 r. o Inspekcji Handlowej (Dz.U. z 2014 r. poz. 148 z p\u00f3\u017an. zm.), z wnioskiem o rozstrzygni\u0119cie sporu wynik\u0142ego z Umowy zawartej ze Sprzedawc\u0105.<\/p><\/li><li><p align=\"left\">Konsument uprawniony jest do zwr\u00f3cenia si\u0119 do wojew\u00f3dzkiego inspektora Inspekcji Handlowej, zgodnie z art. 36 ustawy z dnia 15 grudnia 2000 r. o Inspekcji Handlowej (Dz.U. z 2014 r. poz. 148 z p\u00f3\u017an. zm.), z wnioskiem o wszcz\u0119cie post\u0119powania mediacyjnego w sprawie polubownego zako\u0144czenia sporu mi\u0119dzy Konsumentem a Sprzedawc\u0105.<\/p><\/li><li><p align=\"left\">Konsument mo\u017ce uzyska\u0107 bezp\u0142atn\u0105 pomoc w sprawie rozstrzygni\u0119cia sporu mi\u0119dzy nim a Sprzedawc\u0105, korzystaj\u0105c tak\u017ce z bezp\u0142atnej pomocy powiatowego (miejskiego) rzecznika konsument\u00f3w lub organizacji spo\u0142ecznej, do kt\u00f3rej zada\u0144 statutowych nale\u017cy ochrona konsument\u00f3w (m.in. Federacja Konsument\u00f3w, Stowarzyszenie Konsument\u00f3w Polskich).<\/p><\/li><\/ol>\t\t\t\t\t\t<\/div>\n\t\t\t\t<\/div>\n\t\t\t\t\t<\/div>\n\t\t<\/div>\n\t\t\t\t\t<\/div>\n\t\t<\/section>\n\t\t\t\t<\/div>\n\t\t","protected":false},"excerpt":{"rendered":"<p>Zwroty i Reklamacje \u00a71 Prawo odst\u0105pienia od umowy Konsument mo\u017ce w terminie 14 dni odst\u0105pi\u0107 od Umowy Sprzeda\u017cy bez podania jakiejkolwiek przyczyny. Bieg terminu okre\u015blonego w ust. 1 rozpoczyna si\u0119 od dnia dostarczenia Produktu Konsumentowi lub wskazanej przez niego osobie innej ni\u017c przewo\u017anik. Konsument mo\u017ce odst\u0105pi\u0107 od Umowy, sk\u0142adaj\u0105c Sprzedawcy o\u015bwiadczenie o odst\u0105pieniu od Umowy. [&hellip;]<\/p>\n","protected":false},"author":183,"featured_media":0,"parent":0,"menu_order":0,"comment_status":"closed","ping_status":"closed","template":"elementor_header_footer","meta":{"_monsterinsights_skip_tracking":false,"_monsterinsights_sitenote_active":false,"_monsterinsights_sitenote_note":"","_monsterinsights_sitenote_category":0,"footnotes":""},"class_list":["post-13581","page","type-page","status-publish","hentry"],"_links":{"self":[{"href":"https:\/\/dev.niezawodneczesci.pl\/it\/wp-json\/wp\/v2\/pages\/13581","targetHints":{"allow":["GET"]}}],"collection":[{"href":"https:\/\/dev.niezawodneczesci.pl\/it\/wp-json\/wp\/v2\/pages"}],"about":[{"href":"https:\/\/dev.niezawodneczesci.pl\/it\/wp-json\/wp\/v2\/types\/page"}],"author":[{"embeddable":true,"href":"https:\/\/dev.niezawodneczesci.pl\/it\/wp-json\/wp\/v2\/users\/183"}],"replies":[{"embeddable":true,"href":"https:\/\/dev.niezawodneczesci.pl\/it\/wp-json\/wp\/v2\/comments?post=13581"}],"version-history":[{"count":0,"href":"https:\/\/dev.niezawodneczesci.pl\/it\/wp-json\/wp\/v2\/pages\/13581\/revisions"}],"wp:attachment":[{"href":"https:\/\/dev.niezawodneczesci.pl\/it\/wp-json\/wp\/v2\/media?parent=13581"}],"curies":[{"name":"wp","href":"https:\/\/api.w.org\/{rel}","templated":true}]}}