{"id":16977,"date":"2023-02-09T11:15:36","date_gmt":"2023-02-09T10:15:36","guid":{"rendered":"https:\/\/host801274.xce.pl\/?page_id=16977"},"modified":"2023-02-09T11:18:16","modified_gmt":"2023-02-09T10:18:16","slug":"blog","status":"publish","type":"page","link":"https:\/\/dev.niezawodneczesci.pl\/sk\/blog\/","title":{"rendered":"Blog"},"content":{"rendered":"\t\t<div data-elementor-type=\"wp-page\" data-elementor-id=\"16977\" class=\"elementor elementor-16977\" data-elementor-post-type=\"page\">\n\t\t\t\t\t\t<section class=\"elementor-section elementor-top-section elementor-element elementor-element-3057148 elementor-section-boxed elementor-section-height-default elementor-section-height-default\" data-id=\"3057148\" data-element_type=\"section\">\n\t\t\t\t\t\t<div class=\"elementor-container elementor-column-gap-default\">\n\t\t\t\t\t<div class=\"elementor-column elementor-col-100 elementor-top-column elementor-element elementor-element-66291b0\" data-id=\"66291b0\" data-element_type=\"column\">\n\t\t\t<div class=\"elementor-widget-wrap elementor-element-populated\">\n\t\t\t\t\t\t<div class=\"elementor-element elementor-element-765e3c0 elementor-widget elementor-widget-heading\" data-id=\"765e3c0\" data-element_type=\"widget\" data-widget_type=\"heading.default\">\n\t\t\t\t<div class=\"elementor-widget-container\">\n\t\t\t<style>\/*! elementor - v3.19.0 - 28-02-2024 *\/\n.elementor-heading-title{padding:0;margin:0;line-height:1}.elementor-widget-heading .elementor-heading-title[class*=elementor-size-]>a{color:inherit;font-size:inherit;line-height:inherit}.elementor-widget-heading .elementor-heading-title.elementor-size-small{font-size:15px}.elementor-widget-heading .elementor-heading-title.elementor-size-medium{font-size:19px}.elementor-widget-heading .elementor-heading-title.elementor-size-large{font-size:29px}.elementor-widget-heading .elementor-heading-title.elementor-size-xl{font-size:39px}.elementor-widget-heading .elementor-heading-title.elementor-size-xxl{font-size:59px}<\/style><h1 class=\"elementor-heading-title elementor-size-default\">Blog<\/h1>\t\t<\/div>\n\t\t\t\t<\/div>\n\t\t\t\t<div class=\"elementor-element elementor-element-2232d22 elementor-grid-2 elementor-grid-tablet-2 elementor-grid-mobile-1 elementor-posts--thumbnail-top elementor-widget elementor-widget-posts\" data-id=\"2232d22\" data-element_type=\"widget\" data-settings=\"{&quot;classic_columns&quot;:&quot;2&quot;,&quot;classic_columns_tablet&quot;:&quot;2&quot;,&quot;classic_columns_mobile&quot;:&quot;1&quot;,&quot;classic_row_gap&quot;:{&quot;unit&quot;:&quot;px&quot;,&quot;size&quot;:35,&quot;sizes&quot;:[]},&quot;classic_row_gap_tablet&quot;:{&quot;unit&quot;:&quot;px&quot;,&quot;size&quot;:&quot;&quot;,&quot;sizes&quot;:[]},&quot;classic_row_gap_mobile&quot;:{&quot;unit&quot;:&quot;px&quot;,&quot;size&quot;:&quot;&quot;,&quot;sizes&quot;:[]}}\" data-widget_type=\"posts.classic\">\n\t\t\t\t<div class=\"elementor-widget-container\">\n\t\t\t<link rel=\"stylesheet\" href=\"https:\/\/dev.niezawodneczesci.pl\/wp-content\/plugins\/elementor-pro\/assets\/css\/widget-posts.min.css\">\t\t<div class=\"elementor-posts-container elementor-posts elementor-posts--skin-classic elementor-grid\">\r\n\t\t\t\t<article class=\"elementor-post elementor-grid-item post-17012 post type-post status-publish format-standard has-post-thumbnail hentry category-blog\">\r\n\t\t\t\t<a class=\"elementor-post__thumbnail__link\" href=\"https:\/\/dev.niezawodneczesci.pl\/sk\/regeneracja-zaciskow-fakty-mity-finanse\/\" tabindex=\"-1\">\r\n\t\t\t<div class=\"elementor-post__thumbnail\"><img fetchpriority=\"high\" decoding=\"async\" width=\"768\" height=\"576\" src=\"https:\/\/dev.niezawodneczesci.pl\/wp-content\/uploads\/2016\/10\/240834545_356691496004716_1699283492571847242_n-768x576.jpg\" class=\"attachment-medium_large size-medium_large wp-image-8804\" alt=\"\" srcset=\"https:\/\/dev.niezawodneczesci.pl\/wp-content\/uploads\/2016\/10\/240834545_356691496004716_1699283492571847242_n-768x576.jpg 768w, https:\/\/dev.niezawodneczesci.pl\/wp-content\/uploads\/2016\/10\/240834545_356691496004716_1699283492571847242_n-600x450.jpg 600w, https:\/\/dev.niezawodneczesci.pl\/wp-content\/uploads\/2016\/10\/240834545_356691496004716_1699283492571847242_n-64x48.jpg 64w, https:\/\/dev.niezawodneczesci.pl\/wp-content\/uploads\/2016\/10\/240834545_356691496004716_1699283492571847242_n-300x225.jpg 300w, https:\/\/dev.niezawodneczesci.pl\/wp-content\/uploads\/2016\/10\/240834545_356691496004716_1699283492571847242_n-1024x768.jpg 1024w, https:\/\/dev.niezawodneczesci.pl\/wp-content\/uploads\/2016\/10\/240834545_356691496004716_1699283492571847242_n.jpg 1200w\" sizes=\"(max-width: 768px) 100vw, 768px\" \/><\/div>\r\n\t\t<\/a>\r\n\t\t\t\t<div class=\"elementor-post__text\">\r\n\t\t\t\t<h3 class=\"elementor-post__title\">\r\n\t\t\t<a href=\"https:\/\/dev.niezawodneczesci.pl\/sk\/regeneracja-zaciskow-fakty-mity-finanse\/\">\r\n\t\t\t\tRegeneracja zacisk\u00f3w? Fakty, mity, finanse\t\t\t<\/a>\r\n\t\t<\/h3>\r\n\t\t\t\t<div class=\"elementor-post__excerpt\">\r\n\t\t\t<p>Regeneracja zacisk\u00f3w &#8211; Fakty, mity, finanse Temat jest stary jak \u015bwiat, a konkretniej \u2013 stary jak samoch\u00f3d wyposa\u017cony we wsp\u00f3\u0142czesny uk\u0142ad hamulcowy. Ka\u017cdy z nas,<\/p>\n\t\t<\/div>\r\n\t\t\t\t\t<div class=\"elementor-post__read-more-wrapper\">\r\n\t\t\r\n\t\t<a class=\"elementor-post__read-more\" href=\"https:\/\/dev.niezawodneczesci.pl\/sk\/regeneracja-zaciskow-fakty-mity-finanse\/\" aria-label=\"Read more about Regeneracja zacisk\u00f3w? Fakty, mity, finanse\" tabindex=\"-1\">\r\n\t\t\tCzytaj wi\u0119cej \u00bb\t\t<\/a>\r\n\r\n\t\t\t\t\t<\/div>\r\n\t\t\t\t<\/div>\r\n\t\t\t\t<\/article>\r\n\t\t\t\t<article class=\"elementor-post elementor-grid-item post-8832 post type-post status-publish format-standard has-post-thumbnail hentry category-blog\">\r\n\t\t\t\t<a class=\"elementor-post__thumbnail__link\" href=\"https:\/\/dev.niezawodneczesci.pl\/sk\/kiedy-wymieniamy-klocki-hamulcowe\/\" tabindex=\"-1\">\r\n\t\t\t<div class=\"elementor-post__thumbnail\"><img decoding=\"async\" width=\"526\" height=\"526\" src=\"https:\/\/dev.niezawodneczesci.pl\/wp-content\/uploads\/2021\/10\/211880156_320204556320077_157538310055308732_n.jpg\" class=\"attachment-medium_large size-medium_large wp-image-8833\" alt=\"\" srcset=\"https:\/\/dev.niezawodneczesci.pl\/wp-content\/uploads\/2021\/10\/211880156_320204556320077_157538310055308732_n.jpg 526w, https:\/\/dev.niezawodneczesci.pl\/wp-content\/uploads\/2021\/10\/211880156_320204556320077_157538310055308732_n-300x300.jpg 300w, https:\/\/dev.niezawodneczesci.pl\/wp-content\/uploads\/2021\/10\/211880156_320204556320077_157538310055308732_n-100x100.jpg 100w, https:\/\/dev.niezawodneczesci.pl\/wp-content\/uploads\/2021\/10\/211880156_320204556320077_157538310055308732_n-64x64.jpg 64w, https:\/\/dev.niezawodneczesci.pl\/wp-content\/uploads\/2021\/10\/211880156_320204556320077_157538310055308732_n-150x150.jpg 150w\" sizes=\"(max-width: 526px) 100vw, 526px\" \/><\/div>\r\n\t\t<\/a>\r\n\t\t\t\t<div class=\"elementor-post__text\">\r\n\t\t\t\t<h3 class=\"elementor-post__title\">\r\n\t\t\t<a href=\"https:\/\/dev.niezawodneczesci.pl\/sk\/kiedy-wymieniamy-klocki-hamulcowe\/\">\r\n\t\t\t\tKiedy wymieniamy klocki hamulcowe?\t\t\t<\/a>\r\n\t\t<\/h3>\r\n\t\t\t\t<div class=\"elementor-post__excerpt\">\r\n\t\t\t<p>Kiedy wymieni\u0107 klocki hamulcowe? Klocki &#8211; jeden z podstawowych element\u00f3w eksploatacyjnych naszych samochod\u00f3w. Bior\u0105c pod uwag\u0119 ewoluuj\u0105ce technologie motoryzacyjne, kt\u00f3re trwaj\u0105 od czasu pojawienia si\u0119<\/p>\n\t\t<\/div>\r\n\t\t\t\t\t<div class=\"elementor-post__read-more-wrapper\">\r\n\t\t\r\n\t\t<a class=\"elementor-post__read-more\" href=\"https:\/\/dev.niezawodneczesci.pl\/sk\/kiedy-wymieniamy-klocki-hamulcowe\/\" aria-label=\"Read more about Kiedy wymieniamy klocki hamulcowe?\" tabindex=\"-1\">\r\n\t\t\tCzytaj wi\u0119cej \u00bb\t\t<\/a>\r\n\r\n\t\t\t\t\t<\/div>\r\n\t\t\t\t<\/div>\r\n\t\t\t\t<\/article>\r\n\t\t\t\t<\/div>\r\n\t\t\r\n\t\t\t\t<\/div>\n\t\t\t\t<\/div>\n\t\t\t\t\t<\/div>\n\t\t<\/div>\n\t\t\t\t\t<\/div>\n\t\t<\/section>\n\t\t\t\t<\/div>\n\t\t","protected":false},"excerpt":{"rendered":"<p>Blog<\/p>","protected":false},"author":248,"featured_media":0,"parent":0,"menu_order":0,"comment_status":"closed","ping_status":"closed","template":"elementor_header_footer","meta":{"_monsterinsights_skip_tracking":false,"_monsterinsights_sitenote_active":false,"_monsterinsights_sitenote_note":"","_monsterinsights_sitenote_category":0,"footnotes":""},"class_list":["post-16977","page","type-page","status-publish","hentry"],"_links":{"self":[{"href":"https:\/\/dev.niezawodneczesci.pl\/sk\/wp-json\/wp\/v2\/pages\/16977","targetHints":{"allow":["GET"]}}],"collection":[{"href":"https:\/\/dev.niezawodneczesci.pl\/sk\/wp-json\/wp\/v2\/pages"}],"about":[{"href":"https:\/\/dev.niezawodneczesci.pl\/sk\/wp-json\/wp\/v2\/types\/page"}],"author":[{"embeddable":true,"href":"https:\/\/dev.niezawodneczesci.pl\/sk\/wp-json\/wp\/v2\/users\/248"}],"replies":[{"embeddable":true,"href":"https:\/\/dev.niezawodneczesci.pl\/sk\/wp-json\/wp\/v2\/comments?post=16977"}],"version-history":[{"count":0,"href":"https:\/\/dev.niezawodneczesci.pl\/sk\/wp-json\/wp\/v2\/pages\/16977\/revisions"}],"wp:attachment":[{"href":"https:\/\/dev.niezawodneczesci.pl\/sk\/wp-json\/wp\/v2\/media?parent=16977"}],"curies":[{"name":"wp","href":"https:\/\/api.w.org\/{rel}","templated":true}]}}