{"id":13542,"date":"2022-10-20T10:27:40","date_gmt":"2022-10-20T08:22:09","guid":{"rendered":"https:\/\/niezawodneczesci.pl\/\/?post_type=product&#038;p=13542"},"modified":"2026-04-24T01:04:56","modified_gmt":"2026-04-23T23:04:56","slug":"tarcza-hamulcowa-tyl-sr-01-6627","status":"publish","type":"product","link":"https:\/\/dev.niezawodneczesci.pl\/sk\/produkt\/tarcza-hamulcowa-tyl-sr-01-6627\/","title":{"rendered":"BRZDOV\u00dd KOT\u00da\u010c SR.01.6627"},"content":{"rendered":"<p>\u010c\u00edsla v\u00fdrobcov<br \/>\nDF6627<\/p>\n<p>OE \u010d\u00edsla<br \/>\nABS: 18203<br \/>\nABE: C40514ABE<br \/>\nAPEC: 2950 DSK<br \/>\nASHIKA: 610HH12<br \/>\nASHUKI od Palidium: Y089-57<br \/>\nATE: 24.0110-0379.1<br \/>\nATE: 24011003681<br \/>\nMODR\u00c1 TLA\u010c: ADG043176<br \/>\nBORG &amp; BECK: BBD5257<br \/>\nBOSCH: 0 986 479 052<br \/>\nBOSCH: 0 986 479 A16<br \/>\nBOSCH: 0 986 T16 041<br \/>\nBREMBO: 08.C172.2X<br \/>\nBREMBO: 08C17220<br \/>\nBREMBO: 08C17221<br \/>\nTECHNIKA b\u0155zd: DI957003<br \/>\nCIFAM: 8001440C<br \/>\nKOMLINE: ADC2415<br \/>\nDELPHI: BG4559<br \/>\nDELPHI: BG4559C<br \/>\nDJ PARTIE: BD2065<br \/>\nDON: PCD13192<br \/>\nFEBI BILSTEIN: 108387<br \/>\nFEBI BILSTEIN: 108559<br \/>\nFERODO: DDF2193C<br \/>\nFERODO: DDF2193C-1-D<br \/>\nFTE: BS7325<br \/>\nFTE: BS7325B<br \/>\nHELLA: 8DD 355 118-301<br \/>\nHELLA: 8DD 355 129-451<br \/>\nHELLA PAGID: 8DD 355 129-451<br \/>\nHELLA PAGID: 8DD355118301<br \/>\nHERTH+BUSS JAKOPARTS: J3310531<br \/>\nHERTH+BUSS JAKOPARTS: J3310534<br \/>\nHYUNDAI: 58411-3X300<br \/>\nHYUNDAI: 58411-A6300<br \/>\nJAPANPARTS: DP-H16<br \/>\nJAPANPARTS: DPH12<br \/>\nJAPKO: 61:12<br \/>\nJURID: 563110JC<br \/>\nKAISHIN: CBR513<br \/>\nK\u00c1VA: 6143500<br \/>\nKIA: 58411-3X300<br \/>\nKIA: 58411-A6300<br \/>\nLPR: H2033P<br \/>\nMETELLI: 231440C<br \/>\nMEYLE: 37-15 523 0026\/PD<br \/>\nMGA: D2035<br \/>\nMINTEX: MDC2366<br \/>\nN\u00c1RODN\u00c9: NBD1671<br \/>\nNIPPARTS: N3310518<br \/>\nNC: 203446<br \/>\nNC: 313446<br \/>\nOTVOREN\u00c9 \u010cASTI: BDA260410<br \/>\nOPTIMAL: BS-9262<br \/>\nOPTIMAL: BS-9262C<br \/>\nSTR\u00c1NKA: 55400<br \/>\nQUINTON HAZELL: BDC6108<br \/>\nRAICAM: RD01230<br \/>\nREMSA: 6143500<br \/>\nREMY: RAD1475C<br \/>\nROADHOUSE: 6143500<br \/>\nTEXTAR: 92240000<br \/>\nTEXTAR: 92240003<br \/>\nTRISCAN: 812043170<br \/>\nTRISCAN: 812043170C<br \/>\nD\u00d4VERYHODN\u00c9: DF1493<br \/>\nVALEO: 197503<br \/>\nPRACOVN\u00c1: D6143500<br \/>\nZIMMERMANN: 285352820<br \/>\nfri.tech.: DF1493<br \/>\nso: 1815203446<br \/>\nsbs: 1815313446<\/p>","protected":false},"excerpt":{"rendered":"<p>Numery producenta DF6627 Numery OE A.B.S.: 18203 ABE: C40514ABE APEC: DSK2950 ASHIKA: 610HH12 ASHUKI by Palidium: Y089-57 ATE: 24.0110-0379.1 ATE: 24011003681 BLUE PRINT: ADG043176 BORG &amp; BECK: BBD5257 BOSCH: 0 986 479 052 BOSCH: 0 986 479 A16 BOSCH: 0 986 T16 041 BREMBO: 08.C172.2X BREMBO: 08C17220 BREMBO: 08C17221 Brake ENGINEERING: DI957003 CIFAM: 8001440C COMLINE: [&hellip;]<\/p>\n","protected":false},"featured_media":13552,"template":"","meta":{"_monsterinsights_skip_tracking":false,"_monsterinsights_sitenote_active":false,"_monsterinsights_sitenote_note":"","_monsterinsights_sitenote_category":0},"product_brand":[],"product_cat":[146],"product_tag":[],"class_list":{"0":"post-13542","1":"product","2":"type-product","3":"status-publish","4":"has-post-thumbnail","6":"product_cat-tarcze-hamulcowe","8":"first","9":"instock","10":"taxable","11":"shipping-taxable","12":"purchasable","13":"product-type-simple"},"_links":{"self":[{"href":"https:\/\/dev.niezawodneczesci.pl\/sk\/wp-json\/wp\/v2\/product\/13542","targetHints":{"allow":["GET"]}}],"collection":[{"href":"https:\/\/dev.niezawodneczesci.pl\/sk\/wp-json\/wp\/v2\/product"}],"about":[{"href":"https:\/\/dev.niezawodneczesci.pl\/sk\/wp-json\/wp\/v2\/types\/product"}],"version-history":[{"count":1,"href":"https:\/\/dev.niezawodneczesci.pl\/sk\/wp-json\/wp\/v2\/product\/13542\/revisions"}],"predecessor-version":[{"id":25623,"href":"https:\/\/dev.niezawodneczesci.pl\/sk\/wp-json\/wp\/v2\/product\/13542\/revisions\/25623"}],"wp:featuredmedia":[{"embeddable":true,"href":"https:\/\/dev.niezawodneczesci.pl\/sk\/wp-json\/wp\/v2\/media\/13552"}],"wp:attachment":[{"href":"https:\/\/dev.niezawodneczesci.pl\/sk\/wp-json\/wp\/v2\/media?parent=13542"}],"wp:term":[{"taxonomy":"product_brand","embeddable":true,"href":"https:\/\/dev.niezawodneczesci.pl\/sk\/wp-json\/wp\/v2\/product_brand?post=13542"},{"taxonomy":"product_cat","embeddable":true,"href":"https:\/\/dev.niezawodneczesci.pl\/sk\/wp-json\/wp\/v2\/product_cat?post=13542"},{"taxonomy":"product_tag","embeddable":true,"href":"https:\/\/dev.niezawodneczesci.pl\/sk\/wp-json\/wp\/v2\/product_tag?post=13542"}],"curies":[{"name":"wp","href":"https:\/\/api.w.org\/{rel}","templated":true}]}}