{"id":24244,"date":"2023-11-28T10:56:08","date_gmt":"2023-11-28T09:56:08","guid":{"rendered":"https:\/\/niezawodneczesci.pl\/\/?post_type=product&#038;p=24244"},"modified":"2026-04-24T01:04:44","modified_gmt":"2026-04-23T23:04:44","slug":"klocki-hamulcowe-sunrich-sr0833-01-17231","status":"publish","type":"product","link":"https:\/\/dev.niezawodneczesci.pl\/sk\/produkt\/klocki-hamulcowe-sunrich-sr0833-01-17231\/","title":{"rendered":"BRZDOV\u00c9 DESTI\u010cKY SUNRICH SR0833.01-1723"},"content":{"rendered":"<p>Numer WVA<br \/>\n24485<\/p>\n<p>\u010c\u00edsla v\u00fdrobcov<br \/>\nGDB1723<\/p>\n<p>OE \u010d\u00edsla<br \/>\nA.B.S.: 37559<br \/>\nAISIN: BPFO-1013<br \/>\nAPEC: PAD1476<br \/>\nATE: 13046038332<br \/>\nBENDIX: 573276B<br \/>\nBENDIX-AU: DB1967<br \/>\nBORG &amp; BECK: BBP1965<br \/>\nBOSCH: 0 986 494 236<br \/>\nBOSCH: 0 986 494 613<br \/>\nBOSCH: 0 986 TB2 952<br \/>\nBREMBO: P24065<br \/>\nBREMBO: P24065N<br \/>\nBrake ENGINEERING: PA1699<br \/>\nDELPHI: LP1953<br \/>\nE.T.F.: 121273<br \/>\nFEBI BILSTEIN: 16673<br \/>\nFERODO: FSL1929<br \/>\nFERODO: FVR1929<br \/>\nFERODO: FVR1929W<br \/>\nFIRST LINE: FBP3605<br \/>\nFORD: 1371403<br \/>\nFORD: 1433954<br \/>\nFORD: 1534428<br \/>\nFORD: 1554523<br \/>\nFORD: 1560023<br \/>\nFORD: 1721086<br \/>\nFORD: 1824347<br \/>\nFORD: 6C11-2K021-BC<br \/>\nFORD: 6C11-2K021-BE<br \/>\nFORD: 9C11-2K021-BA<br \/>\nFORD: ME6C-1J2K021-BA<br \/>\nFTE: BL2044A4<br \/>\nGIRLING: 6117234<br \/>\nHELLA: 8DB 355 012-771<br \/>\nHELLA PAGID: 8DB 355 012-771<br \/>\nICER: 141792<br \/>\nJURID: 573276D<br \/>\nJURID: 573276J<br \/>\nLPR: 05P1259<br \/>\nLUCAS: LBP1818<br \/>\nMAGNETI MARELLI: 363702161477<br \/>\nMERITOR: MVP2008<br \/>\nMETELLI: 2206790<br \/>\nMETZGER: 125102<br \/>\nMEYLE: 025 244 8518\/PD<br \/>\nMEYLE: 025 244 8518\/W<br \/>\nMGA: 856<br \/>\nMINTEX: MDB2852<br \/>\nNECTO: FD7272V<br \/>\nNK: 222564<br \/>\nOPTIMAL: BP-12338<br \/>\nPAGID: T1641<br \/>\nPEX: 7867<br \/>\nQUINTON HAZELL: BP1529<br \/>\nREMSA: 125102<br \/>\nREMY: RAP1286<br \/>\nROULUNDS RUBBER: 913181<br \/>\nSWAG: 50916673<br \/>\nTEXTAR: 2448501<br \/>\nTEXTAR: 2448505<br \/>\nTEXTAR: 2448518914<br \/>\nTRISCAN: 811016017<br \/>\nVALEO: 301818<br \/>\nVALEO: 598818<br \/>\nVALEO: 872818<br \/>\nWAGNER: WBP24485A<br \/>\nWOKING: P1351302<br \/>\nZIMMERMANN: 244851901<br \/>\nsbs: 222564<\/p>","protected":false},"excerpt":{"rendered":"<p>Numer WVA 24485 Numery producenta GDB1723 Numery OE A.B.S.: 37559 AISIN: BPFO-1013 APEC: PAD1476 ATE: 13046038332 BENDIX: 573276B BENDIX-AU: DB1967 BORG &amp; BECK: BBP1965 BOSCH: 0 986 494 236 BOSCH: 0 986 494 613 BOSCH: 0 986 TB2 952 BREMBO: P24065 BREMBO: P24065N Brake ENGINEERING: PA1699 DELPHI: LP1953 E.T.F.: 121273 FEBI BILSTEIN: 16673 FERODO: FSL1929 [&hellip;]<\/p>\n","protected":false},"featured_media":18734,"template":"","meta":{"_monsterinsights_skip_tracking":false,"_monsterinsights_sitenote_active":false,"_monsterinsights_sitenote_note":"","_monsterinsights_sitenote_category":0},"product_brand":[],"product_cat":[149],"product_tag":[],"class_list":{"0":"post-24244","1":"product","2":"type-product","3":"status-publish","4":"has-post-thumbnail","6":"product_cat-klocki-hamulcowe","8":"first","9":"instock","10":"taxable","11":"shipping-taxable","12":"purchasable","13":"product-type-simple"},"_links":{"self":[{"href":"https:\/\/dev.niezawodneczesci.pl\/sk\/wp-json\/wp\/v2\/product\/24244","targetHints":{"allow":["GET"]}}],"collection":[{"href":"https:\/\/dev.niezawodneczesci.pl\/sk\/wp-json\/wp\/v2\/product"}],"about":[{"href":"https:\/\/dev.niezawodneczesci.pl\/sk\/wp-json\/wp\/v2\/types\/product"}],"version-history":[{"count":1,"href":"https:\/\/dev.niezawodneczesci.pl\/sk\/wp-json\/wp\/v2\/product\/24244\/revisions"}],"predecessor-version":[{"id":25042,"href":"https:\/\/dev.niezawodneczesci.pl\/sk\/wp-json\/wp\/v2\/product\/24244\/revisions\/25042"}],"wp:featuredmedia":[{"embeddable":true,"href":"https:\/\/dev.niezawodneczesci.pl\/sk\/wp-json\/wp\/v2\/media\/18734"}],"wp:attachment":[{"href":"https:\/\/dev.niezawodneczesci.pl\/sk\/wp-json\/wp\/v2\/media?parent=24244"}],"wp:term":[{"taxonomy":"product_brand","embeddable":true,"href":"https:\/\/dev.niezawodneczesci.pl\/sk\/wp-json\/wp\/v2\/product_brand?post=24244"},{"taxonomy":"product_cat","embeddable":true,"href":"https:\/\/dev.niezawodneczesci.pl\/sk\/wp-json\/wp\/v2\/product_cat?post=24244"},{"taxonomy":"product_tag","embeddable":true,"href":"https:\/\/dev.niezawodneczesci.pl\/sk\/wp-json\/wp\/v2\/product_tag?post=24244"}],"curies":[{"name":"wp","href":"https:\/\/api.w.org\/{rel}","templated":true}]}}