{"id":24336,"date":"2023-12-20T10:22:42","date_gmt":"2023-12-20T09:22:41","guid":{"rendered":"https:\/\/niezawodneczesci.pl\/\/?post_type=product&#038;p=24336"},"modified":"2026-04-28T12:06:50","modified_gmt":"2026-04-28T10:06:50","slug":"klocki-hamulcowe-sunrich-przod-sr0149-01-1495","status":"publish","type":"product","link":"https:\/\/dev.niezawodneczesci.pl\/sk\/produkt\/klocki-hamulcowe-sunrich-przod-sr0149-01-1495\/","title":{"rendered":"BRZDOV\u00c9 DESTI\u010cKY SUNRICH PREDN\u00c9 SR0149.01-1495"},"content":{"rendered":"<p>Numer WVA<br \/>\n23406;<br \/>\n23407<\/p>\n<p>\u010c\u00edsla v\u00fdrobcov<br \/>\nGDB1495<\/p>\n<p>OE \u010d\u00edsla<br \/>\nA.B.S.: 37307<br \/>\nACDelco: AC693581D<br \/>\nAISIN: BPCI-1001<br \/>\nAPEC: PAD1289<br \/>\nATE: 13046028712<br \/>\nBENDIX: 573083B<br \/>\nBENDIX-AU: DB2042<br \/>\nBORG &amp; BECK: BBP1727<br \/>\nBOSCH: 0 986 424 634<br \/>\nBOSCH: 0 986 494 262<br \/>\nBOSCH: 0 986 495 268<br \/>\nBOSCH: 0 986 TB2 420<br \/>\nBREMBO: P61074<br \/>\nBREMBO: P61074N<br \/>\nBrake ENGINEERING: PA1418<br \/>\nCITROEN: 4252 36<br \/>\nCITROEN: 4252 58<br \/>\nCITROEN: 4253 45<br \/>\nCITROEN: 4253 69<br \/>\nCITROEN: 4253 84<br \/>\nCITROEN: E 172 285<br \/>\nDELPHI: LP1716<br \/>\nDELPHI: LP565<br \/>\nDITAS: DFB3490<br \/>\nE.T.F.: 121008<br \/>\nFEBI BILSTEIN: 16590<br \/>\nFERODO: FDB1542<br \/>\nFERODO: FSL1542<br \/>\nFIRST LINE: FBP3356<br \/>\nFTE: BL1800A3<br \/>\nFTE: BL1800B3<br \/>\nGIRLING: 6114951<br \/>\nHELLA: 8DB 355 010-161<br \/>\nHELLA PAGID: 8DB 355 010-161<br \/>\nICER: 181450<br \/>\nJURID: 573083J<br \/>\nJURID: 573083JC<br \/>\nKAWE: 81547<br \/>\nLPR: 05P805<br \/>\nMAGNETI MARELLI: 363702161238<br \/>\nMAPCO: 6575<br \/>\nMETELLI: 2203280<br \/>\nMETZGER: 088100<br \/>\nMETZGER: 88100<br \/>\nMEYLE: 025 234 0719<br \/>\nMEYLE: 025 234 0719\/PD<br \/>\nMINTEX: MDB2253<br \/>\nMINTEX: MDK0195<br \/>\nNECTO: FD7027A<br \/>\nNECTO: FD7027N<br \/>\nNK: 221950<br \/>\nOPTIMAL: 88100<br \/>\nOPTIMAL: BP-88100<br \/>\nPAGID: T1324<br \/>\nPEX: 7596<br \/>\nQH Benelux: 7473<br \/>\nQUINTON HAZELL: 88100<br \/>\nQUINTON HAZELL: BLF1350<br \/>\nQUINTON HAZELL: BP1350<br \/>\nRAMEDER: T0610244<br \/>\nREMSA: 088100<br \/>\nREMSA: 88100<br \/>\nREMY: RAP1036<br \/>\nSPIDAN: 32843<br \/>\nSWAG: 64916590<br \/>\nTEXTAR: 2340702<br \/>\nTEXTAR: 2340719315<br \/>\nTRISCAN: 811028026<br \/>\nVALEO: 301500<br \/>\nVALEO: 597374<br \/>\nVALEO: 598500<br \/>\nVALEO: 601097<br \/>\nVALEO: 601429<br \/>\nWAGNER: WBP23407A<br \/>\nWOKING: P981300<br \/>\nZIMMERMANN: 234071901<br \/>\nsbs: 221950<\/p>","protected":false},"excerpt":{"rendered":"<p>Numer WVA 23406; 23407 Numery producenta GDB1495 Numery OE A.B.S.: 37307 ACDelco: AC693581D AISIN: BPCI-1001 APEC: PAD1289 ATE: 13046028712 BENDIX: 573083B BENDIX-AU: DB2042 BORG &amp; BECK: BBP1727 BOSCH: 0 986 424 634 BOSCH: 0 986 494 262 BOSCH: 0 986 495 268 BOSCH: 0 986 TB2 420 BREMBO: P61074 BREMBO: P61074N Brake ENGINEERING: PA1418 CITROEN: [&hellip;]<\/p>\n","protected":false},"featured_media":18992,"template":"","meta":{"_monsterinsights_skip_tracking":false,"_monsterinsights_sitenote_active":false,"_monsterinsights_sitenote_note":"","_monsterinsights_sitenote_category":0},"product_brand":[],"product_cat":[149],"product_tag":[],"class_list":{"0":"post-24336","1":"product","2":"type-product","3":"status-publish","4":"has-post-thumbnail","6":"product_cat-klocki-hamulcowe","8":"first","9":"instock","10":"taxable","11":"shipping-taxable","12":"product-type-simple"},"_links":{"self":[{"href":"https:\/\/dev.niezawodneczesci.pl\/sk\/wp-json\/wp\/v2\/product\/24336","targetHints":{"allow":["GET"]}}],"collection":[{"href":"https:\/\/dev.niezawodneczesci.pl\/sk\/wp-json\/wp\/v2\/product"}],"about":[{"href":"https:\/\/dev.niezawodneczesci.pl\/sk\/wp-json\/wp\/v2\/types\/product"}],"version-history":[{"count":2,"href":"https:\/\/dev.niezawodneczesci.pl\/sk\/wp-json\/wp\/v2\/product\/24336\/revisions"}],"predecessor-version":[{"id":24997,"href":"https:\/\/dev.niezawodneczesci.pl\/sk\/wp-json\/wp\/v2\/product\/24336\/revisions\/24997"}],"wp:featuredmedia":[{"embeddable":true,"href":"https:\/\/dev.niezawodneczesci.pl\/sk\/wp-json\/wp\/v2\/media\/18992"}],"wp:attachment":[{"href":"https:\/\/dev.niezawodneczesci.pl\/sk\/wp-json\/wp\/v2\/media?parent=24336"}],"wp:term":[{"taxonomy":"product_brand","embeddable":true,"href":"https:\/\/dev.niezawodneczesci.pl\/sk\/wp-json\/wp\/v2\/product_brand?post=24336"},{"taxonomy":"product_cat","embeddable":true,"href":"https:\/\/dev.niezawodneczesci.pl\/sk\/wp-json\/wp\/v2\/product_cat?post=24336"},{"taxonomy":"product_tag","embeddable":true,"href":"https:\/\/dev.niezawodneczesci.pl\/sk\/wp-json\/wp\/v2\/product_tag?post=24336"}],"curies":[{"name":"wp","href":"https:\/\/api.w.org\/{rel}","templated":true}]}}