{"id":24340,"date":"2023-12-20T10:22:50","date_gmt":"2023-12-20T09:22:50","guid":{"rendered":"https:\/\/niezawodneczesci.pl\/\/?post_type=product&#038;p=24340"},"modified":"2026-04-24T01:04:47","modified_gmt":"2026-04-23T23:04:47","slug":"klocki-hamulcowe-sunrich-sr0586-01-3630","status":"publish","type":"product","link":"https:\/\/dev.niezawodneczesci.pl\/sk\/produkt\/klocki-hamulcowe-sunrich-sr0586-01-3630\/","title":{"rendered":"BRZDOV\u00c9 DESTI\u010cKY SUNRICH SR0586.01-3630"},"content":{"rendered":"<p>OE \u010d\u00edsla<br \/>\nASHIKA: 500KK24<br \/>\nASHUKI by Palidium: I04280<br \/>\nATE: 13046056462<br \/>\nBLUE PRINT: ADG042153<br \/>\nBORG &amp; BECK: BBP2330<br \/>\nFTE: BL2687A1<br \/>\nGIRLING: 6136306<br \/>\nHELLA: 8DB 355 020-231<br \/>\nHELLA PAGID: 8DB355020231<br \/>\nHYUNDAI: 58101-C8A00<br \/>\nHYUNDAI: 58101-C8A50<br \/>\nHYUNDAI: 58101-H5A25<br \/>\nHYUNDAI: 58302-H5A00<br \/>\nICER: 182035<br \/>\nJAPANPARTS: PAK24AF<br \/>\nJAPKO: 50K24<br \/>\nKAWE: 148802<br \/>\nKIA: 58101-H5A25<br \/>\nKIA: 58302-H5A00<br \/>\nMINTEX: MDB3276<br \/>\nNIPPARTS: N3600554<br \/>\nNK: 223525<br \/>\nNPS: H360I29<br \/>\nOPEN PARTS: BPA148802<br \/>\nREMSA: 148802<br \/>\nREMSA: 148812<br \/>\nREMSA: 148822<br \/>\nROADHOUSE: 2148802<br \/>\nTEXTAR: 2534801<br \/>\nTEXTAR: 2534803<br \/>\nTRISCAN: 811043051<br \/>\nTRW: GDB3630<br \/>\nWOKING: P1588302<br \/>\nsbs: 1501223525<\/p>","protected":false},"excerpt":{"rendered":"<p>Numery OE ASHIKA: 500KK24 ASHUKI by Palidium: I04280 ATE: 13046056462 BLUE PRINT: ADG042153 BORG &amp; BECK: BBP2330 FTE: BL2687A1 GIRLING: 6136306 HELLA: 8DB 355 020-231 HELLA PAGID: 8DB355020231 HYUNDAI: 58101-C8A00 HYUNDAI: 58101-C8A50 HYUNDAI: 58101-H5A25 HYUNDAI: 58302-H5A00 ICER: 182035 JAPANPARTS: PAK24AF JAPKO: 50K24 KAWE: 148802 KIA: 58101-H5A25 KIA: 58302-H5A00 MINTEX: MDB3276 NIPPARTS: N3600554 NK: 223525 NPS: [&hellip;]<\/p>\n","protected":false},"featured_media":18497,"template":"","meta":{"_monsterinsights_skip_tracking":false,"_monsterinsights_sitenote_active":false,"_monsterinsights_sitenote_note":"","_monsterinsights_sitenote_category":0},"product_brand":[],"product_cat":[149,447],"product_tag":[],"class_list":{"0":"post-24340","1":"product","2":"type-product","3":"status-publish","4":"has-post-thumbnail","6":"product_cat-klocki-hamulcowe","7":"product_cat-promocja","9":"first","10":"instock","11":"taxable","12":"shipping-taxable","13":"purchasable","14":"product-type-simple"},"_links":{"self":[{"href":"https:\/\/dev.niezawodneczesci.pl\/sk\/wp-json\/wp\/v2\/product\/24340","targetHints":{"allow":["GET"]}}],"collection":[{"href":"https:\/\/dev.niezawodneczesci.pl\/sk\/wp-json\/wp\/v2\/product"}],"about":[{"href":"https:\/\/dev.niezawodneczesci.pl\/sk\/wp-json\/wp\/v2\/types\/product"}],"version-history":[{"count":2,"href":"https:\/\/dev.niezawodneczesci.pl\/sk\/wp-json\/wp\/v2\/product\/24340\/revisions"}],"predecessor-version":[{"id":24990,"href":"https:\/\/dev.niezawodneczesci.pl\/sk\/wp-json\/wp\/v2\/product\/24340\/revisions\/24990"}],"wp:featuredmedia":[{"embeddable":true,"href":"https:\/\/dev.niezawodneczesci.pl\/sk\/wp-json\/wp\/v2\/media\/18497"}],"wp:attachment":[{"href":"https:\/\/dev.niezawodneczesci.pl\/sk\/wp-json\/wp\/v2\/media?parent=24340"}],"wp:term":[{"taxonomy":"product_brand","embeddable":true,"href":"https:\/\/dev.niezawodneczesci.pl\/sk\/wp-json\/wp\/v2\/product_brand?post=24340"},{"taxonomy":"product_cat","embeddable":true,"href":"https:\/\/dev.niezawodneczesci.pl\/sk\/wp-json\/wp\/v2\/product_cat?post=24340"},{"taxonomy":"product_tag","embeddable":true,"href":"https:\/\/dev.niezawodneczesci.pl\/sk\/wp-json\/wp\/v2\/product_tag?post=24340"}],"curies":[{"name":"wp","href":"https:\/\/api.w.org\/{rel}","templated":true}]}}