{"id":24347,"date":"2023-12-28T10:16:30","date_gmt":"2023-12-28T09:16:29","guid":{"rendered":"https:\/\/niezawodneczesci.pl\/\/?post_type=product&#038;p=24347"},"modified":"2026-04-24T01:05:01","modified_gmt":"2026-04-23T23:05:01","slug":"zestaw-wahaczy-sekureco-so-14-gv-set-golf-v-audi-a3","status":"publish","type":"product","link":"https:\/\/dev.niezawodneczesci.pl\/sk\/produkt\/zestaw-wahaczy-sekureco-so-14-gv-set-golf-v-audi-a3\/","title":{"rendered":"ZESTAW WAHACZY SEKURECO &#8211; SO.14.GV-SET  GOLF V, AUDI A3"},"content":{"rendered":"<p><b>NUMEY ORYGINALNE<\/b><\/p>\n<p>AUDI 1K0 407 151 AA, AUDI 1K0 407 151 AE, AUDI 1K0 407 151 N, AUDI 1K0 407 151 P, AUDI 1K0 407 152 AA, AUDI 1K0 407 152 AE, AUDI 1K0 407 152 N, AUDI 1K0 407 152 P, AUDI 1K0 411 315 B, AUDI 1K0 411 315 E, AUDI 1K0 411 315 K, AUDI 1K0 423 811 A, AUDI 1K0 423 811 E, AUDI 1K0 423 812 A, AUDI 1K0 423 812 E, AUDI 5Q0 411 315 A, AUDI 5Q0 411 315 B, SEAT 1K0 407 152 P, SEAT 1K0 411 315 G, SEAT 1KD 411 315 A<\/p>\n<p><b>N\u00c1HRADN\u00c9 \u010c\u00cdSLA<\/b><\/p>\n<p>A.Z. Meisterteile AZMT-42-010-1168, A.Z. Meisterteile AZMT-42-010-1621, A.Z. Meisterteile AZMT-42-010-2211, A.Z. Meisterteile AZMT-42-010-2417, A.Z. Meisterteile AZMT-42-010-3427, A.Z. Meisterteile AZMT-42-010-3620, A.Z. Meisterteile AZMT-42-010-3813, FEBI BILSTEIN 39488, MTR 12133744, MTR 12135682, MTR 12135684, Wti Automotive A611826, Wti Automotive A611827, Wti Automotive A611923, Wti Automotive A612053, Wti Automotive A612054, Wti Automotive A845114, Wti Automotive A845392, Wti Automotive A846557, Wti Automotive A847922, 36865-KIT-MS<\/p>\n<p>&nbsp;<\/p>","protected":false},"excerpt":{"rendered":"<p>NUMEY ORYGINALNE AUDI 1K0 407 151 AA, AUDI 1K0 407 151 AE, AUDI 1K0 407 151 N, AUDI 1K0 407 151 P, AUDI 1K0 407 152 AA, AUDI 1K0 407 152 AE, AUDI 1K0 407 152 N, AUDI 1K0 407 152 P, AUDI 1K0 411 315 B, AUDI 1K0 411 315 E, AUDI 1K0 411 [&hellip;]<\/p>\n","protected":false},"featured_media":24421,"template":"","meta":{"_monsterinsights_skip_tracking":false,"_monsterinsights_sitenote_active":false,"_monsterinsights_sitenote_note":"","_monsterinsights_sitenote_category":0},"product_brand":[],"product_cat":[468],"product_tag":[],"class_list":{"0":"post-24347","1":"product","2":"type-product","3":"status-publish","4":"has-post-thumbnail","6":"product_cat-zestaw-wahaczy","8":"first","9":"instock","10":"taxable","11":"shipping-taxable","12":"purchasable","13":"product-type-simple"},"_links":{"self":[{"href":"https:\/\/dev.niezawodneczesci.pl\/sk\/wp-json\/wp\/v2\/product\/24347","targetHints":{"allow":["GET"]}}],"collection":[{"href":"https:\/\/dev.niezawodneczesci.pl\/sk\/wp-json\/wp\/v2\/product"}],"about":[{"href":"https:\/\/dev.niezawodneczesci.pl\/sk\/wp-json\/wp\/v2\/types\/product"}],"version-history":[{"count":3,"href":"https:\/\/dev.niezawodneczesci.pl\/sk\/wp-json\/wp\/v2\/product\/24347\/revisions"}],"predecessor-version":[{"id":24424,"href":"https:\/\/dev.niezawodneczesci.pl\/sk\/wp-json\/wp\/v2\/product\/24347\/revisions\/24424"}],"wp:featuredmedia":[{"embeddable":true,"href":"https:\/\/dev.niezawodneczesci.pl\/sk\/wp-json\/wp\/v2\/media\/24421"}],"wp:attachment":[{"href":"https:\/\/dev.niezawodneczesci.pl\/sk\/wp-json\/wp\/v2\/media?parent=24347"}],"wp:term":[{"taxonomy":"product_brand","embeddable":true,"href":"https:\/\/dev.niezawodneczesci.pl\/sk\/wp-json\/wp\/v2\/product_brand?post=24347"},{"taxonomy":"product_cat","embeddable":true,"href":"https:\/\/dev.niezawodneczesci.pl\/sk\/wp-json\/wp\/v2\/product_cat?post=24347"},{"taxonomy":"product_tag","embeddable":true,"href":"https:\/\/dev.niezawodneczesci.pl\/sk\/wp-json\/wp\/v2\/product_tag?post=24347"}],"curies":[{"name":"wp","href":"https:\/\/api.w.org\/{rel}","templated":true}]}}