{"id":24499,"date":"2024-01-26T11:53:22","date_gmt":"2024-01-26T10:53:21","guid":{"rendered":"https:\/\/niezawodneczesci.pl\/\/?post_type=product&#038;p=24499"},"modified":"2025-05-31T10:00:04","modified_gmt":"2025-05-31T08:00:04","slug":"klocki-hamulcowe-sunrich-sr0577-01-3461","status":"publish","type":"product","link":"https:\/\/dev.niezawodneczesci.pl\/sk\/produkt\/klocki-hamulcowe-sunrich-sr0577-01-3461\/","title":{"rendered":"BRZDOV\u00c9 DESTI\u010cKY SUNRICH SR0577.01-3461"},"content":{"rendered":"<p>OE \u010d\u00edsla<\/p>\n<p>BOSCH: 0 986 494 422<br \/>\nHART PREMIUM: HR0577.01<br \/>\nHART: 224 158<br \/>\nTEXTAR: 2450101<br \/>\nICER: 181826<br \/>\nTRW: GDB3461<br \/>\nHYUNDAI: 58101-0ZA00<br \/>\nHYUNDAI: 58101-1DA00<br \/>\nHYUNDAI: 58101-1DE00<br \/>\nHYUNDAI: 58101-2SA50<br \/>\nHYUNDAI: 58101-2SA70<br \/>\nHYUNDAI: 58101-2SA75<br \/>\nHYUNDAI: 58101-3ZA70<br \/>\nJAC: 3500194U1510<br \/>\nKIA: 58101-0ZA00<br \/>\nKIA: 58101-1DA00<br \/>\nKIA: 58101-1DE00<br \/>\nKIA: 58101-2SA50<br \/>\nKIA: 58101-2SA70<br \/>\nKIA: 58101-3RA00<br \/>\nKIA: 58101-B2A90<br \/>\nKIA: 58101-E4A10<br \/>\nKIA (DYK): K581012SA70<\/p>","protected":false},"excerpt":{"rendered":"<p>Numery OE: BOSCH: 0 986 494 422 HART PREMIUM: HR0577.01 HART: 224 158 TEXTAR: 2450101 ICER: 181826 TRW: GDB3461 HYUNDAI: 58101-0ZA00 HYUNDAI: 58101-1DA00 HYUNDAI: 58101-1DE00 HYUNDAI: 58101-2SA50 HYUNDAI: 58101-2SA70 HYUNDAI: 58101-2SA75 HYUNDAI: 58101-3ZA70 JAC: 3500194U1510 KIA: 58101-0ZA00 KIA: 58101-1DA00 KIA: 58101-1DE00 KIA: 58101-2SA50 KIA: 58101-2SA70 KIA: 58101-3RA00 KIA: 58101-B2A90 KIA: 58101-E4A10 KIA (DYK): K581012SA70<\/p>","protected":false},"featured_media":24970,"template":"","meta":{"_monsterinsights_skip_tracking":false,"_monsterinsights_sitenote_active":false,"_monsterinsights_sitenote_note":"","_monsterinsights_sitenote_category":0},"product_brand":[],"product_cat":[149],"product_tag":[],"class_list":{"0":"post-24499","1":"product","2":"type-product","3":"status-publish","4":"has-post-thumbnail","6":"product_cat-klocki-hamulcowe","8":"first","9":"instock","10":"taxable","11":"shipping-taxable","12":"purchasable","13":"product-type-simple"},"_links":{"self":[{"href":"https:\/\/dev.niezawodneczesci.pl\/sk\/wp-json\/wp\/v2\/product\/24499","targetHints":{"allow":["GET"]}}],"collection":[{"href":"https:\/\/dev.niezawodneczesci.pl\/sk\/wp-json\/wp\/v2\/product"}],"about":[{"href":"https:\/\/dev.niezawodneczesci.pl\/sk\/wp-json\/wp\/v2\/types\/product"}],"version-history":[{"count":2,"href":"https:\/\/dev.niezawodneczesci.pl\/sk\/wp-json\/wp\/v2\/product\/24499\/revisions"}],"predecessor-version":[{"id":24974,"href":"https:\/\/dev.niezawodneczesci.pl\/sk\/wp-json\/wp\/v2\/product\/24499\/revisions\/24974"}],"wp:featuredmedia":[{"embeddable":true,"href":"https:\/\/dev.niezawodneczesci.pl\/sk\/wp-json\/wp\/v2\/media\/24970"}],"wp:attachment":[{"href":"https:\/\/dev.niezawodneczesci.pl\/sk\/wp-json\/wp\/v2\/media?parent=24499"}],"wp:term":[{"taxonomy":"product_brand","embeddable":true,"href":"https:\/\/dev.niezawodneczesci.pl\/sk\/wp-json\/wp\/v2\/product_brand?post=24499"},{"taxonomy":"product_cat","embeddable":true,"href":"https:\/\/dev.niezawodneczesci.pl\/sk\/wp-json\/wp\/v2\/product_cat?post=24499"},{"taxonomy":"product_tag","embeddable":true,"href":"https:\/\/dev.niezawodneczesci.pl\/sk\/wp-json\/wp\/v2\/product_tag?post=24499"}],"curies":[{"name":"wp","href":"https:\/\/api.w.org\/{rel}","templated":true}]}}