{"id":5777,"date":"2021-06-16T11:52:14","date_gmt":"2021-06-16T09:52:14","guid":{"rendered":"https:\/\/niezawodneczesci.pl\/\/?post_type=product&#038;p=5777"},"modified":"2026-04-28T12:07:06","modified_gmt":"2026-04-28T10:07:06","slug":"zacisk-hamulcowy-vw-transporter-t4-tyl-lewy-sr-02-186","status":"publish","type":"product","link":"https:\/\/dev.niezawodneczesci.pl\/sk\/produkt\/zacisk-hamulcowy-vw-transporter-t4-tyl-lewy-sr-02-186\/","title":{"rendered":"BRZDOV\u00dd STRMEN VW TRANSPORTER T4 \/ ZADN\u00dd \/ \u013dAV\u00dd \/ SR.02.186"},"content":{"rendered":"<p>P\u00f4vodn\u00e9 \u010d\u00edsla<br \/>\nBNH186<br \/>\n7D0 615 423A<\/p>\n<p>N\u00e1hradn\u00e9 \u010d\u00edsla<br \/>\nA.B.S.: 522081 | ATE: 24 3384 1715 5 | AUDI: 7D0 615 423B | BOSCH: 986473073 | BOSCH: 0 986 473 073 | BOSCH: 0 986 472 832 | BREMBO: F 85 164 | BUDWEG CALIPER: 342824 | Brake ENGINEERING: CA2457 | DA SILVA: ET1752 | DA SILVA: ET1758 | DELCO REMY: DC72824 | DELCO REMY: DC72822 | DELPHI: LC 7344 | DRI: 41.9030.0 | ELSTOCK: 82-0019 | ELSTOCK: 86-0930 | ELSTOCK: 86-0932 | FERODO: FCL694313 | FTE: RX 389841 A0|\u00a0 FTE: RS 389841 A0 | GENERAL RICAMBI: FO6185 | GIRLING: 7103186 | HELLA: 8AC 355 383-491 | HELLA: 8AN 355 783-491 | JURID: 694313J | KAWE: 342824 | NK: 2147243 | ROLLING COMPONENTS: VSBC440L | SEAT: 7D0 615 423 B | SHAFTEC: BC8653 | SKODA: 7D0 615 423 B | TOPRAN: 115 681 | TRISCAN: 8170 342824 | TRW: BHN186E | TRW: BHN 186 | UBD: 54510 | VW: 7D0 615 423 B | Sbs: 13012147243<\/p>","protected":false},"excerpt":{"rendered":"<p>Numer orygina\u0142u BNH186 7D0 615 423A Numery zamiennik\u00f3w A.B.S.: 522081 | ATE: 24 3384 1715 5 | AUDI: 7D0 615 423B | BOSCH: 986473073 | BOSCH: 0 986 473 073 | BOSCH: 0 986 472 832 | BREMBO: F 85 164 | BUDWEG CALIPER: 342824 | Brake ENGINEERING: CA2457 | DA SILVA: ET1752 | DA [&hellip;]<\/p>\n","protected":false},"featured_media":19394,"template":"","meta":{"_monsterinsights_skip_tracking":false,"_monsterinsights_sitenote_active":false,"_monsterinsights_sitenote_note":"","_monsterinsights_sitenote_category":0},"product_brand":[],"product_cat":[144],"product_tag":[],"class_list":{"0":"post-5777","1":"product","2":"type-product","3":"status-publish","4":"has-post-thumbnail","6":"product_cat-zaciski-hamulcowe","8":"first","9":"instock","10":"taxable","11":"shipping-taxable","12":"product-type-simple"},"_links":{"self":[{"href":"https:\/\/dev.niezawodneczesci.pl\/sk\/wp-json\/wp\/v2\/product\/5777","targetHints":{"allow":["GET"]}}],"collection":[{"href":"https:\/\/dev.niezawodneczesci.pl\/sk\/wp-json\/wp\/v2\/product"}],"about":[{"href":"https:\/\/dev.niezawodneczesci.pl\/sk\/wp-json\/wp\/v2\/types\/product"}],"version-history":[{"count":1,"href":"https:\/\/dev.niezawodneczesci.pl\/sk\/wp-json\/wp\/v2\/product\/5777\/revisions"}],"predecessor-version":[{"id":26088,"href":"https:\/\/dev.niezawodneczesci.pl\/sk\/wp-json\/wp\/v2\/product\/5777\/revisions\/26088"}],"wp:featuredmedia":[{"embeddable":true,"href":"https:\/\/dev.niezawodneczesci.pl\/sk\/wp-json\/wp\/v2\/media\/19394"}],"wp:attachment":[{"href":"https:\/\/dev.niezawodneczesci.pl\/sk\/wp-json\/wp\/v2\/media?parent=5777"}],"wp:term":[{"taxonomy":"product_brand","embeddable":true,"href":"https:\/\/dev.niezawodneczesci.pl\/sk\/wp-json\/wp\/v2\/product_brand?post=5777"},{"taxonomy":"product_cat","embeddable":true,"href":"https:\/\/dev.niezawodneczesci.pl\/sk\/wp-json\/wp\/v2\/product_cat?post=5777"},{"taxonomy":"product_tag","embeddable":true,"href":"https:\/\/dev.niezawodneczesci.pl\/sk\/wp-json\/wp\/v2\/product_tag?post=5777"}],"curies":[{"name":"wp","href":"https:\/\/api.w.org\/{rel}","templated":true}]}}