{"id":5779,"date":"2021-06-16T11:52:15","date_gmt":"2021-06-16T09:52:15","guid":{"rendered":"https:\/\/niezawodneczesci.pl\/\/?post_type=product&#038;p=5779"},"modified":"2026-04-24T01:04:56","modified_gmt":"2026-04-23T23:04:56","slug":"zacisk-hamulcowy-vw-sharan-tyl-lewy-sr-02-164","status":"publish","type":"product","link":"https:\/\/dev.niezawodneczesci.pl\/sk\/produkt\/zacisk-hamulcowy-vw-sharan-tyl-lewy-sr-02-164\/","title":{"rendered":"BRZDOV\u00dd STRMEN VW SHARAN \/ZADN\u00dd\/ \u013dAV\u00dd \/ SR.02.164"},"content":{"rendered":"<p>P\u00f4vodn\u00e9 \u010d\u00edsla<br \/>\nBHN164<br \/>\n147 8438<\/p>\n<p>N\u00e1hradn\u00e9 \u010d\u00edsla<br \/>\nA.B.S. 521301<\/p>\n<p>ATE 24338417075<\/p>\n<p>ATE 27130001893<\/p>\n<p>BENDIX 692661B<\/p>\n<p>BENDIX 692662B<\/p>\n<p>BOSCH 0986471846<\/p>\n<p>BOSCH 0986473846<\/p>\n<p>BREMBO F24080<\/p>\n<p>DELPHI LC2001<\/p>\n<p>ERA Benelux BC52460<\/p>\n<p>HELLA 8AC355383391<\/p>\n<p>HELLA 8AN355440651<\/p>\n<p>QUINTON HAZELL QBS4351<\/p>\n<p>SEAT 7M0615423<\/p>\n<p>SPIDAN 402460<\/p>\n<p>TEXTAR 38008000<\/p>\n<p>TEXTAR 38045100<\/p>\n<p>VW 7M0615423A.B.S. 521302<\/p>\n<p>ATE 24338417085<\/p>\n<p>ATE 27130001903<\/p>\n<p>BENDIX 692661B<\/p>\n<p>BENDIX 692662B<\/p>\n<p>BOSCH 0986473847<\/p>\n<p>BREMBO F24081<\/p>\n<p>DELPHI LC2002<\/p>\n<p>DELPHI LC7329<\/p>\n<p>ERA Benelux BC52461<\/p>\n<p>HELLA 8AC355383401<\/p>\n<p>HELLA 8AN355440661<\/p>\n<p>QUINTON HAZELL QBS4352<\/p>\n<p>SEAT 7M0615424<\/p>\n<p>SPIDAN 402461<\/p>\n<p>TEXTAR 38008100<\/p>\n<p>TEXTAR 38045200<\/p>\n<p>VW 7M0615424<\/p>","protected":false},"excerpt":{"rendered":"<p>Numer orygina\u0142u BHN164 147 8438 Numery zamiennik\u00f3w A.B.S. 521301 ATE 24338417075 ATE 27130001893 BENDIX 692661B BENDIX 692662B BOSCH 0986471846 BOSCH 0986473846 BREMBO F24080 DELPHI LC2001 ERA Benelux BC52460 HELLA 8AC355383391 HELLA 8AN355440651 QUINTON HAZELL QBS4351 SEAT 7M0615423 SPIDAN 402460 TEXTAR 38008000 TEXTAR 38045100 VW 7M0615423A.B.S. 521302 ATE 24338417085 ATE 27130001903 BENDIX 692661B BENDIX 692662B BOSCH [&hellip;]<\/p>\n","protected":false},"featured_media":19391,"template":"","meta":{"_monsterinsights_skip_tracking":false,"_monsterinsights_sitenote_active":false,"_monsterinsights_sitenote_note":"","_monsterinsights_sitenote_category":0},"product_brand":[],"product_cat":[144],"product_tag":[],"class_list":{"0":"post-5779","1":"product","2":"type-product","3":"status-publish","4":"has-post-thumbnail","6":"product_cat-zaciski-hamulcowe","8":"first","9":"outofstock","10":"taxable","11":"shipping-taxable","12":"purchasable","13":"product-type-simple"},"_links":{"self":[{"href":"https:\/\/dev.niezawodneczesci.pl\/sk\/wp-json\/wp\/v2\/product\/5779","targetHints":{"allow":["GET"]}}],"collection":[{"href":"https:\/\/dev.niezawodneczesci.pl\/sk\/wp-json\/wp\/v2\/product"}],"about":[{"href":"https:\/\/dev.niezawodneczesci.pl\/sk\/wp-json\/wp\/v2\/types\/product"}],"version-history":[{"count":1,"href":"https:\/\/dev.niezawodneczesci.pl\/sk\/wp-json\/wp\/v2\/product\/5779\/revisions"}],"predecessor-version":[{"id":26082,"href":"https:\/\/dev.niezawodneczesci.pl\/sk\/wp-json\/wp\/v2\/product\/5779\/revisions\/26082"}],"wp:featuredmedia":[{"embeddable":true,"href":"https:\/\/dev.niezawodneczesci.pl\/sk\/wp-json\/wp\/v2\/media\/19391"}],"wp:attachment":[{"href":"https:\/\/dev.niezawodneczesci.pl\/sk\/wp-json\/wp\/v2\/media?parent=5779"}],"wp:term":[{"taxonomy":"product_brand","embeddable":true,"href":"https:\/\/dev.niezawodneczesci.pl\/sk\/wp-json\/wp\/v2\/product_brand?post=5779"},{"taxonomy":"product_cat","embeddable":true,"href":"https:\/\/dev.niezawodneczesci.pl\/sk\/wp-json\/wp\/v2\/product_cat?post=5779"},{"taxonomy":"product_tag","embeddable":true,"href":"https:\/\/dev.niezawodneczesci.pl\/sk\/wp-json\/wp\/v2\/product_tag?post=5779"}],"curies":[{"name":"wp","href":"https:\/\/api.w.org\/{rel}","templated":true}]}}