{"id":5783,"date":"2021-06-16T11:52:16","date_gmt":"2021-06-16T09:52:16","guid":{"rendered":"https:\/\/niezawodneczesci.pl\/\/?post_type=product&#038;p=5783"},"modified":"2025-11-06T10:28:50","modified_gmt":"2025-11-06T09:28:50","slug":"zacisk-hamulcowy-vw-passat-08-10-tyl-lewy-sr-02-995","status":"publish","type":"product","link":"https:\/\/dev.niezawodneczesci.pl\/sk\/produkt\/zacisk-hamulcowy-vw-passat-08-10-tyl-lewy-sr-02-995\/","title":{"rendered":"BRZDOV\u00dd STRMEN VW PASSAT 08-10 \/ ZADN\u00dd \/ \u013dAV\u00dd \/ SR.02.995"},"content":{"rendered":"<p>\u010c\u00edsla v\u00fdrobcov<br \/>\nBHN995<br \/>\n3C0 615 403B<\/p>\n<p>OE \u010d\u00edsla<br \/>\nA.B.S.: 530021<br \/>\nAPEC: LCA498<br \/>\nATE: 24.6238-1705.5<br \/>\nATE: 24.6238-1705.7<br \/>\nATI: E4860<br \/>\nBENDIX: 695035B<br \/>\nBREMBO: F85354<br \/>\nBUDWEG CALIPER: 344860<br \/>\nBrake ENGINEERING: CA3053<br \/>\nDELCO REMY: DC784634E<br \/>\nDRI: 4112720<br \/>\nELSTOCK: 86-2172<br \/>\nERA Benelux: BCE55782<br \/>\nFERODO: FCL695035<br \/>\nFTE: RX3898293A0<br \/>\nGENERAL RICAMBI: WW6215<br \/>\nHELLA: 8AC 355 397-231<br \/>\nHELLA PAGID: 8AC 355 397-231<br \/>\nJURID: 695035J<br \/>\nKAWE: 344860<br \/>\nNK: 2147309<br \/>\nNK: 2147309AM<br \/>\nNK: 2147309OE<br \/>\nNK: 2147339<br \/>\nREMSA: 9030531<br \/>\nREMY: DC785654E<br \/>\nREMY: RAB896765E<br \/>\nTEXTAR: 38011000<br \/>\nTEXTAR: 38292900<br \/>\nTRISCAN: 8170 344860<br \/>\nVW: 3C0 615 403 B<br \/>\nVW: 3C0 615 403 H<br \/>\nsbs: 13012147339<\/p>","protected":false},"excerpt":{"rendered":"<p>Numery producenta BHN995 3C0 615 403B Numery OE A.B.S.: 530021 APEC: LCA498 ATE: 24.6238-1705.5 ATE: 24.6238-1705.7 ATI: E4860 BENDIX: 695035B BREMBO: F85354 BUDWEG CALIPER: 344860 Brake ENGINEERING: CA3053 DELCO REMY: DC784634E DRI: 4112720 ELSTOCK: 86-2172 ERA Benelux: BCE55782 FERODO: FCL695035 FTE: RX3898293A0 GENERAL RICAMBI: WW6215 HELLA: 8AC 355 397-231 HELLA PAGID: 8AC 355 397-231 JURID: [&hellip;]<\/p>\n","protected":false},"featured_media":19371,"template":"","meta":{"_monsterinsights_skip_tracking":false,"_monsterinsights_sitenote_active":false,"_monsterinsights_sitenote_note":"","_monsterinsights_sitenote_category":0},"product_brand":[],"product_cat":[144],"product_tag":[],"class_list":{"0":"post-5783","1":"product","2":"type-product","3":"status-publish","4":"has-post-thumbnail","6":"product_cat-zaciski-hamulcowe","8":"first","9":"outofstock","10":"taxable","11":"shipping-taxable","12":"purchasable","13":"product-type-simple"},"_links":{"self":[{"href":"https:\/\/dev.niezawodneczesci.pl\/sk\/wp-json\/wp\/v2\/product\/5783","targetHints":{"allow":["GET"]}}],"collection":[{"href":"https:\/\/dev.niezawodneczesci.pl\/sk\/wp-json\/wp\/v2\/product"}],"about":[{"href":"https:\/\/dev.niezawodneczesci.pl\/sk\/wp-json\/wp\/v2\/types\/product"}],"version-history":[{"count":1,"href":"https:\/\/dev.niezawodneczesci.pl\/sk\/wp-json\/wp\/v2\/product\/5783\/revisions"}],"predecessor-version":[{"id":26081,"href":"https:\/\/dev.niezawodneczesci.pl\/sk\/wp-json\/wp\/v2\/product\/5783\/revisions\/26081"}],"wp:featuredmedia":[{"embeddable":true,"href":"https:\/\/dev.niezawodneczesci.pl\/sk\/wp-json\/wp\/v2\/media\/19371"}],"wp:attachment":[{"href":"https:\/\/dev.niezawodneczesci.pl\/sk\/wp-json\/wp\/v2\/media?parent=5783"}],"wp:term":[{"taxonomy":"product_brand","embeddable":true,"href":"https:\/\/dev.niezawodneczesci.pl\/sk\/wp-json\/wp\/v2\/product_brand?post=5783"},{"taxonomy":"product_cat","embeddable":true,"href":"https:\/\/dev.niezawodneczesci.pl\/sk\/wp-json\/wp\/v2\/product_cat?post=5783"},{"taxonomy":"product_tag","embeddable":true,"href":"https:\/\/dev.niezawodneczesci.pl\/sk\/wp-json\/wp\/v2\/product_tag?post=5783"}],"curies":[{"name":"wp","href":"https:\/\/api.w.org\/{rel}","templated":true}]}}