{"id":5826,"date":"2021-06-16T11:52:27","date_gmt":"2021-06-16T09:52:27","guid":{"rendered":"https:\/\/niezawodneczesci.pl\/\/?post_type=product&#038;p=5826"},"modified":"2026-04-24T01:04:57","modified_gmt":"2026-04-23T23:04:57","slug":"tarcza-hamulcowa-sr-01-4294","status":"publish","type":"product","link":"https:\/\/dev.niezawodneczesci.pl\/sk\/produkt\/tarcza-hamulcowa-sr-01-4294\/","title":{"rendered":"BRZDOV\u00dd KOT\u00da\u010c SR.01.4294"},"content":{"rendered":"<p>\u010c\u00edsla v\u00fdrobcov<br \/>\nDF4294<\/p>\n<p>OE \u010d\u00edsla<br \/>\nA.B.S.: 17522<br \/>\nA.P.: 24853<br \/>\nACDelco: AC2654D<br \/>\nAPEC: DSK2228<br \/>\nATE: 24012202101<br \/>\nATE: 24032202101<br \/>\nATE: 24112202101<br \/>\nAUDI: 1K0 615 301 AC<br \/>\nAUDI: 1K0 615 301 AK<br \/>\nAUDI: 1K0 615 301 AS<br \/>\nAUDI: 1K0 615 301 S<br \/>\nAUDI: 5C0 615 301<br \/>\nAUDI: JZW 615 301 A<br \/>\nBENDIX: 562237B<br \/>\nBENDIX: 562237BC<br \/>\nBLUE PRINT: ADV184317<br \/>\nBORG &amp; BECK: BBD4314<br \/>\nBOSCH: 0 986 479 098<br \/>\nBOSCH: 0 986 479 940<br \/>\nBOSCH: F 026 A06 781<br \/>\nBREMBO: 09.9167.10<br \/>\nBREMBO: 09916711<br \/>\nBREMBO: 0991671X<br \/>\nBREMBO: 09916775<br \/>\nBrake ENGINEERING: DI956254<br \/>\nCAR: 1421019<br \/>\nCAR: HPD1019<br \/>\nDELPHI: BG3832<br \/>\nDELPHI: BG3832C<br \/>\nFEBI BILSTEIN: 22904<br \/>\nFERODO: DDF1223<br \/>\nFERODO: DDF12231<br \/>\nFERODO: DDF1223C<br \/>\nFERODO: DDF1223C1<br \/>\nFERODO: DDF1223P-D<br \/>\nFIRST LINE: FBD1324<br \/>\nFTE: BS5417<br \/>\nFTE: BS5417B<br \/>\nFTE: BS5417HB<br \/>\nGIRLING: 6042941<br \/>\nHELLA: 8DD 355 109-551<br \/>\nHELLA: 8DD 355 109-561<br \/>\nHELLA: 8DD 355 109-562<br \/>\nHELLA: 8DD 355 124-231<br \/>\nHELLA: 8DD 355 127-991<br \/>\nHELLA PAGID: 8DD 355 109-561<br \/>\nHELLA PAGID: 8DD 355 109-562<br \/>\nHELLA PAGID: 8DD 355 124-231<br \/>\nHELLA PAGID: 8DD 355 127-991<br \/>\nJURID: 562237J<br \/>\nJURID: 562237JC<br \/>\nLEMF\u00d6RDER: 27431 01<br \/>\nLPR: A1001V<br \/>\nMAGNETI MARELLI: 351014320500<br \/>\nMAPCO: 25832<br \/>\nMETELLI: 230733<br \/>\nMETELLI: 230733C<br \/>\nMETZGER: 24853<br \/>\nMETZGER: 24853V<br \/>\nMETZGER: X24853<br \/>\nMEYLE: 115 521 1044<br \/>\nMEYLE: 115 521 1044\/PD<br \/>\nMEYLE: 1835211044PD<br \/>\nMINTEX: MDC1639<br \/>\nMINTEX: MDK0219<br \/>\nNATIONAL: NBD1293<br \/>\nNK: 2047143<br \/>\nNK: 204787<br \/>\nNK: 314787<br \/>\nNK: 344787<br \/>\nPAGID: 54207<br \/>\nPAGID: 54207PRO<br \/>\nPEX: 140851<br \/>\nPILENGA: V860<br \/>\nQH Benelux: 58116<br \/>\nQUINTON HAZELL: 664710<br \/>\nQUINTON HAZELL: BDC5417<br \/>\nQUINTON HAZELL: BSF5417<br \/>\nREMSA: 664710<br \/>\nROADHOUSE: 664710<br \/>\nROULUNDS RUBBER: D2654<br \/>\nSEAT: 1K0 615 301 AC<br \/>\nSEAT: 1K0 615 301 AK<br \/>\nSEAT: 1K0 615 301 AS<br \/>\nSEAT: 1K0 615 301 S<br \/>\nSEAT: JZW 615 301 A<br \/>\nSKODA: 1K0 615 301 AC<br \/>\nSKODA: 1K0 615 301 AK<br \/>\nSKODA: 1K0 615 301 AS<br \/>\nSKODA: 1K0 615 301 S<br \/>\nSKODA: JZW 615 301 A<br \/>\nST-TEMPLIN: 0311010510<br \/>\nST-TEMPLIN: 0311010515<br \/>\nSWAG: 32922904<br \/>\nTEXTAR: 92120700<br \/>\nTEXTAR: 92120703<br \/>\nTEXTAR: 92120705<br \/>\nTEXTAR: 98200120701<br \/>\nTRISCAN: 812029171<br \/>\nTRISCAN: 812029171C<br \/>\nTRUCKTEC AUTOMOTIVE: 0735185<br \/>\nTRUSTING: DF931<br \/>\nVALEO: 186754<br \/>\nVALEO: 297754<br \/>\nVW: 1K0 615 301 AC<br \/>\nVW: 1K0 615 301 AK<br \/>\nVW: 1K0 615 301 AQ<br \/>\nVW: 1K0 615 301 AS<br \/>\nVW: 1K0 615 301 S<br \/>\nVW: 5C0 615 301<br \/>\nVW: 5C0 615 301 C<br \/>\nVW: JZW 615 301 A<br \/>\nWOKING: P664710<br \/>\nZIMMERMANN: 600323300<br \/>\nZIMMERMANN: 600323320<br \/>\nZIMMERMANN: 600323350<br \/>\nZIMMERMANN: 600323352<\/p>","protected":false},"excerpt":{"rendered":"<p>Numery producenta DF4294 Numery OE A.B.S.: 17522 A.P.: 24853 ACDelco: AC2654D APEC: DSK2228 ATE: 24012202101 ATE: 24032202101 ATE: 24112202101 AUDI: 1K0 615 301 AC AUDI: 1K0 615 301 AK AUDI: 1K0 615 301 AS AUDI: 1K0 615 301 S AUDI: 5C0 615 301 AUDI: JZW 615 301 A BENDIX: 562237B BENDIX: 562237BC BLUE PRINT: ADV184317 [&hellip;]<\/p>\n","protected":false},"featured_media":17923,"template":"","meta":{"_monsterinsights_skip_tracking":false,"_monsterinsights_sitenote_active":false,"_monsterinsights_sitenote_note":"","_monsterinsights_sitenote_category":0},"product_brand":[],"product_cat":[146],"product_tag":[],"class_list":{"0":"post-5826","1":"product","2":"type-product","3":"status-publish","4":"has-post-thumbnail","6":"product_cat-tarcze-hamulcowe","8":"first","9":"instock","10":"taxable","11":"shipping-taxable","12":"purchasable","13":"product-type-simple"},"_links":{"self":[{"href":"https:\/\/dev.niezawodneczesci.pl\/sk\/wp-json\/wp\/v2\/product\/5826","targetHints":{"allow":["GET"]}}],"collection":[{"href":"https:\/\/dev.niezawodneczesci.pl\/sk\/wp-json\/wp\/v2\/product"}],"about":[{"href":"https:\/\/dev.niezawodneczesci.pl\/sk\/wp-json\/wp\/v2\/types\/product"}],"version-history":[{"count":1,"href":"https:\/\/dev.niezawodneczesci.pl\/sk\/wp-json\/wp\/v2\/product\/5826\/revisions"}],"predecessor-version":[{"id":26059,"href":"https:\/\/dev.niezawodneczesci.pl\/sk\/wp-json\/wp\/v2\/product\/5826\/revisions\/26059"}],"wp:featuredmedia":[{"embeddable":true,"href":"https:\/\/dev.niezawodneczesci.pl\/sk\/wp-json\/wp\/v2\/media\/17923"}],"wp:attachment":[{"href":"https:\/\/dev.niezawodneczesci.pl\/sk\/wp-json\/wp\/v2\/media?parent=5826"}],"wp:term":[{"taxonomy":"product_brand","embeddable":true,"href":"https:\/\/dev.niezawodneczesci.pl\/sk\/wp-json\/wp\/v2\/product_brand?post=5826"},{"taxonomy":"product_cat","embeddable":true,"href":"https:\/\/dev.niezawodneczesci.pl\/sk\/wp-json\/wp\/v2\/product_cat?post=5826"},{"taxonomy":"product_tag","embeddable":true,"href":"https:\/\/dev.niezawodneczesci.pl\/sk\/wp-json\/wp\/v2\/product_tag?post=5826"}],"curies":[{"name":"wp","href":"https:\/\/api.w.org\/{rel}","templated":true}]}}