{"id":5827,"date":"2021-06-16T11:52:27","date_gmt":"2021-06-16T09:52:27","guid":{"rendered":"https:\/\/niezawodneczesci.pl\/\/?post_type=product&#038;p=5827"},"modified":"2026-04-24T01:04:57","modified_gmt":"2026-04-23T23:04:57","slug":"tarcza-hamulcowa-audi-a3-volkswagen-golf-seat-leon-skoda-octavia","status":"publish","type":"product","link":"https:\/\/dev.niezawodneczesci.pl\/sk\/produkt\/tarcza-hamulcowa-audi-a3-volkswagen-golf-seat-leon-skoda-octavia\/","title":{"rendered":"BRZDOV\u00dd KOT\u00da\u010c SR.01.4276"},"content":{"rendered":"<p>\u010c\u00edsla v\u00fdrobcov<br \/>\nDF4276<\/p>\n<p>OE \u010d\u00edsla<br \/>\nA.B.S.: 08.9502.11<br \/>\nA.B.S.: 17520<br \/>\nA.P.: 14861<br \/>\nA.P.: 14861 V<br \/>\nA.P.: 14861 X<br \/>\nAKRON-MAL\u00d2: 1110031<br \/>\nAPEC: DSK2221<br \/>\nATE: 24011002771<br \/>\nATE: 24031002771<br \/>\nATE: 24111002771<br \/>\nAUDI: 1K0 615 601 AB<br \/>\nAUDI: 1K0 615 601 K<br \/>\nAUDI: 5Q0 615 601 F<br \/>\nAUDI: 8P0 098 601<br \/>\nBENDIX: 562236B<br \/>\nBENDIX: 562236BC<br \/>\nBLUE PRINT: ADV184306<br \/>\nBLUE PRINT: ADV184327<br \/>\nBORG &amp; BECK: BBD4382<br \/>\nBOSCH: 0 986 479 099<br \/>\nBOSCH: 0 986 479 941<br \/>\nBOSCH: 0 986 479 C20<br \/>\nBOSCH: F 026 A06 783<br \/>\nBREMBO: 08.9502.75<br \/>\nBREMBO: 08950210<br \/>\nBREMBO: 08950211<br \/>\nBREMBO: 0895021X<br \/>\nCAR: 1421022<br \/>\nCAR: HPD1022<br \/>\nDELPHI: BG3834<br \/>\nDELPHI: BG3834C<br \/>\nDELPHI: BG5019C<br \/>\nDON: PCD10012<br \/>\nFEBI BILSTEIN: 23240<br \/>\nFERODO: DDF1224<br \/>\nFERODO: DDF12241<br \/>\nFERODO: DDF1224C<br \/>\nFERODO: DDF1224C-1-D<br \/>\nFERODO: DDF1224C1<br \/>\nFREMAX: BD-5616<br \/>\nFREMAX: BD-5640<br \/>\nFTE: BS5419<br \/>\nFTE: BS5419B<br \/>\nFTE: BS5419HB<br \/>\nFTE: BS7322<br \/>\nGIRLING: 6042764<br \/>\nHELLA: 8DD 355 109-591<br \/>\nHELLA: 8DD 355 109-601<br \/>\nHELLA: 8DD 355 122-612<br \/>\nHELLA: 8DD 355 124-431<br \/>\nHELLA PAGID: 8DD 355 109-601<br \/>\nHELLA PAGID: 8DD 355 122-612<br \/>\nHELLA PAGID: 8DD 355 124-431<br \/>\nJURID: 562236J<br \/>\nJURID: 562236JC<br \/>\nLEMF\u00d6RDER: 27432 01<br \/>\nLPR: A1003P<br \/>\nLPR: A1003PR<br \/>\nMAGNETI MARELLI: 353615846540<br \/>\nMAGNETI MARELLI: 360704004400<br \/>\nMAGNETI MARELLI: 361302040115<br \/>\nMETELLI: 230724<br \/>\nMETELLI: 230724C<br \/>\nMEYLE: 115 523 1046<br \/>\nMEYLE: 115 523 1046\/PD<br \/>\nMEYLE: 1155230018<br \/>\nMEYLE: 1155230018PD<br \/>\nMINTEX: MDC1640<br \/>\nMINTEX: MDC1640C<br \/>\nNK: 2047137<br \/>\nNK: 204789<br \/>\nNK: 314789<br \/>\nNK: 344789<br \/>\nOPTIMAL: BS-8018<br \/>\nOPTIMAL: BS-8018C<br \/>\nOmnicraft: 2143085<br \/>\nPAGID: 54209<br \/>\nPAGID: 54209PRO<br \/>\nPEX: 140867<br \/>\nQH Benelux: 58173<br \/>\nQUINTON HAZELL: BDC5419<br \/>\nQUINTON HAZELL: BSF5419<br \/>\nREMSA: 664900<br \/>\nREMY: RAD1006C<br \/>\nSEAT: 1K0 615 601 AB<br \/>\nSEAT: 1K0 615 601 K<br \/>\nSEAT: 5Q0 615 601 F<br \/>\nSKODA: 1K0 615 601 AB<br \/>\nSKODA: 1K0 615 601 K<br \/>\nSKODA: 5C0 615 601<br \/>\nSKODA: 5Q0 615 601 F<br \/>\nST-TEMPLIN: 0311010520<br \/>\nST-TEMPLIN: 0311010525<br \/>\nSWAG: 32923240<br \/>\nTEXTAR: 92120900<br \/>\nTEXTAR: 92120903<br \/>\nTEXTAR: 92120905<br \/>\nTRISCAN: 812029172<br \/>\nTRISCAN: 812029172C<br \/>\nTRUSTING: DF867<br \/>\nVALEO: 186857<br \/>\nVALEO: 297857<br \/>\nVW: 1K0 615 601 AB<br \/>\nVW: 1K0 615 601 K<br \/>\nVW: 5C0 615 601<br \/>\nVW: 5C0 615 601 A<br \/>\nVW: 5Q0 615 601 F<br \/>\nVW: 8P0 098 601<br \/>\nZIMMERMANN: 600323400<br \/>\nZIMMERMANN: 600323420<br \/>\nsbs: 18152047137<br \/>\nsbs: 1815344789<\/p>","protected":false},"excerpt":{"rendered":"<p>Numery producenta DF4276 Numery OE A.B.S.: 08.9502.11 A.B.S.: 17520 A.P.: 14861 A.P.: 14861 V A.P.: 14861 X AKRON-MAL\u00d2: 1110031 APEC: DSK2221 ATE: 24011002771 ATE: 24031002771 ATE: 24111002771 AUDI: 1K0 615 601 AB AUDI: 1K0 615 601 K AUDI: 5Q0 615 601 F AUDI: 8P0 098 601 BENDIX: 562236B BENDIX: 562236BC BLUE PRINT: ADV184306 BLUE PRINT: [&hellip;]<\/p>\n","protected":false},"featured_media":18098,"template":"","meta":{"_monsterinsights_skip_tracking":false,"_monsterinsights_sitenote_active":false,"_monsterinsights_sitenote_note":"","_monsterinsights_sitenote_category":0},"product_brand":[],"product_cat":[146,474],"product_tag":[],"class_list":{"0":"post-5827","1":"product","2":"type-product","3":"status-publish","4":"has-post-thumbnail","6":"product_cat-tarcze-hamulcowe","7":"product_cat-dostawa","9":"first","10":"instock","11":"taxable","12":"shipping-taxable","13":"purchasable","14":"product-type-simple"},"_links":{"self":[{"href":"https:\/\/dev.niezawodneczesci.pl\/sk\/wp-json\/wp\/v2\/product\/5827","targetHints":{"allow":["GET"]}}],"collection":[{"href":"https:\/\/dev.niezawodneczesci.pl\/sk\/wp-json\/wp\/v2\/product"}],"about":[{"href":"https:\/\/dev.niezawodneczesci.pl\/sk\/wp-json\/wp\/v2\/types\/product"}],"version-history":[{"count":2,"href":"https:\/\/dev.niezawodneczesci.pl\/sk\/wp-json\/wp\/v2\/product\/5827\/revisions"}],"predecessor-version":[{"id":27291,"href":"https:\/\/dev.niezawodneczesci.pl\/sk\/wp-json\/wp\/v2\/product\/5827\/revisions\/27291"}],"wp:featuredmedia":[{"embeddable":true,"href":"https:\/\/dev.niezawodneczesci.pl\/sk\/wp-json\/wp\/v2\/media\/18098"}],"wp:attachment":[{"href":"https:\/\/dev.niezawodneczesci.pl\/sk\/wp-json\/wp\/v2\/media?parent=5827"}],"wp:term":[{"taxonomy":"product_brand","embeddable":true,"href":"https:\/\/dev.niezawodneczesci.pl\/sk\/wp-json\/wp\/v2\/product_brand?post=5827"},{"taxonomy":"product_cat","embeddable":true,"href":"https:\/\/dev.niezawodneczesci.pl\/sk\/wp-json\/wp\/v2\/product_cat?post=5827"},{"taxonomy":"product_tag","embeddable":true,"href":"https:\/\/dev.niezawodneczesci.pl\/sk\/wp-json\/wp\/v2\/product_tag?post=5827"}],"curies":[{"name":"wp","href":"https:\/\/api.w.org\/{rel}","templated":true}]}}