{"id":5832,"date":"2021-06-16T11:52:30","date_gmt":"2021-06-16T09:52:30","guid":{"rendered":"https:\/\/niezawodneczesci.pl\/\/?post_type=product&#038;p=5832"},"modified":"2026-04-28T12:07:05","modified_gmt":"2026-04-28T10:07:05","slug":"tarcza-hamulcowa-sr-01-4054","status":"publish","type":"product","link":"https:\/\/dev.niezawodneczesci.pl\/sk\/produkt\/tarcza-hamulcowa-sr-01-4054\/","title":{"rendered":"BRZDOV\u00dd KOT\u00da\u010c SR.01.4054"},"content":{"rendered":"<p>\u010c\u00edsla v\u00fdrobcov<br \/>\nDF4054<\/p>\n<p>OE \u010d\u00edsla<br \/>\nA.B.S.: 17022<br \/>\nA.P.: 24749<br \/>\nACDelco: AC2422D<br \/>\nAPEC: DSK799<br \/>\nASHUKI by Palidium: 0990-3505<br \/>\nATE: 24012401591<br \/>\nATE: 24032401591<br \/>\nATE: 24112401591<br \/>\nBENDIX: 562088B<br \/>\nBENDIX: 562088BC<br \/>\nBLUE PRINT: ADC44389<br \/>\nBORG &amp; BECK: BBD4132<br \/>\nBOSCH: 0 986 478 493<br \/>\nBOSCH: 0 986 479 139<br \/>\nBOSCH: 0 986 479 872<br \/>\nBOSCH: 0 986 479 B37<br \/>\nBOSCH: 986478493<br \/>\nBOSCH: F 026 A01 360<br \/>\nBRADI: 1.6031.2.4<br \/>\nBREMBO: 09.7720.10<br \/>\nBREMBO: 09772011<br \/>\nBREMBO: 09772075<br \/>\nBrake ENGINEERING: DI955917<br \/>\nCAR: 142671<br \/>\nCAR: HPD671<br \/>\nDBA Australia: DBA886<br \/>\nDELPHI: BG3501<br \/>\nDELPHI: BG3501C<br \/>\nDELPHI: BS4572<br \/>\nDON: PCD11932<br \/>\nFAG: BS4572<br \/>\nFEBI BILSTEIN: 14844<br \/>\nFERODO: DDF1068<br \/>\nFERODO: DDF10681<br \/>\nFERODO: DDF1068C<br \/>\nFERODO: DDF1068C1<br \/>\nFIRST LINE: FBD1088<br \/>\nFTE: BS4572<br \/>\nFTE: BS4572B<br \/>\nGIRLING: 6040541<br \/>\nHELLA: 8DD 355 107-021<br \/>\nHELLA: 8DD 355 107-031<br \/>\nHELLA: 8DD 355 107-032<br \/>\nHELLA: 8DD 355 124-781<br \/>\nHELLA PAGID: 8DD 355 107-031<br \/>\nHELLA PAGID: 8DD 355 107-032<br \/>\nHELLA PAGID: 8DD 355 124-781<br \/>\nHERTH+BUSS JAKOPARTS: J3305053<br \/>\nICER: 78BD8027-2<br \/>\nINTERBRAKE: VV.35.1V<br \/>\nJAPANPARTS: DI540<br \/>\nJURID: 562088J<br \/>\nJURID: 562088JC<br \/>\nLEMF\u00d6RDER: 31922 01<br \/>\nLPR: V1351V<br \/>\nLPR: V1351VR<br \/>\nMAGNETI MARELLI: 353616031240<br \/>\nMAGNETI MARELLI: 360406052000<br \/>\nMAGNETI MARELLI: 360704031600<br \/>\nMAGNETI MARELLI: 431602042500<br \/>\nMAPCO: 15963<br \/>\nMETELLI: 230467<br \/>\nMETZGER: 24749<br \/>\nMETZGER: 24749V<br \/>\nMEYLE: 515 521 5019<br \/>\nMEYLE: 515 521 5019\/PD<br \/>\nMGA: D1267<br \/>\nMINTEX: MDC1081<br \/>\nMINTEX: MDK0203<br \/>\nMITSUBISHI: M 818 027<br \/>\nNATIONAL: NBD970<br \/>\nNIPPARTS: J3305053<br \/>\nNK: 204839<br \/>\nNK: 314839<br \/>\nOBTEC A\/S: 383815V<br \/>\nOPTIMAL: BS-5850<br \/>\nOPTIMAL: BS-5850C<br \/>\nPAGID: 50281<br \/>\nPAGID: 50281PRO<br \/>\nPEX: 140671<br \/>\nPILENGA: V262<br \/>\nQH Benelux: 57860<br \/>\nQUINTON HAZELL: BDC4572<br \/>\nQUINTON HAZELL: BDC4572BD<br \/>\nQUINTON HAZELL: BSF4572<br \/>\nREMSA: 658510<br \/>\nROULUNDS RUBBER: D2422<br \/>\nRUVILLE: BFR410110<br \/>\nST-TEMPLIN: 0311029670<br \/>\nST-TEMPLIN: 0311029675<br \/>\nSWAG: 55914844<br \/>\nTEXTAR: 92100400<br \/>\nTEXTAR: 92100403<br \/>\nTRISCAN: 812027128<br \/>\nTRUSTING: DF902<br \/>\nVAICO: V95-80007<br \/>\nVALEO: 186707<br \/>\nVOLVO: 30818027<br \/>\nVOLVO: 308180272<br \/>\nZIMMERMANN: 610370000<br \/>\nZIMMERMANN: 610370020<br \/>\nZIMMERMANN: 610370050<br \/>\nZIMMERMANN: 610370052<\/p>","protected":false},"excerpt":{"rendered":"<p>Numery producenta DF4054 Numery OE A.B.S.: 17022 A.P.: 24749 ACDelco: AC2422D APEC: DSK799 ASHUKI by Palidium: 0990-3505 ATE: 24012401591 ATE: 24032401591 ATE: 24112401591 BENDIX: 562088B BENDIX: 562088BC BLUE PRINT: ADC44389 BORG &amp; BECK: BBD4132 BOSCH: 0 986 478 493 BOSCH: 0 986 479 139 BOSCH: 0 986 479 872 BOSCH: 0 986 479 B37 BOSCH: [&hellip;]<\/p>\n","protected":false},"featured_media":17956,"template":"","meta":{"_monsterinsights_skip_tracking":false,"_monsterinsights_sitenote_active":false,"_monsterinsights_sitenote_note":"","_monsterinsights_sitenote_category":0},"product_brand":[],"product_cat":[146],"product_tag":[],"class_list":{"0":"post-5832","1":"product","2":"type-product","3":"status-publish","4":"has-post-thumbnail","6":"product_cat-tarcze-hamulcowe","8":"first","9":"instock","10":"taxable","11":"shipping-taxable","12":"product-type-simple"},"_links":{"self":[{"href":"https:\/\/dev.niezawodneczesci.pl\/sk\/wp-json\/wp\/v2\/product\/5832","targetHints":{"allow":["GET"]}}],"collection":[{"href":"https:\/\/dev.niezawodneczesci.pl\/sk\/wp-json\/wp\/v2\/product"}],"about":[{"href":"https:\/\/dev.niezawodneczesci.pl\/sk\/wp-json\/wp\/v2\/types\/product"}],"version-history":[{"count":1,"href":"https:\/\/dev.niezawodneczesci.pl\/sk\/wp-json\/wp\/v2\/product\/5832\/revisions"}],"predecessor-version":[{"id":26052,"href":"https:\/\/dev.niezawodneczesci.pl\/sk\/wp-json\/wp\/v2\/product\/5832\/revisions\/26052"}],"wp:featuredmedia":[{"embeddable":true,"href":"https:\/\/dev.niezawodneczesci.pl\/sk\/wp-json\/wp\/v2\/media\/17956"}],"wp:attachment":[{"href":"https:\/\/dev.niezawodneczesci.pl\/sk\/wp-json\/wp\/v2\/media?parent=5832"}],"wp:term":[{"taxonomy":"product_brand","embeddable":true,"href":"https:\/\/dev.niezawodneczesci.pl\/sk\/wp-json\/wp\/v2\/product_brand?post=5832"},{"taxonomy":"product_cat","embeddable":true,"href":"https:\/\/dev.niezawodneczesci.pl\/sk\/wp-json\/wp\/v2\/product_cat?post=5832"},{"taxonomy":"product_tag","embeddable":true,"href":"https:\/\/dev.niezawodneczesci.pl\/sk\/wp-json\/wp\/v2\/product_tag?post=5832"}],"curies":[{"name":"wp","href":"https:\/\/api.w.org\/{rel}","templated":true}]}}