{"id":5834,"date":"2021-06-16T11:52:30","date_gmt":"2021-06-16T09:52:30","guid":{"rendered":"https:\/\/niezawodneczesci.pl\/\/?post_type=product&#038;p=5834"},"modified":"2026-04-24T01:04:58","modified_gmt":"2026-04-23T23:04:58","slug":"tarcza-hamulcowa-sr-01-4050","status":"publish","type":"product","link":"https:\/\/dev.niezawodneczesci.pl\/sk\/produkt\/tarcza-hamulcowa-sr-01-4050\/","title":{"rendered":"BRZDOV\u00dd KOT\u00da\u010c SR.01.4050"},"content":{"rendered":"<p>\u010c\u00edsla v\u00fdrobcov<br \/>\nDF4050<\/p>\n<p>OE \u010d\u00edsla<br \/>\nA.B.S.: 16954<br \/>\nA.P.: 15372<br \/>\nACDelco: AC2381D<br \/>\nAPEC: DSK297<br \/>\nATE: 24011002511<br \/>\nATE: 24031002511<br \/>\nBENDIX: 562071B<br \/>\nBENDIX: 562071BC<br \/>\nBORG &amp; BECK: BBD4113<br \/>\nBOSCH: 0 986 478 882<br \/>\nBOSCH: 0 986 479 918<br \/>\nBOSCH: 0 986 479 S52<br \/>\nBRADI: 1.3434.5.4<br \/>\nBREMBO: 08.7626.10<br \/>\nBREMBO: 08.7626.1X<br \/>\nBREMBO: 08762611<br \/>\nBREMBO: 08762675<br \/>\nBrake ENGINEERING: DI955823<br \/>\nCAR: 142495<br \/>\nCAR: HPD495<br \/>\nCHEVROLET: 90498304<br \/>\nCHEVROLET: 9117771<br \/>\nCHEVROLET: 9196587<br \/>\nDBA Australia: DBA818<br \/>\nDELPHI: BG3403<br \/>\nDELPHI: BS4815<br \/>\nDON: PCD10262<br \/>\nFEBI BILSTEIN: 17212<br \/>\nFERODO: DDF1043<br \/>\nFERODO: DDF10431<br \/>\nFERODO: DDF1043C<br \/>\nFERODO: DDF1043C1<br \/>\nFIRST LINE: FBD1066<br \/>\nFTE: BS4815<br \/>\nFTE: BS4815B<br \/>\nFTE: BS4815HB<br \/>\nHELLA: 8DD 355 106-081<br \/>\nHELLA: 8DD 355 106-091<br \/>\nHELLA PAGID: 8DD 355 106-091<br \/>\nINTERBRAKE: OP.42.1P<br \/>\nJURID: 562071J<br \/>\nJURID: 562071JC<br \/>\nLEMF\u00d6RDER: 27230 01<br \/>\nLPR: O1421P<br \/>\nLPR: O1421PR<br \/>\nMAGNETI MARELLI: 353613434540<br \/>\nMAGNETI MARELLI: 431602040080<br \/>\nMAPCO: 15858<br \/>\nMETELLI: 23-0488C<br \/>\nMETELLI: 230488<br \/>\nMETZGER: 15372<br \/>\nMETZGER: 657000<br \/>\nMETZGER: X15372<br \/>\nMEYLE: 615 523 6011<br \/>\nMEYLE: 615 523 6011\/PD<br \/>\nMEYLE: 6155230023<br \/>\nMEYLE: 6155230023PD<br \/>\nMGA: D1288<br \/>\nMINTEX: MDC1051<br \/>\nNATIONAL: NBD926<br \/>\nNK: 203633<br \/>\nNK: 313633<br \/>\nOBTEC A\/S: 252514<br \/>\nOPEL: 5 69 108<br \/>\nOPEL: 5 69 111<br \/>\nOPEL: 90498304<br \/>\nOPEL: 9117771<br \/>\nOPEL: 9196587<br \/>\nOPTIMAL: BS-5700<br \/>\nOPTIMAL: BS-5700C<br \/>\nPAGID: 52432<br \/>\nPAGID: 52432PRO<br \/>\nPEX: 140447<br \/>\nPEX: 140447N<br \/>\nPILENGA: 5764<br \/>\nQH Benelux: 57811<br \/>\nQUINTON HAZELL: BDC4815<br \/>\nQUINTON HAZELL: BSF4815<br \/>\nREMSA: 657000<br \/>\nREMY: RAD1033C<br \/>\nROULUNDS RUBBER: D2381<br \/>\nRUVILLE: BRR131510<br \/>\nST-TEMPLIN: 0311024140<br \/>\nST-TEMPLIN: 0311024145<br \/>\nSWAG: 40917212<br \/>\nTEXTAR: 92092000<br \/>\nTEXTAR: 92092003<br \/>\nTEXTAR: 98200092001<br \/>\nTRISCAN: 812024129<br \/>\nTRISCAN: 812024129C<br \/>\nTRUSTING: DF225<br \/>\nVALEO: 186594<br \/>\nVALEO: 297594<br \/>\nZIMMERMANN: 430148400<br \/>\nZIMMERMANN: 430148420<br \/>\nZIMMERMANN: 430148450<br \/>\nZIMMERMANN: 430148452<\/p>","protected":false},"excerpt":{"rendered":"<p>Numery producenta DF4050 Numery OE A.B.S.: 16954 A.P.: 15372 ACDelco: AC2381D APEC: DSK297 ATE: 24011002511 ATE: 24031002511 BENDIX: 562071B BENDIX: 562071BC BORG &amp; BECK: BBD4113 BOSCH: 0 986 478 882 BOSCH: 0 986 479 918 BOSCH: 0 986 479 S52 BRADI: 1.3434.5.4 BREMBO: 08.7626.10 BREMBO: 08.7626.1X BREMBO: 08762611 BREMBO: 08762675 Brake ENGINEERING: DI955823 CAR: 142495 [&hellip;]<\/p>\n","protected":false},"featured_media":17945,"template":"","meta":{"_monsterinsights_skip_tracking":false,"_monsterinsights_sitenote_active":false,"_monsterinsights_sitenote_note":"","_monsterinsights_sitenote_category":0},"product_brand":[],"product_cat":[146],"product_tag":[],"class_list":{"0":"post-5834","1":"product","2":"type-product","3":"status-publish","4":"has-post-thumbnail","6":"product_cat-tarcze-hamulcowe","8":"first","9":"outofstock","10":"taxable","11":"shipping-taxable","12":"purchasable","13":"product-type-simple"},"_links":{"self":[{"href":"https:\/\/dev.niezawodneczesci.pl\/sk\/wp-json\/wp\/v2\/product\/5834","targetHints":{"allow":["GET"]}}],"collection":[{"href":"https:\/\/dev.niezawodneczesci.pl\/sk\/wp-json\/wp\/v2\/product"}],"about":[{"href":"https:\/\/dev.niezawodneczesci.pl\/sk\/wp-json\/wp\/v2\/types\/product"}],"version-history":[{"count":1,"href":"https:\/\/dev.niezawodneczesci.pl\/sk\/wp-json\/wp\/v2\/product\/5834\/revisions"}],"predecessor-version":[{"id":26051,"href":"https:\/\/dev.niezawodneczesci.pl\/sk\/wp-json\/wp\/v2\/product\/5834\/revisions\/26051"}],"wp:featuredmedia":[{"embeddable":true,"href":"https:\/\/dev.niezawodneczesci.pl\/sk\/wp-json\/wp\/v2\/media\/17945"}],"wp:attachment":[{"href":"https:\/\/dev.niezawodneczesci.pl\/sk\/wp-json\/wp\/v2\/media?parent=5834"}],"wp:term":[{"taxonomy":"product_brand","embeddable":true,"href":"https:\/\/dev.niezawodneczesci.pl\/sk\/wp-json\/wp\/v2\/product_brand?post=5834"},{"taxonomy":"product_cat","embeddable":true,"href":"https:\/\/dev.niezawodneczesci.pl\/sk\/wp-json\/wp\/v2\/product_cat?post=5834"},{"taxonomy":"product_tag","embeddable":true,"href":"https:\/\/dev.niezawodneczesci.pl\/sk\/wp-json\/wp\/v2\/product_tag?post=5834"}],"curies":[{"name":"wp","href":"https:\/\/api.w.org\/{rel}","templated":true}]}}