{"id":5838,"date":"2021-06-16T11:52:31","date_gmt":"2021-06-16T09:52:31","guid":{"rendered":"https:\/\/niezawodneczesci.pl\/\/?post_type=product&#038;p=5838"},"modified":"2026-04-28T12:07:05","modified_gmt":"2026-04-28T10:07:05","slug":"tarcza-hamulcowa-sr-01-4027","status":"publish","type":"product","link":"https:\/\/dev.niezawodneczesci.pl\/sk\/produkt\/tarcza-hamulcowa-sr-01-4027\/","title":{"rendered":"BRZDOV\u00dd KOT\u00da\u010c SR.01.4027"},"content":{"rendered":"<p>\u010c\u00edsla v\u00fdrobcov<br \/>\nDF4027<\/p>\n<p>OE \u010d\u00edsla<br \/>\nA.B.S.: 16882<br \/>\nA.P.: 24847<br \/>\nACDelco: AC2252D<br \/>\nAPEC: DSK957<br \/>\nATE: 24012501131<br \/>\nATE: 24032501131<br \/>\nATE: 24112501131<br \/>\nAUDI: 1J0 615 301 C<br \/>\nAUDI: 1J0 615 301 K<br \/>\nAUDI: 1J0 615 301 R<br \/>\nAUDI: 1J0 615 301 S<br \/>\nAUDI: 1JO 615 301 C<br \/>\nAUDI: 6R0 615 301 A<br \/>\nAUDI: 6R0 615 301 D<br \/>\nBENDIX: 562041B<br \/>\nBENDIX: 562041BC<br \/>\nBLUE PRINT: ADV184309<br \/>\nBORG &amp; BECK: BBD4069<br \/>\nBORG &amp; BECK: BBD4105<br \/>\nBOSCH: 0 986 478 867<br \/>\nBOSCH: 0 986 479 914<br \/>\nBOSCH: 0 986 AB6 882<br \/>\nBOSCH: 0986478976<br \/>\nBOSCH: F 026 A01 320<br \/>\nBRADI: 1.5830.2.4<br \/>\nBREMBO: 08716511<br \/>\nBREMBO: 09.7010.10<br \/>\nBREMBO: 09701020<br \/>\nBREMBO: 09701021<br \/>\nBREMBO: 0970102X<br \/>\nBREMBO: 09701076<br \/>\nBrake ENGINEERING: DI955637<br \/>\nCAR: 142748<br \/>\nCAR: HPD748<br \/>\nDBA Australia: DBA802<br \/>\nDELPHI: BG3035<br \/>\nDELPHI: BG3035C<br \/>\nDELPHI: BS4735<br \/>\nDELPHI: BS7028<br \/>\nFEBI BILSTEIN: 19370<br \/>\nFEBI BILSTEIN: 21578<br \/>\nFERODO: DDF1221<br \/>\nFERODO: DDF12211<br \/>\nFERODO: DDF1221C<br \/>\nFERODO: DDF1221C1<br \/>\nFERODO: DDF1221P-D<br \/>\nFERODO: DDF929C<br \/>\nFERODO: DDF929C1<br \/>\nFERODO: DDF930<br \/>\nFIRST LINE: FBD1001<br \/>\nFIRST LINE: FBD1005<br \/>\nFIRST LINE: FBD1058<br \/>\nFTE: BS4735<br \/>\nFTE: BS4735B<br \/>\nFTE: BS4735HB<br \/>\nFTE: BS7028<br \/>\nHELLA: 8DD 355 105-391<br \/>\nHELLA: 8DD 355 107-601<br \/>\nHELLA: 8DD 355 107-611<br \/>\nHELLA: 8DD 355 107-612<br \/>\nHELLA: 8DD 355 123-591<br \/>\nHELLA: 8DD 355 127-581<br \/>\nHELLA PAGID: 8DD 355 107-611<br \/>\nHELLA PAGID: 8DD 355 107-612<br \/>\nHELLA PAGID: 8DD 355 123-591<br \/>\nHELLA PAGID: 8DD 355 127-581<br \/>\nINTERBRAKE: AD.45.1P<br \/>\nJURID: 562041J<br \/>\nJURID: 562041JC<br \/>\nLEMF\u00d6RDER: 22853 02<br \/>\nLPR: A1451V<br \/>\nLPR: A1451VR<br \/>\nMAGNETI MARELLI: 353615830240<br \/>\nMAGNETI MARELLI: 353615833540<br \/>\nMAGNETI MARELLI: 431602042180<br \/>\nMAPCO: 15832<br \/>\nMETELLI: 23-0365C<br \/>\nMETELLI: 230365<br \/>\nMETZGER: 24847<br \/>\nMETZGER: X24847<br \/>\nMEYLE: 115 521 1051<br \/>\nMEYLE: 115 521 1051\/PD<br \/>\nMEYLE: 1835211051PD<br \/>\nMGA: D1165<br \/>\nMINTEX: MDC979<br \/>\nMINTEX: MDK0214<br \/>\nNATIONAL: NBD875<br \/>\nNK: 204760<br \/>\nNK: 304760<br \/>\nNK: 314760<br \/>\nOBTEC A\/S: 424240V<br \/>\nOPTIMAL: BS-8030<br \/>\nOPTIMAL: BS-8030HC<br \/>\nPAGID: 50315<br \/>\nPAGID: 50315PRO<br \/>\nPAGID: 53960<br \/>\nPEX: 140637<br \/>\nPILENGA: V157<br \/>\nQH Benelux: 57756<br \/>\nQUINTON HAZELL: BDC4735<br \/>\nQUINTON HAZELL: BSF4735<br \/>\nREMSA: 61860.10<br \/>\nREMSA: 654410<br \/>\nREMSA: 654700<br \/>\nREMY: RAD1024C<br \/>\nROADHOUSE: 654410<br \/>\nRUVILLE: BFR371310<br \/>\nSEAT: 1J0 615 301<br \/>\nSEAT: 1J0 615 301 C<br \/>\nSEAT: 1J0 615 301 K<br \/>\nSEAT: 1J0 615 301 R<br \/>\nSEAT: 1J0 615 301 S<br \/>\nSEAT: 1JO 615 301 C<br \/>\nSEAT: 6R0 615 301 A<br \/>\nSEAT: 6R0 615 301 D<br \/>\nSEAT: JZW 615 301 D<br \/>\nSKODA: 1J0 615 301<br \/>\nSKODA: 1J0 615 301 C<br \/>\nSKODA: 1J0 615 301 K<br \/>\nSKODA: 1J0 615 301 R<br \/>\nSKODA: 1J0 615 301 S<br \/>\nSKODA: 1JO 615 301 C<br \/>\nSKODA: 6R0 615 301 A<br \/>\nSKODA: 6R0 615 301 D<br \/>\nSKODA: JZW 615 301 D<br \/>\nST-TEMPLIN: 0311030200<br \/>\nST-TEMPLIN: 0311030205<br \/>\nSWAG: 30919370<br \/>\nTEXTAR: 92082400<br \/>\nTEXTAR: 92106600<br \/>\nTEXTAR: 92106603<br \/>\nTEXTAR: 92106605<br \/>\nTEXTAR: 98200082401<br \/>\nTRISCAN: 8120291011<br \/>\nTRISCAN: 812029149<br \/>\nTRISCAN: 812029149C<br \/>\nTRUSTING: DF468<br \/>\nVALEO: 186602<br \/>\nVALEO: 197230<br \/>\nVW: 1J0 615 301<br \/>\nVW: 1J0 615 301 C<br \/>\nVW: 1J0 615 301 K<br \/>\nVW: 1J0 615 301 R<br \/>\nVW: 1J0 615 301 S<br \/>\nVW: 1JO 615 301 C<br \/>\nVW: 6R0 615 301 A<br \/>\nVW: 6R0 615 301 D<br \/>\nVW: JZW 615 301 D<br \/>\nWOKING: P654410<br \/>\nZIMMERMANN: 100123520<br \/>\nZIMMERMANN: 100123550<br \/>\nZIMMERMANN: 100123570<br \/>\nZIMMERMANN: 100124700<br \/>\nZIMMERMANN: 100124750<\/p>","protected":false},"excerpt":{"rendered":"<p>Numery producenta DF4027 Numery OE A.B.S.: 16882 A.P.: 24847 ACDelco: AC2252D APEC: DSK957 ATE: 24012501131 ATE: 24032501131 ATE: 24112501131 AUDI: 1J0 615 301 C AUDI: 1J0 615 301 K AUDI: 1J0 615 301 R AUDI: 1J0 615 301 S AUDI: 1JO 615 301 C AUDI: 6R0 615 301 A AUDI: 6R0 615 301 D BENDIX: [&hellip;]<\/p>\n","protected":false},"featured_media":18008,"template":"","meta":{"_monsterinsights_skip_tracking":false,"_monsterinsights_sitenote_active":false,"_monsterinsights_sitenote_note":"","_monsterinsights_sitenote_category":0},"product_brand":[],"product_cat":[146],"product_tag":[],"class_list":{"0":"post-5838","1":"product","2":"type-product","3":"status-publish","4":"has-post-thumbnail","6":"product_cat-tarcze-hamulcowe","8":"first","9":"outofstock","10":"taxable","11":"shipping-taxable","12":"product-type-simple"},"_links":{"self":[{"href":"https:\/\/dev.niezawodneczesci.pl\/sk\/wp-json\/wp\/v2\/product\/5838","targetHints":{"allow":["GET"]}}],"collection":[{"href":"https:\/\/dev.niezawodneczesci.pl\/sk\/wp-json\/wp\/v2\/product"}],"about":[{"href":"https:\/\/dev.niezawodneczesci.pl\/sk\/wp-json\/wp\/v2\/types\/product"}],"version-history":[{"count":1,"href":"https:\/\/dev.niezawodneczesci.pl\/sk\/wp-json\/wp\/v2\/product\/5838\/revisions"}],"predecessor-version":[{"id":26050,"href":"https:\/\/dev.niezawodneczesci.pl\/sk\/wp-json\/wp\/v2\/product\/5838\/revisions\/26050"}],"wp:featuredmedia":[{"embeddable":true,"href":"https:\/\/dev.niezawodneczesci.pl\/sk\/wp-json\/wp\/v2\/media\/18008"}],"wp:attachment":[{"href":"https:\/\/dev.niezawodneczesci.pl\/sk\/wp-json\/wp\/v2\/media?parent=5838"}],"wp:term":[{"taxonomy":"product_brand","embeddable":true,"href":"https:\/\/dev.niezawodneczesci.pl\/sk\/wp-json\/wp\/v2\/product_brand?post=5838"},{"taxonomy":"product_cat","embeddable":true,"href":"https:\/\/dev.niezawodneczesci.pl\/sk\/wp-json\/wp\/v2\/product_cat?post=5838"},{"taxonomy":"product_tag","embeddable":true,"href":"https:\/\/dev.niezawodneczesci.pl\/sk\/wp-json\/wp\/v2\/product_tag?post=5838"}],"curies":[{"name":"wp","href":"https:\/\/api.w.org\/{rel}","templated":true}]}}