{"id":5846,"date":"2021-06-16T11:52:32","date_gmt":"2021-06-16T09:52:32","guid":{"rendered":"https:\/\/niezawodneczesci.pl\/\/?post_type=product&#038;p=5846"},"modified":"2026-04-24T01:04:58","modified_gmt":"2026-04-23T23:04:58","slug":"tarcza-hamulcowa-sr-01-2777","status":"publish","type":"product","link":"https:\/\/dev.niezawodneczesci.pl\/sk\/produkt\/tarcza-hamulcowa-sr-01-2777\/","title":{"rendered":"BRZDOV\u00dd KOT\u00da\u010c SR.01.2777"},"content":{"rendered":"<p>\u010c\u00edsla v\u00fdrobcov<br \/>\nDF2777<\/p>\n<p>OE \u010d\u00edsla<br \/>\nA.B.S.: 16298<br \/>\nA.P.: 14634<br \/>\nACDelco: AC2251D<br \/>\nAKRON-MAL\u00d2: 1110011<br \/>\nAPEC: DSK710<br \/>\nATE: 24011002231<br \/>\nATE: 24031002231<br \/>\nATE: 410223<br \/>\nBENDIX: 562057B<br \/>\nBENDIX: 562057BC<br \/>\nBORG &amp; BECK: BBD4213<br \/>\nBOSCH: 0 986 478 421<br \/>\nBOSCH: 0 986 479 863<br \/>\nBRADI: 1.5829.5.4<br \/>\nBREMBO: 08.6935.10<br \/>\nBREMBO: 08693511<br \/>\nBrake ENGINEERING: DI955646<br \/>\nCAR: 142240<br \/>\nCAR: HPD240<br \/>\nDELPHI: BG3026<br \/>\nFEBI BILSTEIN: 14162<br \/>\nFERODO: DDF847<br \/>\nFERODO: DDF8471<br \/>\nFERODO: DDF847C<br \/>\nFERODO: DDF847C1<br \/>\nFIRST LINE: FBD1200<br \/>\nFORD: 1001094<br \/>\nFORD: 1023605<br \/>\nFORD: 1044570<br \/>\nFORD: 1045995<br \/>\nFORD: 1137985<br \/>\nFORD: 1137986<br \/>\nFORD: 1526694<br \/>\nFORD: 95VW-X2A315-A1D<br \/>\nFORD: 95VWX 2A315 AD<br \/>\nFORD: 95VWX2A315AE<br \/>\nFORD: 95WX-2A315-AB<br \/>\nFTE: BS4627<br \/>\nFTE: BS4627B<br \/>\nGIRLING: 6027774<br \/>\nHELLA: 8DD 355 104-491<br \/>\nHELLA: 8DD 355 104-501<br \/>\nHELLA PAGID: 8DD 355 104-501<br \/>\nJURID: 562057J<br \/>\nJURID: 562057JC<br \/>\nLEMF\u00d6RDER: 22855 02<br \/>\nLPR: F1581P<br \/>\nLPR: F1581PR<br \/>\nMAGNETI MARELLI: 353615829540<br \/>\nMAPCO: 15829<br \/>\nMETELLI: 23-0404C<br \/>\nMETELLI: 230404<br \/>\nMETZGER: 14634<br \/>\nMETZGER: 645300<br \/>\nMEYLE: 115 523 1000<br \/>\nMEYLE: 115 523 1000\/PD<br \/>\nMEYLE: 1155230014<br \/>\nMEYLE: 1155230014PD<br \/>\nMGA: D1204<br \/>\nMINTEX: MDC1018<br \/>\nNATIONAL: NBD858<br \/>\nNK: 202546<br \/>\nNK: 312546<br \/>\nOBTEC A\/S: 424245<br \/>\nOPTIMAL: BS-4530<br \/>\nOPTIMAL: BS-4530C<br \/>\nPAGID: 53964<br \/>\nPAGID: 53964PRO<br \/>\nPEX: 140636<br \/>\nPEX: 140636N<br \/>\nQH Benelux: 57680<br \/>\nQUINTON HAZELL: BDC4627<br \/>\nQUINTON HAZELL: BSF4627<br \/>\nREMSA: 645300<br \/>\nREMY: RAD1257C<br \/>\nREMY: RAD2870C<br \/>\nROADHOUSE: 645300<br \/>\nRUVILLE: BRR370710<br \/>\nSEAT: 7M0 615 601 A<br \/>\nSEAT: 7M0 615 601 B<br \/>\nSEAT: 7M0 615 601 C<br \/>\nSEAT: 7MO 615 601 C<br \/>\nSEBRO: 7095<br \/>\nST-TEMPLIN: 0311015050<br \/>\nST-TEMPLIN: 0311015055<br \/>\nSWAG: 30914162<br \/>\nTEXTAR: 92074300<br \/>\nTEXTAR: 92074303<br \/>\nTEXTAR: 98200074301<br \/>\nTRISCAN: 812010146<br \/>\nTRISCAN: 812010146C<br \/>\nTRUCKTEC AUTOMOTIVE: 0735098<br \/>\nTRUSTING: DF139<br \/>\nVALEO: 186624<br \/>\nVALEO: 297624<br \/>\nVW: 7M0 615 601 A<br \/>\nVW: 7M0 615 601 B<br \/>\nVW: 7M0 615 601 C<br \/>\nVW: 7MO 615 601 A<br \/>\nWOKING: P645300<br \/>\nZIMMERMANN: 600321000<br \/>\nZIMMERMANN: 600321020<br \/>\nsbs: 1815202546<br \/>\nsbs: 1815312546<\/p>","protected":false},"excerpt":{"rendered":"<p>Numery producenta DF2777 Numery OE A.B.S.: 16298 A.P.: 14634 ACDelco: AC2251D AKRON-MAL\u00d2: 1110011 APEC: DSK710 ATE: 24011002231 ATE: 24031002231 ATE: 410223 BENDIX: 562057B BENDIX: 562057BC BORG &amp; BECK: BBD4213 BOSCH: 0 986 478 421 BOSCH: 0 986 479 863 BRADI: 1.5829.5.4 BREMBO: 08.6935.10 BREMBO: 08693511 Brake ENGINEERING: DI955646 CAR: 142240 CAR: HPD240 DELPHI: BG3026 FEBI [&hellip;]<\/p>\n","protected":false},"featured_media":18063,"template":"","meta":{"_monsterinsights_skip_tracking":false,"_monsterinsights_sitenote_active":false,"_monsterinsights_sitenote_note":"","_monsterinsights_sitenote_category":0},"product_brand":[],"product_cat":[146],"product_tag":[],"class_list":{"0":"post-5846","1":"product","2":"type-product","3":"status-publish","4":"has-post-thumbnail","6":"product_cat-tarcze-hamulcowe","8":"first","9":"outofstock","10":"taxable","11":"shipping-taxable","12":"purchasable","13":"product-type-simple"},"_links":{"self":[{"href":"https:\/\/dev.niezawodneczesci.pl\/sk\/wp-json\/wp\/v2\/product\/5846","targetHints":{"allow":["GET"]}}],"collection":[{"href":"https:\/\/dev.niezawodneczesci.pl\/sk\/wp-json\/wp\/v2\/product"}],"about":[{"href":"https:\/\/dev.niezawodneczesci.pl\/sk\/wp-json\/wp\/v2\/types\/product"}],"version-history":[{"count":1,"href":"https:\/\/dev.niezawodneczesci.pl\/sk\/wp-json\/wp\/v2\/product\/5846\/revisions"}],"predecessor-version":[{"id":26046,"href":"https:\/\/dev.niezawodneczesci.pl\/sk\/wp-json\/wp\/v2\/product\/5846\/revisions\/26046"}],"wp:featuredmedia":[{"embeddable":true,"href":"https:\/\/dev.niezawodneczesci.pl\/sk\/wp-json\/wp\/v2\/media\/18063"}],"wp:attachment":[{"href":"https:\/\/dev.niezawodneczesci.pl\/sk\/wp-json\/wp\/v2\/media?parent=5846"}],"wp:term":[{"taxonomy":"product_brand","embeddable":true,"href":"https:\/\/dev.niezawodneczesci.pl\/sk\/wp-json\/wp\/v2\/product_brand?post=5846"},{"taxonomy":"product_cat","embeddable":true,"href":"https:\/\/dev.niezawodneczesci.pl\/sk\/wp-json\/wp\/v2\/product_cat?post=5846"},{"taxonomy":"product_tag","embeddable":true,"href":"https:\/\/dev.niezawodneczesci.pl\/sk\/wp-json\/wp\/v2\/product_tag?post=5846"}],"curies":[{"name":"wp","href":"https:\/\/api.w.org\/{rel}","templated":true}]}}