{"id":5896,"date":"2021-06-16T11:52:46","date_gmt":"2021-06-16T09:52:46","guid":{"rendered":"https:\/\/niezawodneczesci.pl\/\/?post_type=product&#038;p=5896"},"modified":"2025-05-31T09:59:30","modified_gmt":"2025-05-31T07:59:30","slug":"klocki-hamulcowe-sunrich-tyl-sr0487-02-3594","status":"publish","type":"product","link":"https:\/\/dev.niezawodneczesci.pl\/sk\/produkt\/klocki-hamulcowe-sunrich-tyl-sr0487-02-3594\/","title":{"rendered":"BRZDOV\u00c9 DESTI\u010cKY SUNRICH ZADN\u00c9 SR0487.02-3594"},"content":{"rendered":"<p>Numer WVA<br \/>\n24934<br \/>\n25337<br \/>\n25338<br \/>\n25339<\/p>\n<p>\u010c\u00edsla v\u00fdrobcov<br \/>\nGDB3594<\/p>\n<p>OE \u010d\u00edsla<br \/>\nBENDIX-AU: DB2076<br \/>\nBLUE PRINT: ADG042154<br \/>\nBORG &amp; BECK: BBP2220<br \/>\nBORG &amp; BECK: BBP2323<br \/>\nBORG &amp; BECK: BBP2370<br \/>\nBOSCH: 0 986 494 635<br \/>\nBOSCH: 0 986 TB3 203<br \/>\nBOSCH: 0 986 TB3 204<br \/>\nBREMBO: P30067<br \/>\nCOMLINE: ADB32161<br \/>\nGIRLING: 6135947<br \/>\nHELLA: 8DB 355 019-981<br \/>\nHELLA PAGID: 8DB355019981<br \/>\nHERTH+BUSS JAKOPARTS: J3610406<br \/>\nHYUNDAI: 58302-3ZA10<br \/>\nHYUNDAI: 58302-3ZA16<br \/>\nHYUNDAI: 58302-3ZA76<br \/>\nHYUNDAI: 58302-C8A30<br \/>\nHYUNDAI: 58302-D7A70<br \/>\nHYUNDAI: 58302-F2A30<br \/>\nICER: 182036<br \/>\nJURID: 572629J<br \/>\nJURID: 573369J<br \/>\nJURID: 573369JC<br \/>\nKAVO PARTS: KBP4022<br \/>\nKIA: 58302-3ZA10<br \/>\nKIA: 58302-A4B10<br \/>\nKIA: 58302-A4B60<br \/>\nKIA: 58302-B2A10<br \/>\nKIA: 58302-D7A70<br \/>\nKIA: 58302-F2A30<br \/>\nMGA: 1117<br \/>\nMINTEX: MDB2532<br \/>\nMINTEX: MDB3252<br \/>\nNK: 223442<br \/>\nREMSA: 1362.42<br \/>\nREMSA: 136252<br \/>\nROADHOUSE: 2136252<br \/>\nTEXTAR: 2533701<br \/>\nVALEO: 301301<br \/>\nVALEO: 601301<br \/>\nWOKING: P1262352<br \/>\nsbs: 1501223442<\/p>","protected":false},"excerpt":{"rendered":"<p>Numer WVA 24934 25337 25338 25339 Numery producenta GDB3594 Numery OE BENDIX-AU: DB2076 BLUE PRINT: ADG042154 BORG &amp; BECK: BBP2220 BORG &amp; BECK: BBP2323 BORG &amp; BECK: BBP2370 BOSCH: 0 986 494 635 BOSCH: 0 986 TB3 203 BOSCH: 0 986 TB3 204 BREMBO: P30067 COMLINE: ADB32161 GIRLING: 6135947 HELLA: 8DB 355 019-981 HELLA PAGID: [&hellip;]<\/p>\n","protected":false},"featured_media":18377,"template":"","meta":{"_monsterinsights_skip_tracking":false,"_monsterinsights_sitenote_active":false,"_monsterinsights_sitenote_note":"","_monsterinsights_sitenote_category":0},"product_brand":[],"product_cat":[149],"product_tag":[],"class_list":{"0":"post-5896","1":"product","2":"type-product","3":"status-publish","4":"has-post-thumbnail","6":"product_cat-klocki-hamulcowe","8":"first","9":"outofstock","10":"taxable","11":"shipping-taxable","12":"purchasable","13":"product-type-simple"},"_links":{"self":[{"href":"https:\/\/dev.niezawodneczesci.pl\/sk\/wp-json\/wp\/v2\/product\/5896","targetHints":{"allow":["GET"]}}],"collection":[{"href":"https:\/\/dev.niezawodneczesci.pl\/sk\/wp-json\/wp\/v2\/product"}],"about":[{"href":"https:\/\/dev.niezawodneczesci.pl\/sk\/wp-json\/wp\/v2\/types\/product"}],"version-history":[{"count":1,"href":"https:\/\/dev.niezawodneczesci.pl\/sk\/wp-json\/wp\/v2\/product\/5896\/revisions"}],"predecessor-version":[{"id":26009,"href":"https:\/\/dev.niezawodneczesci.pl\/sk\/wp-json\/wp\/v2\/product\/5896\/revisions\/26009"}],"wp:featuredmedia":[{"embeddable":true,"href":"https:\/\/dev.niezawodneczesci.pl\/sk\/wp-json\/wp\/v2\/media\/18377"}],"wp:attachment":[{"href":"https:\/\/dev.niezawodneczesci.pl\/sk\/wp-json\/wp\/v2\/media?parent=5896"}],"wp:term":[{"taxonomy":"product_brand","embeddable":true,"href":"https:\/\/dev.niezawodneczesci.pl\/sk\/wp-json\/wp\/v2\/product_brand?post=5896"},{"taxonomy":"product_cat","embeddable":true,"href":"https:\/\/dev.niezawodneczesci.pl\/sk\/wp-json\/wp\/v2\/product_cat?post=5896"},{"taxonomy":"product_tag","embeddable":true,"href":"https:\/\/dev.niezawodneczesci.pl\/sk\/wp-json\/wp\/v2\/product_tag?post=5896"}],"curies":[{"name":"wp","href":"https:\/\/api.w.org\/{rel}","templated":true}]}}