{"id":5904,"date":"2021-06-16T11:52:47","date_gmt":"2021-06-16T09:52:47","guid":{"rendered":"https:\/\/niezawodneczesci.pl\/\/?post_type=product&#038;p=5904"},"modified":"2026-04-24T01:04:51","modified_gmt":"2026-04-23T23:04:51","slug":"klocki-hamulcowe-sunrich-tyl-sr0355-01-1620","status":"publish","type":"product","link":"https:\/\/dev.niezawodneczesci.pl\/sk\/produkt\/klocki-hamulcowe-sunrich-tyl-sr0355-01-1620\/","title":{"rendered":"BRZDOV\u00c9 DESTI\u010cKY SUNRICH ZADN\u00c9 SR0355.01-1620\/1678"},"content":{"rendered":"<p>Numer WVA<br \/>\n24150<\/p>\n<p>\u010c\u00edsla v\u00fdrobcov<br \/>\nGDB1620<\/p>\n<p>OE \u010d\u00edsla<br \/>\nA.B.S.: 37475<br \/>\nAPEC: PAD1433<br \/>\nATE: 13046038132<br \/>\nATE: 13047038132<br \/>\nBENDIX: 573235B<br \/>\nBORG &amp; BECK: BBP1920<br \/>\nBOSCH: 0 986 494 099<br \/>\nBOSCH: 0 986 494 605<br \/>\nBOSCH: 0 986 495 092<br \/>\nBOSCH: 0 986 AB3 757<br \/>\nBOSCH: 0 986 TB2 896<br \/>\nBREMBO: P61080<br \/>\nBREMBO: P61100<br \/>\nCITROEN: 4253 25<br \/>\nCITROEN: 4253 99<br \/>\nCITROEN: 4254 40<br \/>\nCITROEN: 4254 76<br \/>\nCITROEN: E 172 286<br \/>\nDELPHI: LP1926<br \/>\nDITAS: DFB3627<br \/>\nE.T.F.: 121198<br \/>\nFEBI BILSTEIN: 16715<br \/>\nFEBI BILSTEIN: 16813<br \/>\nFERODO: FDB1784<br \/>\nFERODO: FSL1784<br \/>\nFIRST LINE: FBP3558<br \/>\nFTE: BL1972A3<br \/>\nHELLA: 8DB 355 011-821<br \/>\nHELLA: 8DB 355 013-851<br \/>\nICER: 181729<br \/>\nICER: 181729701<br \/>\nJURID: 573235J<br \/>\nJURID: 573235JC<br \/>\nKAGER: 351017<br \/>\nKAWE: 81732<br \/>\nLPR: 05P1278<br \/>\nMAGNETI MARELLI: 363702161456<br \/>\nMETELLI: 2206390<br \/>\nMETZGER: 113800<br \/>\nMEYLE: 025 241 5017<br \/>\nMGA: 750<br \/>\nMINTEX: MDB2693<br \/>\nNK: 221954<br \/>\nPAGID: T1496<br \/>\nPEUGEOT: 16 079 616 80<br \/>\nPEUGEOT: 4253 22<br \/>\nPEUGEOT: 4253 98<br \/>\nPEUGEOT: 4254 40<br \/>\nPEUGEOT: 4254 76<br \/>\nPEUGEOT: E 172 286<br \/>\nPEUGEOT: ZA 923 432 80<br \/>\nPEX: 7725<br \/>\nQH Benelux: 7682<br \/>\nQUINTON HAZELL: BP1506<br \/>\nREMSA: 113800<br \/>\nSPIDAN: 32980<br \/>\nSWAG: 62916715<br \/>\nSWAG: 62916813<br \/>\nTEXTAR: 2415001<br \/>\nTEXTAR: 2415017614<br \/>\nTEXTAR: 2473701<br \/>\nTEXTAR: 2473703<br \/>\nTRISCAN: 811028039<br \/>\nTRUSTING: 6550<br \/>\nVALEO: 301702<br \/>\nVALEO: 598702<br \/>\nWAGNER: WBP24150A<br \/>\nZIMMERMANN: 241501751<br \/>\nfri.tech.: 6550<br \/>\nsbs: 221954<\/p>","protected":false},"excerpt":{"rendered":"<p>Numer WVA 24150 Numery producenta GDB1620 Numery OE A.B.S.: 37475 APEC: PAD1433 ATE: 13046038132 ATE: 13047038132 BENDIX: 573235B BORG &amp; BECK: BBP1920 BOSCH: 0 986 494 099 BOSCH: 0 986 494 605 BOSCH: 0 986 495 092 BOSCH: 0 986 AB3 757 BOSCH: 0 986 TB2 896 BREMBO: P61080 BREMBO: P61100 CITROEN: 4253 25 CITROEN: [&hellip;]<\/p>\n","protected":false},"featured_media":19182,"template":"","meta":{"_monsterinsights_skip_tracking":false,"_monsterinsights_sitenote_active":false,"_monsterinsights_sitenote_note":"","_monsterinsights_sitenote_category":0},"product_brand":[],"product_cat":[149,447],"product_tag":[],"class_list":{"0":"post-5904","1":"product","2":"type-product","3":"status-publish","4":"has-post-thumbnail","6":"product_cat-klocki-hamulcowe","7":"product_cat-promocja","9":"first","10":"instock","11":"taxable","12":"shipping-taxable","13":"purchasable","14":"product-type-simple"},"_links":{"self":[{"href":"https:\/\/dev.niezawodneczesci.pl\/sk\/wp-json\/wp\/v2\/product\/5904","targetHints":{"allow":["GET"]}}],"collection":[{"href":"https:\/\/dev.niezawodneczesci.pl\/sk\/wp-json\/wp\/v2\/product"}],"about":[{"href":"https:\/\/dev.niezawodneczesci.pl\/sk\/wp-json\/wp\/v2\/types\/product"}],"version-history":[{"count":1,"href":"https:\/\/dev.niezawodneczesci.pl\/sk\/wp-json\/wp\/v2\/product\/5904\/revisions"}],"predecessor-version":[{"id":26002,"href":"https:\/\/dev.niezawodneczesci.pl\/sk\/wp-json\/wp\/v2\/product\/5904\/revisions\/26002"}],"wp:featuredmedia":[{"embeddable":true,"href":"https:\/\/dev.niezawodneczesci.pl\/sk\/wp-json\/wp\/v2\/media\/19182"}],"wp:attachment":[{"href":"https:\/\/dev.niezawodneczesci.pl\/sk\/wp-json\/wp\/v2\/media?parent=5904"}],"wp:term":[{"taxonomy":"product_brand","embeddable":true,"href":"https:\/\/dev.niezawodneczesci.pl\/sk\/wp-json\/wp\/v2\/product_brand?post=5904"},{"taxonomy":"product_cat","embeddable":true,"href":"https:\/\/dev.niezawodneczesci.pl\/sk\/wp-json\/wp\/v2\/product_cat?post=5904"},{"taxonomy":"product_tag","embeddable":true,"href":"https:\/\/dev.niezawodneczesci.pl\/sk\/wp-json\/wp\/v2\/product_tag?post=5904"}],"curies":[{"name":"wp","href":"https:\/\/api.w.org\/{rel}","templated":true}]}}