{"id":5957,"date":"2021-06-16T11:53:01","date_gmt":"2021-06-16T09:53:01","guid":{"rendered":"https:\/\/niezawodneczesci.pl\/\/?post_type=product&#038;p=5957"},"modified":"2026-04-24T01:04:43","modified_gmt":"2026-04-23T23:04:43","slug":"klocki-hamulcowe-sunrich-sr0869-01-3324","status":"publish","type":"product","link":"https:\/\/dev.niezawodneczesci.pl\/sk\/produkt\/klocki-hamulcowe-sunrich-sr0869-01-3324\/","title":{"rendered":"BRZDOV\u00c9 DESTI\u010cKY SUNRICH SR0869.01-3324"},"content":{"rendered":"<p>Numer WVA<br \/>\n23340<br \/>\n23341<br \/>\n23342<\/p>\n<p>\u010c\u00edsla v\u00fdrobcov<br \/>\nGDB3324<\/p>\n<p>OE \u010d\u00edsla<br \/>\nA.B.S.: 37309<br \/>\nAISIN: BPTO-1003<br \/>\nAPEC: PAD1315<br \/>\nASHIKA: 5002204<br \/>\nASIMCO: KD2514<br \/>\nASIMCO: KD2514W<br \/>\nATE: 13046058002<br \/>\nBENDIX: 572510B<br \/>\nBLUE PRINT: ADT342139<br \/>\nBORG &amp; BECK: BBP1808<br \/>\nBOSCH: 0 986 424 788<br \/>\nBOSCH: 0 986 TB2 443<br \/>\nBREMBO: P83053<br \/>\nBrake ENGINEERING: PA1555<br \/>\nDELPHI: LP1840<br \/>\nE.T.F.: 121082<br \/>\nFEBI BILSTEIN: 16576<br \/>\nFERODO: FDB1513<br \/>\nFERODO: FSL1513<br \/>\nFERODO: TAR1513<br \/>\nFIRST LINE: FBP3440<br \/>\nFTE: BL1866A2<br \/>\nGALFER: B1G10204782<br \/>\nGIRLING: 6133244<br \/>\nHELLA: 8DB 355 010-791<br \/>\nHELLA: 8DB 355 030-251<br \/>\nHELLA PAGID: 8DB 355 010-791<br \/>\nHELLA PAGID: 8DB 355 030-251<br \/>\nHERTH+BUSS JAKOPARTS: J3602113<br \/>\nICER: 181587<br \/>\nJAPANPARTS: PA204AF<br \/>\nJURID: 572510J<br \/>\nKAWE: 81517<br \/>\nKBP: BP9096<br \/>\nLPR: 05P1001<br \/>\nMAGNETI MARELLI: 363702161248<br \/>\nMETELLI: 2204210<br \/>\nMETZGER: 097802<br \/>\nMEYLE: 025 233 4017\/PD<br \/>\nMEYLE: 025 233 4017\/W<br \/>\nMINTEX: MDB2609<br \/>\nNECTO: FD6967A<br \/>\nNECTO: FD6967N<br \/>\nNIPPARTS: J3602113<br \/>\nNK: 224570<br \/>\nOPTIMAL: 12170<br \/>\nOPTIMAL: BP-12170<br \/>\nPAGID: T1393<br \/>\nPEUGEOT: 044650D040<br \/>\nPEX: 7688<br \/>\nQH Benelux: 7432<br \/>\nQUINTON HAZELL: BP1416<br \/>\nRAMEDER: T0610223<br \/>\nREMSA: 097802<br \/>\nREMSA: 97802<br \/>\nREMY: RAP1543<br \/>\nROULUNDS RUBBER: 800081<br \/>\nSPIDAN: 32783<br \/>\nSWAG: 81916576<br \/>\nTEXTAR: 2334001<br \/>\nTOYOTA: 04465-0D010<br \/>\nTOYOTA: 04465-0D040<br \/>\nTRISCAN: 811013059<br \/>\nTRUSTING: 4360<br \/>\nVALEO: 301736<br \/>\nVALEO: 598736<br \/>\nWAGNER: WBP23340A<br \/>\nZIMMERMANN: 233401701<br \/>\nfri.tech.: 4360<br \/>\nsbs: 224570<\/p>","protected":false},"excerpt":{"rendered":"<p>Numer WVA 23340 23341 23342 Numery producenta GDB3324 Numery OE A.B.S.: 37309 AISIN: BPTO-1003 APEC: PAD1315 ASHIKA: 5002204 ASIMCO: KD2514 ASIMCO: KD2514W ATE: 13046058002 BENDIX: 572510B BLUE PRINT: ADT342139 BORG &amp; BECK: BBP1808 BOSCH: 0 986 424 788 BOSCH: 0 986 TB2 443 BREMBO: P83053 Brake ENGINEERING: PA1555 DELPHI: LP1840 E.T.F.: 121082 FEBI BILSTEIN: 16576 [&hellip;]<\/p>\n","protected":false},"featured_media":7477,"template":"","meta":{"_monsterinsights_skip_tracking":false,"_monsterinsights_sitenote_active":false,"_monsterinsights_sitenote_note":"","_monsterinsights_sitenote_category":0},"product_brand":[],"product_cat":[149],"product_tag":[],"class_list":{"0":"post-5957","1":"product","2":"type-product","3":"status-publish","4":"has-post-thumbnail","6":"product_cat-klocki-hamulcowe","8":"first","9":"instock","10":"taxable","11":"shipping-taxable","12":"purchasable","13":"product-type-simple"},"_links":{"self":[{"href":"https:\/\/dev.niezawodneczesci.pl\/sk\/wp-json\/wp\/v2\/product\/5957","targetHints":{"allow":["GET"]}}],"collection":[{"href":"https:\/\/dev.niezawodneczesci.pl\/sk\/wp-json\/wp\/v2\/product"}],"about":[{"href":"https:\/\/dev.niezawodneczesci.pl\/sk\/wp-json\/wp\/v2\/types\/product"}],"version-history":[{"count":1,"href":"https:\/\/dev.niezawodneczesci.pl\/sk\/wp-json\/wp\/v2\/product\/5957\/revisions"}],"predecessor-version":[{"id":25955,"href":"https:\/\/dev.niezawodneczesci.pl\/sk\/wp-json\/wp\/v2\/product\/5957\/revisions\/25955"}],"wp:featuredmedia":[{"embeddable":true,"href":"https:\/\/dev.niezawodneczesci.pl\/sk\/wp-json\/wp\/v2\/media\/7477"}],"wp:attachment":[{"href":"https:\/\/dev.niezawodneczesci.pl\/sk\/wp-json\/wp\/v2\/media?parent=5957"}],"wp:term":[{"taxonomy":"product_brand","embeddable":true,"href":"https:\/\/dev.niezawodneczesci.pl\/sk\/wp-json\/wp\/v2\/product_brand?post=5957"},{"taxonomy":"product_cat","embeddable":true,"href":"https:\/\/dev.niezawodneczesci.pl\/sk\/wp-json\/wp\/v2\/product_cat?post=5957"},{"taxonomy":"product_tag","embeddable":true,"href":"https:\/\/dev.niezawodneczesci.pl\/sk\/wp-json\/wp\/v2\/product_tag?post=5957"}],"curies":[{"name":"wp","href":"https:\/\/api.w.org\/{rel}","templated":true}]}}