{"id":5965,"date":"2021-06-16T11:53:02","date_gmt":"2021-06-16T09:53:02","guid":{"rendered":"https:\/\/niezawodneczesci.pl\/\/?post_type=product&#038;p=5965"},"modified":"2026-04-24T01:04:44","modified_gmt":"2026-04-23T23:04:44","slug":"klocki-hamulcowe-sunrich-sr0808-01-3588","status":"publish","type":"product","link":"https:\/\/dev.niezawodneczesci.pl\/sk\/produkt\/klocki-hamulcowe-sunrich-sr0808-01-3588\/","title":{"rendered":"BRZDOV\u00c9 DESTI\u010cKY SUNRICH SR0808.01-3588"},"content":{"rendered":"<p>Numer WVA<br \/>\n23716;<br \/>\n24574;<br \/>\n25054;<br \/>\n25055<\/p>\n<p>\u010c\u00edsla v\u00fdrobcov<br \/>\nGDB3588<\/p>\n<p>OE \u010d\u00edsla<br \/>\nA.B.S.: 37944<br \/>\nAISIN: BPHO-2006<br \/>\nAISIN: SN184P<br \/>\nAKRON-MAL\u00d2: 1051163<br \/>\nATE: 13046072902<br \/>\nBENDIX-AU: DB2309<br \/>\nBLUE PRINT: ADH24289<br \/>\nBORG &amp; BECK: BBP2361<br \/>\nBOSCH: 0 986 494 719<br \/>\nBOSCH: 0 986 495 359<br \/>\nBREMBO: P28070<br \/>\nBREMBO: P28070N<br \/>\nDELPHI: LP3147<br \/>\nFERODO: FDB5153<br \/>\nFREMAX: FBP-0029<br \/>\nFTE: BL2747A1<br \/>\nGIRLING: 6135882<br \/>\nHELLA: 8DB 355 020-501<br \/>\nHELLA PAGID: 8DB 355 020-501<br \/>\nHONDA: 43022-TV0-E00<br \/>\nHONDA: 43022-TV0-E01<br \/>\nICER: 182101<br \/>\nJAPANPARTS: PP225AF<br \/>\nJAPKO: 51225<br \/>\nJURID: 572588J<br \/>\nLPR: 05P2076<br \/>\nMETELLI: 22-0556-2<br \/>\nMEYLE: 025 245 7415\/W<br \/>\nMINTEX: MDB3291<br \/>\nNIPPARTS: N3614022<br \/>\nNK: 222650<br \/>\nOPEN PARTS: BPA086202<br \/>\nOPTIMAL: 12688<br \/>\nOPTIMAL: BP-12688<br \/>\nPAGID: T2193<br \/>\nREMSA: 086212<br \/>\nREMSA: 86212<br \/>\nREMY: RAP1401<br \/>\nROADHOUSE: 286212<br \/>\nTEXTAR: 2505401<br \/>\nTRISCAN: 811040068<br \/>\nVAICO: V26-0244<br \/>\nWAGNER: WBP24574A<br \/>\nWOKING: P962312<\/p>","protected":false},"excerpt":{"rendered":"<p>Numer WVA 23716; 24574; 25054; 25055 Numery producenta GDB3588 Numery OE A.B.S.: 37944 AISIN: BPHO-2006 AISIN: SN184P AKRON-MAL\u00d2: 1051163 ATE: 13046072902 BENDIX-AU: DB2309 BLUE PRINT: ADH24289 BORG &amp; BECK: BBP2361 BOSCH: 0 986 494 719 BOSCH: 0 986 495 359 BREMBO: P28070 BREMBO: P28070N DELPHI: LP3147 FERODO: FDB5153 FREMAX: FBP-0029 FTE: BL2747A1 GIRLING: 6135882 HELLA: [&hellip;]<\/p>\n","protected":false},"featured_media":18697,"template":"","meta":{"_monsterinsights_skip_tracking":false,"_monsterinsights_sitenote_active":false,"_monsterinsights_sitenote_note":"","_monsterinsights_sitenote_category":0},"product_brand":[],"product_cat":[149,447],"product_tag":[],"class_list":{"0":"post-5965","1":"product","2":"type-product","3":"status-publish","4":"has-post-thumbnail","6":"product_cat-klocki-hamulcowe","7":"product_cat-promocja","9":"first","10":"instock","11":"taxable","12":"shipping-taxable","13":"purchasable","14":"product-type-simple"},"_links":{"self":[{"href":"https:\/\/dev.niezawodneczesci.pl\/sk\/wp-json\/wp\/v2\/product\/5965","targetHints":{"allow":["GET"]}}],"collection":[{"href":"https:\/\/dev.niezawodneczesci.pl\/sk\/wp-json\/wp\/v2\/product"}],"about":[{"href":"https:\/\/dev.niezawodneczesci.pl\/sk\/wp-json\/wp\/v2\/types\/product"}],"version-history":[{"count":1,"href":"https:\/\/dev.niezawodneczesci.pl\/sk\/wp-json\/wp\/v2\/product\/5965\/revisions"}],"predecessor-version":[{"id":25953,"href":"https:\/\/dev.niezawodneczesci.pl\/sk\/wp-json\/wp\/v2\/product\/5965\/revisions\/25953"}],"wp:featuredmedia":[{"embeddable":true,"href":"https:\/\/dev.niezawodneczesci.pl\/sk\/wp-json\/wp\/v2\/media\/18697"}],"wp:attachment":[{"href":"https:\/\/dev.niezawodneczesci.pl\/sk\/wp-json\/wp\/v2\/media?parent=5965"}],"wp:term":[{"taxonomy":"product_brand","embeddable":true,"href":"https:\/\/dev.niezawodneczesci.pl\/sk\/wp-json\/wp\/v2\/product_brand?post=5965"},{"taxonomy":"product_cat","embeddable":true,"href":"https:\/\/dev.niezawodneczesci.pl\/sk\/wp-json\/wp\/v2\/product_cat?post=5965"},{"taxonomy":"product_tag","embeddable":true,"href":"https:\/\/dev.niezawodneczesci.pl\/sk\/wp-json\/wp\/v2\/product_tag?post=5965"}],"curies":[{"name":"wp","href":"https:\/\/api.w.org\/{rel}","templated":true}]}}