{"id":5973,"date":"2021-06-16T11:53:04","date_gmt":"2021-06-16T09:53:04","guid":{"rendered":"https:\/\/niezawodneczesci.pl\/\/?post_type=product&#038;p=5973"},"modified":"2026-04-24T01:04:45","modified_gmt":"2026-04-23T23:04:45","slug":"klocki-hamulcowe-sunrich-sr0762-01-3476","status":"publish","type":"product","link":"https:\/\/dev.niezawodneczesci.pl\/sk\/produkt\/klocki-hamulcowe-sunrich-sr0762-01-3476\/","title":{"rendered":"BRZDOV\u00c9 DESTI\u010cKY SUNRICH SR0762.01-3476"},"content":{"rendered":"<p>Numer WVA<br \/>\n24796,<br \/>\n24797,<br \/>\n24798<\/p>\n<p>\u010c\u00edsla v\u00fdrobcov<br \/>\nGDB3476<\/p>\n<p>OE \u010d\u00edsla<br \/>\nA.B.S.: 37720<br \/>\nA.B.S.: P28044<br \/>\nAISIN: BPHO-1007<br \/>\nAISIN: SN997P<br \/>\nAKEBONO: AN-8172WK<br \/>\nAKEBONO: AN-8172WKE<br \/>\nAKEBONO: AN-984K<br \/>\nAKRON-MAL\u00d2: 1050928<br \/>\nAPEC: PAD1692<br \/>\nAPEC: PD3255<br \/>\nASHIKA: 5004407<br \/>\nASIMCO: KD1523<br \/>\nATE: 13.0460-7291.2<br \/>\nBENDIX: 572624B<br \/>\nBENDIX-AU: DB2308<br \/>\nBLUE PRINT: ADH24284<br \/>\nBLUE PRINT: ADH24290<br \/>\nBORG &amp; BECK: BBP2076<br \/>\nBOSCH: 0 986 494 383<br \/>\nBOSCH: 0 986 TB3 092<br \/>\nBREMBO: P 28 044X<br \/>\nBREMBO: P28044<br \/>\nBREMBO: P28044N<br \/>\nBrake ENGINEERING: PA1825<br \/>\nDELPHI: LP2144<br \/>\nDON: PCP1419<br \/>\nFEBI BILSTEIN: 16791<br \/>\nFERODO: FDB4269<br \/>\nFERODO: FSL4269<br \/>\nFREMAX: FBP-1821<br \/>\nFTE: BL2577A1<br \/>\nGIRLING: 6134762<br \/>\nHELLA: 8DB 355 013-891<br \/>\nHELLA PAGID: 8DB355013891<br \/>\nHERTH+BUSS JAKOPARTS: J3604053<br \/>\nHONDA: 45022-TL1-G00<br \/>\nHONDA: 45022-TL1-G01<br \/>\nICER: 181893<br \/>\nJAPANPARTS: PA407AF<br \/>\nJURID: 572624J<br \/>\nJURID: 572624JC<br \/>\nKAWE: 1384 02<br \/>\nLPR: 05P1560<br \/>\nMAGNETI MARELLI: 323700035600<br \/>\nMAGNETI MARELLI: 363700201763<br \/>\nMAGNETI MARELLI: 363700428044<br \/>\nMAGNETI MARELLI: 363802161123<br \/>\nMAGNETI MARELLI: 363916060706<br \/>\nMAGNETI MARELLI: 600000098660<br \/>\nMETELLI: 2208660<br \/>\nMETZGER: 1170594<br \/>\nMEYLE: 025 247 9617\/W<br \/>\nMGA: 959<br \/>\nMINTEX: MDB2955<br \/>\nNIPPARTS: N3604067<br \/>\nNK: 222642<br \/>\nOPEN PARTS: BPA1384.02<br \/>\nOPTIMAL: 12366<br \/>\nOPTIMAL: BP-12366<br \/>\nPAGID: T1763<br \/>\nPEX: 7957S<br \/>\nQUINTON HAZELL: BP1658<br \/>\nQUINTON HAZELL: MBP1658<br \/>\nRAICAM: RA.0984.0<br \/>\nREMSA: 138402<br \/>\nREMY: RAP1920<br \/>\nROADHOUSE: 2138402<br \/>\nSWAG: 85916791<br \/>\nTEXTAR: 2479601<br \/>\nTRISCAN: 811040064<br \/>\nVAICO: V26-0034<br \/>\nVALEO: 601149<br \/>\nWOKING: P12843.02<br \/>\nZIMMERMANN: 247961751<br \/>\nsbs: 1501222642<\/p>","protected":false},"excerpt":{"rendered":"<p>Numer WVA 24796, 24797, 24798 Numery producenta GDB3476 Numery OE A.B.S.: 37720 A.B.S.: P28044 AISIN: BPHO-1007 AISIN: SN997P AKEBONO: AN-8172WK AKEBONO: AN-8172WKE AKEBONO: AN-984K AKRON-MAL\u00d2: 1050928 APEC: PAD1692 APEC: PD3255 ASHIKA: 5004407 ASIMCO: KD1523 ATE: 13.0460-7291.2 BENDIX: 572624B BENDIX-AU: DB2308 BLUE PRINT: ADH24284 BLUE PRINT: ADH24290 BORG &amp; BECK: BBP2076 BOSCH: 0 986 494 383 [&hellip;]<\/p>\n","protected":false},"featured_media":18647,"template":"","meta":{"_monsterinsights_skip_tracking":false,"_monsterinsights_sitenote_active":false,"_monsterinsights_sitenote_note":"","_monsterinsights_sitenote_category":0},"product_brand":[],"product_cat":[149],"product_tag":[],"class_list":{"0":"post-5973","1":"product","2":"type-product","3":"status-publish","4":"has-post-thumbnail","6":"product_cat-klocki-hamulcowe","8":"first","9":"instock","10":"taxable","11":"shipping-taxable","12":"purchasable","13":"product-type-simple"},"_links":{"self":[{"href":"https:\/\/dev.niezawodneczesci.pl\/sk\/wp-json\/wp\/v2\/product\/5973","targetHints":{"allow":["GET"]}}],"collection":[{"href":"https:\/\/dev.niezawodneczesci.pl\/sk\/wp-json\/wp\/v2\/product"}],"about":[{"href":"https:\/\/dev.niezawodneczesci.pl\/sk\/wp-json\/wp\/v2\/types\/product"}],"version-history":[{"count":1,"href":"https:\/\/dev.niezawodneczesci.pl\/sk\/wp-json\/wp\/v2\/product\/5973\/revisions"}],"predecessor-version":[{"id":25946,"href":"https:\/\/dev.niezawodneczesci.pl\/sk\/wp-json\/wp\/v2\/product\/5973\/revisions\/25946"}],"wp:featuredmedia":[{"embeddable":true,"href":"https:\/\/dev.niezawodneczesci.pl\/sk\/wp-json\/wp\/v2\/media\/18647"}],"wp:attachment":[{"href":"https:\/\/dev.niezawodneczesci.pl\/sk\/wp-json\/wp\/v2\/media?parent=5973"}],"wp:term":[{"taxonomy":"product_brand","embeddable":true,"href":"https:\/\/dev.niezawodneczesci.pl\/sk\/wp-json\/wp\/v2\/product_brand?post=5973"},{"taxonomy":"product_cat","embeddable":true,"href":"https:\/\/dev.niezawodneczesci.pl\/sk\/wp-json\/wp\/v2\/product_cat?post=5973"},{"taxonomy":"product_tag","embeddable":true,"href":"https:\/\/dev.niezawodneczesci.pl\/sk\/wp-json\/wp\/v2\/product_tag?post=5973"}],"curies":[{"name":"wp","href":"https:\/\/api.w.org\/{rel}","templated":true}]}}