{"id":5991,"date":"2021-06-16T11:53:09","date_gmt":"2021-06-16T09:53:09","guid":{"rendered":"https:\/\/niezawodneczesci.pl\/\/?post_type=product&#038;p=5991"},"modified":"2026-04-28T12:07:00","modified_gmt":"2026-04-28T10:07:00","slug":"klocki-hamulcowe-sunrich-sr0536-01-1762","status":"publish","type":"product","link":"https:\/\/dev.niezawodneczesci.pl\/sk\/produkt\/klocki-hamulcowe-sunrich-sr0536-01-1762\/","title":{"rendered":"BRZDOV\u00c9 DESTI\u010cKY SUNRICH SR0536.01-1762"},"content":{"rendered":"<p>Numer WVA<br \/>\n24332,<br \/>\n24333,<br \/>\n24334<\/p>\n<p>\u010c\u00edsla v\u00fdrobcov<br \/>\nGDB1762<\/p>\n<p>OE \u010d\u00edsla<br \/>\nAISIN: BPVW-1023<br \/>\nAPEC: PAD1653<br \/>\nATE: 13046072422<br \/>\nATE: 13047072422<br \/>\nAUDI: 5N0 698 151<br \/>\nAUDI: 5N0 698 151 A<br \/>\nAUDI: 5N0 698 151 B<br \/>\nBENDIX: 573246B<br \/>\nBENDIX-AU: DB1849<br \/>\nBLUE PRINT: ADV184208<br \/>\nBORG &amp; BECK: BBP2049<br \/>\nBOSCH: 0 986 494 372<br \/>\nBOSCH: 0 986 495 464<br \/>\nBOSCH: 0 986 TB3 154<br \/>\nBREMBO: P85112<br \/>\nBREMBO: P85130<br \/>\nDELPHI: LP2110<br \/>\nFEBI BILSTEIN: 16760<br \/>\nFERODO: FDB4057<br \/>\nFERODO: FDB4057-D<br \/>\nFERODO: FSL4057<br \/>\nFTE: BL2071A2<br \/>\nHELLA: 8DB 355 014-031<br \/>\nHELLA: 8DB 355 020-321<br \/>\nICER: 181864<br \/>\nJURID: 573246J<br \/>\nJURID: 573246JAS<br \/>\nJURID: 573246JC<br \/>\nLPR: 05P1392<br \/>\nLUCAS: LBP1857<br \/>\nMETELLI: 2206751<br \/>\nMEYLE: 025 243 3219\/PD<br \/>\nMEYLE: 025 243 3219\/W<br \/>\nMGA: 948<br \/>\nMINTEX: MDB2973<br \/>\nNK: 224795<br \/>\nOPTIMAL: 12440<br \/>\nOPTIMAL: BP-12440<br \/>\nPAGID: T1783<br \/>\nPAGID: T2293<br \/>\nPEX: 7947S<br \/>\nREMSA: 121921<br \/>\nRUVILLE: D13758486<br \/>\nSEAT: 7N0 698 151<br \/>\nSWAG: 30916760<br \/>\nTEXTAR: 2433301<br \/>\nTEXTAR: 2433304<br \/>\nTEXTAR: 2433319905<br \/>\nTEXTAR: 2433401<br \/>\nTRISCAN: 811029076<br \/>\nVALEO: 601036<br \/>\nVALEO: 604003<br \/>\nVW: 5N0 698 151<br \/>\nVW: 5N0 698 151 A<br \/>\nVW: 5N0 698 151 B<br \/>\nVW: 5N0 698 151 D<br \/>\nVW: 7N0 698 151<br \/>\nWAGNER: WBP24333A<\/p>","protected":false},"excerpt":{"rendered":"<p>Numer WVA 24332, 24333, 24334 Numery producenta GDB1762 Numery OE AISIN: BPVW-1023 APEC: PAD1653 ATE: 13046072422 ATE: 13047072422 AUDI: 5N0 698 151 AUDI: 5N0 698 151 A AUDI: 5N0 698 151 B BENDIX: 573246B BENDIX-AU: DB1849 BLUE PRINT: ADV184208 BORG &amp; BECK: BBP2049 BOSCH: 0 986 494 372 BOSCH: 0 986 495 464 BOSCH: 0 [&hellip;]<\/p>\n","protected":false},"featured_media":18434,"template":"","meta":{"_monsterinsights_skip_tracking":false,"_monsterinsights_sitenote_active":false,"_monsterinsights_sitenote_note":"","_monsterinsights_sitenote_category":0},"product_brand":[],"product_cat":[149,447],"product_tag":[],"class_list":{"0":"post-5991","1":"product","2":"type-product","3":"status-publish","4":"has-post-thumbnail","6":"product_cat-klocki-hamulcowe","7":"product_cat-promocja","9":"first","10":"instock","11":"taxable","12":"shipping-taxable","13":"product-type-simple"},"_links":{"self":[{"href":"https:\/\/dev.niezawodneczesci.pl\/sk\/wp-json\/wp\/v2\/product\/5991","targetHints":{"allow":["GET"]}}],"collection":[{"href":"https:\/\/dev.niezawodneczesci.pl\/sk\/wp-json\/wp\/v2\/product"}],"about":[{"href":"https:\/\/dev.niezawodneczesci.pl\/sk\/wp-json\/wp\/v2\/types\/product"}],"version-history":[{"count":1,"href":"https:\/\/dev.niezawodneczesci.pl\/sk\/wp-json\/wp\/v2\/product\/5991\/revisions"}],"predecessor-version":[{"id":25929,"href":"https:\/\/dev.niezawodneczesci.pl\/sk\/wp-json\/wp\/v2\/product\/5991\/revisions\/25929"}],"wp:featuredmedia":[{"embeddable":true,"href":"https:\/\/dev.niezawodneczesci.pl\/sk\/wp-json\/wp\/v2\/media\/18434"}],"wp:attachment":[{"href":"https:\/\/dev.niezawodneczesci.pl\/sk\/wp-json\/wp\/v2\/media?parent=5991"}],"wp:term":[{"taxonomy":"product_brand","embeddable":true,"href":"https:\/\/dev.niezawodneczesci.pl\/sk\/wp-json\/wp\/v2\/product_brand?post=5991"},{"taxonomy":"product_cat","embeddable":true,"href":"https:\/\/dev.niezawodneczesci.pl\/sk\/wp-json\/wp\/v2\/product_cat?post=5991"},{"taxonomy":"product_tag","embeddable":true,"href":"https:\/\/dev.niezawodneczesci.pl\/sk\/wp-json\/wp\/v2\/product_tag?post=5991"}],"curies":[{"name":"wp","href":"https:\/\/api.w.org\/{rel}","templated":true}]}}