{"id":5995,"date":"2021-06-16T11:53:10","date_gmt":"2021-06-16T09:53:10","guid":{"rendered":"https:\/\/niezawodneczesci.pl\/\/?post_type=product&#038;p=5995"},"modified":"2026-04-28T12:07:00","modified_gmt":"2026-04-28T10:07:00","slug":"klocki-hamulcowe-sunrich-sr0501-01-3424","status":"publish","type":"product","link":"https:\/\/dev.niezawodneczesci.pl\/sk\/produkt\/klocki-hamulcowe-sunrich-sr0501-01-3424\/","title":{"rendered":"BRZDOV\u00c9 DESTI\u010cKY SUNRICH SR0501.01-3424"},"content":{"rendered":"<p>Numer WVA<br \/>\n24337<\/p>\n<p>\u010c\u00edsla v\u00fdrobcov<br \/>\nGDB3424<\/p>\n<p>OE \u010d\u00edsla<br \/>\nAISIN: A1N129<br \/>\nAISIN: BPTO-1011<br \/>\nAISIN: SN135<br \/>\nAPEC: PAD1592<br \/>\nASHIKA: 5002230<br \/>\nATE: 13046057662<br \/>\nBENDIX: 572569B<br \/>\nBENDIX: DB1801<br \/>\nBENDIX-AU: DB1801<br \/>\nBORG &amp; BECK: BBP2079<br \/>\nBOSCH: 0 986 494 174<br \/>\nBOSCH: 0 986 TB2 942<br \/>\nBOSCH: F 03B 150 172<br \/>\nBREMBO: P83071<br \/>\nDELPHI: LP2003<br \/>\nE.T.F.: 121250<br \/>\nFEBI BILSTEIN: 170237<br \/>\nFERODO: FDB4136<br \/>\nFERODO: FDB4136-D<br \/>\nFERODO: FDB4136W<br \/>\nFERODO: FSL4136<br \/>\nFREMAX: FBP-1568<br \/>\nGIRLING: 6134249<br \/>\nHELLA: 8DB 355 006-871<br \/>\nHERTH+BUSS JAKOPARTS: J3602124<br \/>\nICER: 181762<br \/>\nJAPANPARTS: PA230AF<br \/>\nJURID: 572569J<br \/>\nKBP: BP9115<br \/>\nLPR: 05P1282<br \/>\nMAGNETI MARELLI: 363702161470<br \/>\nMETELLI: 2207480<br \/>\nMETZGER: 123400<br \/>\nMEYLE: 025 243 3717<br \/>\nMGA: 836<br \/>\nMINTEX: MDB2786<br \/>\nMK Kashiyama: D2268<br \/>\nNIPPARTS: J3602120<br \/>\nNK: 224575<br \/>\nOPTIMAL: 12312<br \/>\nOPTIMAL: BP-12312<br \/>\nPAGID: T1581<br \/>\nPEX: 7908S<br \/>\nQH Benelux: 7788<br \/>\nREMSA: 123400<br \/>\nREMY: RAP1398<br \/>\nRUVILLE: D12118331<br \/>\nTEXTAR: 2433701<br \/>\nTEXTAR: 2433704<br \/>\nTOYOTA: 04465-02230<br \/>\nTOYOTA: 04465-42140<br \/>\nTOYOTA: 04465-42150<br \/>\nTOYOTA: 04465-42180<br \/>\nTOYOTA: 04465-42190<br \/>\nTOYOTA: 04465-YZZDY<br \/>\nTRISCAN: 811013068<br \/>\nVALEO: 601037<br \/>\nWAGNER: WBP24337A<br \/>\nWOKING: P1334300<br \/>\nZIMMERMANN: 243371751<br \/>\nsbs: 224575<\/p>","protected":false},"excerpt":{"rendered":"<p>Numer WVA 24337 Numery producenta GDB3424 Numery OE AISIN: A1N129 AISIN: BPTO-1011 AISIN: SN135 APEC: PAD1592 ASHIKA: 5002230 ATE: 13046057662 BENDIX: 572569B BENDIX: DB1801 BENDIX-AU: DB1801 BORG &amp; BECK: BBP2079 BOSCH: 0 986 494 174 BOSCH: 0 986 TB2 942 BOSCH: F 03B 150 172 BREMBO: P83071 DELPHI: LP2003 E.T.F.: 121250 FEBI BILSTEIN: 170237 FERODO: [&hellip;]<\/p>\n","protected":false},"featured_media":18400,"template":"","meta":{"_monsterinsights_skip_tracking":false,"_monsterinsights_sitenote_active":false,"_monsterinsights_sitenote_note":"","_monsterinsights_sitenote_category":0},"product_brand":[],"product_cat":[149],"product_tag":[],"class_list":{"0":"post-5995","1":"product","2":"type-product","3":"status-publish","4":"has-post-thumbnail","6":"product_cat-klocki-hamulcowe","8":"first","9":"instock","10":"taxable","11":"shipping-taxable","12":"purchasable","13":"product-type-simple"},"_links":{"self":[{"href":"https:\/\/dev.niezawodneczesci.pl\/sk\/wp-json\/wp\/v2\/product\/5995","targetHints":{"allow":["GET"]}}],"collection":[{"href":"https:\/\/dev.niezawodneczesci.pl\/sk\/wp-json\/wp\/v2\/product"}],"about":[{"href":"https:\/\/dev.niezawodneczesci.pl\/sk\/wp-json\/wp\/v2\/types\/product"}],"version-history":[{"count":1,"href":"https:\/\/dev.niezawodneczesci.pl\/sk\/wp-json\/wp\/v2\/product\/5995\/revisions"}],"predecessor-version":[{"id":25924,"href":"https:\/\/dev.niezawodneczesci.pl\/sk\/wp-json\/wp\/v2\/product\/5995\/revisions\/25924"}],"wp:featuredmedia":[{"embeddable":true,"href":"https:\/\/dev.niezawodneczesci.pl\/sk\/wp-json\/wp\/v2\/media\/18400"}],"wp:attachment":[{"href":"https:\/\/dev.niezawodneczesci.pl\/sk\/wp-json\/wp\/v2\/media?parent=5995"}],"wp:term":[{"taxonomy":"product_brand","embeddable":true,"href":"https:\/\/dev.niezawodneczesci.pl\/sk\/wp-json\/wp\/v2\/product_brand?post=5995"},{"taxonomy":"product_cat","embeddable":true,"href":"https:\/\/dev.niezawodneczesci.pl\/sk\/wp-json\/wp\/v2\/product_cat?post=5995"},{"taxonomy":"product_tag","embeddable":true,"href":"https:\/\/dev.niezawodneczesci.pl\/sk\/wp-json\/wp\/v2\/product_tag?post=5995"}],"curies":[{"name":"wp","href":"https:\/\/api.w.org\/{rel}","templated":true}]}}