{"id":6008,"date":"2021-06-16T11:53:14","date_gmt":"2021-06-16T09:53:14","guid":{"rendered":"https:\/\/niezawodneczesci.pl\/\/?post_type=product&#038;p=6008"},"modified":"2026-04-28T12:07:00","modified_gmt":"2026-04-28T10:07:00","slug":"klocki-hamulcowe-sunrich-sr0276-01-1535","status":"publish","type":"product","link":"https:\/\/dev.niezawodneczesci.pl\/sk\/produkt\/klocki-hamulcowe-sunrich-sr0276-01-1535\/","title":{"rendered":"BRZDOV\u00c9 DESTI\u010cKY SUNRICH SR0276.01-1535"},"content":{"rendered":"<p>Numer WVA<\/p>\n<p>29123<\/p>\n<p>&nbsp;<\/p>\n<p>\u010c\u00edsla v\u00fdrobcov<br \/>\n0 986 424 750<\/p>\n<p>OE \u010d\u00edsla<br \/>\nATE: 13 0460 4996 2<br \/>\nATE: 604996<br \/>\nBREMBO: P A6 023<br \/>\nDELPHI: LP1826<br \/>\nFERODO: FVR1405<br \/>\nFERODO: FVR4140<br \/>\nFORD: 1501265<br \/>\nFORD: 8C1V 2M008-AA<br \/>\nGIRLING: 6115352<br \/>\nHELLA: 8DB 355 005-381<br \/>\nHELLA: 8DB 355 005-421<br \/>\nIVECO: 2991667<br \/>\nIVECO: 42470841<br \/>\nIVECO: 42555406<br \/>\nIVECO: 42560080<br \/>\nIVECO: 42561101<br \/>\nIVECO: 42561102<br \/>\nIVECO: 42576680<br \/>\nMINTEX: MDB2282<br \/>\nPAGID: C 4064<br \/>\nREMSA: 849.00<br \/>\nROADHOUSE: 2849.00<br \/>\nTEXTAR: 29123 203 0 4<br \/>\nTRW: GDB1535<br \/>\nVALEO: 541705<br \/>\nVALEO: 597438<br \/>\nsbs: 1501222368<\/p>","protected":false},"excerpt":{"rendered":"<p>Numer WVA 29123 &nbsp; Numery producenta 0 986 424 750 Numery OE ATE: 13 0460 4996 2 ATE: 604996 BREMBO: P A6 023 DELPHI: LP1826 FERODO: FVR1405 FERODO: FVR4140 FORD: 1501265 FORD: 8C1V 2M008-AA GIRLING: 6115352 HELLA: 8DB 355 005-381 HELLA: 8DB 355 005-421 IVECO: 2991667 IVECO: 42470841 IVECO: 42555406 IVECO: 42560080 IVECO: 42561101 IVECO: [&hellip;]<\/p>\n","protected":false},"featured_media":19126,"template":"","meta":{"_monsterinsights_skip_tracking":false,"_monsterinsights_sitenote_active":false,"_monsterinsights_sitenote_note":"","_monsterinsights_sitenote_category":0},"product_brand":[],"product_cat":[149],"product_tag":[],"class_list":{"0":"post-6008","1":"product","2":"type-product","3":"status-publish","4":"has-post-thumbnail","6":"product_cat-klocki-hamulcowe","8":"first","9":"instock","10":"taxable","11":"shipping-taxable","12":"purchasable","13":"product-type-simple"},"_links":{"self":[{"href":"https:\/\/dev.niezawodneczesci.pl\/sk\/wp-json\/wp\/v2\/product\/6008","targetHints":{"allow":["GET"]}}],"collection":[{"href":"https:\/\/dev.niezawodneczesci.pl\/sk\/wp-json\/wp\/v2\/product"}],"about":[{"href":"https:\/\/dev.niezawodneczesci.pl\/sk\/wp-json\/wp\/v2\/types\/product"}],"version-history":[{"count":1,"href":"https:\/\/dev.niezawodneczesci.pl\/sk\/wp-json\/wp\/v2\/product\/6008\/revisions"}],"predecessor-version":[{"id":23949,"href":"https:\/\/dev.niezawodneczesci.pl\/sk\/wp-json\/wp\/v2\/product\/6008\/revisions\/23949"}],"wp:featuredmedia":[{"embeddable":true,"href":"https:\/\/dev.niezawodneczesci.pl\/sk\/wp-json\/wp\/v2\/media\/19126"}],"wp:attachment":[{"href":"https:\/\/dev.niezawodneczesci.pl\/sk\/wp-json\/wp\/v2\/media?parent=6008"}],"wp:term":[{"taxonomy":"product_brand","embeddable":true,"href":"https:\/\/dev.niezawodneczesci.pl\/sk\/wp-json\/wp\/v2\/product_brand?post=6008"},{"taxonomy":"product_cat","embeddable":true,"href":"https:\/\/dev.niezawodneczesci.pl\/sk\/wp-json\/wp\/v2\/product_cat?post=6008"},{"taxonomy":"product_tag","embeddable":true,"href":"https:\/\/dev.niezawodneczesci.pl\/sk\/wp-json\/wp\/v2\/product_tag?post=6008"}],"curies":[{"name":"wp","href":"https:\/\/api.w.org\/{rel}","templated":true}]}}