{"id":6010,"date":"2021-06-16T11:53:14","date_gmt":"2021-06-16T09:53:14","guid":{"rendered":"https:\/\/niezawodneczesci.pl\/\/?post_type=product&#038;p=6010"},"modified":"2026-04-28T12:07:00","modified_gmt":"2026-04-28T10:07:00","slug":"klocki-hamulcowe-sunrich-sr0024-02-3438","status":"publish","type":"product","link":"https:\/\/dev.niezawodneczesci.pl\/sk\/produkt\/klocki-hamulcowe-sunrich-sr0024-02-3438\/","title":{"rendered":"BRZDOV\u00c9 DESTI\u010cKY SUNRICH SR0024.02-3438"},"content":{"rendered":"<p>Numer WVA<br \/>\n24231<br \/>\n24232<br \/>\n24233<\/p>\n<p>\u010c\u00edsla v\u00fdrobcov<br \/>\nGDB3438<\/p>\n<p>OE \u010d\u00edsla<br \/>\nACURA: 43022-SXS-000<br \/>\nAISIN: BPHO-2001<br \/>\nAPEC: PAD1066<br \/>\nATE: 13046057112<br \/>\nBENDIX: 572544B<br \/>\nBENDIX: DB1728<br \/>\nBENDIX-AU: DB1728<br \/>\nBLUE PRINT: ADH24280<br \/>\nBORG &amp; BECK: BBP1656<br \/>\nBORG &amp; BECK: BBP1985<br \/>\nBOSCH: 0 986 461 006<br \/>\nBOSCH: 0 986 494 233<br \/>\nBOSCH: 0 986 505 401<br \/>\nBOSCH: 0 986 505 957<br \/>\nBOSCH: 0 986 AB2 173<br \/>\nBOSCH: 0 986 AB2 206<br \/>\nBOSCH: 0 986 AB2 385<br \/>\nBOSCH: 0 986 AB2 663<br \/>\nBOSCH: 0 986 AB3 965<br \/>\nBOSCH: 0 986 TB2 182<br \/>\nBOSCH: 0 986 TB2 985<br \/>\nBOSCH: 0 986 TB3 039<br \/>\nBOSCH: F 03B 150 018<br \/>\nBREMBO: P28051<br \/>\nBREMBO: P28061<br \/>\nDELPHI: LP1507<br \/>\nDELPHI: LP1972<br \/>\nFERODO: FDB4227<br \/>\nFERODO: FSL4227<br \/>\nFIRST LINE: FBP3282<br \/>\nFTE: BL1807A2<br \/>\nFTE: BL1978A2<br \/>\nGIRLING: 6134389<br \/>\nHELLA: 8DB 355 012-061<br \/>\nHELLA: 8DB 355 020-021<br \/>\nHERTH+BUSS JAKOPARTS: J3614009<br \/>\nHONDA: 06430-S9A-000<br \/>\nHONDA: 06430-S9A-010<br \/>\nHONDA: 06430-S9A-E00<br \/>\nHONDA: 06430-SJF-E00<br \/>\nHONDA: 43022-S9A-000<br \/>\nHONDA: 43022-S9A-010<br \/>\nHONDA: 43022-S9A-E00<br \/>\nHONDA: 43022-SJF-E00<br \/>\nHONDA: 43022-SXS-000<br \/>\nHONDA: 43022-TL0-G50<br \/>\nHONDA: 43022-TL0-G51<br \/>\nHONDA: 43022-TL0-G52<br \/>\nHONDA: 43022-TP6-A00<br \/>\nJURID: 572544J<br \/>\nLPR: 05P1404<br \/>\nMETELLI: 2201731<br \/>\nMETZGER: 032552<br \/>\nMEYLE: 025 242 3114\/W<br \/>\nMINTEX: MDB2710<br \/>\nMINTEX: MDB2959<br \/>\nMK Kashiyama: D5066M<br \/>\nNK: 222634<br \/>\nNK: 222647<br \/>\nPAGID: T1521<br \/>\nPAGID: T1767<br \/>\nQH Benelux: 7783<br \/>\nQUINTON HAZELL: BP1181<br \/>\nQUINTON HAZELL: BP1590<br \/>\nREMSA: 032504<br \/>\nREMSA: 032552<br \/>\nREMSA: 098700<br \/>\nREMSA: 32504<br \/>\nREMSA: 32505<br \/>\nREMSA: 32552<br \/>\nREMSA: 98700<br \/>\nRUVILLE: D10867418<br \/>\nTEXTAR: 2365201<br \/>\nTEXTAR: 2365204<br \/>\nTEXTAR: 2423101<br \/>\nTEXTAR: 2423105<br \/>\nTEXTAR: 2423114905<br \/>\nTEXTAR: 2443401<br \/>\nTEXTAR: 2443402<br \/>\nTRISCAN: 811040014<br \/>\nVALEO: 601043<br \/>\nVALEO: 606456<br \/>\nWAGNER: WBP24434A<br \/>\nZIMMERMANN: 242311501<\/p>","protected":false},"excerpt":{"rendered":"<p>Numer WVA 24231 24232 24233 Numery producenta GDB3438 Numery OE ACURA: 43022-SXS-000 AISIN: BPHO-2001 APEC: PAD1066 ATE: 13046057112 BENDIX: 572544B BENDIX: DB1728 BENDIX-AU: DB1728 BLUE PRINT: ADH24280 BORG &amp; BECK: BBP1656 BORG &amp; BECK: BBP1985 BOSCH: 0 986 461 006 BOSCH: 0 986 494 233 BOSCH: 0 986 505 401 BOSCH: 0 986 505 957 [&hellip;]<\/p>\n","protected":false},"featured_media":18216,"template":"","meta":{"_monsterinsights_skip_tracking":false,"_monsterinsights_sitenote_active":false,"_monsterinsights_sitenote_note":"","_monsterinsights_sitenote_category":0},"product_brand":[],"product_cat":[149],"product_tag":[],"class_list":{"0":"post-6010","1":"product","2":"type-product","3":"status-publish","4":"has-post-thumbnail","6":"product_cat-klocki-hamulcowe","8":"first","9":"instock","10":"taxable","11":"shipping-taxable","12":"purchasable","13":"product-type-simple"},"_links":{"self":[{"href":"https:\/\/dev.niezawodneczesci.pl\/sk\/wp-json\/wp\/v2\/product\/6010","targetHints":{"allow":["GET"]}}],"collection":[{"href":"https:\/\/dev.niezawodneczesci.pl\/sk\/wp-json\/wp\/v2\/product"}],"about":[{"href":"https:\/\/dev.niezawodneczesci.pl\/sk\/wp-json\/wp\/v2\/types\/product"}],"version-history":[{"count":1,"href":"https:\/\/dev.niezawodneczesci.pl\/sk\/wp-json\/wp\/v2\/product\/6010\/revisions"}],"predecessor-version":[{"id":25911,"href":"https:\/\/dev.niezawodneczesci.pl\/sk\/wp-json\/wp\/v2\/product\/6010\/revisions\/25911"}],"wp:featuredmedia":[{"embeddable":true,"href":"https:\/\/dev.niezawodneczesci.pl\/sk\/wp-json\/wp\/v2\/media\/18216"}],"wp:attachment":[{"href":"https:\/\/dev.niezawodneczesci.pl\/sk\/wp-json\/wp\/v2\/media?parent=6010"}],"wp:term":[{"taxonomy":"product_brand","embeddable":true,"href":"https:\/\/dev.niezawodneczesci.pl\/sk\/wp-json\/wp\/v2\/product_brand?post=6010"},{"taxonomy":"product_cat","embeddable":true,"href":"https:\/\/dev.niezawodneczesci.pl\/sk\/wp-json\/wp\/v2\/product_cat?post=6010"},{"taxonomy":"product_tag","embeddable":true,"href":"https:\/\/dev.niezawodneczesci.pl\/sk\/wp-json\/wp\/v2\/product_tag?post=6010"}],"curies":[{"name":"wp","href":"https:\/\/api.w.org\/{rel}","templated":true}]}}