{"id":6030,"date":"2021-06-16T11:53:18","date_gmt":"2021-06-16T09:53:18","guid":{"rendered":"https:\/\/niezawodneczesci.pl\/\/?post_type=product&#038;p=6030"},"modified":"2026-04-28T12:06:59","modified_gmt":"2026-04-28T10:06:59","slug":"klocki-hamulcowe-sunrich-przod-sr0694-01-1696","status":"publish","type":"product","link":"https:\/\/dev.niezawodneczesci.pl\/sk\/produkt\/klocki-hamulcowe-sunrich-przod-sr0694-01-1696\/","title":{"rendered":"BRZDOV\u00c9 DESTI\u010cKY SUNRICH SR0694.01-1696"},"content":{"rendered":"<p>Numer WVA<br \/>\n29200<\/p>\n<p>\u010c\u00edsla v\u00fdrobcov<br \/>\nGDB1696<\/p>\n<p>OE \u010d\u00edsla<br \/>\nA.B.S.: 37552<br \/>\nAPEC: PAD1514<br \/>\nATE: 13046048272<br \/>\nBENDIX: 573509B<br \/>\nBENDIX: DB1794<br \/>\nBENDIX: DB1974<br \/>\nBORG &amp; BECK: BBP2147<br \/>\nBOSCH: 0 986 494 194<br \/>\nBOSCH: 0 986 495 107<br \/>\nBOSCH: 0 986 TB2 946<br \/>\nBREMBO: P50059<br \/>\nBrake ENGINEERING: PA1703<br \/>\nDELPHI: LP1981<br \/>\nE.T.F.: 121290<br \/>\nFEBI BILSTEIN: 16753<br \/>\nFERODO: FSL1777<br \/>\nFERODO: FVR1777<br \/>\nFERODO: FVR4470<br \/>\nFIRST LINE: FBP3791<br \/>\nFTE: BL2012A4<br \/>\nGIRLING: 6116969<br \/>\nHELLA: 8DB 355 005-531<br \/>\nICER: 141785<br \/>\nJURID: 2920009560<br \/>\nLPR: 05P1295<br \/>\nLPR: 05P1295K<br \/>\nMAGNETI MARELLI: 363702161472<br \/>\nMAPCO: 6797<br \/>\nMERCEDES-BENZ: 004 420 68 20<br \/>\nMERCEDES-BENZ: 004 420 82 20<br \/>\nMERCEDES-BENZ: 004420822027<br \/>\nMERCEDES-BENZ: 005 420 53 20<br \/>\nMERCEDES-BENZ: 442 082 20 27<br \/>\nMERCEDES-BENZ: A 004 420 68 20<br \/>\nMERCEDES-BENZ: A 004 420 82 20<br \/>\nMERCEDES-BENZ: A 005 420 53 20<br \/>\nMERCEDES-BENZ: A 442 082 20 27<br \/>\nMERCEDES-BENZ: A004420822027<br \/>\nMETELLI: 2206730<br \/>\nMETZGER: 124300<br \/>\nMETZGER: 124380<br \/>\nMEYLE: 025 292 0020<br \/>\nMEYLE: 025 292 0020\/PD<br \/>\nMINTEX: MDB2804<br \/>\nNECTO: FD7580V<br \/>\nNK: 223364<br \/>\nPAGID: C6026<br \/>\nPEX: 7820<br \/>\nPEX: 7820S<br \/>\nQH Benelux: 7798<br \/>\nQUINTON HAZELL: BP1554<br \/>\nREMSA: 124300<br \/>\nRUVILLE: D12688383<br \/>\nST-TEMPLIN: 031208700155<br \/>\nSWAG: 10916753<br \/>\nTEXTAR: 2920001<br \/>\nTEXTAR: 2920002<br \/>\nTEXTAR: 2920020714<br \/>\nTEXTAR: 2920020714T3035<br \/>\nTEXTAR: 2920020924T3036<br \/>\nTEXTAR: 2920070<br \/>\nTRISCAN: 811010560<br \/>\nTRUCKTEC AUTOMOTIVE: 0235201<br \/>\nTRUSTING: 6890<br \/>\nVALEO: 301881<br \/>\nVALEO: 598881<br \/>\nVALEO: 872200<br \/>\nVW: 2E0 698 151 A<br \/>\nVW: 2E0 698 151 C<br \/>\nVW: 2E0 698 151 F<br \/>\nWAGNER: WBP29200A<br \/>\nZIMMERMANN: 292002051<br \/>\nsbs: 223364<\/p>","protected":false},"excerpt":{"rendered":"<p>Numer WVA 29200 Numery producenta GDB1696 Numery OE A.B.S.: 37552 APEC: PAD1514 ATE: 13046048272 BENDIX: 573509B BENDIX: DB1794 BENDIX: DB1974 BORG &amp; BECK: BBP2147 BOSCH: 0 986 494 194 BOSCH: 0 986 495 107 BOSCH: 0 986 TB2 946 BREMBO: P50059 Brake ENGINEERING: PA1703 DELPHI: LP1981 E.T.F.: 121290 FEBI BILSTEIN: 16753 FERODO: FSL1777 FERODO: FVR1777 [&hellip;]<\/p>\n","protected":false},"featured_media":19473,"template":"","meta":{"_monsterinsights_skip_tracking":false,"_monsterinsights_sitenote_active":false,"_monsterinsights_sitenote_note":"","_monsterinsights_sitenote_category":0},"product_brand":[],"product_cat":[149],"product_tag":[],"class_list":{"0":"post-6030","1":"product","2":"type-product","3":"status-publish","4":"has-post-thumbnail","6":"product_cat-klocki-hamulcowe","8":"first","9":"instock","10":"taxable","11":"shipping-taxable","12":"purchasable","13":"product-type-simple"},"_links":{"self":[{"href":"https:\/\/dev.niezawodneczesci.pl\/sk\/wp-json\/wp\/v2\/product\/6030","targetHints":{"allow":["GET"]}}],"collection":[{"href":"https:\/\/dev.niezawodneczesci.pl\/sk\/wp-json\/wp\/v2\/product"}],"about":[{"href":"https:\/\/dev.niezawodneczesci.pl\/sk\/wp-json\/wp\/v2\/types\/product"}],"version-history":[{"count":1,"href":"https:\/\/dev.niezawodneczesci.pl\/sk\/wp-json\/wp\/v2\/product\/6030\/revisions"}],"predecessor-version":[{"id":25895,"href":"https:\/\/dev.niezawodneczesci.pl\/sk\/wp-json\/wp\/v2\/product\/6030\/revisions\/25895"}],"wp:featuredmedia":[{"embeddable":true,"href":"https:\/\/dev.niezawodneczesci.pl\/sk\/wp-json\/wp\/v2\/media\/19473"}],"wp:attachment":[{"href":"https:\/\/dev.niezawodneczesci.pl\/sk\/wp-json\/wp\/v2\/media?parent=6030"}],"wp:term":[{"taxonomy":"product_brand","embeddable":true,"href":"https:\/\/dev.niezawodneczesci.pl\/sk\/wp-json\/wp\/v2\/product_brand?post=6030"},{"taxonomy":"product_cat","embeddable":true,"href":"https:\/\/dev.niezawodneczesci.pl\/sk\/wp-json\/wp\/v2\/product_cat?post=6030"},{"taxonomy":"product_tag","embeddable":true,"href":"https:\/\/dev.niezawodneczesci.pl\/sk\/wp-json\/wp\/v2\/product_tag?post=6030"}],"curies":[{"name":"wp","href":"https:\/\/api.w.org\/{rel}","templated":true}]}}