{"id":6033,"date":"2021-06-16T11:53:19","date_gmt":"2021-06-16T09:53:19","guid":{"rendered":"https:\/\/niezawodneczesci.pl\/\/?post_type=product&#038;p=6033"},"modified":"2026-04-28T12:06:59","modified_gmt":"2026-04-28T10:06:59","slug":"klocki-hamulcowe-sunrich-przod-sr0647-02-1424","status":"publish","type":"product","link":"https:\/\/dev.niezawodneczesci.pl\/sk\/produkt\/klocki-hamulcowe-sunrich-przod-sr0647-02-1424\/","title":{"rendered":"BRZDOV\u00c9 DESTI\u010cKY SUNRICH SR0647.02-1424"},"content":{"rendered":"<p>Numer WVA<br \/>\n23577,<br \/>\n23578,<br \/>\n23579,<br \/>\n23580<\/p>\n<p>\u010c\u00edsla v\u00fdrobcov<br \/>\nGDB1424<\/p>\n<p>OE \u010d\u00edsla<br \/>\nA.B.S.: 37294<br \/>\nA.B.S.: 37294OE<br \/>\nABEX: AVR115<br \/>\nACDelco: AC601181D<br \/>\nAPEC: PAD1167<br \/>\nASIMCO: KD6791<br \/>\nATE: 13046039932<br \/>\nBENDIX: 573015B<br \/>\nBENDIX-AU: DB1436<br \/>\nBORG &amp; BECK: BBP1626<br \/>\nBOSCH: 0 986 424 691<br \/>\nBOSCH: 0 986 494 047<br \/>\nBOSCH: 0 986 TB2 049<br \/>\nBREMBO: P24052<br \/>\nBrake ENGINEERING: PA1262<br \/>\nDELPHI: LP1582<br \/>\nDITAS: DFB2424<br \/>\nE.T.F.: 120887<br \/>\nE.T.F.: 121010<br \/>\nFEBI BILSTEIN: 16425<br \/>\nFERODO: FDB1381<br \/>\nFERODO: FSL1381<br \/>\nFERODO: FVR1381<br \/>\nFERODO: TAR1381<br \/>\nFIRST LINE: FBP3251<br \/>\nFORD: 04053306<br \/>\nFORD: 4077636<br \/>\nFORD: YC15-2K021-AC<br \/>\nFTE: BL1769A4<br \/>\nGALFER: B1G10205972<br \/>\nGIRLING: 6114244<br \/>\nICER: 141367<br \/>\nICER: 141367701<br \/>\nJP GROUP: DP703<br \/>\nJURID: 573015D<br \/>\nJURID: 573015J<br \/>\nKAWE: 81401<br \/>\nLEMF\u00d6RDER: 26467<br \/>\nLPR: 05P775<br \/>\nMAGNETI MARELLI: 363702161217<br \/>\nMAPCO: 6540<br \/>\nMETELLI: 2203200<br \/>\nMETZGER: 077202<br \/>\nMEYLE: 025 235 7718\/PD<br \/>\nMEYLE: 025 235 7718\/W<br \/>\nMGA: 523<br \/>\nMINTEX: MDB2061<br \/>\nMINTEX: MDK0117<br \/>\nNECTO: FD6848N<br \/>\nNECTO: FD6848V<br \/>\nNK: 222559<br \/>\nPAGID: T9098<br \/>\nPEX: 7552<br \/>\nPEX: 7552S<br \/>\nQH Benelux: 7292<br \/>\nQUINTON HAZELL: BP1244<br \/>\nRAMEDER: T0610844<br \/>\nREMSA: 077202<br \/>\nREMSA: 77202<br \/>\nROULUNDS RUBBER: 601181<br \/>\nSCT &#8211; MANNOL: SP281<br \/>\nSPIDAN: 32822<br \/>\nSWAG: 50916425<br \/>\nTEXTAR: 2357701<br \/>\nTEXTAR: 2357718515<br \/>\nTRISCAN: 811016007<br \/>\nTRUSTING: 3290<br \/>\nVALEO: 301432<br \/>\nVALEO: 597318<br \/>\nVALEO: 598432<br \/>\nWAGNER: WBP23434A<br \/>\nZIMMERMANN: 234341851<br \/>\nfri.tech.: 3290<br \/>\nsbs: 222559<\/p>","protected":false},"excerpt":{"rendered":"<p>Numer WVA 23577, 23578, 23579, 23580 Numery producenta GDB1424 Numery OE A.B.S.: 37294 A.B.S.: 37294OE ABEX: AVR115 ACDelco: AC601181D APEC: PAD1167 ASIMCO: KD6791 ATE: 13046039932 BENDIX: 573015B BENDIX-AU: DB1436 BORG &amp; BECK: BBP1626 BOSCH: 0 986 424 691 BOSCH: 0 986 494 047 BOSCH: 0 986 TB2 049 BREMBO: P24052 Brake ENGINEERING: PA1262 DELPHI: LP1582 [&hellip;]<\/p>\n","protected":false},"featured_media":19476,"template":"","meta":{"_monsterinsights_skip_tracking":false,"_monsterinsights_sitenote_active":false,"_monsterinsights_sitenote_note":"","_monsterinsights_sitenote_category":0},"product_brand":[],"product_cat":[149,447],"product_tag":[],"class_list":{"0":"post-6033","1":"product","2":"type-product","3":"status-publish","4":"has-post-thumbnail","6":"product_cat-klocki-hamulcowe","7":"product_cat-promocja","9":"first","10":"instock","11":"sale","12":"taxable","13":"shipping-taxable","14":"purchasable","15":"product-type-simple"},"_links":{"self":[{"href":"https:\/\/dev.niezawodneczesci.pl\/sk\/wp-json\/wp\/v2\/product\/6033","targetHints":{"allow":["GET"]}}],"collection":[{"href":"https:\/\/dev.niezawodneczesci.pl\/sk\/wp-json\/wp\/v2\/product"}],"about":[{"href":"https:\/\/dev.niezawodneczesci.pl\/sk\/wp-json\/wp\/v2\/types\/product"}],"version-history":[{"count":1,"href":"https:\/\/dev.niezawodneczesci.pl\/sk\/wp-json\/wp\/v2\/product\/6033\/revisions"}],"predecessor-version":[{"id":25892,"href":"https:\/\/dev.niezawodneczesci.pl\/sk\/wp-json\/wp\/v2\/product\/6033\/revisions\/25892"}],"wp:featuredmedia":[{"embeddable":true,"href":"https:\/\/dev.niezawodneczesci.pl\/sk\/wp-json\/wp\/v2\/media\/19476"}],"wp:attachment":[{"href":"https:\/\/dev.niezawodneczesci.pl\/sk\/wp-json\/wp\/v2\/media?parent=6033"}],"wp:term":[{"taxonomy":"product_brand","embeddable":true,"href":"https:\/\/dev.niezawodneczesci.pl\/sk\/wp-json\/wp\/v2\/product_brand?post=6033"},{"taxonomy":"product_cat","embeddable":true,"href":"https:\/\/dev.niezawodneczesci.pl\/sk\/wp-json\/wp\/v2\/product_cat?post=6033"},{"taxonomy":"product_tag","embeddable":true,"href":"https:\/\/dev.niezawodneczesci.pl\/sk\/wp-json\/wp\/v2\/product_tag?post=6033"}],"curies":[{"name":"wp","href":"https:\/\/api.w.org\/{rel}","templated":true}]}}