{"id":6043,"date":"2021-06-16T11:53:23","date_gmt":"2021-06-16T09:53:23","guid":{"rendered":"https:\/\/niezawodneczesci.pl\/\/?post_type=product&#038;p=6043"},"modified":"2026-04-28T12:06:59","modified_gmt":"2026-04-28T10:06:59","slug":"klocki-hamulcowe-sunrich-przod-sr0640-01-1049","status":"publish","type":"product","link":"https:\/\/dev.niezawodneczesci.pl\/sk\/produkt\/klocki-hamulcowe-sunrich-przod-sr0640-01-1049\/","title":{"rendered":"BRZDOV\u00c9 DESTI\u010cKY SUNRICH PREDN\u00c9 SR0640.01-1049"},"content":{"rendered":"<p>Numer WVA<br \/>\n20676<br \/>\n20678<\/p>\n<p>\u010c\u00edsla v\u00fdrobcov<br \/>\nGDB1049<\/p>\n<p>OE \u010d\u00edsla<br \/>\nA.B.S.: 36773<br \/>\nA.B.S.: 36773OE<br \/>\nACDelco: AC495781D<br \/>\nAPEC: PAD789<br \/>\nATE: 13046070502<br \/>\nATE: 13046371102<br \/>\nATE: 13047071102<br \/>\nAUDI: 441 615 105 AA<br \/>\nAUDI: 441 615 106 AA<br \/>\nAUDI: 4A0 698 151<br \/>\nAUDI: 4A0 698 151 A<br \/>\nAUDI: 4A0 698 151 C<br \/>\nAUDI: 4A0 698 151 D<br \/>\nAUDI: 4B0 698 151 A<br \/>\nAUDI: 4D0 698 151<br \/>\nAUDI: 4D0 698 151 D<br \/>\nAUTOMEGA: 3069801514A0C<br \/>\nBENDIX: 571512B<br \/>\nBENDIX: 571982B<br \/>\nBENDIX-AU: DB1404<br \/>\nBORG &amp; BECK: BBP1392<br \/>\nBORG &amp; BECK: BBP1447<br \/>\nBORG &amp; BECK: BBP1460<br \/>\nBORG &amp; BECK: BBP1577<br \/>\nBORG &amp; BECK: BBP1647<br \/>\nBOSCH: 0 986 424 482<br \/>\nBOSCH: 0 986 460 937<br \/>\nBOSCH: 0 986 495 024<br \/>\nBOSCH: 0 986 495 232<br \/>\nBOSCH: 0 986 TB2 213<br \/>\nBOSCH: 986460937<br \/>\nBREMBO: P85026<br \/>\nBREMBO: P85037<br \/>\nDELPHI: LP0784<br \/>\nDELPHI: LP1672<br \/>\nDELPHI: LP784<br \/>\nE.T.F.: 120516<br \/>\nFEBI BILSTEIN: 16058<br \/>\nFERODO: FDB1323<br \/>\nFERODO: FDB590<br \/>\nFERODO: FDS1323<br \/>\nFERODO: FQT1323<br \/>\nFERODO: FSL1323<br \/>\nFERODO: FSL590<br \/>\nFERODO: TAR1323<br \/>\nFERODO: TAR590<br \/>\nFIRST LINE: FBP3007<br \/>\nFIRST LINE: FBP3077<br \/>\nFTE: BL1126A2<br \/>\nFTE: BL1617A4<br \/>\nGALFER: B1G10203112<br \/>\nGALFER: B1G10203132<br \/>\nGIRLING: 6110492<br \/>\nHELLA: 8DB 355 007-461<br \/>\nHELLA: 8DB 355 008-411<br \/>\nHERZOG GERMANY: 886773<br \/>\nICER: 180808<br \/>\nICER: 181362<br \/>\nJP GROUP: 698520001ALT<br \/>\nJURID: 571512J<br \/>\nJURID: 571871J<br \/>\nJURID: 571982D<br \/>\nJURID: 571982J<br \/>\nJURID: 571983J<br \/>\nJURID: 571983JC<br \/>\nKAGER: 350217<br \/>\nKAWE: 80957<br \/>\nLEMF\u00d6RDER: 20645 05<br \/>\nLEMF\u00d6RDER: 24821 04<br \/>\nLPR: 05P453<br \/>\nLPR: 05P790<br \/>\nLUCAS: LBP1144<br \/>\nMAGNETI MARELLI: 363702160311<br \/>\nMAGNETI MARELLI: 363702160313<br \/>\nMAPCO: 6396<br \/>\nMETELLI: 2201810<br \/>\nMETZGER: 039002<br \/>\nMEYLE: 025 206 7619\/PD<br \/>\nMEYLE: 025 206 7619\/W<br \/>\nMEYLE: 025 230 1820\/PD<br \/>\nMEYLE: 025 230 1820\/W<br \/>\nMGA: 360<br \/>\nMGA: 419<br \/>\nMINTEX: MDB1531<br \/>\nMINTEX: MDK0210<br \/>\nNECTO: FD6481A<br \/>\nNECTO: FD6481N<br \/>\nNECTO: FD6786A<br \/>\nNECTO: FD6786N<br \/>\nNK: 224729<br \/>\nNK: 224742<br \/>\nOPTIMAL: 12080<br \/>\nOPTIMAL: 9768<br \/>\nPAGID: T1035<br \/>\nPAGID: T1149<br \/>\nPAGID: T1149EP<br \/>\nPEX: 7259<br \/>\nPEX: 7259S<br \/>\nPEX: 7549<br \/>\nPEX: 7549S<br \/>\nQH Benelux: 2772<br \/>\nQUINTON HAZELL: 839001<br \/>\nQUINTON HAZELL: BLF691<br \/>\nQUINTON HAZELL: BP1022<br \/>\nQUINTON HAZELL: BP691<br \/>\nRAMEDER: T0600060<br \/>\nRAMEDER: T0610118<br \/>\nRAMEDER: T0610490<br \/>\nRAMEDER: T0610795<br \/>\nREMSA: 039002<br \/>\nREMSA: 039022<br \/>\nREMSA: 075212<br \/>\nREMSA: 39002<br \/>\nREMSA: 39022<br \/>\nREMSA: 75212<br \/>\nREMSA: 839001<br \/>\nROADHOUSE: 839001<br \/>\nROULUNDS RUBBER: 495781<br \/>\nSCT &#8211; MANNOL: SP178<br \/>\nSCT &#8211; MANNOL: SP259<br \/>\nSEAT: 441 615 105 AA<br \/>\nSEAT: 441 615 106 AA<br \/>\nSEAT: 4D0 698 151<br \/>\nSEAT: 4D0 698 151 D<br \/>\nSKODA: 441 615 105 AA<br \/>\nSKODA: 441 615 106 AA<br \/>\nSKODA: 4B0 698 151 A<br \/>\nSKODA: 4D0 698 151<br \/>\nSKODA: 4D0 698 151 D<br \/>\nSPIDAN: 31873<br \/>\nSPIDAN: 32713<br \/>\nSWAG: 30916058<br \/>\nTEXTAR: 2067602<br \/>\nTEXTAR: 2067605<br \/>\nTEXTAR: 2067619605<br \/>\nTEXTAR: 2145201<br \/>\nTEXTAR: 2193801<br \/>\nTEXTAR: 2193820405<br \/>\nTEXTAR: 2193881<br \/>\nTEXTAR: 2193891<br \/>\nTEXTAR: 2311901<br \/>\nTEXTAR: 2311905<br \/>\nTOPRAN: 103758<br \/>\nTRISCAN: 811029154<br \/>\nTRUSTING: 1880<br \/>\nVAICO: V108146<br \/>\nVAICO: V1081461<br \/>\nVAICO: V108169<br \/>\nVAICO: V1081691<br \/>\nVALEO: 168977<br \/>\nVALEO: 301049<br \/>\nVALEO: 301483<br \/>\nVALEO: 301751<br \/>\nVALEO: 540975<br \/>\nVALEO: 597144<br \/>\nVALEO: 597213<br \/>\nVALEO: 597260<br \/>\nVALEO: 598049<br \/>\nVALEO: 598401<br \/>\nVALEO: 598483<br \/>\nVALEO: 598751<br \/>\nVW: 441 615 105 AA<br \/>\nVW: 441 615 106 AA<br \/>\nVW: 4A0 698 151<br \/>\nVW: 4A0 698 151 A<br \/>\nVW: 4A0 698 151 C<br \/>\nVW: 4A0 698 151 D<br \/>\nVW: 4B0 698 151 A<br \/>\nVW: 4D0 698 151<br \/>\nVW: 4D0 698 151 D<br \/>\nWAGNER: WBP20676B<br \/>\nWAGNER: WBP20676D<br \/>\nWAGNER: WBP21452A<br \/>\nWOKING: P290302<br \/>\nZIMMERMANN: 10221960570<br \/>\nZIMMERMANN: 10292040570<br \/>\nZIMMERMANN: 206762001<br \/>\nfri.tech.: 1880<br \/>\nsbs: 224729<br \/>\nsbs: 224742<\/p>","protected":false},"excerpt":{"rendered":"<p>Numer WVA 20676 20678 Numery producenta GDB1049 Numery OE A.B.S.: 36773 A.B.S.: 36773OE ACDelco: AC495781D APEC: PAD789 ATE: 13046070502 ATE: 13046371102 ATE: 13047071102 AUDI: 441 615 105 AA AUDI: 441 615 106 AA AUDI: 4A0 698 151 AUDI: 4A0 698 151 A AUDI: 4A0 698 151 C AUDI: 4A0 698 151 D AUDI: 4B0 698 [&hellip;]<\/p>\n","protected":false},"featured_media":17805,"template":"","meta":{"_monsterinsights_skip_tracking":false,"_monsterinsights_sitenote_active":false,"_monsterinsights_sitenote_note":"","_monsterinsights_sitenote_category":0},"product_brand":[],"product_cat":[149],"product_tag":[],"class_list":{"0":"post-6043","1":"product","2":"type-product","3":"status-publish","4":"has-post-thumbnail","6":"product_cat-klocki-hamulcowe","8":"first","9":"instock","10":"taxable","11":"shipping-taxable","12":"purchasable","13":"product-type-simple"},"_links":{"self":[{"href":"https:\/\/dev.niezawodneczesci.pl\/sk\/wp-json\/wp\/v2\/product\/6043","targetHints":{"allow":["GET"]}}],"collection":[{"href":"https:\/\/dev.niezawodneczesci.pl\/sk\/wp-json\/wp\/v2\/product"}],"about":[{"href":"https:\/\/dev.niezawodneczesci.pl\/sk\/wp-json\/wp\/v2\/types\/product"}],"version-history":[{"count":1,"href":"https:\/\/dev.niezawodneczesci.pl\/sk\/wp-json\/wp\/v2\/product\/6043\/revisions"}],"predecessor-version":[{"id":25884,"href":"https:\/\/dev.niezawodneczesci.pl\/sk\/wp-json\/wp\/v2\/product\/6043\/revisions\/25884"}],"wp:featuredmedia":[{"embeddable":true,"href":"https:\/\/dev.niezawodneczesci.pl\/sk\/wp-json\/wp\/v2\/media\/17805"}],"wp:attachment":[{"href":"https:\/\/dev.niezawodneczesci.pl\/sk\/wp-json\/wp\/v2\/media?parent=6043"}],"wp:term":[{"taxonomy":"product_brand","embeddable":true,"href":"https:\/\/dev.niezawodneczesci.pl\/sk\/wp-json\/wp\/v2\/product_brand?post=6043"},{"taxonomy":"product_cat","embeddable":true,"href":"https:\/\/dev.niezawodneczesci.pl\/sk\/wp-json\/wp\/v2\/product_cat?post=6043"},{"taxonomy":"product_tag","embeddable":true,"href":"https:\/\/dev.niezawodneczesci.pl\/sk\/wp-json\/wp\/v2\/product_tag?post=6043"}],"curies":[{"name":"wp","href":"https:\/\/api.w.org\/{rel}","templated":true}]}}