{"id":6049,"date":"2021-06-16T11:53:24","date_gmt":"2021-06-16T09:53:24","guid":{"rendered":"https:\/\/niezawodneczesci.pl\/\/?post_type=product&#038;p=6049"},"modified":"2026-04-28T12:06:59","modified_gmt":"2026-04-28T10:06:59","slug":"klocki-hamulcowe-sunrich-przod-sr0629-01-1445","status":"publish","type":"product","link":"https:\/\/dev.niezawodneczesci.pl\/sk\/produkt\/klocki-hamulcowe-sunrich-przod-sr0629-01-1445\/","title":{"rendered":"BRZDOV\u00c9 DESTI\u010cKY SUNRICH PREDN\u00c9 SR0629.02-1445"},"content":{"rendered":"<p>Numer WVA<br \/>\n21636<br \/>\n21637<\/p>\n<p>\u010c\u00edsla v\u00fdrobcov<br \/>\nGDB1445<\/p>\n<p>OE \u010d\u00edsla<br \/>\nA.B.S.: 36894<br \/>\nA.B.S.: 36894OE<br \/>\nACDelco: AC635381D<br \/>\nALFA ROMEO: 71753039<br \/>\nALFA ROMEO: 71772208<br \/>\nALFA ROMEO: 77362229<br \/>\nALFA ROMEO: 77362231<br \/>\nALFA ROMEO: 9948845<br \/>\nAPEC: PAD987<br \/>\nATE: 13046071402<br \/>\nATE: 13047071402<br \/>\nBENDIX: 573042B<br \/>\nBENDIX-AU: DB2037<br \/>\nBORG &amp; BECK: BBP1396<br \/>\nBORG &amp; BECK: BBP1654<br \/>\nBOSCH: 0 986 424 578<br \/>\nBOSCH: 0 986 494 004<br \/>\nBOSCH: 0 986 TB2 733<br \/>\nBREMBO: P23077<br \/>\nBREMBO: P23112<br \/>\nBrake ENGINEERING: PA1930<br \/>\nDELPHI: LP1537<br \/>\nDELPHI: LP1686<br \/>\nE.T.F.: 120673<br \/>\nFEBI BILSTEIN: 16849<br \/>\nFERODO: FDB1052<br \/>\nFERODO: FDB1052B<br \/>\nFERODO: FQT1052<br \/>\nFIAT: 0000009951217<br \/>\nFIAT: 71753039<br \/>\nFIAT: 71772208<br \/>\nFIAT: 71772528<br \/>\nFIAT: 77362229<br \/>\nFIAT: 77362231<br \/>\nFIAT: 9951217<br \/>\nFTE: BL1893A2<br \/>\nGALFER: B1G10204732<br \/>\nGIRLING: 6114452<br \/>\nHELLA: 8DB 355 007-931<br \/>\nHELLA: 8DB 355 011-211<br \/>\nHERZOG GERMANY: 886894<br \/>\nICER: 181601<br \/>\nJURID: 571884J<br \/>\nJURID: 571951J<br \/>\nJURID: 573042J<br \/>\nKAWE: 81460<br \/>\nLANCIA: 71753039<br \/>\nLANCIA: 71772208<br \/>\nLANCIA: 77362229<br \/>\nLANCIA: 77362231<br \/>\nLANCIA: 9951217<br \/>\nLPR: 05P1098<br \/>\nMAGNETI MARELLI: 363702161158<br \/>\nMAPCO: 6473<br \/>\nMETELLI: 2200832<br \/>\nMETZGER: 058942<br \/>\nMEYLE: 025 232 8919\/W<br \/>\nMINTEX: MDB1735<br \/>\nMINTEX: MDB2068<br \/>\nMINTEX: MDB2133<br \/>\nNECTO: FD6653A<br \/>\nNECTO: FD6653N<br \/>\nPAGID: T1099<br \/>\nPAGID: T1439<br \/>\nPEX: 7744<br \/>\nQH Benelux: 7365<br \/>\nQUINTON HAZELL: BP1303<br \/>\nRAMEDER: T0610027<br \/>\nREMSA: 058921<br \/>\nREMSA: 58921<br \/>\nROULUNDS RUBBER: 635381<br \/>\nSPIDAN: 32764<br \/>\nSWAG: 74916849<br \/>\nTEXTAR: 2163602<br \/>\nTEXTAR: 2322201<br \/>\nTEXTAR: 2322219005<br \/>\nTEXTAR: 2328902<br \/>\nTRISCAN: 811012010<br \/>\nTRUSTING: 0850<br \/>\nTRUSTING: 0852<br \/>\nVALEO: 168982<br \/>\nVALEO: 301990<br \/>\nVALEO: 540888<br \/>\nVALEO: 598297<br \/>\nVALEO: 598990<br \/>\nWAGNER: WBP21636A<br \/>\nWAGNER: WBP21637A<br \/>\nZIMMERMANN: 240671901<\/p>","protected":false},"excerpt":{"rendered":"<p>Numer WVA 21636 21637 Numery producenta GDB1445 Numery OE A.B.S.: 36894 A.B.S.: 36894OE ACDelco: AC635381D ALFA ROMEO: 71753039 ALFA ROMEO: 71772208 ALFA ROMEO: 77362229 ALFA ROMEO: 77362231 ALFA ROMEO: 9948845 APEC: PAD987 ATE: 13046071402 ATE: 13047071402 BENDIX: 573042B BENDIX-AU: DB2037 BORG &amp; BECK: BBP1396 BORG &amp; BECK: BBP1654 BOSCH: 0 986 424 578 BOSCH: 0 [&hellip;]<\/p>\n","protected":false},"featured_media":17784,"template":"","meta":{"_monsterinsights_skip_tracking":false,"_monsterinsights_sitenote_active":false,"_monsterinsights_sitenote_note":"","_monsterinsights_sitenote_category":0},"product_brand":[],"product_cat":[149,447],"product_tag":[],"class_list":{"0":"post-6049","1":"product","2":"type-product","3":"status-publish","4":"has-post-thumbnail","6":"product_cat-klocki-hamulcowe","7":"product_cat-promocja","9":"first","10":"instock","11":"sale","12":"taxable","13":"shipping-taxable","14":"purchasable","15":"product-type-simple"},"_links":{"self":[{"href":"https:\/\/dev.niezawodneczesci.pl\/sk\/wp-json\/wp\/v2\/product\/6049","targetHints":{"allow":["GET"]}}],"collection":[{"href":"https:\/\/dev.niezawodneczesci.pl\/sk\/wp-json\/wp\/v2\/product"}],"about":[{"href":"https:\/\/dev.niezawodneczesci.pl\/sk\/wp-json\/wp\/v2\/types\/product"}],"version-history":[{"count":1,"href":"https:\/\/dev.niezawodneczesci.pl\/sk\/wp-json\/wp\/v2\/product\/6049\/revisions"}],"predecessor-version":[{"id":25880,"href":"https:\/\/dev.niezawodneczesci.pl\/sk\/wp-json\/wp\/v2\/product\/6049\/revisions\/25880"}],"wp:featuredmedia":[{"embeddable":true,"href":"https:\/\/dev.niezawodneczesci.pl\/sk\/wp-json\/wp\/v2\/media\/17784"}],"wp:attachment":[{"href":"https:\/\/dev.niezawodneczesci.pl\/sk\/wp-json\/wp\/v2\/media?parent=6049"}],"wp:term":[{"taxonomy":"product_brand","embeddable":true,"href":"https:\/\/dev.niezawodneczesci.pl\/sk\/wp-json\/wp\/v2\/product_brand?post=6049"},{"taxonomy":"product_cat","embeddable":true,"href":"https:\/\/dev.niezawodneczesci.pl\/sk\/wp-json\/wp\/v2\/product_cat?post=6049"},{"taxonomy":"product_tag","embeddable":true,"href":"https:\/\/dev.niezawodneczesci.pl\/sk\/wp-json\/wp\/v2\/product_tag?post=6049"}],"curies":[{"name":"wp","href":"https:\/\/api.w.org\/{rel}","templated":true}]}}