{"id":6064,"date":"2021-06-16T11:53:27","date_gmt":"2021-06-16T09:53:27","guid":{"rendered":"https:\/\/host801274.xce.pl\/\/?post_type=product&#038;p=6064"},"modified":"2026-04-28T12:06:58","modified_gmt":"2026-04-28T10:06:58","slug":"klocki-hamulcowe-sunrich-przod-sr0597-01-1293","status":"publish","type":"product","link":"https:\/\/dev.niezawodneczesci.pl\/sk\/produkt\/klocki-hamulcowe-sunrich-przod-sr0597-01-1293\/","title":{"rendered":"BRZDOV\u00c9 DESTI\u010cKY SUNRICH SR0597.01-1293"},"content":{"rendered":"<p>Numer WVA<br \/>\n23070<\/p>\n<p>\u010c\u00edsla v\u00fdrobcov<br \/>\nGDB1293<\/p>\n<p>OE \u010d\u00edsla<br \/>\nA.B.S.: 37078<br \/>\nACDelco: AC668581D<br \/>\nAISIN: BPMB-1003<br \/>\nAPEC: PAD1294<br \/>\nATE: 13046027762<br \/>\nATE: 13046028332<br \/>\nATE: 13047027762<br \/>\nATE: 13047028332<br \/>\nBENDIX: 571945B<br \/>\nBENDIX-AU: DB2021<br \/>\nBORG &amp; BECK: BBP1634<br \/>\nBOSCH: 0 986 424 469<br \/>\nBOSCH: 0 986 424 470<br \/>\nBOSCH: 0 986 495 420<br \/>\nBOSCH: 0 986 AB4 729<br \/>\nBOSCH: 0 986 TB2 322<br \/>\nBREMBO: P50035<br \/>\nBREMBO: P50035N<br \/>\nBrake ENGINEERING: PA1922<br \/>\nDELPHI: LP1401<br \/>\nE.T.F.: 120763<br \/>\nE.T.F.: 121015<br \/>\nFEBI BILSTEIN: 16373<br \/>\nFEBI BILSTEIN: 16374<br \/>\nFERODO: FDB1303<br \/>\nFERODO: FQT1303<br \/>\nFERODO: FSL1303<br \/>\nFERODO: TAR1303<br \/>\nFIRST LINE: FBP3259<br \/>\nFTE: BL1696A4<br \/>\nGALFER: B1G10204402<br \/>\nHELLA: 8DB 355 018-281<br \/>\nHELLA: 8DB 355 018-311<br \/>\nHELLA PAGID: 8DB 355 018-281<br \/>\nHERZOG GERMANY: 887078<br \/>\nICER: 181233<br \/>\nICER: 181233701<br \/>\nJP GROUP: 881684200120<br \/>\nJURID: 571944J<br \/>\nJURID: 571944JAS<br \/>\nJURID: 571945J<br \/>\nJURID: 571945JAS<br \/>\nJURID: 571945JC<br \/>\nKAWE: 81218<br \/>\nLEMF\u00d6RDER: 26277<br \/>\nLPR: 05P670<br \/>\nLPR: 05P670A<br \/>\nLPR: 05P670K<br \/>\nLPR: 05P671<br \/>\nLUCAS: LBP1388<br \/>\nMAGNETI MARELLI: 363702161068<br \/>\nMAPCO: 6479<br \/>\nMERCEDES-BENZ: 168 420 00 20<br \/>\nMERCEDES-BENZ: 168 420 01 20<br \/>\nMERCEDES-BENZ: 168 420 07 20<br \/>\nMERCEDES-BENZ: 168 420 08 20<br \/>\nMERCEDES-BENZ: 168 420 11 20<br \/>\nMERCEDES-BENZ: 168 420 13 20<br \/>\nMERCEDES-BENZ: 168 420 14 20<br \/>\nMERCEDES-BENZ: 168420132041<br \/>\nMERCEDES-BENZ: A 168 420 00 20<br \/>\nMERCEDES-BENZ: A 168 420 01 20<br \/>\nMERCEDES-BENZ: A 168 420 07 20<br \/>\nMERCEDES-BENZ: A 168 420 08 20<br \/>\nMERCEDES-BENZ: A 168 420 11 20<br \/>\nMERCEDES-BENZ: A 168 420 13 20<br \/>\nMERCEDES-BENZ: A 168 420 14 20<br \/>\nMERCEDES-BENZ: A168420132041<br \/>\nMETELLI: 2203100<br \/>\nMETZGER: 065000<br \/>\nMETZGER: 065081<br \/>\nMEYLE: 025 230 7016<br \/>\nMGA: 453<br \/>\nMINTEX: MDB1924<br \/>\nNECTO: FD6866A<br \/>\nNECTO: FD6866N<br \/>\nNK: 223333<br \/>\nOPTIMAL: 10205<br \/>\nOPTIMAL: BP-10205<br \/>\nPAGID: T5101<br \/>\nPEX: 7485<br \/>\nPEX: 7485S<br \/>\nQH Benelux: 7274<br \/>\nQUINTON HAZELL: BP1073<br \/>\nRAMEDER: T0600084<br \/>\nRAMEDER: T0610106<br \/>\nREMSA: 065000<br \/>\nREMSA: 65000<br \/>\nROULUNDS RUBBER: 668581<br \/>\nSPIDAN: 32298<br \/>\nSWAG: 10916373<br \/>\nTEXTAR: 2307003<br \/>\nTEXTAR: 2307004<br \/>\nTEXTAR: 2307017024<br \/>\nTOPRAN: 400519<br \/>\nTRISCAN: 811023022<br \/>\nTRUCKTEC AUTOMOTIVE: 0235121<br \/>\nTRUSTING: 3190<br \/>\nVAICO: V308141<br \/>\nVALEO: 301549<br \/>\nVALEO: 597466<br \/>\nVALEO: 598549<br \/>\nWAGNER: WBP23070A<br \/>\nWAGNER: WBP23070B<br \/>\nZIMMERMANN: 230701701<br \/>\nZIMMERMANN: 230701702<br \/>\nfri.tech.: 3190<br \/>\nsbs: 223333<\/p>","protected":false},"excerpt":{"rendered":"<p>Numer WVA 23070 Numery producenta GDB1293 Numery OE A.B.S.: 37078 ACDelco: AC668581D AISIN: BPMB-1003 APEC: PAD1294 ATE: 13046027762 ATE: 13046028332 ATE: 13047027762 ATE: 13047028332 BENDIX: 571945B BENDIX-AU: DB2021 BORG &amp; BECK: BBP1634 BOSCH: 0 986 424 469 BOSCH: 0 986 424 470 BOSCH: 0 986 495 420 BOSCH: 0 986 AB4 729 BOSCH: 0 986 [&hellip;]<\/p>\n","protected":false},"featured_media":18507,"template":"","meta":{"_monsterinsights_skip_tracking":false,"_monsterinsights_sitenote_active":false,"_monsterinsights_sitenote_note":"","_monsterinsights_sitenote_category":0},"product_brand":[],"product_cat":[149],"product_tag":[],"class_list":{"0":"post-6064","1":"product","2":"type-product","3":"status-publish","4":"has-post-thumbnail","6":"product_cat-klocki-hamulcowe","8":"first","9":"outofstock","10":"taxable","11":"shipping-taxable","12":"purchasable","13":"product-type-simple"},"_links":{"self":[{"href":"https:\/\/dev.niezawodneczesci.pl\/sk\/wp-json\/wp\/v2\/product\/6064","targetHints":{"allow":["GET"]}}],"collection":[{"href":"https:\/\/dev.niezawodneczesci.pl\/sk\/wp-json\/wp\/v2\/product"}],"about":[{"href":"https:\/\/dev.niezawodneczesci.pl\/sk\/wp-json\/wp\/v2\/types\/product"}],"version-history":[{"count":1,"href":"https:\/\/dev.niezawodneczesci.pl\/sk\/wp-json\/wp\/v2\/product\/6064\/revisions"}],"predecessor-version":[{"id":25865,"href":"https:\/\/dev.niezawodneczesci.pl\/sk\/wp-json\/wp\/v2\/product\/6064\/revisions\/25865"}],"wp:featuredmedia":[{"embeddable":true,"href":"https:\/\/dev.niezawodneczesci.pl\/sk\/wp-json\/wp\/v2\/media\/18507"}],"wp:attachment":[{"href":"https:\/\/dev.niezawodneczesci.pl\/sk\/wp-json\/wp\/v2\/media?parent=6064"}],"wp:term":[{"taxonomy":"product_brand","embeddable":true,"href":"https:\/\/dev.niezawodneczesci.pl\/sk\/wp-json\/wp\/v2\/product_brand?post=6064"},{"taxonomy":"product_cat","embeddable":true,"href":"https:\/\/dev.niezawodneczesci.pl\/sk\/wp-json\/wp\/v2\/product_cat?post=6064"},{"taxonomy":"product_tag","embeddable":true,"href":"https:\/\/dev.niezawodneczesci.pl\/sk\/wp-json\/wp\/v2\/product_tag?post=6064"}],"curies":[{"name":"wp","href":"https:\/\/api.w.org\/{rel}","templated":true}]}}