{"id":6072,"date":"2021-06-16T11:53:30","date_gmt":"2021-06-16T09:53:30","guid":{"rendered":"https:\/\/niezawodneczesci.pl\/\/?post_type=product&#038;p=6072"},"modified":"2026-04-28T12:06:58","modified_gmt":"2026-04-28T10:06:58","slug":"klocki-hamulcowe-sunrich-przod-sr0543-01-3389","status":"publish","type":"product","link":"https:\/\/dev.niezawodneczesci.pl\/sk\/produkt\/klocki-hamulcowe-sunrich-przod-sr0543-01-3389\/","title":{"rendered":"BRZDOV\u00c9 DESTI\u010cKY SUNRICH PREDN\u00c9 SR0543.01-3389"},"content":{"rendered":"<p>Numer WVA<br \/>\n21920<br \/>\n21982<br \/>\n21983<\/p>\n<p>\u010c\u00edsla v\u00fdrobcov<br \/>\nGDB3389<\/p>\n<p>OE \u010d\u00edsla<br \/>\nA.B.S.: 37521<br \/>\nAPEC: PAD1084<br \/>\nATE: 13.0460-2619.2<br \/>\nATE: 13046028532<br \/>\nBORG &amp; BECK: BBP1639<br \/>\nBOSCH: 0 986 424 541<br \/>\nBOSCH: 0 986 AB4 465<br \/>\nBOSCH: 0 986 TB2 349<br \/>\nBOSCH: F 03B 150 295<br \/>\nBREMBO: P54036<br \/>\nDELPHI: LP1398<br \/>\nFIRST LINE: FBP3264<br \/>\nFTE: BL1685A4<br \/>\nGIRLING: 6133891<br \/>\nHELLA: 8DB 355 006-711<br \/>\nHELLA PAGID: 8DB 355 006-711<br \/>\nHERTH+BUSS JAKOPARTS: J3605042<br \/>\nICER: 181236<br \/>\nICER: 181236701<br \/>\nJURID: 573039J<br \/>\nKBP: BP5542<br \/>\nLPR: 05P711<br \/>\nMAGNETI MARELLI: 363916061087<br \/>\nMETELLI: 2202860<br \/>\nMEYLE: 025 219 8317<br \/>\nMINTEX: MDB2767<br \/>\nMINTEX: MDK0203<br \/>\nMITSUBISHI: 4605A658<br \/>\nMITSUBISHI: MR955351<br \/>\nMK Kashiyama: D6126<br \/>\nPAGID: T1565<br \/>\nQH Benelux: 7714<br \/>\nQUINTON HAZELL: BP1099<br \/>\nREMSA: 070802<br \/>\nREMSA: 70802<br \/>\nREMSA: 70811<br \/>\nSMART: 454 421 00 10<br \/>\nSMART: A 454 421 00 10<br \/>\nSPIDAN: 32732<br \/>\nTEXTAR: 2198304<br \/>\nVALEO: 301493<br \/>\nVALEO: 598493<br \/>\nWAGNER: WBP21983A<br \/>\nZIMMERMANN: 219821701<\/p>","protected":false},"excerpt":{"rendered":"<p>Numer WVA 21920 21982 21983 Numery producenta GDB3389 Numery OE A.B.S.: 37521 APEC: PAD1084 ATE: 13.0460-2619.2 ATE: 13046028532 BORG &amp; BECK: BBP1639 BOSCH: 0 986 424 541 BOSCH: 0 986 AB4 465 BOSCH: 0 986 TB2 349 BOSCH: F 03B 150 295 BREMBO: P54036 DELPHI: LP1398 FIRST LINE: FBP3264 FTE: BL1685A4 GIRLING: 6133891 HELLA: 8DB [&hellip;]<\/p>\n","protected":false},"featured_media":18441,"template":"","meta":{"_monsterinsights_skip_tracking":false,"_monsterinsights_sitenote_active":false,"_monsterinsights_sitenote_note":"","_monsterinsights_sitenote_category":0},"product_brand":[],"product_cat":[149,447],"product_tag":[],"class_list":{"0":"post-6072","1":"product","2":"type-product","3":"status-publish","4":"has-post-thumbnail","6":"product_cat-klocki-hamulcowe","7":"product_cat-promocja","9":"first","10":"instock","11":"sale","12":"taxable","13":"shipping-taxable","14":"purchasable","15":"product-type-simple"},"_links":{"self":[{"href":"https:\/\/dev.niezawodneczesci.pl\/sk\/wp-json\/wp\/v2\/product\/6072","targetHints":{"allow":["GET"]}}],"collection":[{"href":"https:\/\/dev.niezawodneczesci.pl\/sk\/wp-json\/wp\/v2\/product"}],"about":[{"href":"https:\/\/dev.niezawodneczesci.pl\/sk\/wp-json\/wp\/v2\/types\/product"}],"version-history":[{"count":1,"href":"https:\/\/dev.niezawodneczesci.pl\/sk\/wp-json\/wp\/v2\/product\/6072\/revisions"}],"predecessor-version":[{"id":25857,"href":"https:\/\/dev.niezawodneczesci.pl\/sk\/wp-json\/wp\/v2\/product\/6072\/revisions\/25857"}],"wp:featuredmedia":[{"embeddable":true,"href":"https:\/\/dev.niezawodneczesci.pl\/sk\/wp-json\/wp\/v2\/media\/18441"}],"wp:attachment":[{"href":"https:\/\/dev.niezawodneczesci.pl\/sk\/wp-json\/wp\/v2\/media?parent=6072"}],"wp:term":[{"taxonomy":"product_brand","embeddable":true,"href":"https:\/\/dev.niezawodneczesci.pl\/sk\/wp-json\/wp\/v2\/product_brand?post=6072"},{"taxonomy":"product_cat","embeddable":true,"href":"https:\/\/dev.niezawodneczesci.pl\/sk\/wp-json\/wp\/v2\/product_cat?post=6072"},{"taxonomy":"product_tag","embeddable":true,"href":"https:\/\/dev.niezawodneczesci.pl\/sk\/wp-json\/wp\/v2\/product_tag?post=6072"}],"curies":[{"name":"wp","href":"https:\/\/api.w.org\/{rel}","templated":true}]}}