{"id":6079,"date":"2021-06-16T11:53:32","date_gmt":"2021-06-16T09:53:32","guid":{"rendered":"https:\/\/host801274.xce.pl\/\/?post_type=product&#038;p=6079"},"modified":"2026-04-28T12:06:58","modified_gmt":"2026-04-28T10:06:58","slug":"klocki-hamulcowe-sunrich-przod-sr0514-04-1900","status":"publish","type":"product","link":"https:\/\/dev.niezawodneczesci.pl\/sk\/produkt\/klocki-hamulcowe-sunrich-przod-sr0514-04-1900\/","title":{"rendered":"BRZDOV\u00c9 DESTI\u010cKY SUNRICH PREDN\u00c9 SR0514.04-1900"},"content":{"rendered":"<p>Numer WVA<br \/>\n20908<br \/>\n23209<\/p>\n<p>\u010c\u00edsla v\u00fdrobcov<br \/>\nGDB1900<\/p>\n<p>OE \u010d\u00edsla<br \/>\nAISIN: BPFI-1007<br \/>\nALFA ROMEO: 77365729<br \/>\nATE: 13.0460-7288.2<br \/>\nATE: 13.0470-7288.2<br \/>\nBENDIX: 573367B<br \/>\nBORG &amp; BECK: BBP2149<br \/>\nBORG &amp; BECK: BBP2227<br \/>\nBORG &amp; BECK: BBP2310<br \/>\nBOSCH: 0 986 494 463<br \/>\nBOSCH: 0 986 TB3 143<br \/>\nBREMBO: P23138<br \/>\nBREMBO: P23138N<br \/>\nBrake ENGINEERING: PA1955<br \/>\nDELPHI: LP2288<br \/>\nFEBI BILSTEIN: 16858<br \/>\nFERODO: FDB4353<br \/>\nFERODO: FSL4353<br \/>\nFIAT: 0000071772815<br \/>\nFIAT: 77365729<br \/>\nFIAT: 77365811<br \/>\nFIAT: 77366270<br \/>\nFIAT: 77366537<br \/>\nFIAT: 77366538<br \/>\nFTE: BL2685A1<br \/>\nGIRLING: 6119002<br \/>\nHELLA: 8DB 355 019-651<br \/>\nHELLA: 8DB 355 039-351<br \/>\nHELLA PAGID: 8DB 355 019-651<br \/>\nHELLA PAGID: 8DB 355 039-351<br \/>\nJURID: 573367J<br \/>\nLPR: 05P1653<br \/>\nLUCAS: LBP1995<br \/>\nMETELLI: 2202744<br \/>\nNK: 222394<br \/>\nOPTIMAL: 12705<br \/>\nOPTIMAL: BP-12705<br \/>\nPAGID: T2112<br \/>\nREMSA: 017240<br \/>\nREMSA: 017252<br \/>\nREMSA: 17240<br \/>\nREMSA: 17252<br \/>\nREMY: RAP1376<br \/>\nROADHOUSE: 2017240<br \/>\nROADHOUSE: 217252<br \/>\nSWAG: 70916858<br \/>\nTEXTAR: 2542901<br \/>\nTRISCAN: 811015065<br \/>\nVALEO: 301298<br \/>\nVALEO: 601298<br \/>\nZIMMERMANN: 254291802<\/p>","protected":false},"excerpt":{"rendered":"<p>Numer WVA 20908 23209 Numery producenta GDB1900 Numery OE AISIN: BPFI-1007 ALFA ROMEO: 77365729 ATE: 13.0460-7288.2 ATE: 13.0470-7288.2 BENDIX: 573367B BORG &amp; BECK: BBP2149 BORG &amp; BECK: BBP2227 BORG &amp; BECK: BBP2310 BOSCH: 0 986 494 463 BOSCH: 0 986 TB3 143 BREMBO: P23138 BREMBO: P23138N Brake ENGINEERING: PA1955 DELPHI: LP2288 FEBI BILSTEIN: 16858 FERODO: [&hellip;]<\/p>\n","protected":false},"featured_media":18417,"template":"","meta":{"_monsterinsights_skip_tracking":false,"_monsterinsights_sitenote_active":false,"_monsterinsights_sitenote_note":"","_monsterinsights_sitenote_category":0},"product_brand":[],"product_cat":[149],"product_tag":[],"class_list":{"0":"post-6079","1":"product","2":"type-product","3":"status-publish","4":"has-post-thumbnail","6":"product_cat-klocki-hamulcowe","8":"first","9":"outofstock","10":"taxable","11":"shipping-taxable","12":"purchasable","13":"product-type-simple"},"_links":{"self":[{"href":"https:\/\/dev.niezawodneczesci.pl\/sk\/wp-json\/wp\/v2\/product\/6079","targetHints":{"allow":["GET"]}}],"collection":[{"href":"https:\/\/dev.niezawodneczesci.pl\/sk\/wp-json\/wp\/v2\/product"}],"about":[{"href":"https:\/\/dev.niezawodneczesci.pl\/sk\/wp-json\/wp\/v2\/types\/product"}],"version-history":[{"count":1,"href":"https:\/\/dev.niezawodneczesci.pl\/sk\/wp-json\/wp\/v2\/product\/6079\/revisions"}],"predecessor-version":[{"id":25851,"href":"https:\/\/dev.niezawodneczesci.pl\/sk\/wp-json\/wp\/v2\/product\/6079\/revisions\/25851"}],"wp:featuredmedia":[{"embeddable":true,"href":"https:\/\/dev.niezawodneczesci.pl\/sk\/wp-json\/wp\/v2\/media\/18417"}],"wp:attachment":[{"href":"https:\/\/dev.niezawodneczesci.pl\/sk\/wp-json\/wp\/v2\/media?parent=6079"}],"wp:term":[{"taxonomy":"product_brand","embeddable":true,"href":"https:\/\/dev.niezawodneczesci.pl\/sk\/wp-json\/wp\/v2\/product_brand?post=6079"},{"taxonomy":"product_cat","embeddable":true,"href":"https:\/\/dev.niezawodneczesci.pl\/sk\/wp-json\/wp\/v2\/product_cat?post=6079"},{"taxonomy":"product_tag","embeddable":true,"href":"https:\/\/dev.niezawodneczesci.pl\/sk\/wp-json\/wp\/v2\/product_tag?post=6079"}],"curies":[{"name":"wp","href":"https:\/\/api.w.org\/{rel}","templated":true}]}}