{"id":6094,"date":"2021-06-16T11:53:34","date_gmt":"2021-06-16T09:53:34","guid":{"rendered":"https:\/\/niezawodneczesci.pl\/\/?post_type=product&#038;p=6094"},"modified":"2026-04-28T12:06:57","modified_gmt":"2026-04-28T10:06:57","slug":"klocki-hamulcowe-sunrich-przod-sr0472-01-3342","status":"publish","type":"product","link":"https:\/\/dev.niezawodneczesci.pl\/sk\/produkt\/klocki-hamulcowe-sunrich-przod-sr0472-01-3342\/","title":{"rendered":"BRZDOV\u00c9 DESTI\u010cKY SUNRICH PREDN\u00c9 SR0472.01-3342"},"content":{"rendered":"<p>Numer WVA<br \/>\n23966<br \/>\n23987<br \/>\n23988<\/p>\n<p>\u010c\u00edsla v\u00fdrobcov<br \/>\nGDB3342<\/p>\n<p>OE \u010d\u00edsla<br \/>\nA.B.S.: 37442<br \/>\nAPEC: PAD1350<br \/>\nASHIKA: 50K0009<br \/>\nATE: 13046057422<br \/>\nBENDIX-AU: DB1754<br \/>\nBLUE PRINT: ADG04261<br \/>\nBORG &amp; BECK: BBP1868<br \/>\nBOSCH: 0 986 424 811<br \/>\nBOSCH: 0 986 AB1 026<br \/>\nBOSCH: 0 986 AB1 226<br \/>\nBOSCH: 0 986 AB3 046<br \/>\nBOSCH: 0 986 AB3 094<br \/>\nBOSCH: 0 986 TB2 460<br \/>\nBREMBO: P30034<br \/>\nBrake ENGINEERING: PA1644<br \/>\nDELPHI: LP1819<br \/>\nE.T.F.: 121147<br \/>\nFERODO: FDB1869<br \/>\nFERODO: FSL1869<br \/>\nFIRST LINE: FBP3500<br \/>\nFTE: BL1935A2<br \/>\nGIRLING: 6133429<br \/>\nHELLA: 8DB 355 010-611<br \/>\nHERTH+BUSS JAKOPARTS: J3600319<br \/>\nHERTH+BUSS JAKOPARTS: J3600339<br \/>\nICER: 181540<br \/>\nJAPANPARTS: PAK09AF<br \/>\nJURID: 572577J<br \/>\nJURID: 572577JC<br \/>\nKAGER: 350824<br \/>\nKAWE: 81653<br \/>\nKBP: BP4013<br \/>\nKIA: 0K2JA3328Z<br \/>\nKIA: 0K2JA3328ZA<br \/>\nKIA: 58101-1MA00<br \/>\nKIA: K2JA3328ZA<br \/>\nLPR: 05P1375<br \/>\nMETELLI: 2205130<br \/>\nMETZGER: 103802<br \/>\nMEYLE: 025 239 6617\/PD<br \/>\nMEYLE: 025 239 6617\/W<br \/>\nMINTEX: MDB2608<br \/>\nNIPPARTS: J3600319<br \/>\nNK: 223506<br \/>\nPAGID: T1378<br \/>\nQH Benelux: 7592<br \/>\nQUINTON HAZELL: 103802<br \/>\nQUINTON HAZELL: BP1447<br \/>\nREMSA: 088400<br \/>\nREMSA: 103802<br \/>\nREMSA: 88400<br \/>\nSPIDAN: 32460<br \/>\nTEXTAR: 2205201<br \/>\nTEXTAR: 2396601<br \/>\nTEXTAR: 2396605<br \/>\nTEXTAR: 2396616405<br \/>\nTRISCAN: 811018016<br \/>\nVALEO: 301842<br \/>\nVALEO: 598744<br \/>\nVALEO: 598842<br \/>\nWAGNER: WBP23966A<br \/>\nWOKING: P1138302<br \/>\nZIMMERMANN: 239661651<br \/>\nsbs: 223506<\/p>","protected":false},"excerpt":{"rendered":"<p>Numer WVA 23966 23987 23988 Numery producenta GDB3342 Numery OE A.B.S.: 37442 APEC: PAD1350 ASHIKA: 50K0009 ATE: 13046057422 BENDIX-AU: DB1754 BLUE PRINT: ADG04261 BORG &amp; BECK: BBP1868 BOSCH: 0 986 424 811 BOSCH: 0 986 AB1 026 BOSCH: 0 986 AB1 226 BOSCH: 0 986 AB3 046 BOSCH: 0 986 AB3 094 BOSCH: 0 986 [&hellip;]<\/p>\n","protected":false},"featured_media":17704,"template":"","meta":{"_monsterinsights_skip_tracking":false,"_monsterinsights_sitenote_active":false,"_monsterinsights_sitenote_note":"","_monsterinsights_sitenote_category":0},"product_brand":[],"product_cat":[149],"product_tag":[],"class_list":{"0":"post-6094","1":"product","2":"type-product","3":"status-publish","4":"has-post-thumbnail","6":"product_cat-klocki-hamulcowe","8":"first","9":"instock","10":"taxable","11":"shipping-taxable","12":"purchasable","13":"product-type-simple"},"_links":{"self":[{"href":"https:\/\/dev.niezawodneczesci.pl\/sk\/wp-json\/wp\/v2\/product\/6094","targetHints":{"allow":["GET"]}}],"collection":[{"href":"https:\/\/dev.niezawodneczesci.pl\/sk\/wp-json\/wp\/v2\/product"}],"about":[{"href":"https:\/\/dev.niezawodneczesci.pl\/sk\/wp-json\/wp\/v2\/types\/product"}],"version-history":[{"count":1,"href":"https:\/\/dev.niezawodneczesci.pl\/sk\/wp-json\/wp\/v2\/product\/6094\/revisions"}],"predecessor-version":[{"id":25838,"href":"https:\/\/dev.niezawodneczesci.pl\/sk\/wp-json\/wp\/v2\/product\/6094\/revisions\/25838"}],"wp:featuredmedia":[{"embeddable":true,"href":"https:\/\/dev.niezawodneczesci.pl\/sk\/wp-json\/wp\/v2\/media\/17704"}],"wp:attachment":[{"href":"https:\/\/dev.niezawodneczesci.pl\/sk\/wp-json\/wp\/v2\/media?parent=6094"}],"wp:term":[{"taxonomy":"product_brand","embeddable":true,"href":"https:\/\/dev.niezawodneczesci.pl\/sk\/wp-json\/wp\/v2\/product_brand?post=6094"},{"taxonomy":"product_cat","embeddable":true,"href":"https:\/\/dev.niezawodneczesci.pl\/sk\/wp-json\/wp\/v2\/product_cat?post=6094"},{"taxonomy":"product_tag","embeddable":true,"href":"https:\/\/dev.niezawodneczesci.pl\/sk\/wp-json\/wp\/v2\/product_tag?post=6094"}],"curies":[{"name":"wp","href":"https:\/\/api.w.org\/{rel}","templated":true}]}}