{"id":6101,"date":"2021-06-16T11:53:38","date_gmt":"2021-06-16T09:53:38","guid":{"rendered":"https:\/\/niezawodneczesci.pl\/\/?post_type=product&#038;p=6101"},"modified":"2026-04-28T12:06:57","modified_gmt":"2026-04-28T10:06:57","slug":"klocki-hamulcowe-sunrich-przod-sr0443-01-3425","status":"publish","type":"product","link":"https:\/\/dev.niezawodneczesci.pl\/sk\/produkt\/klocki-hamulcowe-sunrich-przod-sr0443-01-3425\/","title":{"rendered":"BRZDOV\u00c9 DESTI\u010cKY SUNRICH PREDN\u00c9 SR0443.01-3425"},"content":{"rendered":"<p>Numer WVA<br \/>\n24336<\/p>\n<p>\u010c\u00edsla v\u00fdrobcov<br \/>\nGDB3425<\/p>\n<p>OE \u010d\u00edsla<br \/>\nA.B.S.: 37544<br \/>\nAPEC: PAD1593<br \/>\nATE: 13046057672<br \/>\nBENDIX: 572598B<br \/>\nBENDIX: DB1802<br \/>\nBENDIX-AU: DB1802<br \/>\nBLUE PRINT: ADT342162<br \/>\nBLUE PRINT: ADT342171<br \/>\nBORG &amp; BECK: BBP1991<br \/>\nBOSCH: 0 986 494 240<br \/>\nBOSCH: 0 986 AB1 080<br \/>\nBOSCH: 0 986 AB1 423<br \/>\nBOSCH: 0 986 AB1 471<br \/>\nBOSCH: 0 986 AB2 133<br \/>\nBOSCH: 0 986 AB2 396<br \/>\nBOSCH: 0 986 AB2 964<br \/>\nBOSCH: 0 986 AB3 946<br \/>\nBOSCH: 0 986 TB3 082<br \/>\nBREMBO: P83071<br \/>\nBREMBO: P83082<br \/>\nDELPHI: LP2002<br \/>\nDITAS: DFB4710<br \/>\nE.T.F.: 121251<br \/>\nFEBI BILSTEIN: 16650<br \/>\nFERODO: FDB1891<br \/>\nFERODO: FSL1891<br \/>\nFIRST LINE: FBP3634<br \/>\nGIRLING: 6134259<br \/>\nHELLA: 8DB 355 006-861<br \/>\nHERTH+BUSS JAKOPARTS: J3602125<br \/>\nICER: 181760<br \/>\nJURID: 572598J<br \/>\nJURID: 572598JC<br \/>\nKBP: BP9116<br \/>\nLEXUS: 04465-42160<br \/>\nLEXUS: 04465-YZZDR<br \/>\nMAGNETI MARELLI: 363702161484<br \/>\nMETELLI: 2207470<br \/>\nMETZGER: 123200<br \/>\nMEYLE: 025 243 3617<br \/>\nMEYLE: 025 243 3617\/PD<br \/>\nMGA: 845<br \/>\nMINTEX: MDB2785<br \/>\nMK Kashiyama: D2274<br \/>\nNECTO: FD7243A<br \/>\nNIPPARTS: J3602120<br \/>\nNK: 224595<br \/>\nPAGID: T1580<br \/>\nQH Benelux: 7789<br \/>\nQUINTON HAZELL: BP1600<br \/>\nREMSA: 123200<br \/>\nRUVILLE: D12108330<br \/>\nSUBARU: 0446512610<br \/>\nSWAG: 81916650<br \/>\nTEXTAR: 2433601<br \/>\nTEXTAR: 2433603<br \/>\nTOYOTA: 04465-02220<br \/>\nTOYOTA: 04465-02240<br \/>\nTOYOTA: 04465-02310<br \/>\nTOYOTA: 04465-02400<br \/>\nTOYOTA: 04465-0R010<br \/>\nTOYOTA: 04465-12610<br \/>\nTOYOTA: 04465-42160<br \/>\nTOYOTA: 04465-42200<br \/>\nTOYOTA: 04465-YZZDR<br \/>\nTOYOTA: 446502400<br \/>\nTRISCAN: 811013070<br \/>\nVALEO: 301943<br \/>\nVALEO: 598943<br \/>\nWAGNER: WBP24336A<br \/>\nWOKING: P1332300<br \/>\nZIMMERMANN: 243361751<br \/>\nfri.tech.: 7630<\/p>","protected":false},"excerpt":{"rendered":"<p>Numer WVA 24336 Numery producenta GDB3425 Numery OE A.B.S.: 37544 APEC: PAD1593 ATE: 13046057672 BENDIX: 572598B BENDIX: DB1802 BENDIX-AU: DB1802 BLUE PRINT: ADT342162 BLUE PRINT: ADT342171 BORG &amp; BECK: BBP1991 BOSCH: 0 986 494 240 BOSCH: 0 986 AB1 080 BOSCH: 0 986 AB1 423 BOSCH: 0 986 AB1 471 BOSCH: 0 986 AB2 133 [&hellip;]<\/p>\n","protected":false},"featured_media":17666,"template":"","meta":{"_monsterinsights_skip_tracking":false,"_monsterinsights_sitenote_active":false,"_monsterinsights_sitenote_note":"","_monsterinsights_sitenote_category":0},"product_brand":[],"product_cat":[149],"product_tag":[],"class_list":{"0":"post-6101","1":"product","2":"type-product","3":"status-publish","4":"has-post-thumbnail","6":"product_cat-klocki-hamulcowe","8":"first","9":"instock","10":"taxable","11":"shipping-taxable","12":"purchasable","13":"product-type-simple"},"_links":{"self":[{"href":"https:\/\/dev.niezawodneczesci.pl\/sk\/wp-json\/wp\/v2\/product\/6101","targetHints":{"allow":["GET"]}}],"collection":[{"href":"https:\/\/dev.niezawodneczesci.pl\/sk\/wp-json\/wp\/v2\/product"}],"about":[{"href":"https:\/\/dev.niezawodneczesci.pl\/sk\/wp-json\/wp\/v2\/types\/product"}],"version-history":[{"count":1,"href":"https:\/\/dev.niezawodneczesci.pl\/sk\/wp-json\/wp\/v2\/product\/6101\/revisions"}],"predecessor-version":[{"id":25831,"href":"https:\/\/dev.niezawodneczesci.pl\/sk\/wp-json\/wp\/v2\/product\/6101\/revisions\/25831"}],"wp:featuredmedia":[{"embeddable":true,"href":"https:\/\/dev.niezawodneczesci.pl\/sk\/wp-json\/wp\/v2\/media\/17666"}],"wp:attachment":[{"href":"https:\/\/dev.niezawodneczesci.pl\/sk\/wp-json\/wp\/v2\/media?parent=6101"}],"wp:term":[{"taxonomy":"product_brand","embeddable":true,"href":"https:\/\/dev.niezawodneczesci.pl\/sk\/wp-json\/wp\/v2\/product_brand?post=6101"},{"taxonomy":"product_cat","embeddable":true,"href":"https:\/\/dev.niezawodneczesci.pl\/sk\/wp-json\/wp\/v2\/product_cat?post=6101"},{"taxonomy":"product_tag","embeddable":true,"href":"https:\/\/dev.niezawodneczesci.pl\/sk\/wp-json\/wp\/v2\/product_tag?post=6101"}],"curies":[{"name":"wp","href":"https:\/\/api.w.org\/{rel}","templated":true}]}}