{"id":6109,"date":"2021-06-16T11:53:39","date_gmt":"2021-06-16T09:53:39","guid":{"rendered":"https:\/\/niezawodneczesci.pl\/\/?post_type=product&#038;p=6109"},"modified":"2026-04-28T12:06:57","modified_gmt":"2026-04-28T10:06:57","slug":"klocki-hamulcowe-sunrich-przod-sr0426-01-3240","status":"publish","type":"product","link":"https:\/\/dev.niezawodneczesci.pl\/sk\/produkt\/klocki-hamulcowe-sunrich-przod-sr0426-01-3240\/","title":{"rendered":"BRZDOV\u00c9 DESTI\u010cKY SUNRICH PREDN\u00c9 SR0426.01-3240"},"content":{"rendered":"<p>Numer WVA<br \/>\n23729<\/p>\n<p>\u010c\u00edsla v\u00fdrobcov<br \/>\n0 986 424 722<\/p>\n<p>OE \u010d\u00edsla<br \/>\nATE: 13 0460 5878 2<br \/>\nATE: 605878<br \/>\nBENDIX: 572449 B<br \/>\nBREMBO: P28034<br \/>\nDELPHI: LP1704<br \/>\nFERODO: FDB1669<br \/>\nGIRLING: 6132402<br \/>\nHELLA: 8DB 355 009-771<br \/>\nHERTH+BUSS ELPARTS: J3604046<br \/>\nHONDA: 06450-S6E-E50<br \/>\nHONDA: 45022-S6E-E50<br \/>\nHONDA: 45022-S7A-E00<br \/>\nHONDA: 45022-S7A-E50<br \/>\nHONDA: 45022-SDD-A00<br \/>\nHONDA: 45022-SDD-A10<br \/>\nHONDA: 45022-SEC-A00<br \/>\nHONDA: 45022-SEP-A00<br \/>\nHONDA: 45022-SEP-A01<br \/>\nHONDA: 45022-SEP-A10<br \/>\nHONDA: 45022-SEP-A11<br \/>\nHONDA: 45022-SJF-305<br \/>\nHONDA: 45022-SJF-E00<br \/>\nHONDA: 45022-SMA-000<br \/>\nHONDA: 45022-SNB-000<br \/>\nHONDA: 45022-SNB-E00<br \/>\nHONDA: 45022-SNB-E01<br \/>\nHONDA: 45022-SZ3-A50<br \/>\nHONDA: 45022-SZ3-G00<br \/>\nHONDA: 45022-TE0-A60<br \/>\nHONDA: 45022-TE0-A61<br \/>\nHONDA: 45022-TL2-A00<br \/>\nHONDA: 45022-TR0-E50<br \/>\nHONDA: 45022-TR0-E51<br \/>\nICER: 181543<br \/>\nJURID: 572449 J<br \/>\nLPR: 05P1071<br \/>\nMINTEX: MDB2043<br \/>\nPAGID: T 1284<br \/>\nRAICAM: 7290<br \/>\nREMSA: 747.12<br \/>\nROADHOUSE: 2747.12<br \/>\nTEXTAR: 23729 170 0 5<br \/>\nTEXTAR: 2372901<br \/>\nTRUSTING: 4780<br \/>\nTRW: GDB3240<br \/>\nVALEO: 301887<br \/>\nsbs: 1501222637<\/p>","protected":false},"excerpt":{"rendered":"<p>Numer WVA 23729 Numery producenta 0 986 424 722 Numery OE ATE: 13 0460 5878 2 ATE: 605878 BENDIX: 572449 B BREMBO: P28034 DELPHI: LP1704 FERODO: FDB1669 GIRLING: 6132402 HELLA: 8DB 355 009-771 HERTH+BUSS ELPARTS: J3604046 HONDA: 06450-S6E-E50 HONDA: 45022-S6E-E50 HONDA: 45022-S7A-E00 HONDA: 45022-S7A-E50 HONDA: 45022-SDD-A00 HONDA: 45022-SDD-A10 HONDA: 45022-SEC-A00 HONDA: 45022-SEP-A00 HONDA: 45022-SEP-A01 HONDA: [&hellip;]<\/p>\n","protected":false},"featured_media":19773,"template":"","meta":{"_monsterinsights_skip_tracking":false,"_monsterinsights_sitenote_active":false,"_monsterinsights_sitenote_note":"","_monsterinsights_sitenote_category":0},"product_brand":[],"product_cat":[149,447],"product_tag":[],"class_list":{"0":"post-6109","1":"product","2":"type-product","3":"status-publish","4":"has-post-thumbnail","6":"product_cat-klocki-hamulcowe","7":"product_cat-promocja","9":"first","10":"instock","11":"sale","12":"taxable","13":"shipping-taxable","14":"purchasable","15":"product-type-simple"},"_links":{"self":[{"href":"https:\/\/dev.niezawodneczesci.pl\/sk\/wp-json\/wp\/v2\/product\/6109","targetHints":{"allow":["GET"]}}],"collection":[{"href":"https:\/\/dev.niezawodneczesci.pl\/sk\/wp-json\/wp\/v2\/product"}],"about":[{"href":"https:\/\/dev.niezawodneczesci.pl\/sk\/wp-json\/wp\/v2\/types\/product"}],"version-history":[{"count":1,"href":"https:\/\/dev.niezawodneczesci.pl\/sk\/wp-json\/wp\/v2\/product\/6109\/revisions"}],"predecessor-version":[{"id":25826,"href":"https:\/\/dev.niezawodneczesci.pl\/sk\/wp-json\/wp\/v2\/product\/6109\/revisions\/25826"}],"wp:featuredmedia":[{"embeddable":true,"href":"https:\/\/dev.niezawodneczesci.pl\/sk\/wp-json\/wp\/v2\/media\/19773"}],"wp:attachment":[{"href":"https:\/\/dev.niezawodneczesci.pl\/sk\/wp-json\/wp\/v2\/media?parent=6109"}],"wp:term":[{"taxonomy":"product_brand","embeddable":true,"href":"https:\/\/dev.niezawodneczesci.pl\/sk\/wp-json\/wp\/v2\/product_brand?post=6109"},{"taxonomy":"product_cat","embeddable":true,"href":"https:\/\/dev.niezawodneczesci.pl\/sk\/wp-json\/wp\/v2\/product_cat?post=6109"},{"taxonomy":"product_tag","embeddable":true,"href":"https:\/\/dev.niezawodneczesci.pl\/sk\/wp-json\/wp\/v2\/product_tag?post=6109"}],"curies":[{"name":"wp","href":"https:\/\/api.w.org\/{rel}","templated":true}]}}