{"id":6111,"date":"2021-06-16T11:53:40","date_gmt":"2021-06-16T09:53:40","guid":{"rendered":"https:\/\/niezawodneczesci.pl\/\/?post_type=product&#038;p=6111"},"modified":"2026-04-28T12:06:57","modified_gmt":"2026-04-28T10:06:57","slug":"klocki-hamulcowe-sunrich-przod-sr0424-01-3288","status":"publish","type":"product","link":"https:\/\/dev.niezawodneczesci.pl\/sk\/produkt\/klocki-hamulcowe-sunrich-przod-sr0424-01-3288\/","title":{"rendered":"BRZDOV\u00c9 DESTI\u010cKY SUNRICH PREDN\u00c9 SR0424.01-3288"},"content":{"rendered":"<p>Numer WVA<br \/>\n23766<br \/>\n23767<br \/>\n23818<br \/>\n23819<\/p>\n<p>\u010c\u00edsla v\u00fdrobcov<br \/>\nGDB3288<\/p>\n<p>OE \u010d\u00edsla<br \/>\nA.B.S.: 37405<br \/>\nA.B.S.: 37405OE<br \/>\nACDelco: AC602581D<br \/>\nAISIN: BPTO-1009<br \/>\nAPEC: PAD1223<br \/>\nASHIKA: 5002211<br \/>\nATE: 13046058152<br \/>\nBENDIX: 572491B<br \/>\nBENDIX-AU: DB1714<br \/>\nBLUE PRINT: ADT342133<br \/>\nBORG &amp; BECK: BBP1769<br \/>\nBOSCH: 0 986 424 735<br \/>\nBOSCH: 0 986 495 243<br \/>\nBOSCH: 0 986 TB2 397<br \/>\nBREMBO: P83064<br \/>\nBREMBO: P83064N<br \/>\nBrake ENGINEERING: PA1478<br \/>\nDELPHI: LP1737<br \/>\nDITAS: DFB4449<br \/>\nE.T.F.: 121030<br \/>\nFEBI BILSTEIN: 16539<br \/>\nFERODO: FDB1573<br \/>\nFERODO: FDS1573<br \/>\nFERODO: FSL1573<br \/>\nFIRST LINE: FBP3399<br \/>\nFTE: BL1878A2<br \/>\nGIRLING: 6132881<br \/>\nHELLA: 8DB 355 017-241<br \/>\nHELLA: 8DB 355 027-911<br \/>\nHELLA PAGID: 8DB 355 017-241<br \/>\nHELLA PAGID: 8DB 355 027-911<br \/>\nHERTH+BUSS JAKOPARTS: J3602101<br \/>\nICER: 181513<br \/>\nJAPANPARTS: PA211AF<br \/>\nJURID: 572491J<br \/>\nKAWE: 81541<br \/>\nKBP: BP9068<br \/>\nLPR: 05P1002<br \/>\nMAGNETI MARELLI: 363702161223<br \/>\nMAPCO: 6765<br \/>\nMETELLI: 2204460<br \/>\nMETZGER: 082212<br \/>\nMETZGER: 82212<br \/>\nMEYLE: 025 237 6617\/PD<br \/>\nMEYLE: 025 237 6617\/W<br \/>\nMINTEX: MDB2257<br \/>\nMK Kashiyama: D2224M<br \/>\nNECTO: FD6964A<br \/>\nNECTO: FD6964N<br \/>\nNIPPARTS: J3602101<br \/>\nNK: 224559<br \/>\nOPTIMAL: 82212<br \/>\nPAGID: T3120<br \/>\nPEX: 7692<br \/>\nQH Benelux: 7466<br \/>\nQUINTON HAZELL: BP1347<br \/>\nRAMEDER: T0610261<br \/>\nREMSA: 082212<br \/>\nREMSA: 82212<br \/>\nREMY: RAP1418<br \/>\nROULUNDS RUBBER: 602581<br \/>\nSPIDAN: 32478<br \/>\nSWAG: 81916539<br \/>\nTEXTAR: 2376601<br \/>\nTEXTAR: 2376617205<br \/>\nTOYOTA: 04465-02061<br \/>\nTOYOTA: 04465-02130<br \/>\nTOYOTA: 04465-YZZDC<br \/>\nTOYOTA: 446502061<br \/>\nTRISCAN: 811013058<br \/>\nTRUSTING: 4620<br \/>\nVALEO: 598679<br \/>\nWAGNER: WBP23766A<br \/>\nWOKING: P922312<br \/>\nZIMMERMANN: 237661751<br \/>\nfri.tech.: 4620<br \/>\nsbs: 224559<\/p>","protected":false},"excerpt":{"rendered":"<p>Numer WVA 23766 23767 23818 23819 Numery producenta GDB3288 Numery OE A.B.S.: 37405 A.B.S.: 37405OE ACDelco: AC602581D AISIN: BPTO-1009 APEC: PAD1223 ASHIKA: 5002211 ATE: 13046058152 BENDIX: 572491B BENDIX-AU: DB1714 BLUE PRINT: ADT342133 BORG &amp; BECK: BBP1769 BOSCH: 0 986 424 735 BOSCH: 0 986 495 243 BOSCH: 0 986 TB2 397 BREMBO: P83064 BREMBO: P83064N [&hellip;]<\/p>\n","protected":false},"featured_media":17652,"template":"","meta":{"_monsterinsights_skip_tracking":false,"_monsterinsights_sitenote_active":false,"_monsterinsights_sitenote_note":"","_monsterinsights_sitenote_category":0},"product_brand":[],"product_cat":[149],"product_tag":[],"class_list":{"0":"post-6111","1":"product","2":"type-product","3":"status-publish","4":"has-post-thumbnail","6":"product_cat-klocki-hamulcowe","8":"first","9":"instock","10":"sale","11":"taxable","12":"shipping-taxable","13":"purchasable","14":"product-type-simple"},"_links":{"self":[{"href":"https:\/\/dev.niezawodneczesci.pl\/sk\/wp-json\/wp\/v2\/product\/6111","targetHints":{"allow":["GET"]}}],"collection":[{"href":"https:\/\/dev.niezawodneczesci.pl\/sk\/wp-json\/wp\/v2\/product"}],"about":[{"href":"https:\/\/dev.niezawodneczesci.pl\/sk\/wp-json\/wp\/v2\/types\/product"}],"version-history":[{"count":1,"href":"https:\/\/dev.niezawodneczesci.pl\/sk\/wp-json\/wp\/v2\/product\/6111\/revisions"}],"predecessor-version":[{"id":25821,"href":"https:\/\/dev.niezawodneczesci.pl\/sk\/wp-json\/wp\/v2\/product\/6111\/revisions\/25821"}],"wp:featuredmedia":[{"embeddable":true,"href":"https:\/\/dev.niezawodneczesci.pl\/sk\/wp-json\/wp\/v2\/media\/17652"}],"wp:attachment":[{"href":"https:\/\/dev.niezawodneczesci.pl\/sk\/wp-json\/wp\/v2\/media?parent=6111"}],"wp:term":[{"taxonomy":"product_brand","embeddable":true,"href":"https:\/\/dev.niezawodneczesci.pl\/sk\/wp-json\/wp\/v2\/product_brand?post=6111"},{"taxonomy":"product_cat","embeddable":true,"href":"https:\/\/dev.niezawodneczesci.pl\/sk\/wp-json\/wp\/v2\/product_cat?post=6111"},{"taxonomy":"product_tag","embeddable":true,"href":"https:\/\/dev.niezawodneczesci.pl\/sk\/wp-json\/wp\/v2\/product_tag?post=6111"}],"curies":[{"name":"wp","href":"https:\/\/api.w.org\/{rel}","templated":true}]}}