{"id":6123,"date":"2021-06-16T11:53:42","date_gmt":"2021-06-16T09:53:42","guid":{"rendered":"https:\/\/niezawodneczesci.pl\/\/?post_type=product&#038;p=6123"},"modified":"2026-04-28T12:06:57","modified_gmt":"2026-04-28T10:06:57","slug":"klocki-hamulcowe-sunrich-przod-sr0377-01-3422","status":"publish","type":"product","link":"https:\/\/dev.niezawodneczesci.pl\/sk\/produkt\/klocki-hamulcowe-sunrich-przod-sr0377-01-3422\/","title":{"rendered":"BRZDOV\u00c9 DESTI\u010cKY SUNRICH PREDN\u00c9 SR0377.01-3422"},"content":{"rendered":"<p>Numer WVA<br \/>\n23891<\/p>\n<p>\u010c\u00edsla v\u00fdrobcov<br \/>\n23891 00 701 10<\/p>\n<p>OE \u010d\u00edsla<br \/>\nAPEC: PAD1384<br \/>\nATE: 13.0460-5873.2<br \/>\nBOSCH: 0 986 424 815<br \/>\nBREMBO: P 30 043<br \/>\nDELPHI: LP1902<br \/>\nFERODO: FDB1733<br \/>\nHYUNDAI: 581011FA50<br \/>\nHYUNDAI: 581012CA20<br \/>\nHYUNDAI: 581012EA10<br \/>\nHYUNDAI: 581012EA11<br \/>\nHYUNDAI: 581012EA20<br \/>\nHYUNDAI: 581012EA21<br \/>\nHYUNDAI: 581012HA00<br \/>\nHYUNDAI: 581012HA10<br \/>\nHYUNDAI: 5810138A80<br \/>\nHYUNDAI: 5810138A81<br \/>\nHYUNDAI: 581013KA40<br \/>\nJURID: 572514J<br \/>\nKIA: 581011FE00<br \/>\nKIA: 581011FE01<br \/>\nKIA: 581012GB00<br \/>\nKIA: 581013CA20<br \/>\nKIA: 581013CA80<br \/>\nKIA: 581013KA40<br \/>\nMINTEX: MDB2919<br \/>\nTEXTAR: 23891 169 0 5<br \/>\nTEXTAR: 23891 169 0 5 T4136<br \/>\nTEXTAR: 2389101<br \/>\nTRW: GDB3283<br \/>\nTRW: GDB3352<br \/>\nTRW: GDB3386<br \/>\nTRW: GDB3422<br \/>\nVALEO: 301744<\/p>","protected":false},"excerpt":{"rendered":"<p>Numer WVA 23891 Numery producenta 23891 00 701 10 Numery OE APEC: PAD1384 ATE: 13.0460-5873.2 BOSCH: 0 986 424 815 BREMBO: P 30 043 DELPHI: LP1902 FERODO: FDB1733 HYUNDAI: 581011FA50 HYUNDAI: 581012CA20 HYUNDAI: 581012EA10 HYUNDAI: 581012EA11 HYUNDAI: 581012EA20 HYUNDAI: 581012EA21 HYUNDAI: 581012HA00 HYUNDAI: 581012HA10 HYUNDAI: 5810138A80 HYUNDAI: 5810138A81 HYUNDAI: 581013KA40 JURID: 572514J KIA: 581011FE00 KIA: [&hellip;]<\/p>\n","protected":false},"featured_media":19777,"template":"","meta":{"_monsterinsights_skip_tracking":false,"_monsterinsights_sitenote_active":false,"_monsterinsights_sitenote_note":"","_monsterinsights_sitenote_category":0},"product_brand":[],"product_cat":[149,447],"product_tag":[],"class_list":{"0":"post-6123","1":"product","2":"type-product","3":"status-publish","4":"has-post-thumbnail","6":"product_cat-klocki-hamulcowe","7":"product_cat-promocja","9":"first","10":"instock","11":"sale","12":"taxable","13":"shipping-taxable","14":"purchasable","15":"product-type-simple"},"_links":{"self":[{"href":"https:\/\/dev.niezawodneczesci.pl\/sk\/wp-json\/wp\/v2\/product\/6123","targetHints":{"allow":["GET"]}}],"collection":[{"href":"https:\/\/dev.niezawodneczesci.pl\/sk\/wp-json\/wp\/v2\/product"}],"about":[{"href":"https:\/\/dev.niezawodneczesci.pl\/sk\/wp-json\/wp\/v2\/types\/product"}],"version-history":[{"count":1,"href":"https:\/\/dev.niezawodneczesci.pl\/sk\/wp-json\/wp\/v2\/product\/6123\/revisions"}],"predecessor-version":[{"id":25813,"href":"https:\/\/dev.niezawodneczesci.pl\/sk\/wp-json\/wp\/v2\/product\/6123\/revisions\/25813"}],"wp:featuredmedia":[{"embeddable":true,"href":"https:\/\/dev.niezawodneczesci.pl\/sk\/wp-json\/wp\/v2\/media\/19777"}],"wp:attachment":[{"href":"https:\/\/dev.niezawodneczesci.pl\/sk\/wp-json\/wp\/v2\/media?parent=6123"}],"wp:term":[{"taxonomy":"product_brand","embeddable":true,"href":"https:\/\/dev.niezawodneczesci.pl\/sk\/wp-json\/wp\/v2\/product_brand?post=6123"},{"taxonomy":"product_cat","embeddable":true,"href":"https:\/\/dev.niezawodneczesci.pl\/sk\/wp-json\/wp\/v2\/product_cat?post=6123"},{"taxonomy":"product_tag","embeddable":true,"href":"https:\/\/dev.niezawodneczesci.pl\/sk\/wp-json\/wp\/v2\/product_tag?post=6123"}],"curies":[{"name":"wp","href":"https:\/\/api.w.org\/{rel}","templated":true}]}}