{"id":6134,"date":"2021-06-16T11:53:46","date_gmt":"2021-06-16T09:53:46","guid":{"rendered":"https:\/\/niezawodneczesci.pl\/\/?post_type=product&#038;p=6134"},"modified":"2026-04-28T12:06:56","modified_gmt":"2026-04-28T10:06:56","slug":"klocki-hamulcowe-gdb3332-dacia-renault-nissan","status":"publish","type":"product","link":"https:\/\/dev.niezawodneczesci.pl\/sk\/produkt\/klocki-hamulcowe-gdb3332-dacia-renault-nissan\/","title":{"rendered":"BRZDOV\u00c9 DESTI\u010cKY SUNRICH PREDN\u00c9 SR0344.01-3332"},"content":{"rendered":"<p>Numer WVA<br \/>\n23973<\/p>\n<p>\u010c\u00edsla v\u00fdrobcov<br \/>\nGDB3332<\/p>\n<p>OE \u010d\u00edsla<br \/>\nA.B.S.: 37395<br \/>\nAPEC: PAD1312<br \/>\nASHIKA: 5000013<br \/>\nATE: 13046027092<br \/>\nATE: 13046058012<br \/>\nATE: 13047027092<br \/>\nBENDIX: 573125B<br \/>\nBLUE PRINT: ADN142117<br \/>\nBORG &amp; BECK: BBP1807<br \/>\nBOSCH: 0 986 424 795<br \/>\nBOSCH: 0 986 494 573<br \/>\nBOSCH: 0 986 494 592<br \/>\nBOSCH: 0 986 TB2 448<br \/>\nBREMBO: P 68 033X<br \/>\nBREMBO: P68033<br \/>\nBREMBO: P68033N<br \/>\nBrake ENGINEERING: PA1435<br \/>\nDACIA: 41 06 084 81R<br \/>\nDACIA: 77 01 208 422<br \/>\nDACIA: 86 71 016 692<br \/>\nDELPHI: LP1865<br \/>\nDELPHI: LP3551<br \/>\nDITAS: DFB1522<br \/>\nE.T.F.: 121026<br \/>\nFEBI BILSTEIN: 116180<br \/>\nFEBI BILSTEIN: 16523<br \/>\nFERODO: FDB1617<br \/>\nFERODO: FSL1617<br \/>\nFIRST LINE: FBP3439<br \/>\nFTE: BL1876A3<br \/>\nGALFER: B1G10205382<br \/>\nGIRLING: 6133321<br \/>\nHELLA: 8DB 355 010-851<br \/>\nHERTH+BUSS JAKOPARTS: J3601085<br \/>\nICER: 181534<br \/>\nICER: 181534700<br \/>\nJAPANPARTS: PA013AF<br \/>\nJURID: 573125J<br \/>\nKAGER: 350500<br \/>\nKAWE: 81608<br \/>\nKBP: BP6570<br \/>\nLADA: 410608481R<br \/>\nLADA: 8450108101<br \/>\nLPR: 05P867<br \/>\nLUCAS: LBP3427<br \/>\nMAGNETI MARELLI: 363702161250<br \/>\nMAPCO: 6758<br \/>\nMETELLI: 2204850<br \/>\nMETZGER: 098700<br \/>\nMEYLE: 025 239 7317<br \/>\nMEYLE: 025 239 7317\/PD<br \/>\nMINTEX: MDB2595<br \/>\nMINTEX: MDK0200<br \/>\nMK Kashiyama: D1261<br \/>\nNECTO: FD7063A<br \/>\nNECTO: FD7063N<br \/>\nNIPPARTS: J3601085<br \/>\nNISSAN: 41060-AX625<br \/>\nNISSAN: D1060-AX60A<br \/>\nNISSAN: D1060-AX61A<br \/>\nNISSAN: D1060-AX61F<br \/>\nNISSAN: D1060-BH40A<br \/>\nNK: 222258<br \/>\nOPTIMAL: 12131<br \/>\nOPTIMAL: BP-12131<br \/>\nPAGID: T1399<br \/>\nPEX: 7661<br \/>\nQH Benelux: 7544<br \/>\nQH Benelux: 7673<br \/>\nQUINTON HAZELL: BP1412<br \/>\nRAMEDER: T0610285<br \/>\nREMSA: 098700<br \/>\nREMSA: 98700<br \/>\nREMSA: 98710<br \/>\nREMSA: 98790<br \/>\nREMY: RAP1019<br \/>\nRENAULT: 41 06 040 76R<br \/>\nRENAULT: 41 06 084 81R<br \/>\nRENAULT: 77 01 208 422<br \/>\nRENAULT: 86 71 016 692<br \/>\nROULUNDS RUBBER: 800981<br \/>\nRUVILLE: D00011050<br \/>\nSPIDAN: 32456<br \/>\nSWAG: 60916523<br \/>\nTEXTAR: 2397301<br \/>\nTEXTAR: 2397317314<br \/>\nTRISCAN: 811014039<br \/>\nTRUCKTEC AUTOMOTIVE: 0235449<br \/>\nTRUSTING: 5010<br \/>\nVALEO: 301641<br \/>\nVALEO: 598641<br \/>\nVALEO: 601116<br \/>\nVALEO: 601641<br \/>\nVALEO: 872973<br \/>\nWAGNER: WBP23973A<br \/>\nZIMMERMANN: 239731751<br \/>\nfri.tech.: 5010<br \/>\nsbs: 222258<\/p>","protected":false},"excerpt":{"rendered":"<p>Numer WVA 23973 Numery producenta GDB3332 Numery OE A.B.S.: 37395 APEC: PAD1312 ASHIKA: 5000013 ATE: 13046027092 ATE: 13046058012 ATE: 13047027092 BENDIX: 573125B BLUE PRINT: ADN142117 BORG &amp; BECK: BBP1807 BOSCH: 0 986 424 795 BOSCH: 0 986 494 573 BOSCH: 0 986 494 592 BOSCH: 0 986 TB2 448 BREMBO: P 68 033X BREMBO: P68033 [&hellip;]<\/p>\n","protected":false},"featured_media":17564,"template":"","meta":{"_monsterinsights_skip_tracking":false,"_monsterinsights_sitenote_active":false,"_monsterinsights_sitenote_note":"","_monsterinsights_sitenote_category":0},"product_brand":[],"product_cat":[149],"product_tag":[],"class_list":{"0":"post-6134","1":"product","2":"type-product","3":"status-publish","4":"has-post-thumbnail","6":"product_cat-klocki-hamulcowe","8":"first","9":"instock","10":"taxable","11":"shipping-taxable","12":"purchasable","13":"product-type-simple"},"_links":{"self":[{"href":"https:\/\/dev.niezawodneczesci.pl\/sk\/wp-json\/wp\/v2\/product\/6134","targetHints":{"allow":["GET"]}}],"collection":[{"href":"https:\/\/dev.niezawodneczesci.pl\/sk\/wp-json\/wp\/v2\/product"}],"about":[{"href":"https:\/\/dev.niezawodneczesci.pl\/sk\/wp-json\/wp\/v2\/types\/product"}],"version-history":[{"count":1,"href":"https:\/\/dev.niezawodneczesci.pl\/sk\/wp-json\/wp\/v2\/product\/6134\/revisions"}],"predecessor-version":[{"id":25807,"href":"https:\/\/dev.niezawodneczesci.pl\/sk\/wp-json\/wp\/v2\/product\/6134\/revisions\/25807"}],"wp:featuredmedia":[{"embeddable":true,"href":"https:\/\/dev.niezawodneczesci.pl\/sk\/wp-json\/wp\/v2\/media\/17564"}],"wp:attachment":[{"href":"https:\/\/dev.niezawodneczesci.pl\/sk\/wp-json\/wp\/v2\/media?parent=6134"}],"wp:term":[{"taxonomy":"product_brand","embeddable":true,"href":"https:\/\/dev.niezawodneczesci.pl\/sk\/wp-json\/wp\/v2\/product_brand?post=6134"},{"taxonomy":"product_cat","embeddable":true,"href":"https:\/\/dev.niezawodneczesci.pl\/sk\/wp-json\/wp\/v2\/product_cat?post=6134"},{"taxonomy":"product_tag","embeddable":true,"href":"https:\/\/dev.niezawodneczesci.pl\/sk\/wp-json\/wp\/v2\/product_tag?post=6134"}],"curies":[{"name":"wp","href":"https:\/\/api.w.org\/{rel}","templated":true}]}}