{"id":6136,"date":"2021-06-16T11:53:47","date_gmt":"2021-06-16T09:53:47","guid":{"rendered":"https:\/\/niezawodneczesci.pl\/\/?post_type=product&#038;p=6136"},"modified":"2026-04-28T12:06:56","modified_gmt":"2026-04-28T10:06:56","slug":"klocki-hamulcowe-gdb1454-mercedes-benz","status":"publish","type":"product","link":"https:\/\/dev.niezawodneczesci.pl\/sk\/produkt\/klocki-hamulcowe-gdb1454-mercedes-benz\/","title":{"rendered":"BRZDOV\u00c9 DESTI\u010cKY SUNRICH PREDN\u00c9 SR0337.01-1454"},"content":{"rendered":"<p>Numer WVA<br \/>\n23045<br \/>\n23271<\/p>\n<p>\u010c\u00edsla v\u00fdrobcov<br \/>\nGDB1454<\/p>\n<p>OE \u010d\u00edsla<br \/>\nA.B.S.: 37149<br \/>\nA.B.S.: 37149OE<br \/>\nAPEC: PAD1153<br \/>\nATE: 13046049842<br \/>\nATE: 13047049842<br \/>\nBENDIX: 571961<br \/>\nBENDIX: 571961B<br \/>\nBENDIX-AU: DB1453<br \/>\nBORG &amp; BECK: BBP1756<br \/>\nBORG &amp; BECK: BBP2132<br \/>\nBOSCH: 0 986 424 475<br \/>\nBOSCH: 0 986 424 705<br \/>\nBOSCH: 0 986 494 012<br \/>\nBOSCH: 0 986 TB2 377<br \/>\nBOSCH: 0 986 TB2 920<br \/>\nBOSCH: 0 986 TB2 958<br \/>\nBOSCH: F 03B 150 300<br \/>\nBREMBO: P50041<br \/>\nBrake ENGINEERING: PA1453<br \/>\nDELPHI: LP1688<br \/>\nE.T.F.: 120986<br \/>\nFEBI BILSTEIN: 16481<br \/>\nFERODO: FDB1426<br \/>\nFERODO: FQT1426<br \/>\nFERODO: FSL1426<br \/>\nFIRST LINE: FBP3385<br \/>\nFTE: BL1744A2<br \/>\nGALFER: B1G10205742<br \/>\nHELLA: 8DB 355 008-691<br \/>\nHELLA: 8DB 355 010-171<br \/>\nHELLA: 8DB 355 015-851<br \/>\nICER: 181389<br \/>\nJURID: 571961J<br \/>\nJURID: 571961JAS<br \/>\nJURID: 571961JC<br \/>\nJURID: 573092J<br \/>\nJURID: 573092JAS<br \/>\nJURID: 573092JC<br \/>\nKAWE: 81403<br \/>\nKAWE: 81583<br \/>\nLEMF\u00d6RDER: 26286<br \/>\nLPR: 05P899<br \/>\nLUCAS: LBP1549<br \/>\nMAGNETI MARELLI: 363702161313<br \/>\nMAGNETI MARELLI: 363702161315<br \/>\nMERCEDES-BENZ: 003 420 05 20<br \/>\nMERCEDES-BENZ: 003 420 08 20<br \/>\nMERCEDES-BENZ: 003 420 18 20<br \/>\nMERCEDES-BENZ: 003 420 42 20<br \/>\nMERCEDES-BENZ: 003 420 89 20<br \/>\nMERCEDES-BENZ: 003420052005<br \/>\nMERCEDES-BENZ: 004 420 04 20<br \/>\nMERCEDES-BENZ: 004 420 08 20<br \/>\nMERCEDES-BENZ: 004 420 77 20<br \/>\nMERCEDES-BENZ: 005 420 60 20<br \/>\nMERCEDES-BENZ: 163 420 06 20<br \/>\nMERCEDES-BENZ: 163 420 08 20<br \/>\nMERCEDES-BENZ: 163 420 10 20<br \/>\nMERCEDES-BENZ: 163420102041<br \/>\nMERCEDES-BENZ: 221 420 07 20<br \/>\nMERCEDES-BENZ: 34201820<br \/>\nMERCEDES-BENZ: 34204220<br \/>\nMERCEDES-BENZ: A 003 420 05 20<br \/>\nMERCEDES-BENZ: A 003 420 08 20<br \/>\nMERCEDES-BENZ: A 003 420 18 20<br \/>\nMERCEDES-BENZ: A 003 420 42 20<br \/>\nMERCEDES-BENZ: A 003 420 89 20<br \/>\nMERCEDES-BENZ: A 004 420 04 20<br \/>\nMERCEDES-BENZ: A 004 420 08 20<br \/>\nMERCEDES-BENZ: A 004 420 77 20<br \/>\nMERCEDES-BENZ: A 005 420 60 20<br \/>\nMERCEDES-BENZ: A 163 420 06 20<br \/>\nMERCEDES-BENZ: A 163 420 08 20<br \/>\nMERCEDES-BENZ: A 163 420 10 20<br \/>\nMERCEDES-BENZ: A 221 420 07 20<br \/>\nMERCEDES-BENZ: A003420052005<br \/>\nMERCEDES-BENZ: A163420102041<br \/>\nMETELLI: 2205630<br \/>\nMETZGER: 076900<br \/>\nMEYLE: 025 232 7117<br \/>\nMEYLE: 025 232 7117\/PD<br \/>\nMINTEX: MDB2064<br \/>\nNECTO: FD7008A<br \/>\nNK: 223347<br \/>\nOPTIMAL: 12097<br \/>\nOPTIMAL: BP-12097<br \/>\nPAGID: T1174<br \/>\nPAGID: T1174EP<br \/>\nPAGID: T1325<br \/>\nPAGID: T2063<br \/>\nPEX: 7578<br \/>\nQH Benelux: 7295<br \/>\nQH Benelux: 7513<br \/>\nQUINTON HAZELL: BP1297<br \/>\nRAMEDER: T0610167<br \/>\nREMSA: 076900<br \/>\nREMSA: 076902<br \/>\nREMSA: 76900<br \/>\nROULUNDS RUBBER: 813881<br \/>\nROULUNDS RUBBER: 815181<br \/>\nSPIDAN: 32769<br \/>\nSWAG: 10916481<br \/>\nTEXTAR: 2327102<br \/>\nTEXTAR: 2327105<br \/>\nTEXTAR: 2327117705<br \/>\nTEXTAR: 2327181<br \/>\nTEXTAR: 2327191<br \/>\nTRISCAN: 811023024<br \/>\nTRISCAN: 811023040<br \/>\nTRISCAN: 811023058<br \/>\nTRUCKTEC AUTOMOTIVE: 0235116<br \/>\nTRUSTING: 5790<br \/>\nVAICO: V308128<br \/>\nVAICO: V3081281<br \/>\nVALEO: 301445<br \/>\nVALEO: 597316<br \/>\nVALEO: 597468<br \/>\nVALEO: 598442<br \/>\nVALEO: 598445<br \/>\nWAGNER: WBP23271A<br \/>\nWOKING: P669300<br \/>\nZIMMERMANN: 232711751<br \/>\nZIMMERMANN: 232711752<br \/>\nfri.tech.: 5790<br \/>\nsbs: 223347<\/p>","protected":false},"excerpt":{"rendered":"<p>Numer WVA 23045 23271 Numery producenta GDB1454 Numery OE A.B.S.: 37149 A.B.S.: 37149OE APEC: PAD1153 ATE: 13046049842 ATE: 13047049842 BENDIX: 571961 BENDIX: 571961B BENDIX-AU: DB1453 BORG &amp; BECK: BBP1756 BORG &amp; BECK: BBP2132 BOSCH: 0 986 424 475 BOSCH: 0 986 424 705 BOSCH: 0 986 494 012 BOSCH: 0 986 TB2 377 BOSCH: 0 [&hellip;]<\/p>\n","protected":false},"featured_media":17545,"template":"","meta":{"_monsterinsights_skip_tracking":false,"_monsterinsights_sitenote_active":false,"_monsterinsights_sitenote_note":"","_monsterinsights_sitenote_category":0},"product_brand":[],"product_cat":[149,447],"product_tag":[],"class_list":{"0":"post-6136","1":"product","2":"type-product","3":"status-publish","4":"has-post-thumbnail","6":"product_cat-klocki-hamulcowe","7":"product_cat-promocja","9":"first","10":"instock","11":"sale","12":"taxable","13":"shipping-taxable","14":"purchasable","15":"product-type-simple"},"_links":{"self":[{"href":"https:\/\/dev.niezawodneczesci.pl\/sk\/wp-json\/wp\/v2\/product\/6136","targetHints":{"allow":["GET"]}}],"collection":[{"href":"https:\/\/dev.niezawodneczesci.pl\/sk\/wp-json\/wp\/v2\/product"}],"about":[{"href":"https:\/\/dev.niezawodneczesci.pl\/sk\/wp-json\/wp\/v2\/types\/product"}],"version-history":[{"count":1,"href":"https:\/\/dev.niezawodneczesci.pl\/sk\/wp-json\/wp\/v2\/product\/6136\/revisions"}],"predecessor-version":[{"id":25803,"href":"https:\/\/dev.niezawodneczesci.pl\/sk\/wp-json\/wp\/v2\/product\/6136\/revisions\/25803"}],"wp:featuredmedia":[{"embeddable":true,"href":"https:\/\/dev.niezawodneczesci.pl\/sk\/wp-json\/wp\/v2\/media\/17545"}],"wp:attachment":[{"href":"https:\/\/dev.niezawodneczesci.pl\/sk\/wp-json\/wp\/v2\/media?parent=6136"}],"wp:term":[{"taxonomy":"product_brand","embeddable":true,"href":"https:\/\/dev.niezawodneczesci.pl\/sk\/wp-json\/wp\/v2\/product_brand?post=6136"},{"taxonomy":"product_cat","embeddable":true,"href":"https:\/\/dev.niezawodneczesci.pl\/sk\/wp-json\/wp\/v2\/product_cat?post=6136"},{"taxonomy":"product_tag","embeddable":true,"href":"https:\/\/dev.niezawodneczesci.pl\/sk\/wp-json\/wp\/v2\/product_tag?post=6136"}],"curies":[{"name":"wp","href":"https:\/\/api.w.org\/{rel}","templated":true}]}}