{"id":6177,"date":"2021-06-16T11:53:57","date_gmt":"2021-06-16T09:53:57","guid":{"rendered":"https:\/\/niezawodneczesci.pl\/\/?post_type=product&#038;p=6177"},"modified":"2026-04-28T12:06:55","modified_gmt":"2026-04-28T10:06:55","slug":"klocki-hamulcowe-gdb957-opel-vauxhall","status":"publish","type":"product","link":"https:\/\/dev.niezawodneczesci.pl\/sk\/produkt\/klocki-hamulcowe-gdb957-opel-vauxhall\/","title":{"rendered":"BRZDOV\u00c9 DESTI\u010cKY SUNRICH PREDN\u00c9 SR0193.01-957"},"content":{"rendered":"<p>Numer<br \/>\nWVA 21368<\/p>\n<p>\u010c\u00edsla v\u00fdrobcov<br \/>\nGDB957<\/p>\n<p>OE \u010d\u00edsla<br \/>\nA.B.S.: 36749<br \/>\nA.B.S.: 36749OE<br \/>\nACDelco: AC628581D<br \/>\nAKEBONO: AN-4591K<br \/>\nAPEC: PAD757<br \/>\nATE: 13046028152<br \/>\nATE: 27046007002<br \/>\nAUTOMEGA: 3016050004<br \/>\nAUTOMEGA: 3016050033<br \/>\nBENDIX: 571493B<br \/>\nBORG &amp; BECK: BBP1448<br \/>\nBOSCH: 0 986 460 113<br \/>\nBOSCH: 0 986 460 939<br \/>\nBOSCH: 0 986 TB2 666<br \/>\nBREMBO: P23001<br \/>\nBREMBO: P59016<br \/>\nBREMBO: P59016N<br \/>\nBrake ENGINEERING: PA859<br \/>\nCADILLAC: 90541293<br \/>\nDELPHI: LP0848<br \/>\nDELPHI: LP603<br \/>\nDELPHI: LP848<br \/>\nE.T.F.: 120514<br \/>\nFEBI BILSTEIN: 16031<br \/>\nFERODO: FDB686<br \/>\nFERODO: FDB686B<br \/>\nFERODO: FSL686<br \/>\nFERODO: TAR686<br \/>\nFIRST LINE: FBP3065<br \/>\nFREMAX: FBP-0996<br \/>\nFTE: BL1305A3<br \/>\nFTE: BL1305B3<br \/>\nGIRLING: 6109571<br \/>\nHELLA: 8DB 355 007-011<br \/>\nHELLA: 8DB 355 017-771<br \/>\nHELLA PAGID: 8DB 355 017-771<br \/>\nHERZOG GERMANY: 886749<br \/>\nICER: 180989<br \/>\nICER: 180989700<br \/>\nJP GROUP: 881605033<br \/>\nJURID: 571493J<br \/>\nKAWE: 80955<br \/>\nLEMF\u00d6RDER: 24836 03<br \/>\nLPR: 05P449<br \/>\nMAGNETI MARELLI: 363702160371<br \/>\nMAPCO: 6460<br \/>\nMETELLI: 2205380<br \/>\nMETZGER: 038200<br \/>\nMEYLE: 025 213 6819<br \/>\nMEYLE: 025 213 6819\/PD<br \/>\nMGA: 416<br \/>\nMINTEX: MDB1003<br \/>\nMINTEX: MDB1540<br \/>\nMINTEX: MDK0176<br \/>\nNECTO: FD6532A<br \/>\nNECTO: FD6532N<br \/>\nNK: 223611<br \/>\nOPEL: 1605004<br \/>\nOPEL: 1605033<br \/>\nOPEL: 1605782<br \/>\nOPEL: 1605932<br \/>\nOPEL: 90398116<br \/>\nOPEL: 90541293<br \/>\nOPEL: 9192124<br \/>\nOPEL: 9195077<br \/>\nOPTIMAL: 9756<br \/>\nOPTIMAL: BP-09756<br \/>\nPAGID: T0475<br \/>\nPAGID: T5030<br \/>\nPEX: 7386<br \/>\nPEX: 7386S<br \/>\nQH Benelux: 2751<br \/>\nQUINTON HAZELL: BLF694<br \/>\nQUINTON HAZELL: BP694<br \/>\nRAMEDER: T0610540<br \/>\nREMSA: 038200<br \/>\nREMSA: 38200<br \/>\nREMY: RAP2110<br \/>\nRUVILLE: D72075880<br \/>\nSCT &#8211; MANNOL: SP287<br \/>\nSPIDAN: 30955<br \/>\nSWAG: 40916031<br \/>\nTEXTAR: 2001102<br \/>\nTEXTAR: 2001107<br \/>\nTEXTAR: 2136801<br \/>\nTEXTAR: 2136818305<br \/>\nTEXTAR: 2136818315<br \/>\nTOPRAN: 202453<br \/>\nTRISCAN: 811024005<br \/>\nTRUCKTEC AUTOMOTIVE: 0635019<br \/>\nTRUSTING: 5540<br \/>\nVAICO: V400153<br \/>\nVALEO: 301256<br \/>\nVALEO: 598256<br \/>\nWAGNER: WBP21368A<br \/>\nWOKING: P282300<br \/>\nZIMMERMANN: 200111501<br \/>\nZIMMERMANN: 213681851<br \/>\nZIMMERMANN: 213681852<br \/>\nfri.tech.: 5540<br \/>\nsbs: 1501223611<br \/>\nsbs: 223611<\/p>","protected":false},"excerpt":{"rendered":"<p>Numer WVA 21368 Numery producenta GDB957 Numery OE A.B.S.: 36749 A.B.S.: 36749OE ACDelco: AC628581D AKEBONO: AN-4591K APEC: PAD757 ATE: 13046028152 ATE: 27046007002 AUTOMEGA: 3016050004 AUTOMEGA: 3016050033 BENDIX: 571493B BORG &amp; BECK: BBP1448 BOSCH: 0 986 460 113 BOSCH: 0 986 460 939 BOSCH: 0 986 TB2 666 BREMBO: P23001 BREMBO: P59016 BREMBO: P59016N Brake ENGINEERING: [&hellip;]<\/p>\n","protected":false},"featured_media":17441,"template":"","meta":{"_monsterinsights_skip_tracking":false,"_monsterinsights_sitenote_active":false,"_monsterinsights_sitenote_note":"","_monsterinsights_sitenote_category":0},"product_brand":[],"product_cat":[149],"product_tag":[],"class_list":{"0":"post-6177","1":"product","2":"type-product","3":"status-publish","4":"has-post-thumbnail","6":"product_cat-klocki-hamulcowe","8":"first","9":"instock","10":"taxable","11":"shipping-taxable","12":"purchasable","13":"product-type-simple"},"_links":{"self":[{"href":"https:\/\/dev.niezawodneczesci.pl\/sk\/wp-json\/wp\/v2\/product\/6177","targetHints":{"allow":["GET"]}}],"collection":[{"href":"https:\/\/dev.niezawodneczesci.pl\/sk\/wp-json\/wp\/v2\/product"}],"about":[{"href":"https:\/\/dev.niezawodneczesci.pl\/sk\/wp-json\/wp\/v2\/types\/product"}],"version-history":[{"count":1,"href":"https:\/\/dev.niezawodneczesci.pl\/sk\/wp-json\/wp\/v2\/product\/6177\/revisions"}],"predecessor-version":[{"id":25772,"href":"https:\/\/dev.niezawodneczesci.pl\/sk\/wp-json\/wp\/v2\/product\/6177\/revisions\/25772"}],"wp:featuredmedia":[{"embeddable":true,"href":"https:\/\/dev.niezawodneczesci.pl\/sk\/wp-json\/wp\/v2\/media\/17441"}],"wp:attachment":[{"href":"https:\/\/dev.niezawodneczesci.pl\/sk\/wp-json\/wp\/v2\/media?parent=6177"}],"wp:term":[{"taxonomy":"product_brand","embeddable":true,"href":"https:\/\/dev.niezawodneczesci.pl\/sk\/wp-json\/wp\/v2\/product_brand?post=6177"},{"taxonomy":"product_cat","embeddable":true,"href":"https:\/\/dev.niezawodneczesci.pl\/sk\/wp-json\/wp\/v2\/product_cat?post=6177"},{"taxonomy":"product_tag","embeddable":true,"href":"https:\/\/dev.niezawodneczesci.pl\/sk\/wp-json\/wp\/v2\/product_tag?post=6177"}],"curies":[{"name":"wp","href":"https:\/\/api.w.org\/{rel}","templated":true}]}}