{"id":6183,"date":"2021-06-16T11:53:58","date_gmt":"2021-06-16T09:53:58","guid":{"rendered":"https:\/\/niezawodneczesci.pl\/\/?post_type=product&#038;p=6183"},"modified":"2025-10-29T12:32:56","modified_gmt":"2025-10-29T11:32:56","slug":"klocki-hamulcowe-gdb1386-audi-seat-skoda-vw","status":"publish","type":"product","link":"https:\/\/dev.niezawodneczesci.pl\/sk\/produkt\/klocki-hamulcowe-gdb1386-audi-seat-skoda-vw\/","title":{"rendered":"BRZDOV\u00c9 DESTI\u010cKY SUNRICH PREDN\u00c9 SR0181.02-1386"},"content":{"rendered":"<p>Numer WVA<br \/>\n23130<br \/>\n23131<\/p>\n<p>\u010c\u00edsla v\u00fdrobcov<br \/>\nGDB1386<\/p>\n<p>OE \u010d\u00edsla<br \/>\nA.B.S.: 37155<br \/>\nA.B.S.: 37155OE<br \/>\nACDelco: AC687781D<br \/>\nAPEC: PAD1109<br \/>\nATE: 13046071172<br \/>\nATE: 13046371172<br \/>\nATE: 13047071172<br \/>\nAUDI: 1J0 698 151 D<br \/>\nAUDI: 1J0 698 151 E<br \/>\nAUDI: 1J0 698 151 F<br \/>\nAUDI: 1J0 698 151 G<br \/>\nAUDI: 1K0 698 151 A<br \/>\nAUDI: 1K0 698 151 K<br \/>\nAUTOMEGA: 3069801511J0D<br \/>\nAUTOMEGA: 3069801511J0E<br \/>\nAUTOMEGA: 3069801511J0F<br \/>\nAUTOMEGA: 3069801511J0G<br \/>\nAUTOMEGA: 3069801511K0A<br \/>\nBENDIX: 571971B<br \/>\nBENDIX: 571971X<br \/>\nBENDIX: DB1405<br \/>\nBENDIX-AU: DB1387<br \/>\nBENDIX-AU: DB1405<br \/>\nBLUE PRINT: ADV184201<br \/>\nBORG &amp; BECK: BBP1617<br \/>\nBORG &amp; BECK: BBP1618<br \/>\nBORG &amp; BECK: BBP1619<br \/>\nBOSCH: 0 986 424 503<br \/>\nBOSCH: 0 986 494 019<br \/>\nBOSCH: 0 986 494 524<br \/>\nBOSCH: 0 986 494 525<br \/>\nBOSCH: 0 986 495 048<br \/>\nBOSCH: 0 986 495 213<br \/>\nBOSCH: 0 986 TB2 041<br \/>\nBOSCH: 0 986 TB2 314<br \/>\nBOSCH: 0 986 TB2 756<br \/>\nBOSCH: F 03B 150 285<br \/>\nBREMBO: P85043<br \/>\nBREMBO: P85072<br \/>\nDELPHI: LP1104<br \/>\nDELPHI: LP1514<br \/>\nDITAS: DFB2386<br \/>\nE.T.F.: 120848<br \/>\nFEBI BILSTEIN: 16330<br \/>\nFEBI BILSTEIN: 16332<br \/>\nFEBI BILSTEIN: 16446<br \/>\nFEBI BILSTEIN: 16617<br \/>\nFERODO: FDB1398<br \/>\nFERODO: FDB1398-D<br \/>\nFERODO: FDB1635<br \/>\nFERODO: FDB1635-D<br \/>\nFERODO: FDS1398<br \/>\nFERODO: FQT1398<br \/>\nFERODO: FQT1635<br \/>\nFERODO: FSL1398<br \/>\nFERODO: FSL1635<br \/>\nFERODO: TAR1398<br \/>\nFIRST LINE: FBP3242<br \/>\nFIRST LINE: FBP3244<br \/>\nFTE: BL1614A2<br \/>\nGALFER: B1G10204632<br \/>\nHELLA: 8DB 355 008-551<br \/>\nHERZOG GERMANY: 887155<br \/>\nICER: 181349<br \/>\nJP GROUP: 698290002ALT<br \/>\nJP GROUP: A5401<br \/>\nJURID: 571971D<br \/>\nJURID: 571971J<br \/>\nJURID: 571971JC<br \/>\nKAWE: 81331<br \/>\nKAWE: 81480<br \/>\nLEMF\u00d6RDER: 25548 02<br \/>\nLPR: 05P692<br \/>\nMAGNETI MARELLI: 363702161106<br \/>\nMAGNETI MARELLI: 363702161111<br \/>\nMAGNETI MARELLI: 363702161202<br \/>\nMAPCO: 56469\/1<br \/>\nMAPCO: 6469\/1<br \/>\nMETELLI: 2202112<br \/>\nMEYLE: 025 231 3119\/PD<br \/>\nMEYLE: 025 231 3119\/W<br \/>\nMGA: 487<br \/>\nMINTEX: MDB2040<br \/>\nMINTEX: MDK0151<br \/>\nMINTEX: MDK0152<br \/>\nMINTEX: MDK0219<br \/>\nNECTO: FD6873A<br \/>\nNECTO: FD6873N<br \/>\nNECTO: FD7085A<br \/>\nNECTO: FD7085N<br \/>\nNK: 224745<br \/>\nNK: 224774<br \/>\nPAGID: T1163<br \/>\nPAGID: T1163ECO<br \/>\nPAGID: T1163EP<br \/>\nPEX: 7542<br \/>\nPEX: 7542S<br \/>\nQH Benelux: 7203<br \/>\nQH Benelux: 7392<br \/>\nQUINTON HAZELL: 863301<br \/>\nQUINTON HAZELL: BP1142<br \/>\nRAMEDER: T0610145<br \/>\nRAMEDER: T0610297<br \/>\nRAMEDER: T0610804<br \/>\nREMSA: 063321<br \/>\nREMSA: 063341<br \/>\nREMSA: 63321<br \/>\nREMSA: 63341<br \/>\nREMSA: 863301<br \/>\nROADHOUSE: 863301<br \/>\nROULUNDS RUBBER: 687781<br \/>\nRUVILLE: D76877090<br \/>\nSEAT: 1J0 698 151 D<br \/>\nSEAT: 1J0 698 151 E<br \/>\nSEAT: 1J0 698 151 F<br \/>\nSEAT: 1J0 698 151 G<br \/>\nSEAT: 1K0 698 151 A<br \/>\nSEAT: 1K0 698 151 K<br \/>\nSKODA: 1J0 698 151 D<br \/>\nSKODA: 1J0 698 151 E<br \/>\nSKODA: 1J0 698 151 F<br \/>\nSKODA: 1J0 698 151 G<br \/>\nSKODA: 1K0 698 151 A<br \/>\nSKODA: 1K0 698 151 D<br \/>\nSKODA: 1K0 698 151 K<br \/>\nSPIDAN: 32736<br \/>\nSWAG: 30916330<br \/>\nSWAG: 30916332<br \/>\nSWAG: 30916446<br \/>\nTEXTAR: 2313101<br \/>\nTEXTAR: 2313105<br \/>\nTEXTAR: 2313119705<br \/>\nTEXTAR: 2313181<br \/>\nTEXTAR: 2313191<br \/>\nTOPRAN: 108504<br \/>\nTRISCAN: 811029022<br \/>\nTRISCAN: 811029039<br \/>\nTRUSTING: 2202<br \/>\nVAICO: V108110<br \/>\nVAICO: V1081101<br \/>\nVALEO: 168986<br \/>\nVALEO: 301408<br \/>\nVALEO: 597291<br \/>\nVALEO: 597329<br \/>\nVALEO: 598408<br \/>\nVALEO: 598968<br \/>\nVALEO: 601120<br \/>\nVW: 1J0 698 151 D<br \/>\nVW: 1J0 698 151 E<br \/>\nVW: 1J0 698 151 F<br \/>\nVW: 1J0 698 151 G<br \/>\nVW: 1K0 698 151 A<br \/>\nVW: 1K0 698 151 D<br \/>\nVW: 1K0 698 151 K<br \/>\nWAGNER: WBP23130A<br \/>\nWOKING: P733321<br \/>\nWOKING: P733341<br \/>\nZIMMERMANN: 10331970570<br \/>\nZIMMERMANN: 231311951<br \/>\nfri.tech.: 2202<br \/>\nsbs: 224745<br \/>\nsbs: 224774<\/p>","protected":false},"excerpt":{"rendered":"<p>Numer WVA 23130 23131 Numery producenta GDB1386 Numery OE A.B.S.: 37155 A.B.S.: 37155OE ACDelco: AC687781D APEC: PAD1109 ATE: 13046071172 ATE: 13046371172 ATE: 13047071172 AUDI: 1J0 698 151 D AUDI: 1J0 698 151 E AUDI: 1J0 698 151 F AUDI: 1J0 698 151 G AUDI: 1K0 698 151 A AUDI: 1K0 698 151 K AUTOMEGA: 3069801511J0D [&hellip;]<\/p>\n","protected":false},"featured_media":17431,"template":"","meta":{"_monsterinsights_skip_tracking":false,"_monsterinsights_sitenote_active":false,"_monsterinsights_sitenote_note":"","_monsterinsights_sitenote_category":0},"product_brand":[],"product_cat":[149],"product_tag":[],"class_list":{"0":"post-6183","1":"product","2":"type-product","3":"status-publish","4":"has-post-thumbnail","6":"product_cat-klocki-hamulcowe","8":"first","9":"instock","10":"taxable","11":"shipping-taxable","12":"purchasable","13":"product-type-simple"},"_links":{"self":[{"href":"https:\/\/dev.niezawodneczesci.pl\/sk\/wp-json\/wp\/v2\/product\/6183","targetHints":{"allow":["GET"]}}],"collection":[{"href":"https:\/\/dev.niezawodneczesci.pl\/sk\/wp-json\/wp\/v2\/product"}],"about":[{"href":"https:\/\/dev.niezawodneczesci.pl\/sk\/wp-json\/wp\/v2\/types\/product"}],"version-history":[{"count":1,"href":"https:\/\/dev.niezawodneczesci.pl\/sk\/wp-json\/wp\/v2\/product\/6183\/revisions"}],"predecessor-version":[{"id":23943,"href":"https:\/\/dev.niezawodneczesci.pl\/sk\/wp-json\/wp\/v2\/product\/6183\/revisions\/23943"}],"wp:featuredmedia":[{"embeddable":true,"href":"https:\/\/dev.niezawodneczesci.pl\/sk\/wp-json\/wp\/v2\/media\/17431"}],"wp:attachment":[{"href":"https:\/\/dev.niezawodneczesci.pl\/sk\/wp-json\/wp\/v2\/media?parent=6183"}],"wp:term":[{"taxonomy":"product_brand","embeddable":true,"href":"https:\/\/dev.niezawodneczesci.pl\/sk\/wp-json\/wp\/v2\/product_brand?post=6183"},{"taxonomy":"product_cat","embeddable":true,"href":"https:\/\/dev.niezawodneczesci.pl\/sk\/wp-json\/wp\/v2\/product_cat?post=6183"},{"taxonomy":"product_tag","embeddable":true,"href":"https:\/\/dev.niezawodneczesci.pl\/sk\/wp-json\/wp\/v2\/product_tag?post=6183"}],"curies":[{"name":"wp","href":"https:\/\/api.w.org\/{rel}","templated":true}]}}