{"id":6207,"date":"2021-06-16T11:54:05","date_gmt":"2021-06-16T09:54:05","guid":{"rendered":"https:\/\/niezawodneczesci.pl\/\/?post_type=product&#038;p=6207"},"modified":"2026-04-28T12:06:55","modified_gmt":"2026-04-28T10:06:55","slug":"klocki-hamulcowe-gdb351-vw-toyota","status":"publish","type":"product","link":"https:\/\/dev.niezawodneczesci.pl\/sk\/produkt\/klocki-hamulcowe-gdb351-vw-toyota\/","title":{"rendered":"BRZDOV\u00c9 DESTI\u010cKY SUNRICH PREDN\u00c9 SR0084.01-351"},"content":{"rendered":"<p>Numer WVA<br \/>\n21158<\/p>\n<p>\u010c\u00edsla v\u00fdrobcov<br \/>\nGDB351<\/p>\n<p>OE \u010d\u00edsla<br \/>\nA.B.S.: 36603<br \/>\nACDelco: AC440781D<br \/>\nACDelco: AC464781D<br \/>\nACDelco: AC489481D<br \/>\nAPEC: PAD476<br \/>\nASHIKA: 5002247<br \/>\nASIMCO: KD2688<br \/>\nASIMCO: KD2688H<br \/>\nATE: 13046059382<br \/>\nBENDIX: 572355B<br \/>\nBENDIX: 572363B<br \/>\nBENDIX-AU: DB2401<br \/>\nBENDIX-AU: DB318<br \/>\nBLUE PRINT: ADT34219<br \/>\nBORG &amp; BECK: BBP1019<br \/>\nBORG &amp; BECK: BBP1451<br \/>\nBORG &amp; BECK: BBP1548<br \/>\nBOSCH: 0 986 424 382<br \/>\nBOSCH: 0 986 505 347<br \/>\nBOSCH: 0 986 AB2 119<br \/>\nBOSCH: 0 986 AB3 863<br \/>\nBOSCH: 0 986 AB3 893<br \/>\nBOSCH: 0 986 AB9 130<br \/>\nBOSCH: 986424382<br \/>\nBOSCH: F 03B 150 006<br \/>\nBREMBO: P83013<br \/>\nDELPHI: LP538<br \/>\nE.T.F.: 120322<br \/>\nE.T.F.: 120618<br \/>\nFERODO: FDB318<br \/>\nFERODO: FSL318<br \/>\nFERODO: TAR318<br \/>\nFIRST LINE: FBP3168<br \/>\nFTE: BL1251A2<br \/>\nGIRLING: 6103519<br \/>\nHELLA: 8DB 355 006-121<br \/>\nHERTH+BUSS JAKOPARTS: J3602047<br \/>\nICER: 140313<br \/>\nICER: 140614<br \/>\nICER: 141009<br \/>\nICER: 141170<br \/>\nJAPANPARTS: PA247AF<br \/>\nJURID: 572355J<br \/>\nJURID: 572363J<br \/>\nJURID: 572367J<br \/>\nKAWE: 80710<br \/>\nKAWE: 80915<br \/>\nKBP: BP9010<br \/>\nLEMF\u00d6RDER: 26302<br \/>\nLEMF\u00d6RDER: 26324<br \/>\nMAGNETI MARELLI: 363702160802<br \/>\nMAGNETI MARELLI: 363702160909<br \/>\nMAPCO: 6448<br \/>\nMEYLE: 025 211 5815<br \/>\nMINTEX: MDB1334<br \/>\nMINTEX: MDB1514<br \/>\nNECTO: FD6264A<br \/>\nNIPPARTS: J3602047<br \/>\nNK: 224534<br \/>\nNK: 229963<br \/>\nOPTIMAL: 9406<br \/>\nOPTIMAL: 9818<br \/>\nPAGID: T0331<br \/>\nPAGID: T1251<br \/>\nPAGID: T3083<br \/>\nPEX: 7664<br \/>\nQH Benelux: 2404<br \/>\nQH Benelux: 2587<br \/>\nQH Benelux: 2813<br \/>\nQUINTON HAZELL: BLF337<br \/>\nQUINTON HAZELL: BP1160<br \/>\nQUINTON HAZELL: BP337<br \/>\nQUINTON HAZELL: BP970<br \/>\nRAMEDER: T0610380<br \/>\nREMSA: 019710<br \/>\nREMSA: 031404<br \/>\nREMSA: 19710<br \/>\nREMSA: 31404<br \/>\nROULUNDS RUBBER: 440781<br \/>\nROULUNDS RUBBER: 464781<br \/>\nROULUNDS RUBBER: 489481<br \/>\nSPIDAN: 31004<br \/>\nSPIDAN: 31903<br \/>\nSPIDAN: 32554<br \/>\nTEXTAR: 2115801<br \/>\nTEXTAR: 2115815604<br \/>\nTEXTAR: 2115816004<br \/>\nTEXTAR: 2178401<br \/>\nTOYOTA: 04465-26200<br \/>\nTOYOTA: 04465-26210<br \/>\nTOYOTA: 04465-26230<br \/>\nTOYOTA: 04465-26280<br \/>\nTOYOTA: 04465-26330<br \/>\nTOYOTA: 04491-26040<br \/>\nTOYOTA: 04491-26070<br \/>\nTOYOTA: 04491-26071<br \/>\nTOYOTA: 04491-26130<br \/>\nTOYOTA: 04491-26131<br \/>\nTOYOTA: 04491-26151<br \/>\nTOYOTA: 04491-35050<br \/>\nTOYOTA: 04491-35051<br \/>\nTOYOTA: 04491-35060<br \/>\nTOYOTA: 04491-35062<br \/>\nTOYOTA: 04491-35130<br \/>\nTOYOTA: 04491-35150<br \/>\nTOYOTA: 446526210<br \/>\nTOYOTA: 446526230<br \/>\nTOYOTA: 449126040<br \/>\nTRISCAN: 811010005<br \/>\nVALEO: 301402<br \/>\nVALEO: 551711<br \/>\nVALEO: 598402<br \/>\nVALEO: 598614<br \/>\nVALEO: 606437<br \/>\nWAGNER: WBP21158A<br \/>\nWOKING: P097310<br \/>\nsbs: 224534<br \/>\nsbs: 229963<\/p>","protected":false},"excerpt":{"rendered":"<p>Numer WVA 21158 Numery producenta GDB351 Numery OE A.B.S.: 36603 ACDelco: AC440781D ACDelco: AC464781D ACDelco: AC489481D APEC: PAD476 ASHIKA: 5002247 ASIMCO: KD2688 ASIMCO: KD2688H ATE: 13046059382 BENDIX: 572355B BENDIX: 572363B BENDIX-AU: DB2401 BENDIX-AU: DB318 BLUE PRINT: ADT34219 BORG &amp; BECK: BBP1019 BORG &amp; BECK: BBP1451 BORG &amp; BECK: BBP1548 BOSCH: 0 986 424 382 BOSCH: [&hellip;]<\/p>\n","protected":false},"featured_media":17338,"template":"","meta":{"_monsterinsights_skip_tracking":false,"_monsterinsights_sitenote_active":false,"_monsterinsights_sitenote_note":"","_monsterinsights_sitenote_category":0},"product_brand":[],"product_cat":[149,447],"product_tag":[],"class_list":{"0":"post-6207","1":"product","2":"type-product","3":"status-publish","4":"has-post-thumbnail","6":"product_cat-klocki-hamulcowe","7":"product_cat-promocja","9":"first","10":"instock","11":"taxable","12":"shipping-taxable","13":"product-type-simple"},"_links":{"self":[{"href":"https:\/\/dev.niezawodneczesci.pl\/sk\/wp-json\/wp\/v2\/product\/6207","targetHints":{"allow":["GET"]}}],"collection":[{"href":"https:\/\/dev.niezawodneczesci.pl\/sk\/wp-json\/wp\/v2\/product"}],"about":[{"href":"https:\/\/dev.niezawodneczesci.pl\/sk\/wp-json\/wp\/v2\/types\/product"}],"version-history":[{"count":1,"href":"https:\/\/dev.niezawodneczesci.pl\/sk\/wp-json\/wp\/v2\/product\/6207\/revisions"}],"predecessor-version":[{"id":25750,"href":"https:\/\/dev.niezawodneczesci.pl\/sk\/wp-json\/wp\/v2\/product\/6207\/revisions\/25750"}],"wp:featuredmedia":[{"embeddable":true,"href":"https:\/\/dev.niezawodneczesci.pl\/sk\/wp-json\/wp\/v2\/media\/17338"}],"wp:attachment":[{"href":"https:\/\/dev.niezawodneczesci.pl\/sk\/wp-json\/wp\/v2\/media?parent=6207"}],"wp:term":[{"taxonomy":"product_brand","embeddable":true,"href":"https:\/\/dev.niezawodneczesci.pl\/sk\/wp-json\/wp\/v2\/product_brand?post=6207"},{"taxonomy":"product_cat","embeddable":true,"href":"https:\/\/dev.niezawodneczesci.pl\/sk\/wp-json\/wp\/v2\/product_cat?post=6207"},{"taxonomy":"product_tag","embeddable":true,"href":"https:\/\/dev.niezawodneczesci.pl\/sk\/wp-json\/wp\/v2\/product_tag?post=6207"}],"curies":[{"name":"wp","href":"https:\/\/api.w.org\/{rel}","templated":true}]}}