{"id":6216,"date":"2021-06-16T11:54:06","date_gmt":"2021-06-16T09:54:06","guid":{"rendered":"https:\/\/niezawodneczesci.pl\/\/?post_type=product&#038;p=6216"},"modified":"2026-04-28T12:06:55","modified_gmt":"2026-04-28T10:06:55","slug":"klocki-hamulcowe-gdb1154-toyota-land-cruiser","status":"publish","type":"product","link":"https:\/\/dev.niezawodneczesci.pl\/sk\/produkt\/klocki-hamulcowe-gdb1154-toyota-land-cruiser\/","title":{"rendered":"BRZDOV\u00c9 DESTI\u010cKY SUNRICH PREDN\u00c9 SR0055.01-1154"},"content":{"rendered":"<p>Numer WVA<br \/>\n21775<\/p>\n<p>\u010c\u00edsla v\u00fdrobcov<br \/>\nGDB1154<\/p>\n<p>OE \u010d\u00edsla<br \/>\nA.B.S.: 36882<br \/>\nACDelco: AC646681D<br \/>\nAPEC: PAD861<br \/>\nASHIKA: 5002255<br \/>\nASHIKA: 5002292<br \/>\nATE: 13046057452<br \/>\nBENDIX: 572253B<br \/>\nBLUE PRINT: ADT342124<br \/>\nBORG &amp; BECK: BBP1442<br \/>\nBORG &amp; BECK: BBP1682<br \/>\nBOSCH: 0 986 424 134<br \/>\nBOSCH: 0 986 505 904<br \/>\nBOSCH: 0 986 AB2 027<br \/>\nBOSCH: 0 986 AB2 073<br \/>\nBOSCH: 0 986 TB2 238<br \/>\nBOSCH: 986424134<br \/>\nBOSCH: F 03B 150 015<br \/>\nBREMBO: P83025<br \/>\nBrake ENGINEERING: PA1411<br \/>\nDELPHI: LP962<br \/>\nE.T.F.: 120623<br \/>\nFERODO: FDB1502<br \/>\nFERODO: FDB1502-D<br \/>\nFTE: BL1503A2<br \/>\nGIRLING: 6111549<br \/>\nHELLA: 8DB 355 016-871<br \/>\nHERTH+BUSS JAKOPARTS: J3602055<br \/>\nICER: 141026<br \/>\nJAPANPARTS: PA255AF<br \/>\nJAPANPARTS: PA292AF<br \/>\nJURID: 572253J<br \/>\nKAWE: 81035<br \/>\nKBP: BP9029<br \/>\nLEMF\u00d6RDER: 26331<br \/>\nLEXUS: 04465-60020<br \/>\nMAGNETI MARELLI: 363702160589<br \/>\nMETELLI: 2201530<br \/>\nMGA: 377<br \/>\nMINTEX: MDB1695<br \/>\nMK Kashiyama: D2094M<br \/>\nNECTO: FD6942A<br \/>\nNIPPARTS: J3602055<br \/>\nNK: 224539<br \/>\nOPTIMAL: 9836<br \/>\nPAGID: T3076<br \/>\nQH Benelux: 2857<br \/>\nQUINTON HAZELL: BLF755<br \/>\nQUINTON HAZELL: BP755<br \/>\nRAMEDER: T0610213<br \/>\nREMSA: 042904<br \/>\nREMSA: 42904<br \/>\nSCT &#8211; MANNOL: SP229<br \/>\nSPIDAN: 32065<br \/>\nTEXTAR: 2177501<br \/>\nTEXTAR: 2177503<br \/>\nTEXTAR: 2177515005<br \/>\nTOYOTA: 04465-60020<br \/>\nTOYOTA: 04465-YZZAL<br \/>\nTOYOTA: 04491-60150<br \/>\nTOYOTA: 04491-60160<br \/>\nTOYOTA: 04491-60170<br \/>\nTOYOTA: 04491-60180<br \/>\nTOYOTA: 449160160<br \/>\nTRISCAN: 811013013<br \/>\nTRUSTING: 1560<br \/>\nVALEO: 597080<br \/>\nVALEO: 597190<br \/>\nVALEO: 598393<br \/>\nWAGNER: WBP21775A<br \/>\nWOKING: P529304<br \/>\nZIMMERMANN: 217751501<br \/>\nfri.tech.: 1560<br \/>\nsbs: 224539<\/p>","protected":false},"excerpt":{"rendered":"<p>Numer WVA 21775 Numery producenta GDB1154 Numery OE A.B.S.: 36882 ACDelco: AC646681D APEC: PAD861 ASHIKA: 5002255 ASHIKA: 5002292 ATE: 13046057452 BENDIX: 572253B BLUE PRINT: ADT342124 BORG &amp; BECK: BBP1442 BORG &amp; BECK: BBP1682 BOSCH: 0 986 424 134 BOSCH: 0 986 505 904 BOSCH: 0 986 AB2 027 BOSCH: 0 986 AB2 073 BOSCH: 0 [&hellip;]<\/p>\n","protected":false},"featured_media":17307,"template":"","meta":{"_monsterinsights_skip_tracking":false,"_monsterinsights_sitenote_active":false,"_monsterinsights_sitenote_note":"","_monsterinsights_sitenote_category":0},"product_brand":[],"product_cat":[149],"product_tag":[],"class_list":{"0":"post-6216","1":"product","2":"type-product","3":"status-publish","4":"has-post-thumbnail","6":"product_cat-klocki-hamulcowe","8":"first","9":"instock","10":"taxable","11":"shipping-taxable","12":"product-type-simple"},"_links":{"self":[{"href":"https:\/\/dev.niezawodneczesci.pl\/sk\/wp-json\/wp\/v2\/product\/6216","targetHints":{"allow":["GET"]}}],"collection":[{"href":"https:\/\/dev.niezawodneczesci.pl\/sk\/wp-json\/wp\/v2\/product"}],"about":[{"href":"https:\/\/dev.niezawodneczesci.pl\/sk\/wp-json\/wp\/v2\/types\/product"}],"version-history":[{"count":1,"href":"https:\/\/dev.niezawodneczesci.pl\/sk\/wp-json\/wp\/v2\/product\/6216\/revisions"}],"predecessor-version":[{"id":25743,"href":"https:\/\/dev.niezawodneczesci.pl\/sk\/wp-json\/wp\/v2\/product\/6216\/revisions\/25743"}],"wp:featuredmedia":[{"embeddable":true,"href":"https:\/\/dev.niezawodneczesci.pl\/sk\/wp-json\/wp\/v2\/media\/17307"}],"wp:attachment":[{"href":"https:\/\/dev.niezawodneczesci.pl\/sk\/wp-json\/wp\/v2\/media?parent=6216"}],"wp:term":[{"taxonomy":"product_brand","embeddable":true,"href":"https:\/\/dev.niezawodneczesci.pl\/sk\/wp-json\/wp\/v2\/product_brand?post=6216"},{"taxonomy":"product_cat","embeddable":true,"href":"https:\/\/dev.niezawodneczesci.pl\/sk\/wp-json\/wp\/v2\/product_cat?post=6216"},{"taxonomy":"product_tag","embeddable":true,"href":"https:\/\/dev.niezawodneczesci.pl\/sk\/wp-json\/wp\/v2\/product_tag?post=6216"}],"curies":[{"name":"wp","href":"https:\/\/api.w.org\/{rel}","templated":true}]}}