{"id":6242,"date":"2021-06-16T11:54:13","date_gmt":"2021-06-16T09:54:13","guid":{"rendered":"https:\/\/niezawodneczesci.pl\/\/?post_type=product&#038;p=6242"},"modified":"2026-04-24T01:04:44","modified_gmt":"2026-04-23T23:04:44","slug":"klocki-hamulcowe-gdb1799-citroen-peugeot","status":"publish","type":"product","link":"https:\/\/dev.niezawodneczesci.pl\/sk\/produkt\/klocki-hamulcowe-gdb1799-citroen-peugeot\/","title":{"rendered":"BRZDOV\u00c9 DESTI\u010cKY SUNRICH REAR SR0773.01-1799"},"content":{"rendered":"<p>Numer WVA<br \/>\n24765<\/p>\n<p>\u010c\u00edsla v\u00fdrobcov<br \/>\nGDB1799<\/p>\n<p>OE \u010d\u00edsla<br \/>\nA.B.S.: 37700<br \/>\nAISIN: BPPE-2009<br \/>\nAKRON-MAL\u00d2: 1050250<br \/>\nAPEC: PAD1659<br \/>\nAPEC: PD3247<br \/>\nASIMCO: KD7304<br \/>\nATE: 13046027452<br \/>\nBENDIX: 573289B<br \/>\nBLUE PRINT: ADP154205<br \/>\nBORG &amp; BECK: BBP2063<br \/>\nBOSCH: 0 986 494 304<br \/>\nBOSCH: 0 986 494 646<br \/>\nBOSCH: 0 986 TB3 091<br \/>\nBREMBO: P61084<br \/>\nBREMBO: P61084N<br \/>\nCITROEN: 16 085 204 80<br \/>\nCITROEN: 16 682 475 80<br \/>\nCITROEN: 4254 14<br \/>\nCITROEN: 4254 15<br \/>\nCITROEN: 4254 29<br \/>\nDELPHI: LP2147<br \/>\nFEBI BILSTEIN: 16831<br \/>\nFERODO: FDB4250<br \/>\nFERODO: FSL4250<br \/>\nFTE: BL2579A1<br \/>\nGIRLING: 6117991<br \/>\nHELLA: 8DB 355 014-081<br \/>\nHELLA PAGID: 8DB 355 014-081<br \/>\nICER: 181895<br \/>\nJURID: 573289J<br \/>\nKAWE: 1382 00<br \/>\nLPR: 05P1500<br \/>\nLUCAS: LBP1894<br \/>\nMAGNETI MARELLI: 363700201788<br \/>\nMETELLI: 2208160<br \/>\nMETZGER: 1170139<br \/>\nMEYLE: 025 247 6516\/W<br \/>\nMINTEX: MDB2978<br \/>\nNK: 223748<br \/>\nOPTIMAL: BP-12465<br \/>\nPAGID: T1788<br \/>\nPEUGEOT: 16 085 204 80<br \/>\nPEUGEOT: 16 682 475 80<br \/>\nPEUGEOT: 4254 14<br \/>\nPEUGEOT: 4254 15<br \/>\nPEUGEOT: 4254 29<br \/>\nPEX: 7948S<br \/>\nREMSA: 138200<br \/>\nREMY: RAP1059<br \/>\nROADHOUSE: 2138200<br \/>\nSWAG: 62916831<br \/>\nTEXTAR: 2476501<br \/>\nTEXTAR: 2476516614<br \/>\nTRISCAN: 811028042<br \/>\nTRUSTING: 8320<br \/>\nVALEO: 601042<br \/>\nVALEO: 872765<br \/>\nWAGNER: WBP24765A<br \/>\nWOKING: P12823.00<br \/>\nZIMMERMANN: 24765.165.2<br \/>\nfri.tech.: 8320<br \/>\nsbs: 1501223748<\/p>","protected":false},"excerpt":{"rendered":"<p>Numer WVA 24765 Numery producenta GDB1799 Numery OE A.B.S.: 37700 AISIN: BPPE-2009 AKRON-MAL\u00d2: 1050250 APEC: PAD1659 APEC: PD3247 ASIMCO: KD7304 ATE: 13046027452 BENDIX: 573289B BLUE PRINT: ADP154205 BORG &amp; BECK: BBP2063 BOSCH: 0 986 494 304 BOSCH: 0 986 494 646 BOSCH: 0 986 TB3 091 BREMBO: P61084 BREMBO: P61084N CITROEN: 16 085 204 80 [&hellip;]<\/p>\n","protected":false},"featured_media":15331,"template":"","meta":{"_monsterinsights_skip_tracking":false,"_monsterinsights_sitenote_active":false,"_monsterinsights_sitenote_note":"","_monsterinsights_sitenote_category":0},"product_brand":[],"product_cat":[149],"product_tag":[],"class_list":{"0":"post-6242","1":"product","2":"type-product","3":"status-publish","4":"has-post-thumbnail","6":"product_cat-klocki-hamulcowe","8":"first","9":"instock","10":"taxable","11":"shipping-taxable","12":"purchasable","13":"product-type-simple"},"_links":{"self":[{"href":"https:\/\/dev.niezawodneczesci.pl\/sk\/wp-json\/wp\/v2\/product\/6242","targetHints":{"allow":["GET"]}}],"collection":[{"href":"https:\/\/dev.niezawodneczesci.pl\/sk\/wp-json\/wp\/v2\/product"}],"about":[{"href":"https:\/\/dev.niezawodneczesci.pl\/sk\/wp-json\/wp\/v2\/types\/product"}],"version-history":[{"count":2,"href":"https:\/\/dev.niezawodneczesci.pl\/sk\/wp-json\/wp\/v2\/product\/6242\/revisions"}],"predecessor-version":[{"id":24115,"href":"https:\/\/dev.niezawodneczesci.pl\/sk\/wp-json\/wp\/v2\/product\/6242\/revisions\/24115"}],"wp:featuredmedia":[{"embeddable":true,"href":"https:\/\/dev.niezawodneczesci.pl\/sk\/wp-json\/wp\/v2\/media\/15331"}],"wp:attachment":[{"href":"https:\/\/dev.niezawodneczesci.pl\/sk\/wp-json\/wp\/v2\/media?parent=6242"}],"wp:term":[{"taxonomy":"product_brand","embeddable":true,"href":"https:\/\/dev.niezawodneczesci.pl\/sk\/wp-json\/wp\/v2\/product_brand?post=6242"},{"taxonomy":"product_cat","embeddable":true,"href":"https:\/\/dev.niezawodneczesci.pl\/sk\/wp-json\/wp\/v2\/product_cat?post=6242"},{"taxonomy":"product_tag","embeddable":true,"href":"https:\/\/dev.niezawodneczesci.pl\/sk\/wp-json\/wp\/v2\/product_tag?post=6242"}],"curies":[{"name":"wp","href":"https:\/\/api.w.org\/{rel}","templated":true}]}}