{"id":7033,"date":"2021-07-02T11:26:50","date_gmt":"2021-07-02T09:26:50","guid":{"rendered":"https:\/\/niezawodneczesci.pl\/\/?post_type=product&#038;p=7033"},"modified":"2026-04-24T01:05:02","modified_gmt":"2026-04-23T23:05:02","slug":"amortyzator-so-0030-sk","status":"publish","type":"product","link":"https:\/\/dev.niezawodneczesci.pl\/sk\/produkt\/amortyzator-so-0030-sk\/","title":{"rendered":"TLMI\u010c SEKURECO - SKODA predn\u00fd SO.0030.SK"},"content":{"rendered":"<p>OE \u010d\u00edsla<br \/>\nALLINQUANT: 948011<br \/>\nBILSTEIN: 22-045737<br \/>\nBOGE: 27-B48-0<br \/>\nGABRIEL: 35179<br \/>\nHAVAM: KS9030<br \/>\nJAPCAR: 353607<br \/>\nKYB: 633835<br \/>\nSACHS: 12 1500 200 030<br \/>\nSACHS: 200 030<br \/>\nSKODA: 443 621 251 010<\/p>","protected":false},"excerpt":{"rendered":"<p>Numery OE ALLINQUANT: 948011 BILSTEIN: 22-045737 BOGE: 27-B48-0 GABRIEL: 35179 HAVAM: KS9030 JAPCAR: 353607 KYB: 633835 SACHS: 12 1500 200 030 SACHS: 200 030 SKODA: 443 621 251 010<\/p>","protected":false},"featured_media":19786,"template":"","meta":{"_monsterinsights_skip_tracking":false,"_monsterinsights_sitenote_active":false,"_monsterinsights_sitenote_note":"","_monsterinsights_sitenote_category":0},"product_brand":[],"product_cat":[150],"product_tag":[],"class_list":{"0":"post-7033","1":"product","2":"type-product","3":"status-publish","4":"has-post-thumbnail","6":"product_cat-amortyzatory","8":"first","9":"instock","10":"taxable","11":"shipping-taxable","12":"purchasable","13":"product-type-simple"},"_links":{"self":[{"href":"https:\/\/dev.niezawodneczesci.pl\/sk\/wp-json\/wp\/v2\/product\/7033","targetHints":{"allow":["GET"]}}],"collection":[{"href":"https:\/\/dev.niezawodneczesci.pl\/sk\/wp-json\/wp\/v2\/product"}],"about":[{"href":"https:\/\/dev.niezawodneczesci.pl\/sk\/wp-json\/wp\/v2\/types\/product"}],"version-history":[{"count":1,"href":"https:\/\/dev.niezawodneczesci.pl\/sk\/wp-json\/wp\/v2\/product\/7033\/revisions"}],"predecessor-version":[{"id":25715,"href":"https:\/\/dev.niezawodneczesci.pl\/sk\/wp-json\/wp\/v2\/product\/7033\/revisions\/25715"}],"wp:featuredmedia":[{"embeddable":true,"href":"https:\/\/dev.niezawodneczesci.pl\/sk\/wp-json\/wp\/v2\/media\/19786"}],"wp:attachment":[{"href":"https:\/\/dev.niezawodneczesci.pl\/sk\/wp-json\/wp\/v2\/media?parent=7033"}],"wp:term":[{"taxonomy":"product_brand","embeddable":true,"href":"https:\/\/dev.niezawodneczesci.pl\/sk\/wp-json\/wp\/v2\/product_brand?post=7033"},{"taxonomy":"product_cat","embeddable":true,"href":"https:\/\/dev.niezawodneczesci.pl\/sk\/wp-json\/wp\/v2\/product_cat?post=7033"},{"taxonomy":"product_tag","embeddable":true,"href":"https:\/\/dev.niezawodneczesci.pl\/sk\/wp-json\/wp\/v2\/product_tag?post=7033"}],"curies":[{"name":"wp","href":"https:\/\/api.w.org\/{rel}","templated":true}]}}