{"id":7079,"date":"2021-07-02T11:50:17","date_gmt":"2021-07-02T09:50:17","guid":{"rendered":"https:\/\/niezawodneczesci.pl\/\/?post_type=product&#038;p=7079"},"modified":"2026-04-24T01:05:00","modified_gmt":"2026-04-23T23:05:00","slug":"amortyzator-sekureco-so-6273-sk","status":"publish","type":"product","link":"https:\/\/dev.niezawodneczesci.pl\/sk\/produkt\/amortyzator-sekureco-so-6273-sk\/","title":{"rendered":"TLMI\u010c SEKURECO - VW, SKODA zadn\u00fd SO.6273.SK"},"content":{"rendered":"<p>OE \u010d\u00edsla<\/p>\n<p>BILSTEIN: 24-064095<br \/>\nBOGE: 27-C09-F<br \/>\nDELPHI: DG9430<br \/>\nGABRIEL: 42813<br \/>\nHAVAM: KS6273<br \/>\nJAPCAR: 353615<br \/>\nKYB: 343298<br \/>\nKYB: 553232<br \/>\nMONROE: 23925<br \/>\nMONROE: 376230SP<br \/>\nMONROE: E1295<br \/>\nSACHS: 556273<br \/>\nSACHS: 81 4901 004 079<br \/>\nSACHS: 81 4901 556 175<br \/>\nSACHS: 81 4901 556 273<br \/>\nSKODA: 1J9 513 025 A<br \/>\nVW: 1J9 513 025 A<\/p>","protected":false},"excerpt":{"rendered":"<p>Numery OE BILSTEIN: 24-064095 BOGE: 27-C09-F DELPHI: DG9430 GABRIEL: 42813 HAVAM: KS6273 JAPCAR: 353615 KYB: 343298 KYB: 553232 MONROE: 23925 MONROE: 376230SP MONROE: E1295 SACHS: 556273 SACHS: 81 4901 004 079 SACHS: 81 4901 556 175 SACHS: 81 4901 556 273 SKODA: 1J9 513 025 A VW: 1J9 513 025 A<\/p>","protected":false},"featured_media":19825,"template":"","meta":{"_monsterinsights_skip_tracking":false,"_monsterinsights_sitenote_active":false,"_monsterinsights_sitenote_note":"","_monsterinsights_sitenote_category":0},"product_brand":[],"product_cat":[150],"product_tag":[],"class_list":{"0":"post-7079","1":"product","2":"type-product","3":"status-publish","4":"has-post-thumbnail","6":"product_cat-amortyzatory","8":"first","9":"instock","10":"taxable","11":"shipping-taxable","12":"purchasable","13":"product-type-simple"},"_links":{"self":[{"href":"https:\/\/dev.niezawodneczesci.pl\/sk\/wp-json\/wp\/v2\/product\/7079","targetHints":{"allow":["GET"]}}],"collection":[{"href":"https:\/\/dev.niezawodneczesci.pl\/sk\/wp-json\/wp\/v2\/product"}],"about":[{"href":"https:\/\/dev.niezawodneczesci.pl\/sk\/wp-json\/wp\/v2\/types\/product"}],"version-history":[{"count":1,"href":"https:\/\/dev.niezawodneczesci.pl\/sk\/wp-json\/wp\/v2\/product\/7079\/revisions"}],"predecessor-version":[{"id":25708,"href":"https:\/\/dev.niezawodneczesci.pl\/sk\/wp-json\/wp\/v2\/product\/7079\/revisions\/25708"}],"wp:featuredmedia":[{"embeddable":true,"href":"https:\/\/dev.niezawodneczesci.pl\/sk\/wp-json\/wp\/v2\/media\/19825"}],"wp:attachment":[{"href":"https:\/\/dev.niezawodneczesci.pl\/sk\/wp-json\/wp\/v2\/media?parent=7079"}],"wp:term":[{"taxonomy":"product_brand","embeddable":true,"href":"https:\/\/dev.niezawodneczesci.pl\/sk\/wp-json\/wp\/v2\/product_brand?post=7079"},{"taxonomy":"product_cat","embeddable":true,"href":"https:\/\/dev.niezawodneczesci.pl\/sk\/wp-json\/wp\/v2\/product_cat?post=7079"},{"taxonomy":"product_tag","embeddable":true,"href":"https:\/\/dev.niezawodneczesci.pl\/sk\/wp-json\/wp\/v2\/product_tag?post=7079"}],"curies":[{"name":"wp","href":"https:\/\/api.w.org\/{rel}","templated":true}]}}