{"id":7098,"date":"2021-07-02T14:05:38","date_gmt":"2021-07-02T12:05:38","guid":{"rendered":"https:\/\/niezawodneczesci.pl\/\/?post_type=product&#038;p=7098"},"modified":"2026-04-24T01:04:43","modified_gmt":"2026-04-23T23:04:43","slug":"klocki-hamulcowe-gdb1628-mercedes-benz","status":"publish","type":"product","link":"https:\/\/dev.niezawodneczesci.pl\/sk\/produkt\/klocki-hamulcowe-gdb1628-mercedes-benz\/","title":{"rendered":"BRZDOV\u00c9 DESTI\u010cKY SUNRICH SR0882.01-1628"},"content":{"rendered":"<p>Numer WVA<br \/>\n23881<\/p>\n<p>\u010c\u00edsla v\u00fdrobcov<br \/>\nGDB1628<\/p>\n<p>OE \u010d\u00edsla<br \/>\nA.B.S.: 37457<br \/>\nA.B.S.: 37457OE<br \/>\nAISIN: BPMB-1008<br \/>\nAPEC: PAD1438<br \/>\nATE: 13046027082<br \/>\nATE: 13047027082<br \/>\nBENDIX: 573230B<br \/>\nBENDIX-AU: DB2233<br \/>\nBLUE PRINT: ADU174227<br \/>\nBORG &amp; BECK: BBP2145<br \/>\nBOSCH: 0 986 494 085<br \/>\nBOSCH: 0 986 TB3 130<br \/>\nBREMBO: P50057<br \/>\nBREMBO: P50057N<br \/>\nDELPHI: LP1938<br \/>\nE.T.F.: 121172<br \/>\nFEBI BILSTEIN: 16529<br \/>\nFERODO: FDB1750<br \/>\nFERODO: FSL1750<br \/>\nFIRST LINE: FBP3789<br \/>\nFTE: BL1986A4<br \/>\nFTE: BL1986B4<br \/>\nGIRLING: 6116281<br \/>\nHELLA: 8DB 355 010-331<br \/>\nHELLA: 8DB 355 026-701<br \/>\nHELLA PAGID: 8DB 355 010-331<br \/>\nHELLA PAGID: 8DB 355 026-701<br \/>\nICER: 181677<br \/>\nICER: 181677700<br \/>\nJURID: 573230J<br \/>\nJURID: 573230JC<br \/>\nKAGER: 350954<br \/>\nKAWE: 81733<br \/>\nLPR: 05P1243<br \/>\nLUCAS: LBP1723<br \/>\nMAGNETI MARELLI: 363702161446<br \/>\nMERCEDES-BENZ: 169 420 01 20<br \/>\nMERCEDES-BENZ: 169 420 08 20<br \/>\nMERCEDES-BENZ: 169 420 12 20<br \/>\nMERCEDES-BENZ: 169 420 19 20<br \/>\nMERCEDES-BENZ: A 169 420 01 20<br \/>\nMERCEDES-BENZ: A 169 420 08 20<br \/>\nMERCEDES-BENZ: A 169 420 12 20<br \/>\nMERCEDES-BENZ: A 169 420 19 20<br \/>\nMETELLI: 2206470<br \/>\nMETZGER: 113000<br \/>\nMETZGER: 1170083<br \/>\nMEYLE: 025 238 8120<br \/>\nMGA: 729<br \/>\nMINTEX: MDB2671<br \/>\nNECTO: FD7162A<br \/>\nNK: 223355<br \/>\nOPTIMAL: 12245<br \/>\nOPTIMAL: 12246<br \/>\nOPTIMAL: BP-12245<br \/>\nOPTIMAL: BP-12246<br \/>\nPAGID: T1348<br \/>\nPEX: 7838<br \/>\nQH Benelux: 7689<br \/>\nQUINTON HAZELL: BP1482<br \/>\nREMSA: 113000<br \/>\nREMY: RAP1242<br \/>\nSPIDAN: 32961<br \/>\nSWAG: 10916529<br \/>\nTEXTAR: 2388101<br \/>\nTEXTAR: 2388120114<br \/>\nTRISCAN: 811023053<br \/>\nTRUCKTEC AUTOMOTIVE: 0235149<br \/>\nTRUSTING: 6630<br \/>\nVAICO: V308187<br \/>\nVALEO: 598795<br \/>\nVALEO: 604166<br \/>\nWAGNER: WBP23881A<br \/>\nWOKING: P1030300<br \/>\nZIMMERMANN: 238812001<br \/>\nZIMMERMANN: 238812002<br \/>\nZIMMERMANN: 238812003<br \/>\nfri.tech.: 6630<br \/>\nsbs: 223355<\/p>","protected":false},"excerpt":{"rendered":"<p>Numer WVA 23881 Numery producenta GDB1628 Numery OE A.B.S.: 37457 A.B.S.: 37457OE AISIN: BPMB-1008 APEC: PAD1438 ATE: 13046027082 ATE: 13047027082 BENDIX: 573230B BENDIX-AU: DB2233 BLUE PRINT: ADU174227 BORG &amp; BECK: BBP2145 BOSCH: 0 986 494 085 BOSCH: 0 986 TB3 130 BREMBO: P50057 BREMBO: P50057N DELPHI: LP1938 E.T.F.: 121172 FEBI BILSTEIN: 16529 FERODO: FDB1750 FERODO: [&hellip;]<\/p>\n","protected":false},"featured_media":18934,"template":"","meta":{"_monsterinsights_skip_tracking":false,"_monsterinsights_sitenote_active":false,"_monsterinsights_sitenote_note":"","_monsterinsights_sitenote_category":0},"product_brand":[],"product_cat":[149,447],"product_tag":[],"class_list":{"0":"post-7098","1":"product","2":"type-product","3":"status-publish","4":"has-post-thumbnail","6":"product_cat-klocki-hamulcowe","7":"product_cat-promocja","9":"first","10":"instock","11":"taxable","12":"shipping-taxable","13":"purchasable","14":"product-type-simple"},"_links":{"self":[{"href":"https:\/\/dev.niezawodneczesci.pl\/sk\/wp-json\/wp\/v2\/product\/7098","targetHints":{"allow":["GET"]}}],"collection":[{"href":"https:\/\/dev.niezawodneczesci.pl\/sk\/wp-json\/wp\/v2\/product"}],"about":[{"href":"https:\/\/dev.niezawodneczesci.pl\/sk\/wp-json\/wp\/v2\/types\/product"}],"version-history":[{"count":1,"href":"https:\/\/dev.niezawodneczesci.pl\/sk\/wp-json\/wp\/v2\/product\/7098\/revisions"}],"predecessor-version":[{"id":25707,"href":"https:\/\/dev.niezawodneczesci.pl\/sk\/wp-json\/wp\/v2\/product\/7098\/revisions\/25707"}],"wp:featuredmedia":[{"embeddable":true,"href":"https:\/\/dev.niezawodneczesci.pl\/sk\/wp-json\/wp\/v2\/media\/18934"}],"wp:attachment":[{"href":"https:\/\/dev.niezawodneczesci.pl\/sk\/wp-json\/wp\/v2\/media?parent=7098"}],"wp:term":[{"taxonomy":"product_brand","embeddable":true,"href":"https:\/\/dev.niezawodneczesci.pl\/sk\/wp-json\/wp\/v2\/product_brand?post=7098"},{"taxonomy":"product_cat","embeddable":true,"href":"https:\/\/dev.niezawodneczesci.pl\/sk\/wp-json\/wp\/v2\/product_cat?post=7098"},{"taxonomy":"product_tag","embeddable":true,"href":"https:\/\/dev.niezawodneczesci.pl\/sk\/wp-json\/wp\/v2\/product_tag?post=7098"}],"curies":[{"name":"wp","href":"https:\/\/api.w.org\/{rel}","templated":true}]}}